{"id":14952,"date":"2011-08-07T11:53:29","date_gmt":"2011-08-07T11:53:29","guid":{"rendered":"https:\/\/www.velonummern.ch\/?post_type=product&#038;p=14952"},"modified":"2024-08-14T11:28:25","modified_gmt":"2024-08-14T09:28:25","slug":"post-060-aarau-a","status":"publish","type":"product","link":"https:\/\/www.velonummern.ch\/en\/produkt\/post-060-aarau-a\/","title":{"rendered":"+ Post 06 Aarau A"},"content":{"rendered":"","protected":false},"excerpt":{"rendered":"<p>+ Special Edition<br \/>\nJahr: 1961 &#8211; 2003<\/p>\n<p>PTT: Post-, Telefon- und Telegrafenbetriebe<br \/>\nPostkreis 6, Aarau<\/p>\n<p>Material: Aluminium<br \/>\nAbmessungen: 5 x 8 cm \/ 1.97 x 3.15 in<\/p>\n<h2>1959 Fahrradkennzeichen Verordnung Bundesbetriebe<\/h2>\n<p>Die Kennzeichen sind 8 cm hoch und 5 cm breit. Sie sind aus Metall hergestellt. Im oberen Teil von 6 cm H\u00f6he, der mit einem rot reflektierenden Belag versehen ist, sind ein weisses Schweizerkreuz von 2,3 cm Balkenl\u00e4nge und 0,7 cm Balkendicke und darunter die in der nachfolgenden Liste vorgesehe\u00adnen Buchstaben von 1,8 cm H\u00f6he und 0,2 cm Strichst\u00e4rke erhaben eingepresst. Im untern unbemalten oder hellfarbigen, nicht reflektierenden Teil von 2 cm H\u00f6he ist entweder eine schwarze Kon\u00adtrollnummer erhaben eingepresst oder eine kleine, farblose Zahl eingepr\u00e4gt (Figur 2).<\/p>\n<p>Die Kennzeichen werden von folgenden Amtsstellen abgegeben:<\/p>\n<p>a. Vom Automobildienst der Generaldirektion der Post-, Telegraphen- und Telefonverwaltung:<br \/>\nf\u00fcr Fahrr\u00e4der der Post-, Telegraphen- und Telefonverwaltung (Buchstaben PTT);<br \/>\nf\u00fcr Fahrr\u00e4der der Regiebetriebe und von Bundesstellen, die \u00fcber keine eigenen Kennzeichen verf\u00fcgen (Buchstaben PR);<\/p>\n<p>b. Von der Kriegsmaterialverwaltung:<br \/>\nf\u00fcr Mannschaftsr\u00e4der und Korpsmaterial-Fahrr\u00e4der (Buchstabe M); f\u00fcr Fahrr\u00e4der der Milit\u00e4rverwaltung und der Festungswachtformationen (Buchstaben MV);<\/p>\n<p>c. Von der Eidgen\u00f6ssischen Oberzolldirektion:<br \/>\nf\u00fcr Fahrr\u00e4der der Zollverwaltung (Buchstaben ZD)<\/p>\n<p>Mehr Informationen finden Sie im Schweizer Velonummern Museum: <a href=\"https:\/\/www.velonummern.ch\/geschichte\/\">Geschichte der Schweizer Fahrradkennzeichen<\/a><\/p>\n","protected":false},"featured_media":14953,"template":"","meta":{"_acf_changed":false,"inline_featured_image":false},"product_brand":[],"product_cat":[239],"product_tag":[],"class_list":{"0":"post-14952","1":"product","2":"type-product","3":"status-publish","4":"has-post-thumbnail","6":"product_cat-special-edition","8":"first","9":"outofstock","10":"sold-individually","11":"purchasable","12":"product-type-simple"},"acf":[],"yoast_head":"<!-- This site is optimized with the Yoast SEO plugin v27.4 - https:\/\/yoast.com\/product\/yoast-seo-wordpress\/ -->\n<title>Fahrradkennzeichen + Post 06 Aarau A | Museum of Swiss Bicycle License Plates<\/title>\n<meta name=\"robots\" content=\"index, follow, max-snippet:-1, max-image-preview:large, max-video-preview:-1\" \/>\n<link rel=\"canonical\" href=\"https:\/\/www.velonummern.ch\/en\/produkt\/post-060-aarau-a\/\" \/>\n<script type=\"application\/ld+json\" class=\"yoast-schema-graph\">{\"@context\":\"https:\\\/\\\/schema.org\",\"@graph\":[{\"@type\":\"WebPage\",\"@id\":\"https:\\\/\\\/www.velonummern.ch\\\/en\\\/produkt\\\/post-060-aarau-a\\\/\",\"url\":\"https:\\\/\\\/www.velonummern.ch\\\/en\\\/produkt\\\/post-060-aarau-a\\\/\",\"name\":\"Fahrradkennzeichen + Post 06 Aarau A | Museum of Swiss Bicycle License Plates\",\"isPartOf\":{\"@id\":\"https:\\\/\\\/www.velonummern.ch\\\/en\\\/#website\"},\"primaryImageOfPage\":{\"@id\":\"https:\\\/\\\/www.velonummern.ch\\\/en\\\/produkt\\\/post-060-aarau-a\\\/#primaryimage\"},\"image\":{\"@id\":\"https:\\\/\\\/www.velonummern.ch\\\/en\\\/produkt\\\/post-060-aarau-a\\\/#primaryimage\"},\"thumbnailUrl\":\"https:\\\/\\\/www.velonummern.ch\\\/wp-content\\\/uploads\\\/2022\\\/05\\\/products-____Post_060_A_4e3e7cb959166.jpg\",\"datePublished\":\"2011-08-07T11:53:29+00:00\",\"dateModified\":\"2024-08-14T09:28:25+00:00\",\"breadcrumb\":{\"@id\":\"https:\\\/\\\/www.velonummern.ch\\\/en\\\/produkt\\\/post-060-aarau-a\\\/#breadcrumb\"},\"inLanguage\":\"en-US\",\"potentialAction\":[{\"@type\":\"ReadAction\",\"target\":[\"https:\\\/\\\/www.velonummern.ch\\\/en\\\/produkt\\\/post-060-aarau-a\\\/\"]}]},{\"@type\":\"ImageObject\",\"inLanguage\":\"en-US\",\"@id\":\"https:\\\/\\\/www.velonummern.ch\\\/en\\\/produkt\\\/post-060-aarau-a\\\/#primaryimage\",\"url\":\"https:\\\/\\\/www.velonummern.ch\\\/wp-content\\\/uploads\\\/2022\\\/05\\\/products-____Post_060_A_4e3e7cb959166.jpg\",\"contentUrl\":\"https:\\\/\\\/www.velonummern.ch\\\/wp-content\\\/uploads\\\/2022\\\/05\\\/products-____Post_060_A_4e3e7cb959166.jpg\",\"width\":\"500\",\"height\":\"500\",\"caption\":\"+ Post 060 Aarau A\"},{\"@type\":\"BreadcrumbList\",\"@id\":\"https:\\\/\\\/www.velonummern.ch\\\/en\\\/produkt\\\/post-060-aarau-a\\\/#breadcrumb\",\"itemListElement\":[{\"@type\":\"ListItem\",\"position\":1,\"name\":\"Startseite\",\"item\":\"https:\\\/\\\/www.velonummern.ch\\\/en\\\/\"},{\"@type\":\"ListItem\",\"position\":2,\"name\":\"Products\",\"item\":\"https:\\\/\\\/www.velonummern.ch\\\/en\\\/shop\\\/\"},{\"@type\":\"ListItem\",\"position\":3,\"name\":\"+ Post 06 Aarau A\"}]},{\"@type\":\"WebSite\",\"@id\":\"https:\\\/\\\/www.velonummern.ch\\\/en\\\/#website\",\"url\":\"https:\\\/\\\/www.velonummern.ch\\\/en\\\/\",\"name\":\"Museum of Swiss Bicycle License Plates\",\"description\":\"\",\"publisher\":{\"@id\":\"https:\\\/\\\/www.velonummern.ch\\\/en\\\/#organization\"},\"potentialAction\":[{\"@type\":\"SearchAction\",\"target\":{\"@type\":\"EntryPoint\",\"urlTemplate\":\"https:\\\/\\\/www.velonummern.ch\\\/en\\\/?s={search_term_string}\"},\"query-input\":{\"@type\":\"PropertyValueSpecification\",\"valueRequired\":true,\"valueName\":\"search_term_string\"}}],\"inLanguage\":\"en-US\"},{\"@type\":\"Organization\",\"@id\":\"https:\\\/\\\/www.velonummern.ch\\\/en\\\/#organization\",\"name\":\"Museum of Swiss Bicycle License Plates\",\"url\":\"https:\\\/\\\/www.velonummern.ch\\\/en\\\/\",\"logo\":{\"@type\":\"ImageObject\",\"inLanguage\":\"en-US\",\"@id\":\"https:\\\/\\\/www.velonummern.ch\\\/en\\\/#\\\/schema\\\/logo\\\/image\\\/\",\"url\":\"https:\\\/\\\/www.velonummern.ch\\\/wp-content\\\/uploads\\\/2022\\\/04\\\/logo-de-1.svg\",\"contentUrl\":\"https:\\\/\\\/www.velonummern.ch\\\/wp-content\\\/uploads\\\/2022\\\/04\\\/logo-de-1.svg\",\"width\":\"1024\",\"height\":\"1024\",\"caption\":\"Museum of Swiss Bicycle License Plates\"},\"image\":{\"@id\":\"https:\\\/\\\/www.velonummern.ch\\\/en\\\/#\\\/schema\\\/logo\\\/image\\\/\"}}]}<\/script>\n<!-- \/ Yoast SEO plugin. -->","yoast_head_json":{"title":"Fahrradkennzeichen + Post 06 Aarau A | Museum of Swiss Bicycle License Plates","robots":{"index":"index","follow":"follow","max-snippet":"max-snippet:-1","max-image-preview":"max-image-preview:large","max-video-preview":"max-video-preview:-1"},"canonical":"https:\/\/www.velonummern.ch\/en\/produkt\/post-060-aarau-a\/","schema":{"@context":"https:\/\/schema.org","@graph":[{"@type":"WebPage","@id":"https:\/\/www.velonummern.ch\/en\/produkt\/post-060-aarau-a\/","url":"https:\/\/www.velonummern.ch\/en\/produkt\/post-060-aarau-a\/","name":"Fahrradkennzeichen + Post 06 Aarau A | Museum of Swiss Bicycle License Plates","isPartOf":{"@id":"https:\/\/www.velonummern.ch\/en\/#website"},"primaryImageOfPage":{"@id":"https:\/\/www.velonummern.ch\/en\/produkt\/post-060-aarau-a\/#primaryimage"},"image":{"@id":"https:\/\/www.velonummern.ch\/en\/produkt\/post-060-aarau-a\/#primaryimage"},"thumbnailUrl":"https:\/\/www.velonummern.ch\/wp-content\/uploads\/2022\/05\/products-____Post_060_A_4e3e7cb959166.jpg","datePublished":"2011-08-07T11:53:29+00:00","dateModified":"2024-08-14T09:28:25+00:00","breadcrumb":{"@id":"https:\/\/www.velonummern.ch\/en\/produkt\/post-060-aarau-a\/#breadcrumb"},"inLanguage":"en-US","potentialAction":[{"@type":"ReadAction","target":["https:\/\/www.velonummern.ch\/en\/produkt\/post-060-aarau-a\/"]}]},{"@type":"ImageObject","inLanguage":"en-US","@id":"https:\/\/www.velonummern.ch\/en\/produkt\/post-060-aarau-a\/#primaryimage","url":"https:\/\/www.velonummern.ch\/wp-content\/uploads\/2022\/05\/products-____Post_060_A_4e3e7cb959166.jpg","contentUrl":"https:\/\/www.velonummern.ch\/wp-content\/uploads\/2022\/05\/products-____Post_060_A_4e3e7cb959166.jpg","width":"500","height":"500","caption":"+ Post 060 Aarau A"},{"@type":"BreadcrumbList","@id":"https:\/\/www.velonummern.ch\/en\/produkt\/post-060-aarau-a\/#breadcrumb","itemListElement":[{"@type":"ListItem","position":1,"name":"Startseite","item":"https:\/\/www.velonummern.ch\/en\/"},{"@type":"ListItem","position":2,"name":"Products","item":"https:\/\/www.velonummern.ch\/en\/shop\/"},{"@type":"ListItem","position":3,"name":"+ Post 06 Aarau A"}]},{"@type":"WebSite","@id":"https:\/\/www.velonummern.ch\/en\/#website","url":"https:\/\/www.velonummern.ch\/en\/","name":"Museum of Swiss Bicycle License Plates","description":"","publisher":{"@id":"https:\/\/www.velonummern.ch\/en\/#organization"},"potentialAction":[{"@type":"SearchAction","target":{"@type":"EntryPoint","urlTemplate":"https:\/\/www.velonummern.ch\/en\/?s={search_term_string}"},"query-input":{"@type":"PropertyValueSpecification","valueRequired":true,"valueName":"search_term_string"}}],"inLanguage":"en-US"},{"@type":"Organization","@id":"https:\/\/www.velonummern.ch\/en\/#organization","name":"Museum of Swiss Bicycle License Plates","url":"https:\/\/www.velonummern.ch\/en\/","logo":{"@type":"ImageObject","inLanguage":"en-US","@id":"https:\/\/www.velonummern.ch\/en\/#\/schema\/logo\/image\/","url":"https:\/\/www.velonummern.ch\/wp-content\/uploads\/2022\/04\/logo-de-1.svg","contentUrl":"https:\/\/www.velonummern.ch\/wp-content\/uploads\/2022\/04\/logo-de-1.svg","width":"1024","height":"1024","caption":"Museum of Swiss Bicycle License Plates"},"image":{"@id":"https:\/\/www.velonummern.ch\/en\/#\/schema\/logo\/image\/"}}]}},"_links":{"self":[{"href":"https:\/\/www.velonummern.ch\/en\/wp-json\/wp\/v2\/product\/14952","targetHints":{"allow":["GET"]}}],"collection":[{"href":"https:\/\/www.velonummern.ch\/en\/wp-json\/wp\/v2\/product"}],"about":[{"href":"https:\/\/www.velonummern.ch\/en\/wp-json\/wp\/v2\/types\/product"}],"wp:featuredmedia":[{"embeddable":true,"href":"https:\/\/www.velonummern.ch\/en\/wp-json\/wp\/v2\/media\/14953"}],"wp:attachment":[{"href":"https:\/\/www.velonummern.ch\/en\/wp-json\/wp\/v2\/media?parent=14952"}],"wp:term":[{"taxonomy":"product_brand","embeddable":true,"href":"https:\/\/www.velonummern.ch\/en\/wp-json\/wp\/v2\/product_brand?post=14952"},{"taxonomy":"product_cat","embeddable":true,"href":"https:\/\/www.velonummern.ch\/en\/wp-json\/wp\/v2\/product_cat?post=14952"},{"taxonomy":"product_tag","embeddable":true,"href":"https:\/\/www.velonummern.ch\/en\/wp-json\/wp\/v2\/product_tag?post=14952"}],"curies":[{"name":"wp","href":"https:\/\/api.w.org\/{rel}","templated":true}]}}