{"id":15338,"date":"2011-08-29T06:37:55","date_gmt":"2011-08-29T06:37:55","guid":{"rendered":"https:\/\/www.velonummern.ch\/?post_type=product&#038;p=15338"},"modified":"2023-12-04T10:00:53","modified_gmt":"2023-12-04T09:00:53","slug":"bs-1951-d","status":"publish","type":"product","link":"https:\/\/www.velonummern.ch\/en\/produkt\/bs-1951-d\/","title":{"rendered":"BS 1951 Velo privat D"},"content":{"rendered":"","protected":false},"excerpt":{"rendered":"<p>Das Basler-Design aus Aluminium, im Breitformat von 9 x 4 cm ist das einzige Fahrradkennzeichen nach 1933 ohne Relief; d.h. es ist v\u00f6llig flach. Ausserdem f\u00e4llt es durch seinen besonderen Glanz auf. Nebst den Kantonen Basel-Land (1944-1950) und Basel-Stadt (1944-1951), welche dem Design den Namen gaben, wurde es auch drei Jahre lang vom Kanton Schafhausen verwendet (1947-1949).<\/p>\n<p>Basel-Stadt ist m\u00f6glicherweise der erste Kanton, der nebst den Velonummern auch Spezialschilder ausgibt. Auf jeden Fall bringt Basel schweizweit eine un\u00fcbertroffene Varianten-Vielfalt hervor. In den Jahren 1942 bis 1951 gibt der Kanton jedes Jahr drei verschiedene Kennzeichen-Varianten aus; eine f\u00fcr Velos, eine f\u00fcr Fahrradanh\u00e4nger und ein spezielles Schild f\u00fcr Veloh\u00e4ndler <a href=\"https:\/\/www.velonummern.ch\/produkte\/bs-basel-stadt\/\">[BILDER]<\/a>. Eine vollst\u00e4ndige \u00dcbersicht der 30 Varianten von 1942 bis 1951 haben wir hier zusammengestellt <a href=\"https:\/\/www.velonummern.ch\/wp-content\/uploads\/2023\/12\/1942-1951-BS-Varianten-Ubersicht.pdf\">[DOKUMENT]<\/a>.<\/p>\n<p>Ab dem Jahr 1944 erscheinen s\u00e4mtliche Varianten im \u00abBasler-Design\u00bb.<\/p>\n<p>Nebst den tats\u00e4chlich ausgegebenen Spezialschildern, sind in der Sammlung auch noch eine Reihe von Prototypen zu sehen, welche der Produzent, die Firma Aquametro AG, in Basel als Vorschl\u00e4ge hergestellt hat.<\/p>\n<p>Mehr \u00fcber die Spezialschilder erfahren Sie hier: <a href=\"https:\/\/www.velonummern.ch\/geschichte\/\">Geschichte der Schweizer Fahrradkennzeichen<\/a><\/p>\n<p>Kanton: Basel-Stadt<br \/>\nJahr: 1951<\/p>\n<p>Material: Aluminium<br \/>\nAbmessungen: 9 x 4 cm \/ 3.54 x 1.57 in<\/p>\n","protected":false},"featured_media":15339,"template":"","meta":{"_acf_changed":false,"inline_featured_image":false},"product_brand":[],"product_cat":[205,215],"product_tag":[],"class_list":{"0":"post-15338","1":"product","2":"type-product","3":"status-publish","4":"has-post-thumbnail","6":"product_cat-205","7":"product_cat-bs-basel-stadt","9":"first","10":"instock","11":"sale","12":"sold-individually","13":"purchasable","14":"product-type-simple"},"acf":[],"yoast_head":"<!-- This site is optimized with the Yoast SEO plugin v27.4 - https:\/\/yoast.com\/product\/yoast-seo-wordpress\/ -->\n<title>Fahrradkennzeichen BS 1951 Velo privat D | Museum of Swiss Bicycle License Plates<\/title>\n<meta name=\"description\" content=\"BS 1951 Velo privat\" \/>\n<meta name=\"robots\" content=\"index, follow, max-snippet:-1, max-image-preview:large, max-video-preview:-1\" \/>\n<link rel=\"canonical\" href=\"https:\/\/www.velonummern.ch\/en\/produkt\/bs-1951-d\/\" \/>\n<script type=\"application\/ld+json\" class=\"yoast-schema-graph\">{\"@context\":\"https:\\\/\\\/schema.org\",\"@graph\":[{\"@type\":\"WebPage\",\"@id\":\"https:\\\/\\\/www.velonummern.ch\\\/en\\\/produkt\\\/bs-1951-d\\\/\",\"url\":\"https:\\\/\\\/www.velonummern.ch\\\/en\\\/produkt\\\/bs-1951-d\\\/\",\"name\":\"Fahrradkennzeichen BS 1951 Velo privat D | Museum of Swiss Bicycle License Plates\",\"isPartOf\":{\"@id\":\"https:\\\/\\\/www.velonummern.ch\\\/en\\\/#website\"},\"primaryImageOfPage\":{\"@id\":\"https:\\\/\\\/www.velonummern.ch\\\/en\\\/produkt\\\/bs-1951-d\\\/#primaryimage\"},\"image\":{\"@id\":\"https:\\\/\\\/www.velonummern.ch\\\/en\\\/produkt\\\/bs-1951-d\\\/#primaryimage\"},\"thumbnailUrl\":\"https:\\\/\\\/www.velonummern.ch\\\/wp-content\\\/uploads\\\/2022\\\/05\\\/products-BS_1951_D_4e5b33c36fe9a.jpg\",\"datePublished\":\"2011-08-29T06:37:55+00:00\",\"dateModified\":\"2023-12-04T09:00:53+00:00\",\"description\":\"BS 1951 Velo privat\",\"breadcrumb\":{\"@id\":\"https:\\\/\\\/www.velonummern.ch\\\/en\\\/produkt\\\/bs-1951-d\\\/#breadcrumb\"},\"inLanguage\":\"en-US\",\"potentialAction\":[{\"@type\":\"ReadAction\",\"target\":[\"https:\\\/\\\/www.velonummern.ch\\\/en\\\/produkt\\\/bs-1951-d\\\/\"]}]},{\"@type\":\"ImageObject\",\"inLanguage\":\"en-US\",\"@id\":\"https:\\\/\\\/www.velonummern.ch\\\/en\\\/produkt\\\/bs-1951-d\\\/#primaryimage\",\"url\":\"https:\\\/\\\/www.velonummern.ch\\\/wp-content\\\/uploads\\\/2022\\\/05\\\/products-BS_1951_D_4e5b33c36fe9a.jpg\",\"contentUrl\":\"https:\\\/\\\/www.velonummern.ch\\\/wp-content\\\/uploads\\\/2022\\\/05\\\/products-BS_1951_D_4e5b33c36fe9a.jpg\",\"width\":\"500\",\"height\":\"500\",\"caption\":\"BS 1951 D\"},{\"@type\":\"BreadcrumbList\",\"@id\":\"https:\\\/\\\/www.velonummern.ch\\\/en\\\/produkt\\\/bs-1951-d\\\/#breadcrumb\",\"itemListElement\":[{\"@type\":\"ListItem\",\"position\":1,\"name\":\"Startseite\",\"item\":\"https:\\\/\\\/www.velonummern.ch\\\/en\\\/\"},{\"@type\":\"ListItem\",\"position\":2,\"name\":\"Products\",\"item\":\"https:\\\/\\\/www.velonummern.ch\\\/en\\\/shop\\\/\"},{\"@type\":\"ListItem\",\"position\":3,\"name\":\"BS 1951 Velo privat D\"}]},{\"@type\":\"WebSite\",\"@id\":\"https:\\\/\\\/www.velonummern.ch\\\/en\\\/#website\",\"url\":\"https:\\\/\\\/www.velonummern.ch\\\/en\\\/\",\"name\":\"Museum of Swiss Bicycle License Plates\",\"description\":\"\",\"publisher\":{\"@id\":\"https:\\\/\\\/www.velonummern.ch\\\/en\\\/#organization\"},\"potentialAction\":[{\"@type\":\"SearchAction\",\"target\":{\"@type\":\"EntryPoint\",\"urlTemplate\":\"https:\\\/\\\/www.velonummern.ch\\\/en\\\/?s={search_term_string}\"},\"query-input\":{\"@type\":\"PropertyValueSpecification\",\"valueRequired\":true,\"valueName\":\"search_term_string\"}}],\"inLanguage\":\"en-US\"},{\"@type\":\"Organization\",\"@id\":\"https:\\\/\\\/www.velonummern.ch\\\/en\\\/#organization\",\"name\":\"Museum of Swiss Bicycle License Plates\",\"url\":\"https:\\\/\\\/www.velonummern.ch\\\/en\\\/\",\"logo\":{\"@type\":\"ImageObject\",\"inLanguage\":\"en-US\",\"@id\":\"https:\\\/\\\/www.velonummern.ch\\\/en\\\/#\\\/schema\\\/logo\\\/image\\\/\",\"url\":\"https:\\\/\\\/www.velonummern.ch\\\/wp-content\\\/uploads\\\/2022\\\/04\\\/logo-de-1.svg\",\"contentUrl\":\"https:\\\/\\\/www.velonummern.ch\\\/wp-content\\\/uploads\\\/2022\\\/04\\\/logo-de-1.svg\",\"width\":\"1024\",\"height\":\"1024\",\"caption\":\"Museum of Swiss Bicycle License Plates\"},\"image\":{\"@id\":\"https:\\\/\\\/www.velonummern.ch\\\/en\\\/#\\\/schema\\\/logo\\\/image\\\/\"}}]}<\/script>\n<!-- \/ Yoast SEO plugin. -->","yoast_head_json":{"title":"Fahrradkennzeichen BS 1951 Velo privat D | Museum of Swiss Bicycle License Plates","description":"BS 1951 Velo privat","robots":{"index":"index","follow":"follow","max-snippet":"max-snippet:-1","max-image-preview":"max-image-preview:large","max-video-preview":"max-video-preview:-1"},"canonical":"https:\/\/www.velonummern.ch\/en\/produkt\/bs-1951-d\/","schema":{"@context":"https:\/\/schema.org","@graph":[{"@type":"WebPage","@id":"https:\/\/www.velonummern.ch\/en\/produkt\/bs-1951-d\/","url":"https:\/\/www.velonummern.ch\/en\/produkt\/bs-1951-d\/","name":"Fahrradkennzeichen BS 1951 Velo privat D | Museum of Swiss Bicycle License Plates","isPartOf":{"@id":"https:\/\/www.velonummern.ch\/en\/#website"},"primaryImageOfPage":{"@id":"https:\/\/www.velonummern.ch\/en\/produkt\/bs-1951-d\/#primaryimage"},"image":{"@id":"https:\/\/www.velonummern.ch\/en\/produkt\/bs-1951-d\/#primaryimage"},"thumbnailUrl":"https:\/\/www.velonummern.ch\/wp-content\/uploads\/2022\/05\/products-BS_1951_D_4e5b33c36fe9a.jpg","datePublished":"2011-08-29T06:37:55+00:00","dateModified":"2023-12-04T09:00:53+00:00","description":"BS 1951 Velo privat","breadcrumb":{"@id":"https:\/\/www.velonummern.ch\/en\/produkt\/bs-1951-d\/#breadcrumb"},"inLanguage":"en-US","potentialAction":[{"@type":"ReadAction","target":["https:\/\/www.velonummern.ch\/en\/produkt\/bs-1951-d\/"]}]},{"@type":"ImageObject","inLanguage":"en-US","@id":"https:\/\/www.velonummern.ch\/en\/produkt\/bs-1951-d\/#primaryimage","url":"https:\/\/www.velonummern.ch\/wp-content\/uploads\/2022\/05\/products-BS_1951_D_4e5b33c36fe9a.jpg","contentUrl":"https:\/\/www.velonummern.ch\/wp-content\/uploads\/2022\/05\/products-BS_1951_D_4e5b33c36fe9a.jpg","width":"500","height":"500","caption":"BS 1951 D"},{"@type":"BreadcrumbList","@id":"https:\/\/www.velonummern.ch\/en\/produkt\/bs-1951-d\/#breadcrumb","itemListElement":[{"@type":"ListItem","position":1,"name":"Startseite","item":"https:\/\/www.velonummern.ch\/en\/"},{"@type":"ListItem","position":2,"name":"Products","item":"https:\/\/www.velonummern.ch\/en\/shop\/"},{"@type":"ListItem","position":3,"name":"BS 1951 Velo privat D"}]},{"@type":"WebSite","@id":"https:\/\/www.velonummern.ch\/en\/#website","url":"https:\/\/www.velonummern.ch\/en\/","name":"Museum of Swiss Bicycle License Plates","description":"","publisher":{"@id":"https:\/\/www.velonummern.ch\/en\/#organization"},"potentialAction":[{"@type":"SearchAction","target":{"@type":"EntryPoint","urlTemplate":"https:\/\/www.velonummern.ch\/en\/?s={search_term_string}"},"query-input":{"@type":"PropertyValueSpecification","valueRequired":true,"valueName":"search_term_string"}}],"inLanguage":"en-US"},{"@type":"Organization","@id":"https:\/\/www.velonummern.ch\/en\/#organization","name":"Museum of Swiss Bicycle License Plates","url":"https:\/\/www.velonummern.ch\/en\/","logo":{"@type":"ImageObject","inLanguage":"en-US","@id":"https:\/\/www.velonummern.ch\/en\/#\/schema\/logo\/image\/","url":"https:\/\/www.velonummern.ch\/wp-content\/uploads\/2022\/04\/logo-de-1.svg","contentUrl":"https:\/\/www.velonummern.ch\/wp-content\/uploads\/2022\/04\/logo-de-1.svg","width":"1024","height":"1024","caption":"Museum of Swiss Bicycle License Plates"},"image":{"@id":"https:\/\/www.velonummern.ch\/en\/#\/schema\/logo\/image\/"}}]}},"_links":{"self":[{"href":"https:\/\/www.velonummern.ch\/en\/wp-json\/wp\/v2\/product\/15338","targetHints":{"allow":["GET"]}}],"collection":[{"href":"https:\/\/www.velonummern.ch\/en\/wp-json\/wp\/v2\/product"}],"about":[{"href":"https:\/\/www.velonummern.ch\/en\/wp-json\/wp\/v2\/types\/product"}],"wp:featuredmedia":[{"embeddable":true,"href":"https:\/\/www.velonummern.ch\/en\/wp-json\/wp\/v2\/media\/15339"}],"wp:attachment":[{"href":"https:\/\/www.velonummern.ch\/en\/wp-json\/wp\/v2\/media?parent=15338"}],"wp:term":[{"taxonomy":"product_brand","embeddable":true,"href":"https:\/\/www.velonummern.ch\/en\/wp-json\/wp\/v2\/product_brand?post=15338"},{"taxonomy":"product_cat","embeddable":true,"href":"https:\/\/www.velonummern.ch\/en\/wp-json\/wp\/v2\/product_cat?post=15338"},{"taxonomy":"product_tag","embeddable":true,"href":"https:\/\/www.velonummern.ch\/en\/wp-json\/wp\/v2\/product_tag?post=15338"}],"curies":[{"name":"wp","href":"https:\/\/api.w.org\/{rel}","templated":true}]}}