{"id":15636,"date":"2011-08-30T14:56:17","date_gmt":"2011-08-30T14:56:17","guid":{"rendered":"https:\/\/www.velonummern.ch\/?post_type=product&#038;p=15636"},"modified":"2024-02-21T12:58:43","modified_gmt":"2024-02-21T11:58:43","slug":"post-000-b","status":"publish","type":"product","link":"https:\/\/www.velonummern.ch\/en\/produkt\/post-000-b\/","title":{"rendered":"+ Post &#8211; B"},"content":{"rendered":"<p>English \/ Deutsch \/ Fran\u00e7ais \/ Italianohr \/&gt;<br \/>\n<strong>PRESENTATION BOX:<\/strong> This \u201cYear Initials\u201c will be supplied in a specially designed, three-part presentation box in the size of a DVD box. strong&gt;AUTHENTICITY CERTIFICATE: Every \u201cYear Initials\u201c is an original. The customer receives a signed authenticity certificate for every plate. With this certificate, the vendor confirms that the goods delivered are bicycle license plates manufactured on behalf of the relevant Swiss authority and issued for the year indicated on the \u201cYear Initials\u201c. The serial number of the \u201cYear Initials\u201c is recorded on each certificate. strong&gt;QUALITY: Special Edition are single specimens, if they are obtainable at all. For this reason, the vendor also sells specimens from these &#8216;Year Initials&#8217; with minor flaws. The majority of these plates have a unique design and, instead of the double initials, they often have others forms of lettering. So that the customer has full transparency in respect of design and quality, the exact specimen of the plate which the customer can purchase is shown for these plates.hr \/&gt;<br \/>\n<strong>PR\u00c4SENTATIONS BOX:<\/strong> Dieses \u201eYear Initials\u201c wird in einer speziell gestalteten, dreiteiligen Pr\u00e4sentations-Box im Format einer DVD-Box geliefert. strong&gt;ECHTHEITS-ZERTIFIKAT: Jedes \u201eYear Initials\u201c ist ein Original. Zu jedem Schild erh\u00e4lt der Kunde ein unterzeichnetes Echtheits-Zertifikat. Der Anbieter best\u00e4tigt damit, dass es sich bei der gelieferten Ware um ein, im Auftrag der zust\u00e4ndigen Schweizer Beh\u00f6rden hergestelltes und f\u00fcr das auf dem \u201eYear Initials\u201c angegebene Jahr ausgegebenes Fahrrad-Kennzeichen handelt. In jedem Zertifikat wird die Seriennummer des \u201eYear Initials\u201c eingetragen. strong&gt;QUALIT\u00c4T: Special Edition sind, wenn \u00fcberhaupt erh\u00e4ltlich, Einzelst\u00fccke. Deshalb verkauft der Anbieter von diesen \u201eYear Initials&#8217; auch Exemplare mit kleinen M\u00e4ngeln. Die meisten dieser Schilder haben ein individuelles Design und zeigen statt der zweistelligen Initialen oft andere Formen der Beschriftung. Damit der Kunde bez\u00fcglich Design und Qualit\u00e4t volle Transparenz hat, ist f\u00fcr diese Schilder genau jenes Exemplar abgebildet, welches er kaufen kann.hr \/&gt;<br \/>\n<strong>BOITE DE PRESENTATION:<\/strong> Cette plaque \u00ab Year Initials \u00bb est livr\u00e9e dans une bo\u00eete de pr\u00e9sentation sp\u00e9ciale en trois parties, en format de bo\u00eete DVD. strong&gt;CERTIFICAT D\u2019AUTHENTICITE: Chaque plaque \u00ab Year Initials \u00bb est une pi\u00e8ce originale. Chaque plaque est assortie d\u2019un certificat d\u2019authenticit\u00e9 sign\u00e9. Le vendeur certifie ainsi que l\u2019article livr\u00e9 est une plaque de v\u00e9lo fabriqu\u00e9e sur demande des autorit\u00e9s suisses comp\u00e9tentes pour l\u2019ann\u00e9e indiqu\u00e9e sur la plaque \u00ab Year Initials \u00bb concern\u00e9e. Chaque certificat mentionne le num\u00e9ro de s\u00e9rie de la plaque \u00ab Year Initials \u00bb. strong&gt;QUALITE: Special Edition sont, le cas \u00e9ch\u00e9ant, des pi\u00e8ces uniques. C&#8217;est pourquoi le vendeur vend \u00e9galement des exemplaires de plaques \u00ab Year Initials \u00bb qui comportent de petits d\u00e9fauts. La plupart de ces plaques ont un design individuel et pr\u00e9sentent souvent d&#8217;autres inscriptions que les deux initiales. Afin d&#8217;assurer au client une totale transparence en mati\u00e8re de design et de qualit\u00e9, chaque exemplaire de ces plaques mis en vente est exactement reproduit.hr \/&gt;<br \/>\n<strong>SCATOLA DI PRESENTAZIONE:<\/strong> Questo \u201cYear Initials\u201d viene forniti in una scatola di presentazione speciale e suddivisa in tre parti con lo stesso formato di una scatola di DVD. strong&gt;CERTIFICATO D\u2019AUTENTICITA: Ogni \u201cYear Initials\u201d \u00e8 un originale. Insieme a ogni targa, viene consegnato al cliente un certificato d\u2019autenticit\u00e0 firmato, con il quale l\u2019offerente conferma che l\u2019articolo fornito \u00e8 una targa per bicicletta realizzata per ordine delle autorit\u00e0 svizzere responsabili e per l\u2019anno indicato nelle \u201cYear Initials\u201d. In ogni certificato viene inserito il numero in serie delle \u201dYear Initials\u201d. strong&gt;QUALITA: Special Edition, se disponibili, sono pezzi unici. Per questo motivo l&#8217;offerente vende esemplari leggermente difettosi anche di queste &#8216;Year Initials&#8217;. La maggior parte di queste targhe ha un design individuale e invece delle iniziali a due cifre hanno spesso altri tipi di diciture. Per far s\u00ec che il cliente possa avere la massima trasparenza riguardo design e qualit\u00e0, \u00e8 raffigurato esattamente l&#8217;esemplare di queste targhe da acquistare.<\/p>\n","protected":false},"excerpt":{"rendered":"<p>+ Special Edition<br \/>\nJahr: 1961 &#8211; 2003<\/p>\n<p>PTT: Post-, Telefon- und Telegrafenbetriebe<\/p>\n<p>Material: Aluminium<br \/>\nAbmessungen: 5 x 8 cm \/ 1.97 x 3.15 in<\/p>\n<h2>1959 Fahrradkennzeichen Verordnung Bundesbetriebe<\/h2>\n<p>Die Kennzeichen sind 8 cm hoch und 5 cm breit. Sie sind aus Metall hergestellt. Im oberen Teil von 6 cm H\u00f6he, der mit einem rot reflektierenden Belag versehen ist, sind ein weisses Schweizerkreuz von 2,3 cm Balkenl\u00e4nge und 0,7 cm Balkendicke und darunter die in der nachfolgenden Liste vorgesehe\u00adnen Buchstaben von 1,8 cm H\u00f6he und 0,2 cm Strichst\u00e4rke erhaben eingepresst. Im untern unbemalten oder hellfarbigen, nicht reflektierenden Teil von 2 cm H\u00f6he ist entweder eine schwarze Kon\u00adtrollnummer erhaben eingepresst oder eine kleine, farblose Zahl eingepr\u00e4gt (Figur 2).<\/p>\n<p>Die Kennzeichen werden von folgenden Amtsstellen abgegeben:<\/p>\n<p>a. Vom Automobildienst der Generaldirektion der Post-, Telegraphen- und Telefonverwaltung:<br \/>\nf\u00fcr Fahrr\u00e4der der Post-, Telegraphen- und Telefonverwaltung (Buchstaben PTT);<br \/>\nf\u00fcr Fahrr\u00e4der der Regiebetriebe und von Bundesstellen, die \u00fcber keine eigenen Kennzeichen verf\u00fcgen (Buchstaben PR);<\/p>\n<p>b. Von der Kriegsmaterialverwaltung:<br \/>\nf\u00fcr Mannschaftsr\u00e4der und Korpsmaterial-Fahrr\u00e4der (Buchstabe M); f\u00fcr Fahrr\u00e4der der Milit\u00e4rverwaltung und der Festungswachtformationen (Buchstaben MV);<\/p>\n<p>c. Von der Eidgen\u00f6ssischen Oberzolldirektion:<br \/>\nf\u00fcr Fahrr\u00e4der der Zollverwaltung (Buchstaben ZD)<\/p>\n<p>Mehr Informationen finden Sie im Schweizer Velonummern Museum: <a href=\"https:\/\/www.velonummern.ch\/geschichte\/\">Geschichte der Schweizer Fahrradkennzeichen<\/a><\/p>\n","protected":false},"featured_media":15637,"template":"","meta":{"_acf_changed":false,"inline_featured_image":false},"product_brand":[],"product_cat":[239],"product_tag":[],"class_list":{"0":"post-15636","1":"product","2":"type-product","3":"status-publish","4":"has-post-thumbnail","6":"product_cat-special-edition","8":"first","9":"outofstock","10":"sold-individually","11":"purchasable","12":"product-type-simple"},"acf":[],"yoast_head":"<!-- This site is optimized with the Yoast SEO plugin v27.4 - https:\/\/yoast.com\/product\/yoast-seo-wordpress\/ -->\n<title>Fahrradkennzeichen + Post - B | Museum of Swiss Bicycle License Plates<\/title>\n<meta name=\"robots\" content=\"index, follow, max-snippet:-1, max-image-preview:large, max-video-preview:-1\" \/>\n<link rel=\"canonical\" href=\"https:\/\/www.velonummern.ch\/en\/produkt\/post-000-b\/\" \/>\n<meta name=\"twitter:label1\" content=\"Est. reading time\" \/>\n\t<meta name=\"twitter:data1\" content=\"3 minutes\" \/>\n<script type=\"application\/ld+json\" class=\"yoast-schema-graph\">{\"@context\":\"https:\\\/\\\/schema.org\",\"@graph\":[{\"@type\":\"WebPage\",\"@id\":\"https:\\\/\\\/www.velonummern.ch\\\/en\\\/produkt\\\/post-000-b\\\/\",\"url\":\"https:\\\/\\\/www.velonummern.ch\\\/en\\\/produkt\\\/post-000-b\\\/\",\"name\":\"Fahrradkennzeichen + Post - B | Museum of Swiss Bicycle License Plates\",\"isPartOf\":{\"@id\":\"https:\\\/\\\/www.velonummern.ch\\\/en\\\/#website\"},\"primaryImageOfPage\":{\"@id\":\"https:\\\/\\\/www.velonummern.ch\\\/en\\\/produkt\\\/post-000-b\\\/#primaryimage\"},\"image\":{\"@id\":\"https:\\\/\\\/www.velonummern.ch\\\/en\\\/produkt\\\/post-000-b\\\/#primaryimage\"},\"thumbnailUrl\":\"https:\\\/\\\/www.velonummern.ch\\\/wp-content\\\/uploads\\\/2022\\\/05\\\/products-__Post_000_B_4e7724676b9f4.jpg\",\"datePublished\":\"2011-08-30T14:56:17+00:00\",\"dateModified\":\"2024-02-21T11:58:43+00:00\",\"breadcrumb\":{\"@id\":\"https:\\\/\\\/www.velonummern.ch\\\/en\\\/produkt\\\/post-000-b\\\/#breadcrumb\"},\"inLanguage\":\"en-US\",\"potentialAction\":[{\"@type\":\"ReadAction\",\"target\":[\"https:\\\/\\\/www.velonummern.ch\\\/en\\\/produkt\\\/post-000-b\\\/\"]}]},{\"@type\":\"ImageObject\",\"inLanguage\":\"en-US\",\"@id\":\"https:\\\/\\\/www.velonummern.ch\\\/en\\\/produkt\\\/post-000-b\\\/#primaryimage\",\"url\":\"https:\\\/\\\/www.velonummern.ch\\\/wp-content\\\/uploads\\\/2022\\\/05\\\/products-__Post_000_B_4e7724676b9f4.jpg\",\"contentUrl\":\"https:\\\/\\\/www.velonummern.ch\\\/wp-content\\\/uploads\\\/2022\\\/05\\\/products-__Post_000_B_4e7724676b9f4.jpg\",\"width\":\"500\",\"height\":\"500\",\"caption\":\"+ Post 000 B\"},{\"@type\":\"BreadcrumbList\",\"@id\":\"https:\\\/\\\/www.velonummern.ch\\\/en\\\/produkt\\\/post-000-b\\\/#breadcrumb\",\"itemListElement\":[{\"@type\":\"ListItem\",\"position\":1,\"name\":\"Startseite\",\"item\":\"https:\\\/\\\/www.velonummern.ch\\\/en\\\/\"},{\"@type\":\"ListItem\",\"position\":2,\"name\":\"Products\",\"item\":\"https:\\\/\\\/www.velonummern.ch\\\/en\\\/shop\\\/\"},{\"@type\":\"ListItem\",\"position\":3,\"name\":\"+ Post &#8211; B\"}]},{\"@type\":\"WebSite\",\"@id\":\"https:\\\/\\\/www.velonummern.ch\\\/en\\\/#website\",\"url\":\"https:\\\/\\\/www.velonummern.ch\\\/en\\\/\",\"name\":\"Museum of Swiss Bicycle License Plates\",\"description\":\"\",\"publisher\":{\"@id\":\"https:\\\/\\\/www.velonummern.ch\\\/en\\\/#organization\"},\"potentialAction\":[{\"@type\":\"SearchAction\",\"target\":{\"@type\":\"EntryPoint\",\"urlTemplate\":\"https:\\\/\\\/www.velonummern.ch\\\/en\\\/?s={search_term_string}\"},\"query-input\":{\"@type\":\"PropertyValueSpecification\",\"valueRequired\":true,\"valueName\":\"search_term_string\"}}],\"inLanguage\":\"en-US\"},{\"@type\":\"Organization\",\"@id\":\"https:\\\/\\\/www.velonummern.ch\\\/en\\\/#organization\",\"name\":\"Museum of Swiss Bicycle License Plates\",\"url\":\"https:\\\/\\\/www.velonummern.ch\\\/en\\\/\",\"logo\":{\"@type\":\"ImageObject\",\"inLanguage\":\"en-US\",\"@id\":\"https:\\\/\\\/www.velonummern.ch\\\/en\\\/#\\\/schema\\\/logo\\\/image\\\/\",\"url\":\"https:\\\/\\\/www.velonummern.ch\\\/wp-content\\\/uploads\\\/2022\\\/04\\\/logo-de-1.svg\",\"contentUrl\":\"https:\\\/\\\/www.velonummern.ch\\\/wp-content\\\/uploads\\\/2022\\\/04\\\/logo-de-1.svg\",\"width\":\"1024\",\"height\":\"1024\",\"caption\":\"Museum of Swiss Bicycle License Plates\"},\"image\":{\"@id\":\"https:\\\/\\\/www.velonummern.ch\\\/en\\\/#\\\/schema\\\/logo\\\/image\\\/\"}}]}<\/script>\n<!-- \/ Yoast SEO plugin. -->","yoast_head_json":{"title":"Fahrradkennzeichen + Post - B | Museum of Swiss Bicycle License Plates","robots":{"index":"index","follow":"follow","max-snippet":"max-snippet:-1","max-image-preview":"max-image-preview:large","max-video-preview":"max-video-preview:-1"},"canonical":"https:\/\/www.velonummern.ch\/en\/produkt\/post-000-b\/","twitter_misc":{"Est. reading time":"3 minutes"},"schema":{"@context":"https:\/\/schema.org","@graph":[{"@type":"WebPage","@id":"https:\/\/www.velonummern.ch\/en\/produkt\/post-000-b\/","url":"https:\/\/www.velonummern.ch\/en\/produkt\/post-000-b\/","name":"Fahrradkennzeichen + Post - B | Museum of Swiss Bicycle License Plates","isPartOf":{"@id":"https:\/\/www.velonummern.ch\/en\/#website"},"primaryImageOfPage":{"@id":"https:\/\/www.velonummern.ch\/en\/produkt\/post-000-b\/#primaryimage"},"image":{"@id":"https:\/\/www.velonummern.ch\/en\/produkt\/post-000-b\/#primaryimage"},"thumbnailUrl":"https:\/\/www.velonummern.ch\/wp-content\/uploads\/2022\/05\/products-__Post_000_B_4e7724676b9f4.jpg","datePublished":"2011-08-30T14:56:17+00:00","dateModified":"2024-02-21T11:58:43+00:00","breadcrumb":{"@id":"https:\/\/www.velonummern.ch\/en\/produkt\/post-000-b\/#breadcrumb"},"inLanguage":"en-US","potentialAction":[{"@type":"ReadAction","target":["https:\/\/www.velonummern.ch\/en\/produkt\/post-000-b\/"]}]},{"@type":"ImageObject","inLanguage":"en-US","@id":"https:\/\/www.velonummern.ch\/en\/produkt\/post-000-b\/#primaryimage","url":"https:\/\/www.velonummern.ch\/wp-content\/uploads\/2022\/05\/products-__Post_000_B_4e7724676b9f4.jpg","contentUrl":"https:\/\/www.velonummern.ch\/wp-content\/uploads\/2022\/05\/products-__Post_000_B_4e7724676b9f4.jpg","width":"500","height":"500","caption":"+ Post 000 B"},{"@type":"BreadcrumbList","@id":"https:\/\/www.velonummern.ch\/en\/produkt\/post-000-b\/#breadcrumb","itemListElement":[{"@type":"ListItem","position":1,"name":"Startseite","item":"https:\/\/www.velonummern.ch\/en\/"},{"@type":"ListItem","position":2,"name":"Products","item":"https:\/\/www.velonummern.ch\/en\/shop\/"},{"@type":"ListItem","position":3,"name":"+ Post &#8211; B"}]},{"@type":"WebSite","@id":"https:\/\/www.velonummern.ch\/en\/#website","url":"https:\/\/www.velonummern.ch\/en\/","name":"Museum of Swiss Bicycle License Plates","description":"","publisher":{"@id":"https:\/\/www.velonummern.ch\/en\/#organization"},"potentialAction":[{"@type":"SearchAction","target":{"@type":"EntryPoint","urlTemplate":"https:\/\/www.velonummern.ch\/en\/?s={search_term_string}"},"query-input":{"@type":"PropertyValueSpecification","valueRequired":true,"valueName":"search_term_string"}}],"inLanguage":"en-US"},{"@type":"Organization","@id":"https:\/\/www.velonummern.ch\/en\/#organization","name":"Museum of Swiss Bicycle License Plates","url":"https:\/\/www.velonummern.ch\/en\/","logo":{"@type":"ImageObject","inLanguage":"en-US","@id":"https:\/\/www.velonummern.ch\/en\/#\/schema\/logo\/image\/","url":"https:\/\/www.velonummern.ch\/wp-content\/uploads\/2022\/04\/logo-de-1.svg","contentUrl":"https:\/\/www.velonummern.ch\/wp-content\/uploads\/2022\/04\/logo-de-1.svg","width":"1024","height":"1024","caption":"Museum of Swiss Bicycle License Plates"},"image":{"@id":"https:\/\/www.velonummern.ch\/en\/#\/schema\/logo\/image\/"}}]}},"_links":{"self":[{"href":"https:\/\/www.velonummern.ch\/en\/wp-json\/wp\/v2\/product\/15636","targetHints":{"allow":["GET"]}}],"collection":[{"href":"https:\/\/www.velonummern.ch\/en\/wp-json\/wp\/v2\/product"}],"about":[{"href":"https:\/\/www.velonummern.ch\/en\/wp-json\/wp\/v2\/types\/product"}],"wp:featuredmedia":[{"embeddable":true,"href":"https:\/\/www.velonummern.ch\/en\/wp-json\/wp\/v2\/media\/15637"}],"wp:attachment":[{"href":"https:\/\/www.velonummern.ch\/en\/wp-json\/wp\/v2\/media?parent=15636"}],"wp:term":[{"taxonomy":"product_brand","embeddable":true,"href":"https:\/\/www.velonummern.ch\/en\/wp-json\/wp\/v2\/product_brand?post=15636"},{"taxonomy":"product_cat","embeddable":true,"href":"https:\/\/www.velonummern.ch\/en\/wp-json\/wp\/v2\/product_cat?post=15636"},{"taxonomy":"product_tag","embeddable":true,"href":"https:\/\/www.velonummern.ch\/en\/wp-json\/wp\/v2\/product_tag?post=15636"}],"curies":[{"name":"wp","href":"https:\/\/api.w.org\/{rel}","templated":true}]}}