{"id":16944,"date":"2012-11-07T12:20:37","date_gmt":"2012-11-07T12:20:37","guid":{"rendered":"https:\/\/www.velonummern.ch\/?post_type=product&#038;p=16944"},"modified":"2025-07-10T13:54:24","modified_gmt":"2025-07-10T11:54:24","slug":"zh-1921-w","status":"publish","type":"product","link":"https:\/\/www.velonummern.ch\/en\/produkt\/zh-1921-w\/","title":{"rendered":"ZH 1921 W (Modell 1917)"},"content":{"rendered":"<h2>Fahrradkennzeichen, Velonummer ZH 1921<\/h2>\n<p>&nbsp;<\/p>\n<p>Im Kanton Z\u00fcrich werden zwischen 1910 und 1924 Email-Schilder ausgegeben <a href=\"https:\/\/www.velonummern.ch\/produkte\/zh-zurich\/\">[BILDER]<\/a>. Diese haben jedoch keinen Jahrgang. Im Rahmen eines schweizweit einzigartigen Wiederverwendungs-Systems werden insgesamt sechs verschieden Modell in Umlauf gebracht, welche abwechselnd g\u00fcltig sind. Jedes Modell wird in zwei oder drei verschiedenen Jahren verwendet.<\/p>\n<p>Dieses \u00abModell 1917\u00bb wurde erstmals 1917 ausgegeben, anschliessend eingezogen, eingelagert und f\u00fcr die Jahre 1917 und 1921 wiederverwendet.<\/p>\n","protected":false},"excerpt":{"rendered":"<p>Im Kanton Z\u00fcrich werden zwischen 1910 und 1924 Email-Schilder ausgegeben <a href=\"https:\/\/www.velonummern.ch\/produkte\/zh-zurich\/\">[BILDER]<\/a>. Diese haben jedoch keinen Jahrgang. Im Rahmen eines schweizweit einzigartigen Wiederverwendungs-Systems werden insgesamt sechs verschiedene Modelle in Umlauf gebracht, welche abwechselnd g\u00fcltig sind. Jedes Modell wird in zwei oder drei verschiedenen Jahren verwendet.<\/p>\n<p>Dieses \u00abModell 1917\u00bb wurde erstmals 1917 ausgegeben, anschliessend eingezogen, eingelagert und f\u00fcr die Jahre 1917 und 1921 wiederverwendet.<\/p>\n<p>Mehr \u00fcber die Z\u00fcrcher Email-Epoche erfahren Sie in der: <a href=\"https:\/\/www.velonummern.ch\/geschichte\/\">Geschichte der Schweizer Fahrradkennzeichen<\/a><\/p>\n<p>Die witterungsbest\u00e4ndigen Emailschilder erlebten ihre Bl\u00fctezeit f\u00fcr Reklamezwecke zwischen 1890 und 1960. F\u00fcr Fahrradkennzeichen wurde diese aufw\u00e4ndige Technik 1903 bis 1933 ausschliesslich von 15 Deutschschweizer Kantonen verwendet (Aargau, Appenzell Innerrhoden, Basel-Land, Basel-Stadt, Graub\u00fcnden, Luzern, Obwalden, St. Gallen, Schaffhausen, Solothurn, Schwyz, Thurgau, Uri, Zug, Z\u00fcrich). Der Kanton St. Gallen kreierte 1903 die ersten Schilder im Email-Design. Zug war der letzte Kanton, der zwischen 1925 und 1933 noch Email-Schilder ausgegeben hat. Die Schilder waren bis 11.3 cm gross und durch die massive, gew\u00f6lbte Metallunterlage entsprechend schwer. Sie wurden in vier verschiedenen Formen hergestellt; rechteckig, oval oder rund. Die K\u00f6nigin der Formen war jedoch die Herzform (auch Schild oder Wappen) bzw. &#8220;herzf\u00f6rmig&#8221;, wie sie offiziell in Verordnungen genannt wurde. Das &#8220;schweizerischste&#8221; aller Fahrradkennzeichen ist vielleicht das Email-Schild in Herzform des Kanton Schwyz. Das erste Email-Schild mit Jahrgang hat der Kanton Luzern 1912 ausgegeben.<\/p>\n<p>Kanton: Z\u00fcrich<br \/>\nBezirk: Winterthur (W)<br \/>\nJahr: 1921<\/p>\n<p>Material: Email \/ Metall<br \/>\nAbmessungen: 10.5 x 8.5 cm \/ 4.13 x 3.35 in<\/p>\n","protected":false},"featured_media":16945,"template":"","meta":{"_acf_changed":false,"inline_featured_image":false},"product_brand":[],"product_cat":[167,236],"product_tag":[],"class_list":{"0":"post-16944","1":"product","2":"type-product","3":"status-publish","4":"has-post-thumbnail","6":"product_cat-1921-1930","7":"product_cat-zh-zurich","9":"first","10":"outofstock","11":"sold-individually","12":"purchasable","13":"product-type-simple"},"acf":[],"yoast_head":"<!-- This site is optimized with the Yoast SEO plugin v27.4 - https:\/\/yoast.com\/product\/yoast-seo-wordpress\/ -->\n<title>Fahrradkennzeichen ZH 1921 W (Modell 1917) | Museum of Swiss Bicycle License Plates<\/title>\n<meta name=\"description\" content=\"Dieses \u00abModell 1917\u00bb wurde erstmals 1917 ausgegeben, anschliessend eingezogen, eingelagert und f\u00fcr die Jahre 1917 und 1921 wiederverwendet.\" \/>\n<meta name=\"robots\" content=\"index, follow, max-snippet:-1, max-image-preview:large, max-video-preview:-1\" \/>\n<link rel=\"canonical\" href=\"https:\/\/www.velonummern.ch\/en\/produkt\/zh-1921-w\/\" \/>\n<script type=\"application\/ld+json\" class=\"yoast-schema-graph\">{\"@context\":\"https:\\\/\\\/schema.org\",\"@graph\":[{\"@type\":\"WebPage\",\"@id\":\"https:\\\/\\\/www.velonummern.ch\\\/en\\\/produkt\\\/zh-1921-w\\\/\",\"url\":\"https:\\\/\\\/www.velonummern.ch\\\/en\\\/produkt\\\/zh-1921-w\\\/\",\"name\":\"Fahrradkennzeichen ZH 1921 W (Modell 1917) | Museum of Swiss Bicycle License Plates\",\"isPartOf\":{\"@id\":\"https:\\\/\\\/www.velonummern.ch\\\/en\\\/#website\"},\"primaryImageOfPage\":{\"@id\":\"https:\\\/\\\/www.velonummern.ch\\\/en\\\/produkt\\\/zh-1921-w\\\/#primaryimage\"},\"image\":{\"@id\":\"https:\\\/\\\/www.velonummern.ch\\\/en\\\/produkt\\\/zh-1921-w\\\/#primaryimage\"},\"thumbnailUrl\":\"https:\\\/\\\/www.velonummern.ch\\\/wp-content\\\/uploads\\\/2022\\\/05\\\/products-ZH_1921_W_509a521529d72.jpg\",\"datePublished\":\"2012-11-07T12:20:37+00:00\",\"dateModified\":\"2025-07-10T11:54:24+00:00\",\"description\":\"Dieses \u00abModell 1917\u00bb wurde erstmals 1917 ausgegeben, anschliessend eingezogen, eingelagert und f\u00fcr die Jahre 1917 und 1921 wiederverwendet.\",\"breadcrumb\":{\"@id\":\"https:\\\/\\\/www.velonummern.ch\\\/en\\\/produkt\\\/zh-1921-w\\\/#breadcrumb\"},\"inLanguage\":\"en-US\",\"potentialAction\":[{\"@type\":\"ReadAction\",\"target\":[\"https:\\\/\\\/www.velonummern.ch\\\/en\\\/produkt\\\/zh-1921-w\\\/\"]}]},{\"@type\":\"ImageObject\",\"inLanguage\":\"en-US\",\"@id\":\"https:\\\/\\\/www.velonummern.ch\\\/en\\\/produkt\\\/zh-1921-w\\\/#primaryimage\",\"url\":\"https:\\\/\\\/www.velonummern.ch\\\/wp-content\\\/uploads\\\/2022\\\/05\\\/products-ZH_1921_W_509a521529d72.jpg\",\"contentUrl\":\"https:\\\/\\\/www.velonummern.ch\\\/wp-content\\\/uploads\\\/2022\\\/05\\\/products-ZH_1921_W_509a521529d72.jpg\",\"width\":\"500\",\"height\":\"500\",\"caption\":\"ZH 1921 WW\"},{\"@type\":\"BreadcrumbList\",\"@id\":\"https:\\\/\\\/www.velonummern.ch\\\/en\\\/produkt\\\/zh-1921-w\\\/#breadcrumb\",\"itemListElement\":[{\"@type\":\"ListItem\",\"position\":1,\"name\":\"Startseite\",\"item\":\"https:\\\/\\\/www.velonummern.ch\\\/en\\\/\"},{\"@type\":\"ListItem\",\"position\":2,\"name\":\"Products\",\"item\":\"https:\\\/\\\/www.velonummern.ch\\\/en\\\/shop\\\/\"},{\"@type\":\"ListItem\",\"position\":3,\"name\":\"ZH 1921 W (Modell 1917)\"}]},{\"@type\":\"WebSite\",\"@id\":\"https:\\\/\\\/www.velonummern.ch\\\/en\\\/#website\",\"url\":\"https:\\\/\\\/www.velonummern.ch\\\/en\\\/\",\"name\":\"Museum of Swiss Bicycle License Plates\",\"description\":\"\",\"publisher\":{\"@id\":\"https:\\\/\\\/www.velonummern.ch\\\/en\\\/#organization\"},\"potentialAction\":[{\"@type\":\"SearchAction\",\"target\":{\"@type\":\"EntryPoint\",\"urlTemplate\":\"https:\\\/\\\/www.velonummern.ch\\\/en\\\/?s={search_term_string}\"},\"query-input\":{\"@type\":\"PropertyValueSpecification\",\"valueRequired\":true,\"valueName\":\"search_term_string\"}}],\"inLanguage\":\"en-US\"},{\"@type\":\"Organization\",\"@id\":\"https:\\\/\\\/www.velonummern.ch\\\/en\\\/#organization\",\"name\":\"Museum of Swiss Bicycle License Plates\",\"url\":\"https:\\\/\\\/www.velonummern.ch\\\/en\\\/\",\"logo\":{\"@type\":\"ImageObject\",\"inLanguage\":\"en-US\",\"@id\":\"https:\\\/\\\/www.velonummern.ch\\\/en\\\/#\\\/schema\\\/logo\\\/image\\\/\",\"url\":\"https:\\\/\\\/www.velonummern.ch\\\/wp-content\\\/uploads\\\/2022\\\/04\\\/logo-de-1.svg\",\"contentUrl\":\"https:\\\/\\\/www.velonummern.ch\\\/wp-content\\\/uploads\\\/2022\\\/04\\\/logo-de-1.svg\",\"width\":\"1024\",\"height\":\"1024\",\"caption\":\"Museum of Swiss Bicycle License Plates\"},\"image\":{\"@id\":\"https:\\\/\\\/www.velonummern.ch\\\/en\\\/#\\\/schema\\\/logo\\\/image\\\/\"}}]}<\/script>\n<!-- \/ Yoast SEO plugin. -->","yoast_head_json":{"title":"Fahrradkennzeichen ZH 1921 W (Modell 1917) | Museum of Swiss Bicycle License Plates","description":"Dieses \u00abModell 1917\u00bb wurde erstmals 1917 ausgegeben, anschliessend eingezogen, eingelagert und f\u00fcr die Jahre 1917 und 1921 wiederverwendet.","robots":{"index":"index","follow":"follow","max-snippet":"max-snippet:-1","max-image-preview":"max-image-preview:large","max-video-preview":"max-video-preview:-1"},"canonical":"https:\/\/www.velonummern.ch\/en\/produkt\/zh-1921-w\/","schema":{"@context":"https:\/\/schema.org","@graph":[{"@type":"WebPage","@id":"https:\/\/www.velonummern.ch\/en\/produkt\/zh-1921-w\/","url":"https:\/\/www.velonummern.ch\/en\/produkt\/zh-1921-w\/","name":"Fahrradkennzeichen ZH 1921 W (Modell 1917) | Museum of Swiss Bicycle License Plates","isPartOf":{"@id":"https:\/\/www.velonummern.ch\/en\/#website"},"primaryImageOfPage":{"@id":"https:\/\/www.velonummern.ch\/en\/produkt\/zh-1921-w\/#primaryimage"},"image":{"@id":"https:\/\/www.velonummern.ch\/en\/produkt\/zh-1921-w\/#primaryimage"},"thumbnailUrl":"https:\/\/www.velonummern.ch\/wp-content\/uploads\/2022\/05\/products-ZH_1921_W_509a521529d72.jpg","datePublished":"2012-11-07T12:20:37+00:00","dateModified":"2025-07-10T11:54:24+00:00","description":"Dieses \u00abModell 1917\u00bb wurde erstmals 1917 ausgegeben, anschliessend eingezogen, eingelagert und f\u00fcr die Jahre 1917 und 1921 wiederverwendet.","breadcrumb":{"@id":"https:\/\/www.velonummern.ch\/en\/produkt\/zh-1921-w\/#breadcrumb"},"inLanguage":"en-US","potentialAction":[{"@type":"ReadAction","target":["https:\/\/www.velonummern.ch\/en\/produkt\/zh-1921-w\/"]}]},{"@type":"ImageObject","inLanguage":"en-US","@id":"https:\/\/www.velonummern.ch\/en\/produkt\/zh-1921-w\/#primaryimage","url":"https:\/\/www.velonummern.ch\/wp-content\/uploads\/2022\/05\/products-ZH_1921_W_509a521529d72.jpg","contentUrl":"https:\/\/www.velonummern.ch\/wp-content\/uploads\/2022\/05\/products-ZH_1921_W_509a521529d72.jpg","width":"500","height":"500","caption":"ZH 1921 WW"},{"@type":"BreadcrumbList","@id":"https:\/\/www.velonummern.ch\/en\/produkt\/zh-1921-w\/#breadcrumb","itemListElement":[{"@type":"ListItem","position":1,"name":"Startseite","item":"https:\/\/www.velonummern.ch\/en\/"},{"@type":"ListItem","position":2,"name":"Products","item":"https:\/\/www.velonummern.ch\/en\/shop\/"},{"@type":"ListItem","position":3,"name":"ZH 1921 W (Modell 1917)"}]},{"@type":"WebSite","@id":"https:\/\/www.velonummern.ch\/en\/#website","url":"https:\/\/www.velonummern.ch\/en\/","name":"Museum of Swiss Bicycle License Plates","description":"","publisher":{"@id":"https:\/\/www.velonummern.ch\/en\/#organization"},"potentialAction":[{"@type":"SearchAction","target":{"@type":"EntryPoint","urlTemplate":"https:\/\/www.velonummern.ch\/en\/?s={search_term_string}"},"query-input":{"@type":"PropertyValueSpecification","valueRequired":true,"valueName":"search_term_string"}}],"inLanguage":"en-US"},{"@type":"Organization","@id":"https:\/\/www.velonummern.ch\/en\/#organization","name":"Museum of Swiss Bicycle License Plates","url":"https:\/\/www.velonummern.ch\/en\/","logo":{"@type":"ImageObject","inLanguage":"en-US","@id":"https:\/\/www.velonummern.ch\/en\/#\/schema\/logo\/image\/","url":"https:\/\/www.velonummern.ch\/wp-content\/uploads\/2022\/04\/logo-de-1.svg","contentUrl":"https:\/\/www.velonummern.ch\/wp-content\/uploads\/2022\/04\/logo-de-1.svg","width":"1024","height":"1024","caption":"Museum of Swiss Bicycle License Plates"},"image":{"@id":"https:\/\/www.velonummern.ch\/en\/#\/schema\/logo\/image\/"}}]}},"_links":{"self":[{"href":"https:\/\/www.velonummern.ch\/en\/wp-json\/wp\/v2\/product\/16944","targetHints":{"allow":["GET"]}}],"collection":[{"href":"https:\/\/www.velonummern.ch\/en\/wp-json\/wp\/v2\/product"}],"about":[{"href":"https:\/\/www.velonummern.ch\/en\/wp-json\/wp\/v2\/types\/product"}],"wp:featuredmedia":[{"embeddable":true,"href":"https:\/\/www.velonummern.ch\/en\/wp-json\/wp\/v2\/media\/16945"}],"wp:attachment":[{"href":"https:\/\/www.velonummern.ch\/en\/wp-json\/wp\/v2\/media?parent=16944"}],"wp:term":[{"taxonomy":"product_brand","embeddable":true,"href":"https:\/\/www.velonummern.ch\/en\/wp-json\/wp\/v2\/product_brand?post=16944"},{"taxonomy":"product_cat","embeddable":true,"href":"https:\/\/www.velonummern.ch\/en\/wp-json\/wp\/v2\/product_cat?post=16944"},{"taxonomy":"product_tag","embeddable":true,"href":"https:\/\/www.velonummern.ch\/en\/wp-json\/wp\/v2\/product_tag?post=16944"}],"curies":[{"name":"wp","href":"https:\/\/api.w.org\/{rel}","templated":true}]}}