{"id":18587,"date":"2022-08-23T19:03:42","date_gmt":"2022-08-23T17:03:42","guid":{"rendered":"https:\/\/www.velonummern.ch\/?post_type=product&#038;p=18587"},"modified":"2025-07-10T13:51:50","modified_gmt":"2025-07-10T11:51:50","slug":"zh-1915-w","status":"publish","type":"product","link":"https:\/\/www.velonummern.ch\/en\/produkt\/zh-1915-w\/","title":{"rendered":"ZH 1915 W (Modell 1915)"},"content":{"rendered":"<h2>Fahrradkennzeichen, Velonummer ZH 1915<\/h2>\n<p>&nbsp;<\/p>\n<p>Im Kanton Z\u00fcrich werden zwischen 1910 und 1924 Email-Schilder ausgegeben <a href=\"https:\/\/www.velonummern.ch\/produkte\/zh-zurich\/\">[BILDER]<\/a>. Diese haben jedoch keinen Jahrgang. Im Rahmen eines schweizweit einzigartigen Wiederverwendungs-Systems werden insgesamt sechs verschieden Modell in Umlauf gebracht, welche abwechselnd g\u00fcltig sind. Jedes Modell wird in zwei oder drei verschiedenen Jahren verwendet.<\/p>\n<p>Dieses \u00abModell 1915\u00bb wurde erstmals 1915 ausgegeben, anschliessend eingezogen, eingelagert und f\u00fcr die Jahre 1919 und 1923 wiederverwendet.<\/p>\n<p>Mehr \u00fcber die Z\u00fcrcher Email-Epoche erfahren Sie in der: <a href=\"https:\/\/www.velonummern.ch\/geschichte\/\">Geschichte der Schweizer Fahrradkennzeichen<\/a><\/p>\n<p>Die witterungsbest\u00e4ndigen Emailschilder erlebten ihre Bl\u00fctezeit f\u00fcr Reklamezwecke zwischen 1890 und 1960. F\u00fcr Fahrradkennzeichen wurde diese aufw\u00e4ndige Technik 1903 bis 1933 ausschliesslich von 15 Deutschschweizer Kantonen verwendet (Aargau, Appenzell Innerrhoden, Basel-Land, Basel-Stadt, Graub\u00fcnden, Luzern, Obwalden, St. Gallen, Schaffhausen, Solothurn, Schwyz, Thurgau, Uri, Zug, Z\u00fcrich). Der Kanton St. Gallen kreierte 1903 die ersten Schilder im Email-Design. Zug war der letzte Kanton, der zwischen 1925 und 1933 noch Email-Schilder ausgegeben hat. Die Schilder waren bis 11.3 cm gross und durch die massive, gew\u00f6lbte Metallunterlage entsprechend schwer. Sie wurden in vier verschiedenen Formen hergestellt; rechteckig, oval oder rund. Die K\u00f6nigin der Formen war jedoch die Herzform (auch Schild oder Wappen) bzw. &#8220;herzf\u00f6rmig&#8221;, wie sie offiziell in Verordnungen genannt wurde. Das &#8220;schweizerischste&#8221; aller Fahrradkennzeichen ist vielleicht das Email-Schild in Herzform des Kanton Schwyz. Das erste Email-Schild mit Jahrgang hat der Kanton Luzern 1912 ausgegeben.<\/p>\n<p>Kanton: Z\u00fcrich<br \/>\nBezirk: Winterthur (W)<br \/>\nJahr: 1915<\/p>\n<p>Sammlung: Stefan Hotan<\/p>\n<p>Material: Email \/ Metall<br \/>\nAbmessungen: 10.7 x 11.5 cm \/ 4.21 x 4.53 in<br \/>\nGegen\u00fcber den meisten anderen Modellen ohne Bohrung in der Mitte des Kennzeichens.<\/p>\n","protected":false},"excerpt":{"rendered":"<p>Im Kanton Z\u00fcrich werden zwischen 1910 und 1924 Email-Schilder ausgegeben <a href=\"https:\/\/www.velonummern.ch\/produkte\/zh-zurich\/\">[BILDER]<\/a>. Diese haben jedoch keinen Jahrgang. Im Rahmen eines schweizweit einzigartigen Wiederverwendungs-Systems werden insgesamt sechs verschiedene Modelle in Umlauf gebracht, welche abwechselnd g\u00fcltig sind. Jedes Modell wird in zwei oder drei verschiedenen Jahren verwendet.<\/p>\n<p>Dieses \u00abModell 1915\u00bb wurde erstmals 1915 ausgegeben, anschliessend eingezogen, eingelagert und f\u00fcr die Jahre 1919 und 1923 wiederverwendet.<\/p>\n<p>Mehr \u00fcber die Z\u00fcrcher Email-Epoche erfahren Sie in der: <a href=\"https:\/\/www.velonummern.ch\/geschichte\/\">Geschichte der Schweizer Fahrradkennzeichen<\/a><\/p>\n<p>Die witterungsbest\u00e4ndigen Emailschilder erlebten ihre Bl\u00fctezeit f\u00fcr Reklamezwecke zwischen 1890 und 1960. F\u00fcr Fahrradkennzeichen wurde diese aufw\u00e4ndige Technik 1903 bis 1933 ausschliesslich von 15 Deutschschweizer Kantonen verwendet (Aargau, Appenzell Innerrhoden, Basel-Land, Basel-Stadt, Graub\u00fcnden, Luzern, Obwalden, St. Gallen, Schaffhausen, Solothurn, Schwyz, Thurgau, Uri, Zug, Z\u00fcrich). Der Kanton St. Gallen kreierte 1903 die ersten Schilder im Email-Design. Zug war der letzte Kanton, der zwischen 1925 und 1933 noch Email-Schilder ausgegeben hat. Die Schilder waren bis 11.3 cm gross und durch die massive, gew\u00f6lbte Metallunterlage entsprechend schwer. Sie wurden in vier verschiedenen Formen hergestellt; rechteckig, oval oder rund. Die K\u00f6nigin der Formen war jedoch die Herzform (auch Schild oder Wappen) bzw. &#8220;herzf\u00f6rmig&#8221;, wie sie offiziell in Verordnungen genannt wurde. Das &#8220;schweizerischste&#8221; aller Fahrradkennzeichen ist vielleicht das Email-Schild in Herzform des Kanton Schwyz. Das erste Email-Schild mit Jahrgang hat der Kanton Luzern 1912 ausgegeben.<\/p>\n<p>Kanton: Z\u00fcrich<br \/>\nBezirk: Winterthur (W)<br \/>\nJahr: 1915<\/p>\n<p>Sammlung: Stefan Hotan<\/p>\n<p>Material: Email \/ Metall<br \/>\nAbmessungen: 10.7 x 11.5 cm \/ 4.21 x 4.53 in<br \/>\nGegen\u00fcber den meisten anderen Modellen ohne Bohrung in der Mitte des Kennzeichens.<\/p>\n","protected":false},"featured_media":18588,"template":"","meta":{"_acf_changed":false,"inline_featured_image":false},"product_brand":[],"product_cat":[166,238,236],"product_tag":[],"class_list":{"0":"post-18587","1":"product","2":"type-product","3":"status-publish","4":"has-post-thumbnail","6":"product_cat-166","7":"product_cat-special-design","8":"product_cat-zh-zurich","10":"first","11":"outofstock","12":"sold-individually","13":"purchasable","14":"product-type-simple"},"acf":[],"yoast_head":"<!-- This site is optimized with the Yoast SEO plugin v27.4 - https:\/\/yoast.com\/product\/yoast-seo-wordpress\/ -->\n<title>Fahrradkennzeichen ZH 1915 W (Modell 1915) | Museum of Swiss Bicycle License Plates<\/title>\n<meta name=\"description\" content=\"Dieses \u00abModell 1915\u00bb wurde erstmals 1915 ausgegeben, anschliessend eingezogen, eingelagert und f\u00fcr die Jahre 1919 und 1923 wiederverwendet.\" \/>\n<meta name=\"robots\" content=\"index, follow, max-snippet:-1, max-image-preview:large, max-video-preview:-1\" \/>\n<link rel=\"canonical\" href=\"https:\/\/www.velonummern.ch\/en\/produkt\/zh-1915-w\/\" \/>\n<meta name=\"twitter:label1\" content=\"Est. reading time\" \/>\n\t<meta name=\"twitter:data1\" content=\"1 minute\" \/>\n<script type=\"application\/ld+json\" class=\"yoast-schema-graph\">{\"@context\":\"https:\\\/\\\/schema.org\",\"@graph\":[{\"@type\":\"WebPage\",\"@id\":\"https:\\\/\\\/www.velonummern.ch\\\/en\\\/produkt\\\/zh-1915-w\\\/\",\"url\":\"https:\\\/\\\/www.velonummern.ch\\\/en\\\/produkt\\\/zh-1915-w\\\/\",\"name\":\"Fahrradkennzeichen ZH 1915 W (Modell 1915) | Museum of Swiss Bicycle License Plates\",\"isPartOf\":{\"@id\":\"https:\\\/\\\/www.velonummern.ch\\\/en\\\/#website\"},\"primaryImageOfPage\":{\"@id\":\"https:\\\/\\\/www.velonummern.ch\\\/en\\\/produkt\\\/zh-1915-w\\\/#primaryimage\"},\"image\":{\"@id\":\"https:\\\/\\\/www.velonummern.ch\\\/en\\\/produkt\\\/zh-1915-w\\\/#primaryimage\"},\"thumbnailUrl\":\"https:\\\/\\\/www.velonummern.ch\\\/wp-content\\\/uploads\\\/2022\\\/08\\\/ZH-1915_3051_Winterthur-Hotan.jpg\",\"datePublished\":\"2022-08-23T17:03:42+00:00\",\"dateModified\":\"2025-07-10T11:51:50+00:00\",\"description\":\"Dieses \u00abModell 1915\u00bb wurde erstmals 1915 ausgegeben, anschliessend eingezogen, eingelagert und f\u00fcr die Jahre 1919 und 1923 wiederverwendet.\",\"breadcrumb\":{\"@id\":\"https:\\\/\\\/www.velonummern.ch\\\/en\\\/produkt\\\/zh-1915-w\\\/#breadcrumb\"},\"inLanguage\":\"en-US\",\"potentialAction\":[{\"@type\":\"ReadAction\",\"target\":[\"https:\\\/\\\/www.velonummern.ch\\\/en\\\/produkt\\\/zh-1915-w\\\/\"]}]},{\"@type\":\"ImageObject\",\"inLanguage\":\"en-US\",\"@id\":\"https:\\\/\\\/www.velonummern.ch\\\/en\\\/produkt\\\/zh-1915-w\\\/#primaryimage\",\"url\":\"https:\\\/\\\/www.velonummern.ch\\\/wp-content\\\/uploads\\\/2022\\\/08\\\/ZH-1915_3051_Winterthur-Hotan.jpg\",\"contentUrl\":\"https:\\\/\\\/www.velonummern.ch\\\/wp-content\\\/uploads\\\/2022\\\/08\\\/ZH-1915_3051_Winterthur-Hotan.jpg\",\"width\":500,\"height\":500},{\"@type\":\"BreadcrumbList\",\"@id\":\"https:\\\/\\\/www.velonummern.ch\\\/en\\\/produkt\\\/zh-1915-w\\\/#breadcrumb\",\"itemListElement\":[{\"@type\":\"ListItem\",\"position\":1,\"name\":\"Startseite\",\"item\":\"https:\\\/\\\/www.velonummern.ch\\\/en\\\/\"},{\"@type\":\"ListItem\",\"position\":2,\"name\":\"Products\",\"item\":\"https:\\\/\\\/www.velonummern.ch\\\/en\\\/shop\\\/\"},{\"@type\":\"ListItem\",\"position\":3,\"name\":\"ZH 1915 W (Modell 1915)\"}]},{\"@type\":\"WebSite\",\"@id\":\"https:\\\/\\\/www.velonummern.ch\\\/en\\\/#website\",\"url\":\"https:\\\/\\\/www.velonummern.ch\\\/en\\\/\",\"name\":\"Museum of Swiss Bicycle License Plates\",\"description\":\"\",\"publisher\":{\"@id\":\"https:\\\/\\\/www.velonummern.ch\\\/en\\\/#organization\"},\"potentialAction\":[{\"@type\":\"SearchAction\",\"target\":{\"@type\":\"EntryPoint\",\"urlTemplate\":\"https:\\\/\\\/www.velonummern.ch\\\/en\\\/?s={search_term_string}\"},\"query-input\":{\"@type\":\"PropertyValueSpecification\",\"valueRequired\":true,\"valueName\":\"search_term_string\"}}],\"inLanguage\":\"en-US\"},{\"@type\":\"Organization\",\"@id\":\"https:\\\/\\\/www.velonummern.ch\\\/en\\\/#organization\",\"name\":\"Museum of Swiss Bicycle License Plates\",\"url\":\"https:\\\/\\\/www.velonummern.ch\\\/en\\\/\",\"logo\":{\"@type\":\"ImageObject\",\"inLanguage\":\"en-US\",\"@id\":\"https:\\\/\\\/www.velonummern.ch\\\/en\\\/#\\\/schema\\\/logo\\\/image\\\/\",\"url\":\"https:\\\/\\\/www.velonummern.ch\\\/wp-content\\\/uploads\\\/2022\\\/04\\\/logo-de-1.svg\",\"contentUrl\":\"https:\\\/\\\/www.velonummern.ch\\\/wp-content\\\/uploads\\\/2022\\\/04\\\/logo-de-1.svg\",\"width\":\"1024\",\"height\":\"1024\",\"caption\":\"Museum of Swiss Bicycle License Plates\"},\"image\":{\"@id\":\"https:\\\/\\\/www.velonummern.ch\\\/en\\\/#\\\/schema\\\/logo\\\/image\\\/\"}}]}<\/script>\n<!-- \/ Yoast SEO plugin. -->","yoast_head_json":{"title":"Fahrradkennzeichen ZH 1915 W (Modell 1915) | Museum of Swiss Bicycle License Plates","description":"Dieses \u00abModell 1915\u00bb wurde erstmals 1915 ausgegeben, anschliessend eingezogen, eingelagert und f\u00fcr die Jahre 1919 und 1923 wiederverwendet.","robots":{"index":"index","follow":"follow","max-snippet":"max-snippet:-1","max-image-preview":"max-image-preview:large","max-video-preview":"max-video-preview:-1"},"canonical":"https:\/\/www.velonummern.ch\/en\/produkt\/zh-1915-w\/","twitter_misc":{"Est. reading time":"1 minute"},"schema":{"@context":"https:\/\/schema.org","@graph":[{"@type":"WebPage","@id":"https:\/\/www.velonummern.ch\/en\/produkt\/zh-1915-w\/","url":"https:\/\/www.velonummern.ch\/en\/produkt\/zh-1915-w\/","name":"Fahrradkennzeichen ZH 1915 W (Modell 1915) | Museum of Swiss Bicycle License Plates","isPartOf":{"@id":"https:\/\/www.velonummern.ch\/en\/#website"},"primaryImageOfPage":{"@id":"https:\/\/www.velonummern.ch\/en\/produkt\/zh-1915-w\/#primaryimage"},"image":{"@id":"https:\/\/www.velonummern.ch\/en\/produkt\/zh-1915-w\/#primaryimage"},"thumbnailUrl":"https:\/\/www.velonummern.ch\/wp-content\/uploads\/2022\/08\/ZH-1915_3051_Winterthur-Hotan.jpg","datePublished":"2022-08-23T17:03:42+00:00","dateModified":"2025-07-10T11:51:50+00:00","description":"Dieses \u00abModell 1915\u00bb wurde erstmals 1915 ausgegeben, anschliessend eingezogen, eingelagert und f\u00fcr die Jahre 1919 und 1923 wiederverwendet.","breadcrumb":{"@id":"https:\/\/www.velonummern.ch\/en\/produkt\/zh-1915-w\/#breadcrumb"},"inLanguage":"en-US","potentialAction":[{"@type":"ReadAction","target":["https:\/\/www.velonummern.ch\/en\/produkt\/zh-1915-w\/"]}]},{"@type":"ImageObject","inLanguage":"en-US","@id":"https:\/\/www.velonummern.ch\/en\/produkt\/zh-1915-w\/#primaryimage","url":"https:\/\/www.velonummern.ch\/wp-content\/uploads\/2022\/08\/ZH-1915_3051_Winterthur-Hotan.jpg","contentUrl":"https:\/\/www.velonummern.ch\/wp-content\/uploads\/2022\/08\/ZH-1915_3051_Winterthur-Hotan.jpg","width":500,"height":500},{"@type":"BreadcrumbList","@id":"https:\/\/www.velonummern.ch\/en\/produkt\/zh-1915-w\/#breadcrumb","itemListElement":[{"@type":"ListItem","position":1,"name":"Startseite","item":"https:\/\/www.velonummern.ch\/en\/"},{"@type":"ListItem","position":2,"name":"Products","item":"https:\/\/www.velonummern.ch\/en\/shop\/"},{"@type":"ListItem","position":3,"name":"ZH 1915 W (Modell 1915)"}]},{"@type":"WebSite","@id":"https:\/\/www.velonummern.ch\/en\/#website","url":"https:\/\/www.velonummern.ch\/en\/","name":"Museum of Swiss Bicycle License Plates","description":"","publisher":{"@id":"https:\/\/www.velonummern.ch\/en\/#organization"},"potentialAction":[{"@type":"SearchAction","target":{"@type":"EntryPoint","urlTemplate":"https:\/\/www.velonummern.ch\/en\/?s={search_term_string}"},"query-input":{"@type":"PropertyValueSpecification","valueRequired":true,"valueName":"search_term_string"}}],"inLanguage":"en-US"},{"@type":"Organization","@id":"https:\/\/www.velonummern.ch\/en\/#organization","name":"Museum of Swiss Bicycle License Plates","url":"https:\/\/www.velonummern.ch\/en\/","logo":{"@type":"ImageObject","inLanguage":"en-US","@id":"https:\/\/www.velonummern.ch\/en\/#\/schema\/logo\/image\/","url":"https:\/\/www.velonummern.ch\/wp-content\/uploads\/2022\/04\/logo-de-1.svg","contentUrl":"https:\/\/www.velonummern.ch\/wp-content\/uploads\/2022\/04\/logo-de-1.svg","width":"1024","height":"1024","caption":"Museum of Swiss Bicycle License Plates"},"image":{"@id":"https:\/\/www.velonummern.ch\/en\/#\/schema\/logo\/image\/"}}]}},"_links":{"self":[{"href":"https:\/\/www.velonummern.ch\/en\/wp-json\/wp\/v2\/product\/18587","targetHints":{"allow":["GET"]}}],"collection":[{"href":"https:\/\/www.velonummern.ch\/en\/wp-json\/wp\/v2\/product"}],"about":[{"href":"https:\/\/www.velonummern.ch\/en\/wp-json\/wp\/v2\/types\/product"}],"wp:featuredmedia":[{"embeddable":true,"href":"https:\/\/www.velonummern.ch\/en\/wp-json\/wp\/v2\/media\/18588"}],"wp:attachment":[{"href":"https:\/\/www.velonummern.ch\/en\/wp-json\/wp\/v2\/media?parent=18587"}],"wp:term":[{"taxonomy":"product_brand","embeddable":true,"href":"https:\/\/www.velonummern.ch\/en\/wp-json\/wp\/v2\/product_brand?post=18587"},{"taxonomy":"product_cat","embeddable":true,"href":"https:\/\/www.velonummern.ch\/en\/wp-json\/wp\/v2\/product_cat?post=18587"},{"taxonomy":"product_tag","embeddable":true,"href":"https:\/\/www.velonummern.ch\/en\/wp-json\/wp\/v2\/product_tag?post=18587"}],"curies":[{"name":"wp","href":"https:\/\/api.w.org\/{rel}","templated":true}]}}