{"id":22065,"date":"2023-05-03T17:19:30","date_gmt":"2023-05-03T15:19:30","guid":{"rendered":"https:\/\/www.velonummern.ch\/?post_type=product&#038;p=22065"},"modified":"2025-06-08T10:21:39","modified_gmt":"2025-06-08T08:21:39","slug":"bs-1951-haendler","status":"publish","type":"product","link":"https:\/\/www.velonummern.ch\/en\/produkt\/bs-1951-haendler\/","title":{"rendered":"BS 1951 H\u00e4ndler"},"content":{"rendered":"","protected":false},"excerpt":{"rendered":"<p>Das Basler-Design aus Aluminium, im Breitformat von 9 x 4 cm ist das einzige Fahrradkennzeichen nach 1933 ohne Relief; d.h. es ist v\u00f6llig flach. Ausserdem f\u00e4llt es durch seinen besonderen Glanz auf. Nebst den Kantonen Basel-Land (1944-1950) und Basel-Stadt (1944-1951), welche dem Design den Namen gaben, wurde es auch drei Jahre lang vom Kanton Schafhausen verwendet (1947-1949).<\/p>\n<p>Basel-Stadt ist m\u00f6glicherweise der erste Kanton, der nebst den Velonummern auch Spezialschilder ausgibt. Auf jeden Fall bringt Basel schweizweit eine un\u00fcbertroffene Varianten-Vielfalt hervor. In den Jahren 1942 bis 1951 gibt der Kanton jedes Jahr drei verschiedene Kennzeichen-Varianten aus; eine f\u00fcr Velos, eine f\u00fcr Fahrradanh\u00e4nger und ein spezielles Schild f\u00fcr Veloh\u00e4ndler <a href=\"https:\/\/www.velonummern.ch\/produkte\/bs-basel-stadt\/\">[BILDER]<\/a>. Eine vollst\u00e4ndige \u00dcbersicht der 30 Varianten von 1942 bis 1951 haben wir hier zusammengestellt <a href=\"https:\/\/www.velonummern.ch\/wp-content\/uploads\/2023\/12\/1942-1951-BS-Varianten-Ubersicht.pdf\">[DOKUMENT]<\/a>.<\/p>\n<p>Ab dem Jahr 1944 erscheinen s\u00e4mtliche Varianten im \u00abBasler-Design\u00bb.<\/p>\n<p>Nebst den tats\u00e4chlich ausgegebenen Spezialschildern, sind in der Sammlung auch noch eine Reihe von Prototypen zu sehen, welche der Produzent, die Firma Aquametro AG, in Basel als Vorschl\u00e4ge hergestellt hat.<\/p>\n<p>Mehr \u00fcber die Spezialschilder erfahren Sie hier: <a href=\"https:\/\/www.velonummern.ch\/geschichte\/\">Geschichte der Schweizer Fahrradkennzeichen<\/a><\/p>\n<p>Kanton: Basel-Stadt<br \/>\nJahr: 1951<br \/>\nH\u00e4ndler-Kennzeichen<\/p>\n<p>Sammlung: Staatsarchiv Basel-Stadt<\/p>\n<p>Material: Aluminium<br \/>\nAbmessungen: 9 x 4 cm \/ 3.54 x 1.57 in<\/p>\n","protected":false},"featured_media":22066,"template":"","meta":{"_acf_changed":false,"inline_featured_image":false},"product_brand":[],"product_cat":[205,215],"product_tag":[],"class_list":{"0":"post-22065","1":"product","2":"type-product","3":"status-publish","4":"has-post-thumbnail","6":"product_cat-205","7":"product_cat-bs-basel-stadt","9":"first","10":"outofstock","11":"sold-individually","12":"purchasable","13":"product-type-simple"},"acf":[],"yoast_head":"<!-- This site is optimized with the Yoast SEO plugin v27.4 - https:\/\/yoast.com\/product\/yoast-seo-wordpress\/ -->\n<title>Fahrradkennzeichen BS 1951 H\u00e4ndler | Museum of Swiss Bicycle License Plates<\/title>\n<meta name=\"description\" content=\"BS 1951 H\u00e4ndler\" \/>\n<meta name=\"robots\" content=\"index, follow, max-snippet:-1, max-image-preview:large, max-video-preview:-1\" \/>\n<link rel=\"canonical\" href=\"https:\/\/www.velonummern.ch\/en\/produkt\/bs-1951-haendler\/\" \/>\n<script type=\"application\/ld+json\" class=\"yoast-schema-graph\">{\"@context\":\"https:\\\/\\\/schema.org\",\"@graph\":[{\"@type\":\"WebPage\",\"@id\":\"https:\\\/\\\/www.velonummern.ch\\\/en\\\/produkt\\\/bs-1951-haendler\\\/\",\"url\":\"https:\\\/\\\/www.velonummern.ch\\\/en\\\/produkt\\\/bs-1951-haendler\\\/\",\"name\":\"Fahrradkennzeichen BS 1951 H\u00e4ndler | Museum of Swiss Bicycle License Plates\",\"isPartOf\":{\"@id\":\"https:\\\/\\\/www.velonummern.ch\\\/en\\\/#website\"},\"primaryImageOfPage\":{\"@id\":\"https:\\\/\\\/www.velonummern.ch\\\/en\\\/produkt\\\/bs-1951-haendler\\\/#primaryimage\"},\"image\":{\"@id\":\"https:\\\/\\\/www.velonummern.ch\\\/en\\\/produkt\\\/bs-1951-haendler\\\/#primaryimage\"},\"thumbnailUrl\":\"https:\\\/\\\/www.velonummern.ch\\\/wp-content\\\/uploads\\\/2023\\\/05\\\/BS-1951-Handler.png\",\"datePublished\":\"2023-05-03T15:19:30+00:00\",\"dateModified\":\"2025-06-08T08:21:39+00:00\",\"description\":\"BS 1951 H\u00e4ndler\",\"breadcrumb\":{\"@id\":\"https:\\\/\\\/www.velonummern.ch\\\/en\\\/produkt\\\/bs-1951-haendler\\\/#breadcrumb\"},\"inLanguage\":\"en-US\",\"potentialAction\":[{\"@type\":\"ReadAction\",\"target\":[\"https:\\\/\\\/www.velonummern.ch\\\/en\\\/produkt\\\/bs-1951-haendler\\\/\"]}]},{\"@type\":\"ImageObject\",\"inLanguage\":\"en-US\",\"@id\":\"https:\\\/\\\/www.velonummern.ch\\\/en\\\/produkt\\\/bs-1951-haendler\\\/#primaryimage\",\"url\":\"https:\\\/\\\/www.velonummern.ch\\\/wp-content\\\/uploads\\\/2023\\\/05\\\/BS-1951-Handler.png\",\"contentUrl\":\"https:\\\/\\\/www.velonummern.ch\\\/wp-content\\\/uploads\\\/2023\\\/05\\\/BS-1951-Handler.png\",\"width\":500,\"height\":500},{\"@type\":\"BreadcrumbList\",\"@id\":\"https:\\\/\\\/www.velonummern.ch\\\/en\\\/produkt\\\/bs-1951-haendler\\\/#breadcrumb\",\"itemListElement\":[{\"@type\":\"ListItem\",\"position\":1,\"name\":\"Startseite\",\"item\":\"https:\\\/\\\/www.velonummern.ch\\\/en\\\/\"},{\"@type\":\"ListItem\",\"position\":2,\"name\":\"Products\",\"item\":\"https:\\\/\\\/www.velonummern.ch\\\/en\\\/shop\\\/\"},{\"@type\":\"ListItem\",\"position\":3,\"name\":\"BS 1951 H\u00e4ndler\"}]},{\"@type\":\"WebSite\",\"@id\":\"https:\\\/\\\/www.velonummern.ch\\\/en\\\/#website\",\"url\":\"https:\\\/\\\/www.velonummern.ch\\\/en\\\/\",\"name\":\"Museum of Swiss Bicycle License Plates\",\"description\":\"\",\"publisher\":{\"@id\":\"https:\\\/\\\/www.velonummern.ch\\\/en\\\/#organization\"},\"potentialAction\":[{\"@type\":\"SearchAction\",\"target\":{\"@type\":\"EntryPoint\",\"urlTemplate\":\"https:\\\/\\\/www.velonummern.ch\\\/en\\\/?s={search_term_string}\"},\"query-input\":{\"@type\":\"PropertyValueSpecification\",\"valueRequired\":true,\"valueName\":\"search_term_string\"}}],\"inLanguage\":\"en-US\"},{\"@type\":\"Organization\",\"@id\":\"https:\\\/\\\/www.velonummern.ch\\\/en\\\/#organization\",\"name\":\"Museum of Swiss Bicycle License Plates\",\"url\":\"https:\\\/\\\/www.velonummern.ch\\\/en\\\/\",\"logo\":{\"@type\":\"ImageObject\",\"inLanguage\":\"en-US\",\"@id\":\"https:\\\/\\\/www.velonummern.ch\\\/en\\\/#\\\/schema\\\/logo\\\/image\\\/\",\"url\":\"https:\\\/\\\/www.velonummern.ch\\\/wp-content\\\/uploads\\\/2022\\\/04\\\/logo-de-1.svg\",\"contentUrl\":\"https:\\\/\\\/www.velonummern.ch\\\/wp-content\\\/uploads\\\/2022\\\/04\\\/logo-de-1.svg\",\"width\":\"1024\",\"height\":\"1024\",\"caption\":\"Museum of Swiss Bicycle License Plates\"},\"image\":{\"@id\":\"https:\\\/\\\/www.velonummern.ch\\\/en\\\/#\\\/schema\\\/logo\\\/image\\\/\"}}]}<\/script>\n<!-- \/ Yoast SEO plugin. -->","yoast_head_json":{"title":"Fahrradkennzeichen BS 1951 H\u00e4ndler | Museum of Swiss Bicycle License Plates","description":"BS 1951 H\u00e4ndler","robots":{"index":"index","follow":"follow","max-snippet":"max-snippet:-1","max-image-preview":"max-image-preview:large","max-video-preview":"max-video-preview:-1"},"canonical":"https:\/\/www.velonummern.ch\/en\/produkt\/bs-1951-haendler\/","schema":{"@context":"https:\/\/schema.org","@graph":[{"@type":"WebPage","@id":"https:\/\/www.velonummern.ch\/en\/produkt\/bs-1951-haendler\/","url":"https:\/\/www.velonummern.ch\/en\/produkt\/bs-1951-haendler\/","name":"Fahrradkennzeichen BS 1951 H\u00e4ndler | Museum of Swiss Bicycle License Plates","isPartOf":{"@id":"https:\/\/www.velonummern.ch\/en\/#website"},"primaryImageOfPage":{"@id":"https:\/\/www.velonummern.ch\/en\/produkt\/bs-1951-haendler\/#primaryimage"},"image":{"@id":"https:\/\/www.velonummern.ch\/en\/produkt\/bs-1951-haendler\/#primaryimage"},"thumbnailUrl":"https:\/\/www.velonummern.ch\/wp-content\/uploads\/2023\/05\/BS-1951-Handler.png","datePublished":"2023-05-03T15:19:30+00:00","dateModified":"2025-06-08T08:21:39+00:00","description":"BS 1951 H\u00e4ndler","breadcrumb":{"@id":"https:\/\/www.velonummern.ch\/en\/produkt\/bs-1951-haendler\/#breadcrumb"},"inLanguage":"en-US","potentialAction":[{"@type":"ReadAction","target":["https:\/\/www.velonummern.ch\/en\/produkt\/bs-1951-haendler\/"]}]},{"@type":"ImageObject","inLanguage":"en-US","@id":"https:\/\/www.velonummern.ch\/en\/produkt\/bs-1951-haendler\/#primaryimage","url":"https:\/\/www.velonummern.ch\/wp-content\/uploads\/2023\/05\/BS-1951-Handler.png","contentUrl":"https:\/\/www.velonummern.ch\/wp-content\/uploads\/2023\/05\/BS-1951-Handler.png","width":500,"height":500},{"@type":"BreadcrumbList","@id":"https:\/\/www.velonummern.ch\/en\/produkt\/bs-1951-haendler\/#breadcrumb","itemListElement":[{"@type":"ListItem","position":1,"name":"Startseite","item":"https:\/\/www.velonummern.ch\/en\/"},{"@type":"ListItem","position":2,"name":"Products","item":"https:\/\/www.velonummern.ch\/en\/shop\/"},{"@type":"ListItem","position":3,"name":"BS 1951 H\u00e4ndler"}]},{"@type":"WebSite","@id":"https:\/\/www.velonummern.ch\/en\/#website","url":"https:\/\/www.velonummern.ch\/en\/","name":"Museum of Swiss Bicycle License Plates","description":"","publisher":{"@id":"https:\/\/www.velonummern.ch\/en\/#organization"},"potentialAction":[{"@type":"SearchAction","target":{"@type":"EntryPoint","urlTemplate":"https:\/\/www.velonummern.ch\/en\/?s={search_term_string}"},"query-input":{"@type":"PropertyValueSpecification","valueRequired":true,"valueName":"search_term_string"}}],"inLanguage":"en-US"},{"@type":"Organization","@id":"https:\/\/www.velonummern.ch\/en\/#organization","name":"Museum of Swiss Bicycle License Plates","url":"https:\/\/www.velonummern.ch\/en\/","logo":{"@type":"ImageObject","inLanguage":"en-US","@id":"https:\/\/www.velonummern.ch\/en\/#\/schema\/logo\/image\/","url":"https:\/\/www.velonummern.ch\/wp-content\/uploads\/2022\/04\/logo-de-1.svg","contentUrl":"https:\/\/www.velonummern.ch\/wp-content\/uploads\/2022\/04\/logo-de-1.svg","width":"1024","height":"1024","caption":"Museum of Swiss Bicycle License Plates"},"image":{"@id":"https:\/\/www.velonummern.ch\/en\/#\/schema\/logo\/image\/"}}]}},"_links":{"self":[{"href":"https:\/\/www.velonummern.ch\/en\/wp-json\/wp\/v2\/product\/22065","targetHints":{"allow":["GET"]}}],"collection":[{"href":"https:\/\/www.velonummern.ch\/en\/wp-json\/wp\/v2\/product"}],"about":[{"href":"https:\/\/www.velonummern.ch\/en\/wp-json\/wp\/v2\/types\/product"}],"wp:featuredmedia":[{"embeddable":true,"href":"https:\/\/www.velonummern.ch\/en\/wp-json\/wp\/v2\/media\/22066"}],"wp:attachment":[{"href":"https:\/\/www.velonummern.ch\/en\/wp-json\/wp\/v2\/media?parent=22065"}],"wp:term":[{"taxonomy":"product_brand","embeddable":true,"href":"https:\/\/www.velonummern.ch\/en\/wp-json\/wp\/v2\/product_brand?post=22065"},{"taxonomy":"product_cat","embeddable":true,"href":"https:\/\/www.velonummern.ch\/en\/wp-json\/wp\/v2\/product_cat?post=22065"},{"taxonomy":"product_tag","embeddable":true,"href":"https:\/\/www.velonummern.ch\/en\/wp-json\/wp\/v2\/product_tag?post=22065"}],"curies":[{"name":"wp","href":"https:\/\/api.w.org\/{rel}","templated":true}]}}