{"id":22575,"date":"2023-07-04T15:05:13","date_gmt":"2023-07-04T13:05:13","guid":{"rendered":"https:\/\/www.velonummern.ch\/?post_type=product&#038;p=22575"},"modified":"2025-03-22T08:07:17","modified_gmt":"2025-03-22T07:07:17","slug":"1990-fahrradvignette-gemaess-verordnungen","status":"publish","type":"product","link":"https:\/\/www.velonummern.ch\/en\/produkt\/1990-fahrradvignette-gemaess-verordnungen\/","title":{"rendered":"1990 Fahrradvignette gem\u00e4ss Verordnungen"},"content":{"rendered":"<h2>1990: Das &#8220;Velovignetten-Design&#8221; gem\u00e4ss Verordnung<\/h2>\n<p>&nbsp;<\/p>\n<p>Das Velovignetten-Design entspricht inhaltlich weitgehend dem bereits am 22. September 1986 von der Arbeitsgruppe der Vereinigung der Strassenverkehrs\u00e4mter VSA, verfassten Papier \u00abFahrradkennziechen\u00bb [DOKUMENT].<\/p>\n<p>Die Velovignette ist 4 cm breit und 2 cm hoch. Das Velovignetten-Design, mit weissem Hintergrund und schwarzer Schrift, besteht aus zwei nebeneinanderstehenden Quadraten und vier Informationen. Im Gegensatz zur Graphik in der Verordnung kommt in der Praxis eine Aufteilung in zwei gleich grosse Quadrate zur Anwendung <a href=\"https:\/\/www.velonummern.ch\/produkt\/vignette-2006\/\">[BILD]<\/a>. Im rechten Quadrat wird mit zwei sehr grossen Ziffern (14 mm) der Jahrgang (G\u00fcltigkeitsjahr) gezeigt. Im linken Quadrat befinden sich von oben nach unten: In grossen Ziffern die Nummer des Haftpflicht-Versicherers (7 mm), in mittelgrossen Ziffern die Nummer des Kantons (3.5 mm), in kleinen Ziffern (2.5 mm) die Seriennummer (bisher Versicherungsnummer) [BILD].<\/p>\n<p>Gegen\u00fcber den gepr\u00e4gten Fahrradkennzeichen gibt es nun also folgende inhaltlichen Unterschiede:<\/p>\n<p><strong>Kanton<\/strong><\/p>\n<p style=\"font-weight: 400;\">Zwar ist der Kanton auch im Velovignetten-Design noch enthalten, doch im Gegensetz zu den bisher bekannten Abk\u00fcrzungen mit zwei Buchstaben (wie weiterhin bei Autokennzeichen) wird er neu durch einem \u00abKantons-Code\u00bb mit zwei Ziffern verschl\u00fcsselt. Dieser Code ist f\u00fcr Laien nicht ohne Weiteres zu entschl\u00fcsseln. Die Nummer des Kantons entspricht der Reihenfolge seiner Nennung in Artikel 1 der Bundesverfassung (01\u201326). Weshalb nun das Konzept der selbstsprechenden Kantonsk\u00fcrzeln (wie es auch auf der ersten Vignette f\u00fcr das Jahr 1989 noch zur Anwendung kam) verlassen wird, erschliesst sich uns nicht.<\/p>\n<p style=\"font-weight: 400;\">Das Design ist so konzipiert, dass von den auf dem Fahrradkennzeichen enthaltenen vier Informationen, in vier verschiedenen Schriftgr\u00f6ssen, f\u00fcr den Kanton nun die zweitkleinste (3.5 mm) verwendet wird.<\/p>\n<p>25 = Gen\u00e8ve<\/p>\n<p><strong>Seriennummer<\/strong><\/p>\n<p>Bisher wird die fortlaufende Nummerierung der Fahrradkennzeichen, wie sie auch bei den Motorfahrzeug-Kontrollschildern \u00fcblich ist, in Gesetzen und Verordnungen \u00abVersicherungsnummer\u00bb genannt. Diese Nummer stellt im Sinne einer Policen-Nummer den Bezug zwischen dem Halter des Fahrrads und der Haftpflichtversicherung her. Auch auf der Velovignette gibt es eine Versicherungsnummer. Diese hat jedoch nun eine v\u00f6llig andere Bedeutung. Die bisherige Versicherungsnummer wird nun Seriennummer genannt.<\/p>\n<p><strong>Versicherungsnummer<\/strong><\/p>\n<p>Nun erscheint in grossen Ziffern die Nummer des zust\u00e4ndigen Haftplicht-Versicherers; neu Versicherungsnummer genannt. Ebenfalls eine verschl\u00fcsselte, aus zwei Komponenten bestehende und f\u00fcr Laien nicht erkennbare Information. Das Design ist so konzipiert, dass von den darauf enthaltenen vier Informationen, in vier verschiedenen Schriftgr\u00f6ssen, f\u00fcr den Haftpflicht-Versicherer, die zweitgr\u00f6sste (7 mm) verwendet wird.<\/p>\n<p>Mit Ausnahme der Abk\u00fcrzungen der Bezirke gab es bei den gepr\u00e4gten Fahrradkennzeichen nie verschl\u00fcsselte, f\u00fcr Laien schwer interpretierbare Informationen.<\/p>\n<p>Bezogen auf die einst so dominante und umk\u00e4mpfte Nummerierung der Fahrradkennzeichen l\u00e4sst sich abschliessend feststellen, dass sich deren Schriftgr\u00f6ssen, entsprechend ihrer Bedeutung und unter politischem Druck, von einst stolzen 40 mm H\u00f6he auf bescheidene 2.5 mm zur\u00fcckentwickelt hat, was einer Reduktion von 93.75% entspricht.<\/p>\n<p>Vertrieben werden die Vignetten neu auch \u00fcber die Post, die Bahn, Superm\u00e4rkte usw.<\/p>\n<p>Mehr Informationen finden Sie im Schweizer Velonummern Museum: <a href=\"https:\/\/www.velonummern.ch\/geschichte\/\">Geschichte der Schweizer Fahrradkennzeichen<\/a><\/p>\n","protected":false},"excerpt":{"rendered":"<h2>1990: Das &#8220;Velovignetten-Design&#8221; gem\u00e4ss Verordnung<\/h2>\n<p>&nbsp;<\/p>\n<p>Das Velovignetten-Design entspricht inhaltlich weitgehend dem bereits am 22. September 1986 von der Arbeitsgruppe der Vereinigung der Strassenverkehrs\u00e4mter VSA, verfassten Papier \u00abFahrradkennziechen\u00bb [DOKUMENT].<\/p>\n<p>Die Velovignette ist 4 cm breit und 2 cm hoch. Das Velovignetten-Design, mit weissem Hintergrund und schwarzer Schrift, besteht aus zwei nebeneinanderstehenden Quadraten und vier Informationen. Im Gegensatz zur Graphik in der Verordnung kommt in der Praxis eine Aufteilung in zwei gleich grosse Quadrate zur Anwendung <a href=\"https:\/\/www.velonummern.ch\/produkt\/vignette-2006\/\">[BILD]<\/a>. Im rechten Quadrat wird mit zwei sehr grossen Ziffern (14 mm) der Jahrgang (G\u00fcltigkeitsjahr) gezeigt. Im linken Quadrat befinden sich von oben nach unten: In grossen Ziffern die Nummer des Haftpflicht-Versicherers (7 mm), in mittelgrossen Ziffern die Nummer des Kantons (3.5 mm), in kleinen Ziffern (2.5 mm) die Seriennummer (bisher Versicherungsnummer) [BILD].<\/p>\n<p>Gegen\u00fcber den gepr\u00e4gten Fahrradkennzeichen gibt es nun also folgende inhaltlichen Unterschiede:<\/p>\n<p><strong>Kanton<\/strong><\/p>\n<p style=\"font-weight: 400;\">Zwar ist der Kanton auch im Velovignetten-Design noch enthalten, doch im Gegensetz zu den bisher bekannten Abk\u00fcrzungen mit zwei Buchstaben (wie weiterhin bei Autokennzeichen) wird er neu durch einem \u00abKantons-Code\u00bb mit zwei Ziffern verschl\u00fcsselt. Dieser Code ist f\u00fcr Laien nicht ohne Weiteres zu entschl\u00fcsseln. Die Nummer des Kantons entspricht der Reihenfolge seiner Nennung in Artikel 1 der Bundesverfassung (01\u201326). Weshalb nun das Konzept der selbstsprechenden Kantonsk\u00fcrzeln (wie es auch auf der ersten Vignette f\u00fcr das Jahr 1989 noch zur Anwendung kam) verlassen wird, erschliesst sich uns nicht.<\/p>\n<p style=\"font-weight: 400;\">Das Design ist so konzipiert, dass von den auf dem Fahrradkennzeichen enthaltenen vier Informationen, in vier verschiedenen Schriftgr\u00f6ssen, f\u00fcr den Kanton nun die zweitkleinste (3.5 mm) verwendet wird.<\/p>\n<p>25 = Gen\u00e8ve<\/p>\n<p><strong>Seriennummer<\/strong><\/p>\n<p>Bisher wird die fortlaufende Nummerierung der Fahrradkennzeichen, wie sie auch bei den Motorfahrzeug-Kontrollschildern \u00fcblich ist, in Gesetzen und Verordnungen \u00abVersicherungsnummer\u00bb genannt. Diese Nummer stellt im Sinne einer Policen-Nummer den Bezug zwischen dem Halter des Fahrrads und der Haftpflichtversicherung her. Auch auf der Velovignette gibt es eine Versicherungsnummer. Diese hat jedoch nun eine v\u00f6llig andere Bedeutung. Die bisherige Versicherungsnummer wird nun Seriennummer genannt.<\/p>\n<p><strong>Versicherungsnummer<\/strong><\/p>\n<p>Nun erscheint in grossen Ziffern die Nummer des zust\u00e4ndigen Haftplicht-Versicherers; neu Versicherungsnummer genannt. Ebenfalls eine verschl\u00fcsselte, aus zwei Komponenten bestehende und f\u00fcr Laien nicht erkennbare Information. Das Design ist so konzipiert, dass von den darauf enthaltenen vier Informationen, in vier verschiedenen Schriftgr\u00f6ssen, f\u00fcr den Haftpflicht-Versicherer, die zweitgr\u00f6sste (7 mm) verwendet wird.<\/p>\n<p>Mit Ausnahme der Abk\u00fcrzungen der Bezirke gab es bei den gepr\u00e4gten Fahrradkennzeichen nie verschl\u00fcsselte, f\u00fcr Laien schwer interpretierbare Informationen.<\/p>\n<p>Bezogen auf die einst so dominante und umk\u00e4mpfte Nummerierung der Fahrradkennzeichen l\u00e4sst sich abschliessend feststellen, dass sich deren Schriftgr\u00f6ssen, entsprechend ihrer Bedeutung und unter politischem Druck, von einst stolzen 40 mm H\u00f6he auf bescheidene 2.5 mm zur\u00fcckentwickelt hat, was einer Reduktion von 93.75% entspricht.<\/p>\n<p>Vertrieben werden die Vignetten neu auch \u00fcber die Post, die Bahn, Superm\u00e4rkte usw.<\/p>\n<p>Mehr Informationen finden Sie im Schweizer Velonummern Museum: <a href=\"https:\/\/www.velonummern.ch\/geschichte\/\">Geschichte der Schweizer Fahrradkennzeichen<\/a><\/p>\n","protected":false},"featured_media":22576,"template":"","meta":{"_acf_changed":false,"inline_featured_image":false},"product_brand":[],"product_cat":[218,238],"product_tag":[],"class_list":{"0":"post-22575","1":"product","2":"type-product","3":"status-publish","4":"has-post-thumbnail","6":"product_cat-ge-geneve","7":"product_cat-special-design","9":"first","10":"outofstock","11":"sold-individually","12":"purchasable","13":"product-type-simple"},"acf":[],"yoast_head":"<!-- This site is optimized with the Yoast SEO plugin v27.5 - https:\/\/yoast.com\/product\/yoast-seo-wordpress\/ -->\n<title>1990 Fahrradvignette gem\u00e4ss Verordnungen<\/title>\n<meta name=\"description\" content=\"1990 Fahrradkennzeichen, Velo-Vignette ohne Grundplatte gem\u00e4ss Verodnungen VVV und BAV vom 24. Mai 1989 | Schweizer Velonummern Museum\" \/>\n<meta name=\"robots\" content=\"index, follow, max-snippet:-1, max-image-preview:large, max-video-preview:-1\" \/>\n<link rel=\"canonical\" href=\"https:\/\/www.velonummern.ch\/en\/produkt\/1990-fahrradvignette-gemaess-verordnungen\/\" \/>\n<meta name=\"twitter:label1\" content=\"Est. reading time\" \/>\n\t<meta name=\"twitter:data1\" content=\"2 minutes\" \/>\n<script type=\"application\/ld+json\" class=\"yoast-schema-graph\">{\"@context\":\"https:\\\/\\\/schema.org\",\"@graph\":[{\"@type\":\"WebPage\",\"@id\":\"https:\\\/\\\/www.velonummern.ch\\\/en\\\/produkt\\\/1990-fahrradvignette-gemaess-verordnungen\\\/\",\"url\":\"https:\\\/\\\/www.velonummern.ch\\\/en\\\/produkt\\\/1990-fahrradvignette-gemaess-verordnungen\\\/\",\"name\":\"1990 Fahrradvignette gem\u00e4ss Verordnungen\",\"isPartOf\":{\"@id\":\"https:\\\/\\\/www.velonummern.ch\\\/en\\\/#website\"},\"primaryImageOfPage\":{\"@id\":\"https:\\\/\\\/www.velonummern.ch\\\/en\\\/produkt\\\/1990-fahrradvignette-gemaess-verordnungen\\\/#primaryimage\"},\"image\":{\"@id\":\"https:\\\/\\\/www.velonummern.ch\\\/en\\\/produkt\\\/1990-fahrradvignette-gemaess-verordnungen\\\/#primaryimage\"},\"thumbnailUrl\":\"https:\\\/\\\/www.velonummern.ch\\\/wp-content\\\/uploads\\\/2023\\\/07\\\/1990-Vignetten-Design-gemass-VVV-und-BAV.png\",\"datePublished\":\"2023-07-04T13:05:13+00:00\",\"dateModified\":\"2025-03-22T07:07:17+00:00\",\"description\":\"1990 Fahrradkennzeichen, Velo-Vignette ohne Grundplatte gem\u00e4ss Verodnungen VVV und BAV vom 24. Mai 1989 | Schweizer Velonummern Museum\",\"breadcrumb\":{\"@id\":\"https:\\\/\\\/www.velonummern.ch\\\/en\\\/produkt\\\/1990-fahrradvignette-gemaess-verordnungen\\\/#breadcrumb\"},\"inLanguage\":\"en-US\",\"potentialAction\":[{\"@type\":\"ReadAction\",\"target\":[\"https:\\\/\\\/www.velonummern.ch\\\/en\\\/produkt\\\/1990-fahrradvignette-gemaess-verordnungen\\\/\"]}]},{\"@type\":\"ImageObject\",\"inLanguage\":\"en-US\",\"@id\":\"https:\\\/\\\/www.velonummern.ch\\\/en\\\/produkt\\\/1990-fahrradvignette-gemaess-verordnungen\\\/#primaryimage\",\"url\":\"https:\\\/\\\/www.velonummern.ch\\\/wp-content\\\/uploads\\\/2023\\\/07\\\/1990-Vignetten-Design-gemass-VVV-und-BAV.png\",\"contentUrl\":\"https:\\\/\\\/www.velonummern.ch\\\/wp-content\\\/uploads\\\/2023\\\/07\\\/1990-Vignetten-Design-gemass-VVV-und-BAV.png\",\"width\":1200,\"height\":1200},{\"@type\":\"BreadcrumbList\",\"@id\":\"https:\\\/\\\/www.velonummern.ch\\\/en\\\/produkt\\\/1990-fahrradvignette-gemaess-verordnungen\\\/#breadcrumb\",\"itemListElement\":[{\"@type\":\"ListItem\",\"position\":1,\"name\":\"Startseite\",\"item\":\"https:\\\/\\\/www.velonummern.ch\\\/en\\\/\"},{\"@type\":\"ListItem\",\"position\":2,\"name\":\"Products\",\"item\":\"https:\\\/\\\/www.velonummern.ch\\\/en\\\/shop\\\/\"},{\"@type\":\"ListItem\",\"position\":3,\"name\":\"1990 Fahrradvignette gem\u00e4ss Verordnungen\"}]},{\"@type\":\"WebSite\",\"@id\":\"https:\\\/\\\/www.velonummern.ch\\\/en\\\/#website\",\"url\":\"https:\\\/\\\/www.velonummern.ch\\\/en\\\/\",\"name\":\"Museum of Swiss Bicycle License Plates\",\"description\":\"\",\"publisher\":{\"@id\":\"https:\\\/\\\/www.velonummern.ch\\\/en\\\/#organization\"},\"potentialAction\":[{\"@type\":\"SearchAction\",\"target\":{\"@type\":\"EntryPoint\",\"urlTemplate\":\"https:\\\/\\\/www.velonummern.ch\\\/en\\\/?s={search_term_string}\"},\"query-input\":{\"@type\":\"PropertyValueSpecification\",\"valueRequired\":true,\"valueName\":\"search_term_string\"}}],\"inLanguage\":\"en-US\"},{\"@type\":\"Organization\",\"@id\":\"https:\\\/\\\/www.velonummern.ch\\\/en\\\/#organization\",\"name\":\"Museum of Swiss Bicycle License Plates\",\"url\":\"https:\\\/\\\/www.velonummern.ch\\\/en\\\/\",\"logo\":{\"@type\":\"ImageObject\",\"inLanguage\":\"en-US\",\"@id\":\"https:\\\/\\\/www.velonummern.ch\\\/en\\\/#\\\/schema\\\/logo\\\/image\\\/\",\"url\":\"https:\\\/\\\/www.velonummern.ch\\\/wp-content\\\/uploads\\\/2022\\\/04\\\/logo-de-1.svg\",\"contentUrl\":\"https:\\\/\\\/www.velonummern.ch\\\/wp-content\\\/uploads\\\/2022\\\/04\\\/logo-de-1.svg\",\"width\":\"1024\",\"height\":\"1024\",\"caption\":\"Museum of Swiss Bicycle License Plates\"},\"image\":{\"@id\":\"https:\\\/\\\/www.velonummern.ch\\\/en\\\/#\\\/schema\\\/logo\\\/image\\\/\"}}]}<\/script>\n<!-- \/ Yoast SEO plugin. -->","yoast_head_json":{"title":"1990 Fahrradvignette gem\u00e4ss Verordnungen","description":"1990 Fahrradkennzeichen, Velo-Vignette ohne Grundplatte gem\u00e4ss Verodnungen VVV und BAV vom 24. Mai 1989 | Schweizer Velonummern Museum","robots":{"index":"index","follow":"follow","max-snippet":"max-snippet:-1","max-image-preview":"max-image-preview:large","max-video-preview":"max-video-preview:-1"},"canonical":"https:\/\/www.velonummern.ch\/en\/produkt\/1990-fahrradvignette-gemaess-verordnungen\/","twitter_misc":{"Est. reading time":"2 minutes"},"schema":{"@context":"https:\/\/schema.org","@graph":[{"@type":"WebPage","@id":"https:\/\/www.velonummern.ch\/en\/produkt\/1990-fahrradvignette-gemaess-verordnungen\/","url":"https:\/\/www.velonummern.ch\/en\/produkt\/1990-fahrradvignette-gemaess-verordnungen\/","name":"1990 Fahrradvignette gem\u00e4ss Verordnungen","isPartOf":{"@id":"https:\/\/www.velonummern.ch\/en\/#website"},"primaryImageOfPage":{"@id":"https:\/\/www.velonummern.ch\/en\/produkt\/1990-fahrradvignette-gemaess-verordnungen\/#primaryimage"},"image":{"@id":"https:\/\/www.velonummern.ch\/en\/produkt\/1990-fahrradvignette-gemaess-verordnungen\/#primaryimage"},"thumbnailUrl":"https:\/\/www.velonummern.ch\/wp-content\/uploads\/2023\/07\/1990-Vignetten-Design-gemass-VVV-und-BAV.png","datePublished":"2023-07-04T13:05:13+00:00","dateModified":"2025-03-22T07:07:17+00:00","description":"1990 Fahrradkennzeichen, Velo-Vignette ohne Grundplatte gem\u00e4ss Verodnungen VVV und BAV vom 24. Mai 1989 | Schweizer Velonummern Museum","breadcrumb":{"@id":"https:\/\/www.velonummern.ch\/en\/produkt\/1990-fahrradvignette-gemaess-verordnungen\/#breadcrumb"},"inLanguage":"en-US","potentialAction":[{"@type":"ReadAction","target":["https:\/\/www.velonummern.ch\/en\/produkt\/1990-fahrradvignette-gemaess-verordnungen\/"]}]},{"@type":"ImageObject","inLanguage":"en-US","@id":"https:\/\/www.velonummern.ch\/en\/produkt\/1990-fahrradvignette-gemaess-verordnungen\/#primaryimage","url":"https:\/\/www.velonummern.ch\/wp-content\/uploads\/2023\/07\/1990-Vignetten-Design-gemass-VVV-und-BAV.png","contentUrl":"https:\/\/www.velonummern.ch\/wp-content\/uploads\/2023\/07\/1990-Vignetten-Design-gemass-VVV-und-BAV.png","width":1200,"height":1200},{"@type":"BreadcrumbList","@id":"https:\/\/www.velonummern.ch\/en\/produkt\/1990-fahrradvignette-gemaess-verordnungen\/#breadcrumb","itemListElement":[{"@type":"ListItem","position":1,"name":"Startseite","item":"https:\/\/www.velonummern.ch\/en\/"},{"@type":"ListItem","position":2,"name":"Products","item":"https:\/\/www.velonummern.ch\/en\/shop\/"},{"@type":"ListItem","position":3,"name":"1990 Fahrradvignette gem\u00e4ss Verordnungen"}]},{"@type":"WebSite","@id":"https:\/\/www.velonummern.ch\/en\/#website","url":"https:\/\/www.velonummern.ch\/en\/","name":"Museum of Swiss Bicycle License Plates","description":"","publisher":{"@id":"https:\/\/www.velonummern.ch\/en\/#organization"},"potentialAction":[{"@type":"SearchAction","target":{"@type":"EntryPoint","urlTemplate":"https:\/\/www.velonummern.ch\/en\/?s={search_term_string}"},"query-input":{"@type":"PropertyValueSpecification","valueRequired":true,"valueName":"search_term_string"}}],"inLanguage":"en-US"},{"@type":"Organization","@id":"https:\/\/www.velonummern.ch\/en\/#organization","name":"Museum of Swiss Bicycle License Plates","url":"https:\/\/www.velonummern.ch\/en\/","logo":{"@type":"ImageObject","inLanguage":"en-US","@id":"https:\/\/www.velonummern.ch\/en\/#\/schema\/logo\/image\/","url":"https:\/\/www.velonummern.ch\/wp-content\/uploads\/2022\/04\/logo-de-1.svg","contentUrl":"https:\/\/www.velonummern.ch\/wp-content\/uploads\/2022\/04\/logo-de-1.svg","width":"1024","height":"1024","caption":"Museum of Swiss Bicycle License Plates"},"image":{"@id":"https:\/\/www.velonummern.ch\/en\/#\/schema\/logo\/image\/"}}]}},"_links":{"self":[{"href":"https:\/\/www.velonummern.ch\/en\/wp-json\/wp\/v2\/product\/22575","targetHints":{"allow":["GET"]}}],"collection":[{"href":"https:\/\/www.velonummern.ch\/en\/wp-json\/wp\/v2\/product"}],"about":[{"href":"https:\/\/www.velonummern.ch\/en\/wp-json\/wp\/v2\/types\/product"}],"wp:featuredmedia":[{"embeddable":true,"href":"https:\/\/www.velonummern.ch\/en\/wp-json\/wp\/v2\/media\/22576"}],"wp:attachment":[{"href":"https:\/\/www.velonummern.ch\/en\/wp-json\/wp\/v2\/media?parent=22575"}],"wp:term":[{"taxonomy":"product_brand","embeddable":true,"href":"https:\/\/www.velonummern.ch\/en\/wp-json\/wp\/v2\/product_brand?post=22575"},{"taxonomy":"product_cat","embeddable":true,"href":"https:\/\/www.velonummern.ch\/en\/wp-json\/wp\/v2\/product_cat?post=22575"},{"taxonomy":"product_tag","embeddable":true,"href":"https:\/\/www.velonummern.ch\/en\/wp-json\/wp\/v2\/product_tag?post=22575"}],"curies":[{"name":"wp","href":"https:\/\/api.w.org\/{rel}","templated":true}]}}