{"id":23532,"date":"2024-01-28T12:43:19","date_gmt":"2024-01-28T11:43:19","guid":{"rendered":"https:\/\/www.velonummern.ch\/?post_type=product&#038;p=23532"},"modified":"2025-01-24T11:50:45","modified_gmt":"2025-01-24T10:50:45","slug":"zh-1909-4-meilen","status":"publish","type":"product","link":"https:\/\/www.velonummern.ch\/en\/produkt\/zh-1909-4-meilen\/","title":{"rendered":"ZH 1909 \/ 4 Meilen"},"content":{"rendered":"<h2>Fahrradkennzeichen ZH 1909 \/ 4 Meilen<\/h2>\n<p>&nbsp;<\/p>\n<p>In der Anfangszeit kommt dem Jahrgang bei der Beschriftung der meist mehrj\u00e4hrig g\u00fcltigen Fahrrad\u00adkennzeichen noch kaum Bedeutung zu. Dieser Umstand macht es bis heute schwierig, das Ausgabe\u00adjahr bzw. die genaue G\u00fcltigkeitsdauer der ersten Fahrradkennzeichen zu bestimmen. Diese Datierung bleibt f\u00fcr praktisch alle Kantone bis auf weiteres ein R\u00e4tsel.<\/p>\n<p>Bei den Kopien des Staatsarchivs des Kantons Z\u00fcrich handelt es sich um handgeschriebene Verzeichnisse, welche durch die zahlreichen Streichungen und nachtr\u00e4glich eingef\u00fcgten Erg\u00e4nzungen eher an pers\u00f6nliche Notizen als an ein offizielles Dokument erinnern. Auch das verwendete Papier ist uneinheitlich. Einmal tr\u00e4gt es den vorgedruckten Titel \u00abAntrag der Direktion der Justiz und Polizei an den h. Regierungsrath\u00bb, dann wieder \u00abKanzlei der Justiz- und Polizei-Direktion des Kantons Z\u00fcrich\u00bb, meist fehlt der Titel ganz <a href=\"https:\/\/www.velonummern.ch\/wp-content\/uploads\/2024\/01\/1902-1913-ZH-Verzeichnis-der-ersten-Nummerntafeln.pdf\">[DOKUMENT]<\/a>.<\/p>\n<p>Damit wird Z\u00fcrich bez\u00fcglich der M\u00f6glichkeit der Bestimmung des Ausgabejahrs der ersten Velonummern auf einen Schlag schweizweit zur grossen Ausnahme. Die Aufzeichnungen beginnen im Jahr 1902, in welchem am 1. M\u00e4rz die erste Verordnung betreffend den Gebrauch von Fahrr\u00e4dern und Motorwagen des Kantons Z\u00fcrich in Kraft tritt <a href=\"https:\/\/www.velonummern.ch\/wp-content\/uploads\/2023\/03\/1902-ZH-Verordnung-betreffend-den-Gebrauch-von-Fahrradern-und-Motorwagen.pdf\">[DOKUMENT]<\/a>. Trotz dem Inkrafttreten per 1. M\u00e4rz 1902 werden die ersten Kennzeichen offenbar erst am 5. Mai 1902 geliefert.<\/p>\n<p>Die weiteren detaillierten Erkenntnisse aus diesem Dokument finden Sie in der <a href=\"https:\/\/www.velonummern.ch\/geschichte\/\">Geschichte der Schweizer Fahrradkennzeichen<\/a><\/p>\n<p>Kanton: Z\u00fcrich<br \/>\nBezirk 4 = Meilen<br \/>\nJahr: 1909 \/ altes Modell<br \/>\nBefestigung hinten<\/p>\n<p>Sammlung: Strassenverkehrsamt des Kantons Z\u00fcrich<\/p>\n<p>Material: Stahlblech genietet<\/p>\n","protected":false},"excerpt":{"rendered":"<p>In der Anfangszeit kommt dem Jahrgang bei der Beschriftung der meist mehrj\u00e4hrig g\u00fcltigen Fahrrad\u00adkennzeichen noch kaum Bedeutung zu. Dieser Umstand macht es bis heute schwierig, das Ausgabe\u00adjahr bzw. die genaue G\u00fcltigkeitsdauer der ersten Fahrradkennzeichen zu bestimmen. Diese Datierung bleibt f\u00fcr praktisch alle Kantone bis auf weiteres ein R\u00e4tsel.<\/p>\n<p>Bei den Kopien des Staatsarchivs des Kantons Z\u00fcrich handelt es sich um handgeschriebene Verzeichnisse, welche durch die zahlreichen Streichungen und nachtr\u00e4glich eingef\u00fcgten Erg\u00e4nzungen eher an pers\u00f6nliche Notizen als an ein offizielles Dokument erinnern. Auch das verwendete Papier ist uneinheitlich. Einmal tr\u00e4gt es den vorgedruckten Titel \u00abAntrag der Direktion der Justiz und Polizei an den h. Regierungsrath\u00bb, dann wieder \u00abKanzlei der Justiz- und Polizei-Direktion des Kantons Z\u00fcrich\u00bb, meist fehlt der Titel ganz <a href=\"https:\/\/www.velonummern.ch\/wp-content\/uploads\/2024\/01\/1902-1913-ZH-Verzeichnis-der-ersten-Nummerntafeln.pdf\">[DOKUMENT]<\/a>.<\/p>\n<p>Damit wird Z\u00fcrich bez\u00fcglich der M\u00f6glichkeit der Bestimmung des Ausgabejahrs der ersten Velonummern auf einen Schlag schweizweit zur grossen Ausnahme. Die Aufzeichnungen beginnen im Jahr 1902, in welchem am 1. M\u00e4rz die erste Verordnung betreffend den Gebrauch von Fahrr\u00e4dern und Motorwagen des Kantons Z\u00fcrich in Kraft tritt <a href=\"https:\/\/www.velonummern.ch\/wp-content\/uploads\/2023\/03\/1902-ZH-Verordnung-betreffend-den-Gebrauch-von-Fahrradern-und-Motorwagen.pdf\">[DOKUMENT]<\/a>. Trotz dem Inkrafttreten per 1. M\u00e4rz 1902 werden die ersten Kennzeichen offenbar erst am 5. Mai 1902 geliefert.<\/p>\n<p>Die weiteren detaillierten Erkenntnisse aus diesem Dokument finden Sie in der <a href=\"https:\/\/www.velonummern.ch\/geschichte\/\">Geschichte der Schweizer Fahrradkennzeichen<\/a><\/p>\n<p>Kanton: Z\u00fcrich<br \/>\nBezirk 4 =\u00a0 Meilen<br \/>\nJahr: 1909 \/ altes Modell<br \/>\nBefestigung hinten<\/p>\n<p>Sammlung: Strassenverkehrsamt des Kantons Z\u00fcrich<\/p>\n<p>Material: Stahlblech genietet<\/p>\n","protected":false},"featured_media":23534,"template":"","meta":{"_acf_changed":false,"inline_featured_image":false},"product_brand":[],"product_cat":[166,238,236],"product_tag":[],"class_list":{"0":"post-23532","1":"product","2":"type-product","3":"status-publish","4":"has-post-thumbnail","6":"product_cat-166","7":"product_cat-special-design","8":"product_cat-zh-zurich","10":"first","11":"outofstock","12":"sold-individually","13":"product-type-simple"},"acf":[],"yoast_head":"<!-- This site is optimized with the Yoast SEO plugin v27.4 - https:\/\/yoast.com\/product\/yoast-seo-wordpress\/ -->\n<title>Fahrradkennzeichen ZH 1909 \/ 4 Meilen | Museum of Swiss Bicycle License Plates<\/title>\n<meta name=\"description\" content=\"Fahrradkennzeichen Kanton Z\u00fcrich ZH \/ Ausgabejahr 1909 \/ Bezirk 4 = Meilen \/ Befestigung hinten | Schweizer Velonummern Museum\" \/>\n<meta name=\"robots\" content=\"index, follow, max-snippet:-1, max-image-preview:large, max-video-preview:-1\" \/>\n<link rel=\"canonical\" href=\"https:\/\/www.velonummern.ch\/en\/produkt\/zh-1909-4-meilen\/\" \/>\n<meta name=\"twitter:label1\" content=\"Est. reading time\" \/>\n\t<meta name=\"twitter:data1\" content=\"1 minute\" \/>\n<script type=\"application\/ld+json\" class=\"yoast-schema-graph\">{\"@context\":\"https:\\\/\\\/schema.org\",\"@graph\":[{\"@type\":\"WebPage\",\"@id\":\"https:\\\/\\\/www.velonummern.ch\\\/en\\\/produkt\\\/zh-1909-4-meilen\\\/\",\"url\":\"https:\\\/\\\/www.velonummern.ch\\\/en\\\/produkt\\\/zh-1909-4-meilen\\\/\",\"name\":\"Fahrradkennzeichen ZH 1909 \\\/ 4 Meilen | Museum of Swiss Bicycle License Plates\",\"isPartOf\":{\"@id\":\"https:\\\/\\\/www.velonummern.ch\\\/en\\\/#website\"},\"primaryImageOfPage\":{\"@id\":\"https:\\\/\\\/www.velonummern.ch\\\/en\\\/produkt\\\/zh-1909-4-meilen\\\/#primaryimage\"},\"image\":{\"@id\":\"https:\\\/\\\/www.velonummern.ch\\\/en\\\/produkt\\\/zh-1909-4-meilen\\\/#primaryimage\"},\"thumbnailUrl\":\"https:\\\/\\\/www.velonummern.ch\\\/wp-content\\\/uploads\\\/2024\\\/01\\\/ZH-1909-4.jpg\",\"datePublished\":\"2024-01-28T11:43:19+00:00\",\"dateModified\":\"2025-01-24T10:50:45+00:00\",\"description\":\"Fahrradkennzeichen Kanton Z\u00fcrich ZH \\\/ Ausgabejahr 1909 \\\/ Bezirk 4 = Meilen \\\/ Befestigung hinten | Schweizer Velonummern Museum\",\"breadcrumb\":{\"@id\":\"https:\\\/\\\/www.velonummern.ch\\\/en\\\/produkt\\\/zh-1909-4-meilen\\\/#breadcrumb\"},\"inLanguage\":\"en-US\",\"potentialAction\":[{\"@type\":\"ReadAction\",\"target\":[\"https:\\\/\\\/www.velonummern.ch\\\/en\\\/produkt\\\/zh-1909-4-meilen\\\/\"]}]},{\"@type\":\"ImageObject\",\"inLanguage\":\"en-US\",\"@id\":\"https:\\\/\\\/www.velonummern.ch\\\/en\\\/produkt\\\/zh-1909-4-meilen\\\/#primaryimage\",\"url\":\"https:\\\/\\\/www.velonummern.ch\\\/wp-content\\\/uploads\\\/2024\\\/01\\\/ZH-1909-4.jpg\",\"contentUrl\":\"https:\\\/\\\/www.velonummern.ch\\\/wp-content\\\/uploads\\\/2024\\\/01\\\/ZH-1909-4.jpg\",\"width\":1500,\"height\":1500},{\"@type\":\"BreadcrumbList\",\"@id\":\"https:\\\/\\\/www.velonummern.ch\\\/en\\\/produkt\\\/zh-1909-4-meilen\\\/#breadcrumb\",\"itemListElement\":[{\"@type\":\"ListItem\",\"position\":1,\"name\":\"Startseite\",\"item\":\"https:\\\/\\\/www.velonummern.ch\\\/en\\\/\"},{\"@type\":\"ListItem\",\"position\":2,\"name\":\"Products\",\"item\":\"https:\\\/\\\/www.velonummern.ch\\\/en\\\/shop\\\/\"},{\"@type\":\"ListItem\",\"position\":3,\"name\":\"ZH 1909 \\\/ 4 Meilen\"}]},{\"@type\":\"WebSite\",\"@id\":\"https:\\\/\\\/www.velonummern.ch\\\/en\\\/#website\",\"url\":\"https:\\\/\\\/www.velonummern.ch\\\/en\\\/\",\"name\":\"Museum of Swiss Bicycle License Plates\",\"description\":\"\",\"publisher\":{\"@id\":\"https:\\\/\\\/www.velonummern.ch\\\/en\\\/#organization\"},\"potentialAction\":[{\"@type\":\"SearchAction\",\"target\":{\"@type\":\"EntryPoint\",\"urlTemplate\":\"https:\\\/\\\/www.velonummern.ch\\\/en\\\/?s={search_term_string}\"},\"query-input\":{\"@type\":\"PropertyValueSpecification\",\"valueRequired\":true,\"valueName\":\"search_term_string\"}}],\"inLanguage\":\"en-US\"},{\"@type\":\"Organization\",\"@id\":\"https:\\\/\\\/www.velonummern.ch\\\/en\\\/#organization\",\"name\":\"Museum of Swiss Bicycle License Plates\",\"url\":\"https:\\\/\\\/www.velonummern.ch\\\/en\\\/\",\"logo\":{\"@type\":\"ImageObject\",\"inLanguage\":\"en-US\",\"@id\":\"https:\\\/\\\/www.velonummern.ch\\\/en\\\/#\\\/schema\\\/logo\\\/image\\\/\",\"url\":\"https:\\\/\\\/www.velonummern.ch\\\/wp-content\\\/uploads\\\/2022\\\/04\\\/logo-de-1.svg\",\"contentUrl\":\"https:\\\/\\\/www.velonummern.ch\\\/wp-content\\\/uploads\\\/2022\\\/04\\\/logo-de-1.svg\",\"width\":\"1024\",\"height\":\"1024\",\"caption\":\"Museum of Swiss Bicycle License Plates\"},\"image\":{\"@id\":\"https:\\\/\\\/www.velonummern.ch\\\/en\\\/#\\\/schema\\\/logo\\\/image\\\/\"}}]}<\/script>\n<!-- \/ Yoast SEO plugin. -->","yoast_head_json":{"title":"Fahrradkennzeichen ZH 1909 \/ 4 Meilen | Museum of Swiss Bicycle License Plates","description":"Fahrradkennzeichen Kanton Z\u00fcrich ZH \/ Ausgabejahr 1909 \/ Bezirk 4 = Meilen \/ Befestigung hinten | Schweizer Velonummern Museum","robots":{"index":"index","follow":"follow","max-snippet":"max-snippet:-1","max-image-preview":"max-image-preview:large","max-video-preview":"max-video-preview:-1"},"canonical":"https:\/\/www.velonummern.ch\/en\/produkt\/zh-1909-4-meilen\/","twitter_misc":{"Est. reading time":"1 minute"},"schema":{"@context":"https:\/\/schema.org","@graph":[{"@type":"WebPage","@id":"https:\/\/www.velonummern.ch\/en\/produkt\/zh-1909-4-meilen\/","url":"https:\/\/www.velonummern.ch\/en\/produkt\/zh-1909-4-meilen\/","name":"Fahrradkennzeichen ZH 1909 \/ 4 Meilen | Museum of Swiss Bicycle License Plates","isPartOf":{"@id":"https:\/\/www.velonummern.ch\/en\/#website"},"primaryImageOfPage":{"@id":"https:\/\/www.velonummern.ch\/en\/produkt\/zh-1909-4-meilen\/#primaryimage"},"image":{"@id":"https:\/\/www.velonummern.ch\/en\/produkt\/zh-1909-4-meilen\/#primaryimage"},"thumbnailUrl":"https:\/\/www.velonummern.ch\/wp-content\/uploads\/2024\/01\/ZH-1909-4.jpg","datePublished":"2024-01-28T11:43:19+00:00","dateModified":"2025-01-24T10:50:45+00:00","description":"Fahrradkennzeichen Kanton Z\u00fcrich ZH \/ Ausgabejahr 1909 \/ Bezirk 4 = Meilen \/ Befestigung hinten | Schweizer Velonummern Museum","breadcrumb":{"@id":"https:\/\/www.velonummern.ch\/en\/produkt\/zh-1909-4-meilen\/#breadcrumb"},"inLanguage":"en-US","potentialAction":[{"@type":"ReadAction","target":["https:\/\/www.velonummern.ch\/en\/produkt\/zh-1909-4-meilen\/"]}]},{"@type":"ImageObject","inLanguage":"en-US","@id":"https:\/\/www.velonummern.ch\/en\/produkt\/zh-1909-4-meilen\/#primaryimage","url":"https:\/\/www.velonummern.ch\/wp-content\/uploads\/2024\/01\/ZH-1909-4.jpg","contentUrl":"https:\/\/www.velonummern.ch\/wp-content\/uploads\/2024\/01\/ZH-1909-4.jpg","width":1500,"height":1500},{"@type":"BreadcrumbList","@id":"https:\/\/www.velonummern.ch\/en\/produkt\/zh-1909-4-meilen\/#breadcrumb","itemListElement":[{"@type":"ListItem","position":1,"name":"Startseite","item":"https:\/\/www.velonummern.ch\/en\/"},{"@type":"ListItem","position":2,"name":"Products","item":"https:\/\/www.velonummern.ch\/en\/shop\/"},{"@type":"ListItem","position":3,"name":"ZH 1909 \/ 4 Meilen"}]},{"@type":"WebSite","@id":"https:\/\/www.velonummern.ch\/en\/#website","url":"https:\/\/www.velonummern.ch\/en\/","name":"Museum of Swiss Bicycle License Plates","description":"","publisher":{"@id":"https:\/\/www.velonummern.ch\/en\/#organization"},"potentialAction":[{"@type":"SearchAction","target":{"@type":"EntryPoint","urlTemplate":"https:\/\/www.velonummern.ch\/en\/?s={search_term_string}"},"query-input":{"@type":"PropertyValueSpecification","valueRequired":true,"valueName":"search_term_string"}}],"inLanguage":"en-US"},{"@type":"Organization","@id":"https:\/\/www.velonummern.ch\/en\/#organization","name":"Museum of Swiss Bicycle License Plates","url":"https:\/\/www.velonummern.ch\/en\/","logo":{"@type":"ImageObject","inLanguage":"en-US","@id":"https:\/\/www.velonummern.ch\/en\/#\/schema\/logo\/image\/","url":"https:\/\/www.velonummern.ch\/wp-content\/uploads\/2022\/04\/logo-de-1.svg","contentUrl":"https:\/\/www.velonummern.ch\/wp-content\/uploads\/2022\/04\/logo-de-1.svg","width":"1024","height":"1024","caption":"Museum of Swiss Bicycle License Plates"},"image":{"@id":"https:\/\/www.velonummern.ch\/en\/#\/schema\/logo\/image\/"}}]}},"_links":{"self":[{"href":"https:\/\/www.velonummern.ch\/en\/wp-json\/wp\/v2\/product\/23532","targetHints":{"allow":["GET"]}}],"collection":[{"href":"https:\/\/www.velonummern.ch\/en\/wp-json\/wp\/v2\/product"}],"about":[{"href":"https:\/\/www.velonummern.ch\/en\/wp-json\/wp\/v2\/types\/product"}],"wp:featuredmedia":[{"embeddable":true,"href":"https:\/\/www.velonummern.ch\/en\/wp-json\/wp\/v2\/media\/23534"}],"wp:attachment":[{"href":"https:\/\/www.velonummern.ch\/en\/wp-json\/wp\/v2\/media?parent=23532"}],"wp:term":[{"taxonomy":"product_brand","embeddable":true,"href":"https:\/\/www.velonummern.ch\/en\/wp-json\/wp\/v2\/product_brand?post=23532"},{"taxonomy":"product_cat","embeddable":true,"href":"https:\/\/www.velonummern.ch\/en\/wp-json\/wp\/v2\/product_cat?post=23532"},{"taxonomy":"product_tag","embeddable":true,"href":"https:\/\/www.velonummern.ch\/en\/wp-json\/wp\/v2\/product_tag?post=23532"}],"curies":[{"name":"wp","href":"https:\/\/api.w.org\/{rel}","templated":true}]}}