{"id":24082,"date":"2024-03-31T11:26:42","date_gmt":"2024-03-31T09:26:42","guid":{"rendered":"https:\/\/www.velonummern.ch\/?post_type=product&#038;p=24082"},"modified":"2025-01-24T11:48:35","modified_gmt":"2025-01-24T10:48:35","slug":"wien-1894","status":"publish","type":"product","link":"https:\/\/www.velonummern.ch\/en\/produkt\/wien-1894\/","title":{"rendered":"Wien 1894"},"content":{"rendered":"<h2>Wien 1894 eif\u00f6rmige Nummerntafel<\/h2>\n<p>&nbsp;<\/p>\n<p>Einem Artikel der Allgemeinen Sport-Zeitung, Wien vom 25. Februar 1894 ist zu entnehmen, dass die 1885 eingef\u00fchrte Nummerierung der Laternen fallen gelassen wird. Die neuen, ab dem 20. April 1894 ausgegebenen Kennzeichen werden nun an der Lenkstange befestigt: \u00abDie neuen Nummernt\u00e4felchen sind eif\u00f6rmig gehalten und mittels einer Feder an der Lenkstange so angebracht, dass die Nummer nach abw\u00e4rts zu stehen kommt, und damit jeder Zeit vor Besch\u00e4digungen gesch\u00fctzt ist. Die T\u00e4felchen sind gelb lackiert, und heben sich die schwarzen Ziffern darauf recht deutlich ab\u00bb <a href=\"https:\/\/anno.onb.ac.at\/cgi-content\/anno-plus?aid=asz&amp;datum=1894&amp;page=192&amp;size=45\">[LINK; Seite 184, rechte Spalte]<\/a>. Offengesagt hatten auch wir \u00abrecht deutlich\u00bb M\u00fche, die hier beschriebene Art der Befestigung gedanklich nachzuvollziehen. Doch ein Bild kl\u00e4rt mehr als tausend Worte.<\/p>\n<p>Vom \u00abWien Museum\u00bb haben wir ein Foto erhalten, welches offenbar eines dieser eif\u00f6rmigen \u00abNummernt\u00e4felchen\u00bb um das Jahr 1895 zeigt (Quelle: Wien Museum, Inventarnummer HMW_059981)<\/p>\n<p>Weshalb auch das \u00abEi des Franz Joseph\u00bb nur noch von kurzer Dauer ist, erfahren Sie hier: <a href=\"https:\/\/www.velonummern.ch\/geschichte\/\">Geschichte der Schweizer Fahrradkennzeichen<\/a><\/p>\n","protected":false},"excerpt":{"rendered":"<h2>Wien 1894 eif\u00f6rmige Nummerntafel<\/h2>\n<p>&nbsp;<\/p>\n<p>Einem Artikel der Allgemeinen Sport-Zeitung, Wien vom 25. Februar 1894 ist zu entnehmen, dass die 1885 eingef\u00fchrte Nummerierung der Laternen fallen gelassen wird. Die neuen, ab dem 20. April 1894 ausgegebenen Kennzeichen werden nun an der Lenkstange befestigt: \u00abDie neuen Nummernt\u00e4felchen sind eif\u00f6rmig gehalten und mittels einer Feder an der Lenkstange so angebracht, dass die Nummer nach abw\u00e4rts zu stehen kommt, und damit jeder Zeit vor Besch\u00e4digungen gesch\u00fctzt ist. Die T\u00e4felchen sind gelb lackiert, und heben sich die schwarzen Ziffern darauf recht deutlich ab\u00bb <a href=\"https:\/\/anno.onb.ac.at\/cgi-content\/anno-plus?aid=asz&amp;datum=1894&amp;page=192&amp;size=45\">[LINK; Seite 184, rechte Spalte]<\/a>. Offengesagt hatten auch wir \u00abrecht deutlich\u00bb M\u00fche, die hier beschriebene Art der Befestigung gedanklich nachzuvollziehen. Doch ein Bild kl\u00e4rt mehr als tausend Worte.<\/p>\n<p>Vom \u00abWien Museum\u00bb haben wir ein Foto erhalten, welches offenbar eines dieser eif\u00f6rmigen \u00abNummernt\u00e4felchen\u00bb um das Jahr 1895 zeigt (Quelle: Wien Museum, Inventarnummer HMW_059981)<\/p>\n<p>Weshalb auch das \u00abEi des Franz Joseph\u00bb nur noch von kurzer Dauer ist, erfahren Sie hier: <a href=\"https:\/\/www.velonummern.ch\/geschichte\/\">Geschichte der Schweizer Fahrradkennzeichen<\/a><\/p>\n","protected":false},"featured_media":24083,"template":"","meta":{"_acf_changed":false,"inline_featured_image":false},"product_brand":[],"product_cat":[166,238],"product_tag":[],"class_list":{"0":"post-24082","1":"product","2":"type-product","3":"status-publish","4":"has-post-thumbnail","6":"product_cat-166","7":"product_cat-special-design","9":"first","10":"instock","11":"sold-individually","12":"shipping-taxable","13":"product-type-simple"},"acf":[],"yoast_head":"<!-- This site is optimized with the Yoast SEO plugin v27.6 - https:\/\/yoast.com\/product\/yoast-seo-wordpress\/ -->\n<title>Fahrradkennzeichen Wien 1894 | Museum of Swiss Bicycle License Plates<\/title>\n<meta name=\"description\" content=\"Wien 1894 eif\u00f6rmige Nummerntafel\" \/>\n<meta name=\"robots\" content=\"index, follow, max-snippet:-1, max-image-preview:large, max-video-preview:-1\" \/>\n<link rel=\"canonical\" href=\"https:\/\/www.velonummern.ch\/en\/produkt\/wien-1894\/\" \/>\n<meta name=\"twitter:label1\" content=\"Est. reading time\" \/>\n\t<meta name=\"twitter:data1\" content=\"1 minute\" \/>\n<script type=\"application\/ld+json\" class=\"yoast-schema-graph\">{\"@context\":\"https:\\\/\\\/schema.org\",\"@graph\":[{\"@type\":\"WebPage\",\"@id\":\"https:\\\/\\\/www.velonummern.ch\\\/en\\\/produkt\\\/wien-1894\\\/\",\"url\":\"https:\\\/\\\/www.velonummern.ch\\\/en\\\/produkt\\\/wien-1894\\\/\",\"name\":\"Fahrradkennzeichen Wien 1894 | Museum of Swiss Bicycle License Plates\",\"isPartOf\":{\"@id\":\"https:\\\/\\\/www.velonummern.ch\\\/en\\\/#website\"},\"primaryImageOfPage\":{\"@id\":\"https:\\\/\\\/www.velonummern.ch\\\/en\\\/produkt\\\/wien-1894\\\/#primaryimage\"},\"image\":{\"@id\":\"https:\\\/\\\/www.velonummern.ch\\\/en\\\/produkt\\\/wien-1894\\\/#primaryimage\"},\"thumbnailUrl\":\"https:\\\/\\\/www.velonummern.ch\\\/wp-content\\\/uploads\\\/2024\\\/03\\\/Wien-1894-eiformige-Nummerntafel.png\",\"datePublished\":\"2024-03-31T09:26:42+00:00\",\"dateModified\":\"2025-01-24T10:48:35+00:00\",\"description\":\"Wien 1894 eif\u00f6rmige Nummerntafel\",\"breadcrumb\":{\"@id\":\"https:\\\/\\\/www.velonummern.ch\\\/en\\\/produkt\\\/wien-1894\\\/#breadcrumb\"},\"inLanguage\":\"en-US\",\"potentialAction\":[{\"@type\":\"ReadAction\",\"target\":[\"https:\\\/\\\/www.velonummern.ch\\\/en\\\/produkt\\\/wien-1894\\\/\"]}]},{\"@type\":\"ImageObject\",\"inLanguage\":\"en-US\",\"@id\":\"https:\\\/\\\/www.velonummern.ch\\\/en\\\/produkt\\\/wien-1894\\\/#primaryimage\",\"url\":\"https:\\\/\\\/www.velonummern.ch\\\/wp-content\\\/uploads\\\/2024\\\/03\\\/Wien-1894-eiformige-Nummerntafel.png\",\"contentUrl\":\"https:\\\/\\\/www.velonummern.ch\\\/wp-content\\\/uploads\\\/2024\\\/03\\\/Wien-1894-eiformige-Nummerntafel.png\",\"width\":800,\"height\":800},{\"@type\":\"BreadcrumbList\",\"@id\":\"https:\\\/\\\/www.velonummern.ch\\\/en\\\/produkt\\\/wien-1894\\\/#breadcrumb\",\"itemListElement\":[{\"@type\":\"ListItem\",\"position\":1,\"name\":\"Startseite\",\"item\":\"https:\\\/\\\/www.velonummern.ch\\\/en\\\/\"},{\"@type\":\"ListItem\",\"position\":2,\"name\":\"Products\",\"item\":\"https:\\\/\\\/www.velonummern.ch\\\/en\\\/shop\\\/\"},{\"@type\":\"ListItem\",\"position\":3,\"name\":\"Wien 1894\"}]},{\"@type\":\"WebSite\",\"@id\":\"https:\\\/\\\/www.velonummern.ch\\\/en\\\/#website\",\"url\":\"https:\\\/\\\/www.velonummern.ch\\\/en\\\/\",\"name\":\"Museum of Swiss Bicycle License Plates\",\"description\":\"\",\"publisher\":{\"@id\":\"https:\\\/\\\/www.velonummern.ch\\\/en\\\/#organization\"},\"potentialAction\":[{\"@type\":\"SearchAction\",\"target\":{\"@type\":\"EntryPoint\",\"urlTemplate\":\"https:\\\/\\\/www.velonummern.ch\\\/en\\\/?s={search_term_string}\"},\"query-input\":{\"@type\":\"PropertyValueSpecification\",\"valueRequired\":true,\"valueName\":\"search_term_string\"}}],\"inLanguage\":\"en-US\"},{\"@type\":\"Organization\",\"@id\":\"https:\\\/\\\/www.velonummern.ch\\\/en\\\/#organization\",\"name\":\"Museum of Swiss Bicycle License Plates\",\"url\":\"https:\\\/\\\/www.velonummern.ch\\\/en\\\/\",\"logo\":{\"@type\":\"ImageObject\",\"inLanguage\":\"en-US\",\"@id\":\"https:\\\/\\\/www.velonummern.ch\\\/en\\\/#\\\/schema\\\/logo\\\/image\\\/\",\"url\":\"https:\\\/\\\/www.velonummern.ch\\\/wp-content\\\/uploads\\\/2022\\\/04\\\/logo-de-1.svg\",\"contentUrl\":\"https:\\\/\\\/www.velonummern.ch\\\/wp-content\\\/uploads\\\/2022\\\/04\\\/logo-de-1.svg\",\"width\":\"1024\",\"height\":\"1024\",\"caption\":\"Museum of Swiss Bicycle License Plates\"},\"image\":{\"@id\":\"https:\\\/\\\/www.velonummern.ch\\\/en\\\/#\\\/schema\\\/logo\\\/image\\\/\"}}]}<\/script>\n<!-- \/ Yoast SEO plugin. -->","yoast_head_json":{"title":"Fahrradkennzeichen Wien 1894 | Museum of Swiss Bicycle License Plates","description":"Wien 1894 eif\u00f6rmige Nummerntafel","robots":{"index":"index","follow":"follow","max-snippet":"max-snippet:-1","max-image-preview":"max-image-preview:large","max-video-preview":"max-video-preview:-1"},"canonical":"https:\/\/www.velonummern.ch\/en\/produkt\/wien-1894\/","twitter_misc":{"Est. reading time":"1 minute"},"schema":{"@context":"https:\/\/schema.org","@graph":[{"@type":"WebPage","@id":"https:\/\/www.velonummern.ch\/en\/produkt\/wien-1894\/","url":"https:\/\/www.velonummern.ch\/en\/produkt\/wien-1894\/","name":"Fahrradkennzeichen Wien 1894 | Museum of Swiss Bicycle License Plates","isPartOf":{"@id":"https:\/\/www.velonummern.ch\/en\/#website"},"primaryImageOfPage":{"@id":"https:\/\/www.velonummern.ch\/en\/produkt\/wien-1894\/#primaryimage"},"image":{"@id":"https:\/\/www.velonummern.ch\/en\/produkt\/wien-1894\/#primaryimage"},"thumbnailUrl":"https:\/\/www.velonummern.ch\/wp-content\/uploads\/2024\/03\/Wien-1894-eiformige-Nummerntafel.png","datePublished":"2024-03-31T09:26:42+00:00","dateModified":"2025-01-24T10:48:35+00:00","description":"Wien 1894 eif\u00f6rmige Nummerntafel","breadcrumb":{"@id":"https:\/\/www.velonummern.ch\/en\/produkt\/wien-1894\/#breadcrumb"},"inLanguage":"en-US","potentialAction":[{"@type":"ReadAction","target":["https:\/\/www.velonummern.ch\/en\/produkt\/wien-1894\/"]}]},{"@type":"ImageObject","inLanguage":"en-US","@id":"https:\/\/www.velonummern.ch\/en\/produkt\/wien-1894\/#primaryimage","url":"https:\/\/www.velonummern.ch\/wp-content\/uploads\/2024\/03\/Wien-1894-eiformige-Nummerntafel.png","contentUrl":"https:\/\/www.velonummern.ch\/wp-content\/uploads\/2024\/03\/Wien-1894-eiformige-Nummerntafel.png","width":800,"height":800},{"@type":"BreadcrumbList","@id":"https:\/\/www.velonummern.ch\/en\/produkt\/wien-1894\/#breadcrumb","itemListElement":[{"@type":"ListItem","position":1,"name":"Startseite","item":"https:\/\/www.velonummern.ch\/en\/"},{"@type":"ListItem","position":2,"name":"Products","item":"https:\/\/www.velonummern.ch\/en\/shop\/"},{"@type":"ListItem","position":3,"name":"Wien 1894"}]},{"@type":"WebSite","@id":"https:\/\/www.velonummern.ch\/en\/#website","url":"https:\/\/www.velonummern.ch\/en\/","name":"Museum of Swiss Bicycle License Plates","description":"","publisher":{"@id":"https:\/\/www.velonummern.ch\/en\/#organization"},"potentialAction":[{"@type":"SearchAction","target":{"@type":"EntryPoint","urlTemplate":"https:\/\/www.velonummern.ch\/en\/?s={search_term_string}"},"query-input":{"@type":"PropertyValueSpecification","valueRequired":true,"valueName":"search_term_string"}}],"inLanguage":"en-US"},{"@type":"Organization","@id":"https:\/\/www.velonummern.ch\/en\/#organization","name":"Museum of Swiss Bicycle License Plates","url":"https:\/\/www.velonummern.ch\/en\/","logo":{"@type":"ImageObject","inLanguage":"en-US","@id":"https:\/\/www.velonummern.ch\/en\/#\/schema\/logo\/image\/","url":"https:\/\/www.velonummern.ch\/wp-content\/uploads\/2022\/04\/logo-de-1.svg","contentUrl":"https:\/\/www.velonummern.ch\/wp-content\/uploads\/2022\/04\/logo-de-1.svg","width":"1024","height":"1024","caption":"Museum of Swiss Bicycle License Plates"},"image":{"@id":"https:\/\/www.velonummern.ch\/en\/#\/schema\/logo\/image\/"}}]}},"_links":{"self":[{"href":"https:\/\/www.velonummern.ch\/en\/wp-json\/wp\/v2\/product\/24082","targetHints":{"allow":["GET"]}}],"collection":[{"href":"https:\/\/www.velonummern.ch\/en\/wp-json\/wp\/v2\/product"}],"about":[{"href":"https:\/\/www.velonummern.ch\/en\/wp-json\/wp\/v2\/types\/product"}],"wp:featuredmedia":[{"embeddable":true,"href":"https:\/\/www.velonummern.ch\/en\/wp-json\/wp\/v2\/media\/24083"}],"wp:attachment":[{"href":"https:\/\/www.velonummern.ch\/en\/wp-json\/wp\/v2\/media?parent=24082"}],"wp:term":[{"taxonomy":"product_brand","embeddable":true,"href":"https:\/\/www.velonummern.ch\/en\/wp-json\/wp\/v2\/product_brand?post=24082"},{"taxonomy":"product_cat","embeddable":true,"href":"https:\/\/www.velonummern.ch\/en\/wp-json\/wp\/v2\/product_cat?post=24082"},{"taxonomy":"product_tag","embeddable":true,"href":"https:\/\/www.velonummern.ch\/en\/wp-json\/wp\/v2\/product_tag?post=24082"}],"curies":[{"name":"wp","href":"https:\/\/api.w.org\/{rel}","templated":true}]}}