{"id":25066,"date":"2024-09-18T14:10:07","date_gmt":"2024-09-18T12:10:07","guid":{"rendered":"https:\/\/www.velonummern.ch\/?post_type=product&#038;p=25066"},"modified":"2025-10-30T13:27:53","modified_gmt":"2025-10-30T12:27:53","slug":"bl-1937-a-rueckseite","status":"publish","type":"product","link":"https:\/\/www.velonummern.ch\/en\/produkt\/bl-1937-a-rueckseite\/","title":{"rendered":"BL 1937 A R\u00fcckseite"},"content":{"rendered":"<h2>Fahrradkennzeichen, Velonummer Basel-Land, BL 1937, R\u00fcckseite<\/h2>\n<p>Kanton: Basel-Land<br \/>\nJahr: 1937<br \/>\nBezirk Arlesheim = A auf der R\u00fcckseite (rechts)<br \/>\nNummerierung auf der R\u00fcckseite (rechts)<\/p>\n<p>Den ersten Versuch eines Bundesgesetztes zum Strassenverkehr haben die Radfahrerverb\u00e4nde 1927 mit einem Referendum an die Urne und dort zu Fall gebracht. Stein des Anstosses war die Nummerierung der Fahrradkennzeichen. Ein Abstimmungsplakate sagt. &#8220;In der ganzen Welt keine Velonummern! \u2013 Nur der \u00abfreie\u00bb Schweizer l\u00e4sst sich nummerieren! Auto- und Radfahrergesetz: NEIN!&#8221;<\/p>\n<p>Aus Furcht vor einer weiteren Niederlage werden die Fahrradkennzeichen und insbesondere deren Nummerierung im zweiten Versuch vollst\u00e4ndig aus dem Gesetz gestrichen: &#8220;Art. 32 Die Radfahrer sind von der F\u00fchrung eines nummerierten Kontrollschildes befreit.&#8221; Diese opportunistischen und referendumspolitischen Erw\u00e4gungen von Bundesrat und Parlament bringen nun die Kantone, welche f\u00fcr die Umsetzung des Gesetzes ab 1933 zust\u00e4ndig sind, in erhebliche Schwierigkeiten. Denn ohne Nummer sind die Identifikation der Halter, die Verfolgung von Vergehen, die Aufkl\u00e4rung von Diebst\u00e4hlen und die Durchf\u00fchrung der Haftpflichtversicherung (Obligatorium den Kantonen \u00fcberlassen) f\u00fcr die Polizei \u00e4usserst schwierig. Damit wollen bzw. k\u00f6nnen die Kantone nicht leben.<\/p>\n<p>In der Folge beginnen das Bundesgesetz und die Praxis der Kantone immer weiter auseinander zu klaffen. Denn bereits 1933 fahren die Kantone Luzern, Nidwalden und Uri ohne Unterbruch mit der Nummerierung weiter. Alle anderen Kantone f\u00fchren die Nummerierung sp\u00e4testens 1941 auch wieder ein.<\/p>\n<p>Mit dieser Praxis verstossen die Kantone bis zum n\u00e4chsten Bundesgesetz von 1958 gegen Bundesrecht. Obwohl die Nummerierung in den bisher geltenden Konkordaten und Verordnungen immer ausdr\u00fccklich beschrieben wurde, schweigen sich die Kantone in ihren Verordnungen w\u00e4hrend der n\u00e4chsten 24 Jahre wohlweislich dar\u00fcber aus. Zuerst verstecken die Kantone die Nummerierung auf der R\u00fcckseite des Fahrradkennzeichens, dann erscheint sie schrittweise wieder auf der Vorderseite. Der Kanton Gen\u00e8ve nummeriert die Vorderseite selbstbewusst bereits ab 1934 wieder.<\/p>\n<p>Dieses Bild zeigt das erste, nach dem Verbot von 1933 auf der R\u00fcckseite nummerierte Fahrradkennzeichen des Kantons.<\/p>\n<p>Sammlung: Christoph Zemp<\/p>\n<p>Material: Aluminium<\/p>\n","protected":false},"excerpt":{"rendered":"<p>Kanton: Basel-Land<br \/>\nJahr: 1937<br \/>\nBezirk Arlesheim = A auf der R\u00fcckseite (rechts)<br \/>\nNummerierung auf der R\u00fcckseite (rechts)<\/p>\n<p>Den ersten Versuch eines Bundesgesetztes zum Strassenverkehr haben die Radfahrerverb\u00e4nde 1927 mit einem Referendum an die Urne und dort zu Fall gebracht. Stein des Anstosses war die Nummerierung der Fahrradkennzeichen. Ein Abstimmungsplakate sagt. &#8220;In der ganzen Welt keine Velonummern! \u2013 Nur der \u00abfreie\u00bb Schweizer l\u00e4sst sich nummerieren! Auto- und Radfahrergesetz: NEIN!&#8221;<\/p>\n<p>Aus Furcht vor einer weiteren Niederlage werden die Fahrradkennzeichen und insbesondere deren Nummerierung im zweiten Versuch vollst\u00e4ndig aus dem Gesetz gestrichen: &#8220;Art. 32 Die Radfahrer sind von der F\u00fchrung eines nummerierten Kontrollschildes befreit.&#8221; Diese opportunistischen und referendumspolitischen Erw\u00e4gungen von Bundesrat und Parlament bringen nun die Kantone, welche f\u00fcr die Umsetzung des Gesetzes ab 1933 zust\u00e4ndig sind, in erhebliche Schwierigkeiten. Denn ohne Nummer sind die Identifikation der Halter, die Verfolgung von Vergehen, die Aufkl\u00e4rung von Diebst\u00e4hlen und die Durchf\u00fchrung der Haftpflichtversicherung (Obligatorium den Kantonen \u00fcberlassen) f\u00fcr die Polizei \u00e4usserst schwierig. Damit wollen bzw. k\u00f6nnen die Kantone nicht leben.<\/p>\n<p>In der Folge beginnen das Bundesgesetz und die Praxis der Kantone immer weiter auseinander zu klaffen. Denn bereits 1933 fahren die Kantone Luzern, Nidwalden und Uri ohne Unterbruch mit der Nummerierung weiter. Alle anderen Kantone f\u00fchren die Nummerierung sp\u00e4testens 1941 auch wieder ein.<\/p>\n<p>Mit dieser Praxis verstossen die Kantone bis zum n\u00e4chsten Bundesgesetz von 1958 gegen Bundesrecht. Obwohl die Nummerierung in den bisher geltenden Konkordaten und Verordnungen immer ausdr\u00fccklich beschrieben wurde, schweigen sich die Kantone in ihren Verordnungen w\u00e4hrend der n\u00e4chsten 24 Jahre wohlweislich dar\u00fcber aus. Zuerst verstecken die Kantone die Nummerierung auf der R\u00fcckseite des Fahrradkennzeichens, dann erscheint sie schrittweise wieder auf der Vorderseite. Der Kanton Gen\u00e8ve nummeriert die Vorderseite selbstbewusst bereits ab 1934 wieder.<\/p>\n<p>Dieses Bild zeigt das erste, nach dem Verbot von 1933 auf der R\u00fcckseite nummerierte Fahrradkennzeichen des Kantons.<\/p>\n<p>Sammlung: Christoph Zemp<\/p>\n<p>Material: Aluminium<\/p>\n","protected":false},"featured_media":19596,"template":"","meta":{"_acf_changed":false,"inline_featured_image":false},"product_brand":[],"product_cat":[208,214,238],"product_tag":[],"class_list":{"0":"post-25066","1":"product","2":"type-product","3":"status-publish","4":"has-post-thumbnail","6":"product_cat-1936-1940","7":"product_cat-bl-basel-land","8":"product_cat-special-design","10":"first","11":"outofstock","12":"sold-individually","13":"product-type-simple"},"acf":[],"yoast_head":"<!-- This site is optimized with the Yoast SEO plugin v27.4 - https:\/\/yoast.com\/product\/yoast-seo-wordpress\/ -->\n<title>Fahrradkennzeichen BL 1937 A R\u00fcckseite | Museum of Swiss Bicycle License Plates<\/title>\n<meta name=\"description\" content=\"Velonummer Kanton Basel-Land, BL 1937. Erstmals mit Nummerierung auf der R\u00fcckseite des Fahrradkennzeichens. Nummerierungsverbot gem\u00e4ss Bundesgesetz ab 1933.\" \/>\n<meta name=\"robots\" content=\"index, follow, max-snippet:-1, max-image-preview:large, max-video-preview:-1\" \/>\n<link rel=\"canonical\" href=\"https:\/\/www.velonummern.ch\/en\/produkt\/bl-1937-a-rueckseite\/\" \/>\n<meta name=\"twitter:label1\" content=\"Est. reading time\" \/>\n\t<meta name=\"twitter:data1\" content=\"2 minutes\" \/>\n<script type=\"application\/ld+json\" class=\"yoast-schema-graph\">{\"@context\":\"https:\\\/\\\/schema.org\",\"@graph\":[{\"@type\":\"WebPage\",\"@id\":\"https:\\\/\\\/www.velonummern.ch\\\/en\\\/produkt\\\/bl-1937-a-rueckseite\\\/\",\"url\":\"https:\\\/\\\/www.velonummern.ch\\\/en\\\/produkt\\\/bl-1937-a-rueckseite\\\/\",\"name\":\"Fahrradkennzeichen BL 1937 A R\u00fcckseite | Museum of Swiss Bicycle License Plates\",\"isPartOf\":{\"@id\":\"https:\\\/\\\/www.velonummern.ch\\\/en\\\/#website\"},\"primaryImageOfPage\":{\"@id\":\"https:\\\/\\\/www.velonummern.ch\\\/en\\\/produkt\\\/bl-1937-a-rueckseite\\\/#primaryimage\"},\"image\":{\"@id\":\"https:\\\/\\\/www.velonummern.ch\\\/en\\\/produkt\\\/bl-1937-a-rueckseite\\\/#primaryimage\"},\"thumbnailUrl\":\"https:\\\/\\\/www.velonummern.ch\\\/wp-content\\\/uploads\\\/2023\\\/01\\\/BL-1937-RS-Zemp.jpg\",\"datePublished\":\"2024-09-18T12:10:07+00:00\",\"dateModified\":\"2025-10-30T12:27:53+00:00\",\"description\":\"Velonummer Kanton Basel-Land, BL 1937. Erstmals mit Nummerierung auf der R\u00fcckseite des Fahrradkennzeichens. Nummerierungsverbot gem\u00e4ss Bundesgesetz ab 1933.\",\"breadcrumb\":{\"@id\":\"https:\\\/\\\/www.velonummern.ch\\\/en\\\/produkt\\\/bl-1937-a-rueckseite\\\/#breadcrumb\"},\"inLanguage\":\"en-US\",\"potentialAction\":[{\"@type\":\"ReadAction\",\"target\":[\"https:\\\/\\\/www.velonummern.ch\\\/en\\\/produkt\\\/bl-1937-a-rueckseite\\\/\"]}]},{\"@type\":\"ImageObject\",\"inLanguage\":\"en-US\",\"@id\":\"https:\\\/\\\/www.velonummern.ch\\\/en\\\/produkt\\\/bl-1937-a-rueckseite\\\/#primaryimage\",\"url\":\"https:\\\/\\\/www.velonummern.ch\\\/wp-content\\\/uploads\\\/2023\\\/01\\\/BL-1937-RS-Zemp.jpg\",\"contentUrl\":\"https:\\\/\\\/www.velonummern.ch\\\/wp-content\\\/uploads\\\/2023\\\/01\\\/BL-1937-RS-Zemp.jpg\",\"width\":500,\"height\":500},{\"@type\":\"BreadcrumbList\",\"@id\":\"https:\\\/\\\/www.velonummern.ch\\\/en\\\/produkt\\\/bl-1937-a-rueckseite\\\/#breadcrumb\",\"itemListElement\":[{\"@type\":\"ListItem\",\"position\":1,\"name\":\"Startseite\",\"item\":\"https:\\\/\\\/www.velonummern.ch\\\/en\\\/\"},{\"@type\":\"ListItem\",\"position\":2,\"name\":\"Products\",\"item\":\"https:\\\/\\\/www.velonummern.ch\\\/en\\\/shop\\\/\"},{\"@type\":\"ListItem\",\"position\":3,\"name\":\"BL 1937 A R\u00fcckseite\"}]},{\"@type\":\"WebSite\",\"@id\":\"https:\\\/\\\/www.velonummern.ch\\\/en\\\/#website\",\"url\":\"https:\\\/\\\/www.velonummern.ch\\\/en\\\/\",\"name\":\"Museum of Swiss Bicycle License Plates\",\"description\":\"\",\"publisher\":{\"@id\":\"https:\\\/\\\/www.velonummern.ch\\\/en\\\/#organization\"},\"potentialAction\":[{\"@type\":\"SearchAction\",\"target\":{\"@type\":\"EntryPoint\",\"urlTemplate\":\"https:\\\/\\\/www.velonummern.ch\\\/en\\\/?s={search_term_string}\"},\"query-input\":{\"@type\":\"PropertyValueSpecification\",\"valueRequired\":true,\"valueName\":\"search_term_string\"}}],\"inLanguage\":\"en-US\"},{\"@type\":\"Organization\",\"@id\":\"https:\\\/\\\/www.velonummern.ch\\\/en\\\/#organization\",\"name\":\"Museum of Swiss Bicycle License Plates\",\"url\":\"https:\\\/\\\/www.velonummern.ch\\\/en\\\/\",\"logo\":{\"@type\":\"ImageObject\",\"inLanguage\":\"en-US\",\"@id\":\"https:\\\/\\\/www.velonummern.ch\\\/en\\\/#\\\/schema\\\/logo\\\/image\\\/\",\"url\":\"https:\\\/\\\/www.velonummern.ch\\\/wp-content\\\/uploads\\\/2022\\\/04\\\/logo-de-1.svg\",\"contentUrl\":\"https:\\\/\\\/www.velonummern.ch\\\/wp-content\\\/uploads\\\/2022\\\/04\\\/logo-de-1.svg\",\"width\":\"1024\",\"height\":\"1024\",\"caption\":\"Museum of Swiss Bicycle License Plates\"},\"image\":{\"@id\":\"https:\\\/\\\/www.velonummern.ch\\\/en\\\/#\\\/schema\\\/logo\\\/image\\\/\"}}]}<\/script>\n<!-- \/ Yoast SEO plugin. -->","yoast_head_json":{"title":"Fahrradkennzeichen BL 1937 A R\u00fcckseite | Museum of Swiss Bicycle License Plates","description":"Velonummer Kanton Basel-Land, BL 1937. Erstmals mit Nummerierung auf der R\u00fcckseite des Fahrradkennzeichens. Nummerierungsverbot gem\u00e4ss Bundesgesetz ab 1933.","robots":{"index":"index","follow":"follow","max-snippet":"max-snippet:-1","max-image-preview":"max-image-preview:large","max-video-preview":"max-video-preview:-1"},"canonical":"https:\/\/www.velonummern.ch\/en\/produkt\/bl-1937-a-rueckseite\/","twitter_misc":{"Est. reading time":"2 minutes"},"schema":{"@context":"https:\/\/schema.org","@graph":[{"@type":"WebPage","@id":"https:\/\/www.velonummern.ch\/en\/produkt\/bl-1937-a-rueckseite\/","url":"https:\/\/www.velonummern.ch\/en\/produkt\/bl-1937-a-rueckseite\/","name":"Fahrradkennzeichen BL 1937 A R\u00fcckseite | Museum of Swiss Bicycle License Plates","isPartOf":{"@id":"https:\/\/www.velonummern.ch\/en\/#website"},"primaryImageOfPage":{"@id":"https:\/\/www.velonummern.ch\/en\/produkt\/bl-1937-a-rueckseite\/#primaryimage"},"image":{"@id":"https:\/\/www.velonummern.ch\/en\/produkt\/bl-1937-a-rueckseite\/#primaryimage"},"thumbnailUrl":"https:\/\/www.velonummern.ch\/wp-content\/uploads\/2023\/01\/BL-1937-RS-Zemp.jpg","datePublished":"2024-09-18T12:10:07+00:00","dateModified":"2025-10-30T12:27:53+00:00","description":"Velonummer Kanton Basel-Land, BL 1937. Erstmals mit Nummerierung auf der R\u00fcckseite des Fahrradkennzeichens. Nummerierungsverbot gem\u00e4ss Bundesgesetz ab 1933.","breadcrumb":{"@id":"https:\/\/www.velonummern.ch\/en\/produkt\/bl-1937-a-rueckseite\/#breadcrumb"},"inLanguage":"en-US","potentialAction":[{"@type":"ReadAction","target":["https:\/\/www.velonummern.ch\/en\/produkt\/bl-1937-a-rueckseite\/"]}]},{"@type":"ImageObject","inLanguage":"en-US","@id":"https:\/\/www.velonummern.ch\/en\/produkt\/bl-1937-a-rueckseite\/#primaryimage","url":"https:\/\/www.velonummern.ch\/wp-content\/uploads\/2023\/01\/BL-1937-RS-Zemp.jpg","contentUrl":"https:\/\/www.velonummern.ch\/wp-content\/uploads\/2023\/01\/BL-1937-RS-Zemp.jpg","width":500,"height":500},{"@type":"BreadcrumbList","@id":"https:\/\/www.velonummern.ch\/en\/produkt\/bl-1937-a-rueckseite\/#breadcrumb","itemListElement":[{"@type":"ListItem","position":1,"name":"Startseite","item":"https:\/\/www.velonummern.ch\/en\/"},{"@type":"ListItem","position":2,"name":"Products","item":"https:\/\/www.velonummern.ch\/en\/shop\/"},{"@type":"ListItem","position":3,"name":"BL 1937 A R\u00fcckseite"}]},{"@type":"WebSite","@id":"https:\/\/www.velonummern.ch\/en\/#website","url":"https:\/\/www.velonummern.ch\/en\/","name":"Museum of Swiss Bicycle License Plates","description":"","publisher":{"@id":"https:\/\/www.velonummern.ch\/en\/#organization"},"potentialAction":[{"@type":"SearchAction","target":{"@type":"EntryPoint","urlTemplate":"https:\/\/www.velonummern.ch\/en\/?s={search_term_string}"},"query-input":{"@type":"PropertyValueSpecification","valueRequired":true,"valueName":"search_term_string"}}],"inLanguage":"en-US"},{"@type":"Organization","@id":"https:\/\/www.velonummern.ch\/en\/#organization","name":"Museum of Swiss Bicycle License Plates","url":"https:\/\/www.velonummern.ch\/en\/","logo":{"@type":"ImageObject","inLanguage":"en-US","@id":"https:\/\/www.velonummern.ch\/en\/#\/schema\/logo\/image\/","url":"https:\/\/www.velonummern.ch\/wp-content\/uploads\/2022\/04\/logo-de-1.svg","contentUrl":"https:\/\/www.velonummern.ch\/wp-content\/uploads\/2022\/04\/logo-de-1.svg","width":"1024","height":"1024","caption":"Museum of Swiss Bicycle License Plates"},"image":{"@id":"https:\/\/www.velonummern.ch\/en\/#\/schema\/logo\/image\/"}}]}},"_links":{"self":[{"href":"https:\/\/www.velonummern.ch\/en\/wp-json\/wp\/v2\/product\/25066","targetHints":{"allow":["GET"]}}],"collection":[{"href":"https:\/\/www.velonummern.ch\/en\/wp-json\/wp\/v2\/product"}],"about":[{"href":"https:\/\/www.velonummern.ch\/en\/wp-json\/wp\/v2\/types\/product"}],"wp:featuredmedia":[{"embeddable":true,"href":"https:\/\/www.velonummern.ch\/en\/wp-json\/wp\/v2\/media\/19596"}],"wp:attachment":[{"href":"https:\/\/www.velonummern.ch\/en\/wp-json\/wp\/v2\/media?parent=25066"}],"wp:term":[{"taxonomy":"product_brand","embeddable":true,"href":"https:\/\/www.velonummern.ch\/en\/wp-json\/wp\/v2\/product_brand?post=25066"},{"taxonomy":"product_cat","embeddable":true,"href":"https:\/\/www.velonummern.ch\/en\/wp-json\/wp\/v2\/product_cat?post=25066"},{"taxonomy":"product_tag","embeddable":true,"href":"https:\/\/www.velonummern.ch\/en\/wp-json\/wp\/v2\/product_tag?post=25066"}],"curies":[{"name":"wp","href":"https:\/\/api.w.org\/{rel}","templated":true}]}}