{"id":25485,"date":"2025-02-24T15:26:57","date_gmt":"2025-02-24T14:26:57","guid":{"rendered":"https:\/\/www.velonummern.ch\/?post_type=product&#038;p=25485"},"modified":"2025-02-24T15:26:57","modified_gmt":"2025-02-24T14:26:57","slug":"vs-2011-vignette-kantons-code-23","status":"publish","type":"product","link":"https:\/\/www.velonummern.ch\/en\/produkt\/vs-2011-vignette-kantons-code-23\/","title":{"rendered":"VS 2011 Vignette; Kantons-Code 23"},"content":{"rendered":"<p>Kanton: Valais<br \/>\nKantons-Code: 23 (gem\u00e4ss Abfolge in der Bundesverfassung)<br \/>\nJahr: 2011 = letzter Jahrgang<\/p>\n<p>Material: Selbstklebende Folie<br \/>\nAbmessungen: H\u00f6he 2.0 cm x Breite 4.0 cm<br \/>\nGrundfarbe: Weiss<br \/>\nLinks von oben: Nummer des Versicherers \/ Kantonsbezeichnung \/ Seriennummer<br \/>\nRechts: Geltungsjahr<br \/>\nAlle weiteren Definitionen gem\u00e4ss Verkehrsversicherungsverordnung: <a href=\"https:\/\/www.velonummern.ch\/wp-content\/uploads\/2023\/07\/1989-Fahrradvignette-gemass-Verordnungen-VVV-und-BAV-ab-1990.pdf\">[DOKUMENT]<\/a><\/p>\n<p>Sammlung: Bruno Hagmann<\/p>\n<p>&nbsp;<\/p>\n<p>Nach \u00fcber 90 Jahren wird das gepr\u00e4gte Fahrradkennzeichen, die eigentliche Velonummer, mit ihrem letzten Jahrgang von 1988 abgeschafft <a href=\"https:\/\/www.velonummern.ch\/produkte\/1988\/\">[BILD]<\/a>. Seit 1989 ist die Haftpflichtversicherung der einzige Grund, weshalb das Fahrradkennzeichen, in Form der Velovignette, nochmals bis Ende 2011 eine letzte Gnadenfrist von 23 Jahren erh\u00e4lt. Bis dahin werden in s\u00e4mtlichen Kantonen, an Stelle der gepr\u00e4gten Schilder, selbstklebende Velovignetten ausgegeben <a href=\"https:\/\/www.velonummern.ch\/archiv\/1989-2011-velovignetten-fahrradvignetten\/\">[BILD]<\/a>. Nur der Kanton Jura hat 1988 bereits auf Vignette umgestellt <a href=\"https:\/\/www.velonummern.ch\/archiv\/1988-ju-das-jura-hybrid-fahrradkennzeichen\/\">[BILD]<\/a>.<\/p>\n<p>Nach dem provisorischen Vignetten-Jahr 1989, welches das Eidgen\u00f6ssische Justiz- und Polizei\u00addepartement EJPD per Weisung erlassen hat <a href=\"https:\/\/www.velonummern.ch\/wp-content\/uploads\/2023\/07\/1988-EJPD-Weisungen-Fahrradkennzeichen-fur-das-Jahr-1989.pdf\">[DOKUMENT]<\/a>, treten die \u00c4nderungen der Verkehrs\u00adversicherungsverordnung (VVV) und der Verordnung \u00fcber Bau und Ausr\u00fcstung der Strassenfahrzeuge (BAV) vom 24. Mai 1989 per 1. Januar 1990 in Kraft.<\/p>\n<p>Im 3. Teil der Verkehrsversicherungsverordnung von 1959 wird nun die Haftpflichtversicherung der Fahrr\u00e4der und damit insbesondere die neu eingef\u00fchrte Velovignette (offiziell \u00abFahrradvignette\u00bb) wie folgt erg\u00e4nzt <a href=\"https:\/\/www.velonummern.ch\/wp-content\/uploads\/2023\/07\/1989-Fahrradvignette-gemass-Verordnungen-VVV-und-BAV-ab-1990.pdf\">[DOKUMENT]<\/a>.<\/p>\n<p>Alles \u00fcber die Velonummern und die Velovignetten erfahren Sie in der: <a href=\"https:\/\/www.velonummern.ch\/geschichte\/\">Geschichte der Schweizer Fahrradkennzeichen<\/a><\/p>\n","protected":false},"excerpt":{"rendered":"<p>Kanton: Valais<br \/>\nKantons-Code: 23 (gem\u00e4ss Abfolge in der Bundesverfassung)<br \/>\nJahr: 2011 = letzter Jahrgang<\/p>\n<p>Material: Selbstklebende Folie<br \/>\nAbmessungen: H\u00f6he 2.0 cm x Breite 4.0 cm<br \/>\nGrundfarbe: Weiss<br \/>\nLinks von oben: Nummer des Versicherers \/ Kantonsbezeichnung \/ Seriennummer<br \/>\nRechts: Geltungsjahr<br \/>\nAlle weiteren Definitionen gem\u00e4ss Verkehrsversicherungsverordnung: <a href=\"https:\/\/www.velonummern.ch\/wp-content\/uploads\/2023\/07\/1989-Fahrradvignette-gemass-Verordnungen-VVV-und-BAV-ab-1990.pdf\">[DOKUMENT]<\/a><\/p>\n<p>Sammlung: Bruno Hagmann<\/p>\n<p>&nbsp;<\/p>\n<p>Nach \u00fcber 90 Jahren wird das gepr\u00e4gte Fahrradkennzeichen, die eigentliche Velonummer, mit ihrem letzten Jahrgang von 1988 abgeschafft <a href=\"https:\/\/www.velonummern.ch\/produkte\/1988\/\">[BILD]<\/a>. Seit 1989 ist die Haftpflichtversicherung der einzige Grund, weshalb das Fahrradkennzeichen, in Form der Velovignette, nochmals bis Ende 2011 eine letzte Gnadenfrist von 23 Jahren erh\u00e4lt. Bis dahin werden in s\u00e4mtlichen Kantonen, an Stelle der gepr\u00e4gten Schilder, selbstklebende Velovignetten ausgegeben <a href=\"https:\/\/www.velonummern.ch\/archiv\/1989-2011-velovignetten-fahrradvignetten\/\">[BILD]<\/a>. Nur der Kanton Jura hat 1988 bereits auf Vignette umgestellt <a href=\"https:\/\/www.velonummern.ch\/archiv\/1988-ju-das-jura-hybrid-fahrradkennzeichen\/\">[BILD]<\/a>.<\/p>\n<p>Nach dem provisorischen Vignetten-Jahr 1989, welches das Eidgen\u00f6ssische Justiz- und Polizei\u00addepartement EJPD per Weisung erlassen hat <a href=\"https:\/\/www.velonummern.ch\/wp-content\/uploads\/2023\/07\/1988-EJPD-Weisungen-Fahrradkennzeichen-fur-das-Jahr-1989.pdf\">[DOKUMENT]<\/a>, treten die \u00c4nderungen der Verkehrs\u00adversicherungsverordnung (VVV) und der Verordnung \u00fcber Bau und Ausr\u00fcstung der Strassenfahrzeuge (BAV) vom 24. Mai 1989 per 1. Januar 1990 in Kraft.<\/p>\n<p>Im 3. Teil der Verkehrsversicherungsverordnung von 1959 wird nun die Haftpflichtversicherung der Fahrr\u00e4der und damit insbesondere die neu eingef\u00fchrte Velovignette (offiziell \u00abFahrradvignette\u00bb) wie folgt erg\u00e4nzt <a href=\"https:\/\/www.velonummern.ch\/wp-content\/uploads\/2023\/07\/1989-Fahrradvignette-gemass-Verordnungen-VVV-und-BAV-ab-1990.pdf\">[DOKUMENT]<\/a>.<\/p>\n<p>Alles \u00fcber die Velonummern und die Velovignetten erfahren Sie in der: <a href=\"https:\/\/www.velonummern.ch\/geschichte\/\">Geschichte der Schweizer Fahrradkennzeichen<\/a><\/p>\n","protected":false},"featured_media":25486,"template":"","meta":{"_acf_changed":false,"inline_featured_image":false},"product_brand":[],"product_cat":[250,234],"product_tag":[],"class_list":{"0":"post-25485","1":"product","2":"type-product","3":"status-publish","4":"has-post-thumbnail","6":"product_cat-250","7":"product_cat-vs-valais","9":"first","10":"instock","11":"sold-individually","12":"shipping-taxable","13":"product-type-simple"},"acf":[],"yoast_head":"<!-- This site is optimized with the Yoast SEO plugin v27.4 - https:\/\/yoast.com\/product\/yoast-seo-wordpress\/ -->\n<title>Fahrradkennzeichen VS 2011 Vignette; Kantons-Code 23 | Museum of Swiss Bicycle License Plates<\/title>\n<meta name=\"description\" content=\"Velo-Vignette Kanton Valais, Jahrgang 2011, VS 2011, Kantons-Code 23. Das letzte je in der Schweiz ausgegebene Fahrradkennzeichen, Velonummer.\" \/>\n<meta name=\"robots\" content=\"index, follow, max-snippet:-1, max-image-preview:large, max-video-preview:-1\" \/>\n<link rel=\"canonical\" href=\"https:\/\/www.velonummern.ch\/en\/produkt\/vs-2011-vignette-kantons-code-23\/\" \/>\n<meta name=\"twitter:label1\" content=\"Est. reading time\" \/>\n\t<meta name=\"twitter:data1\" content=\"1 minute\" \/>\n<script type=\"application\/ld+json\" class=\"yoast-schema-graph\">{\"@context\":\"https:\\\/\\\/schema.org\",\"@graph\":[{\"@type\":\"WebPage\",\"@id\":\"https:\\\/\\\/www.velonummern.ch\\\/en\\\/produkt\\\/vs-2011-vignette-kantons-code-23\\\/\",\"url\":\"https:\\\/\\\/www.velonummern.ch\\\/en\\\/produkt\\\/vs-2011-vignette-kantons-code-23\\\/\",\"name\":\"Fahrradkennzeichen VS 2011 Vignette; Kantons-Code 23 | Museum of Swiss Bicycle License Plates\",\"isPartOf\":{\"@id\":\"https:\\\/\\\/www.velonummern.ch\\\/en\\\/#website\"},\"primaryImageOfPage\":{\"@id\":\"https:\\\/\\\/www.velonummern.ch\\\/en\\\/produkt\\\/vs-2011-vignette-kantons-code-23\\\/#primaryimage\"},\"image\":{\"@id\":\"https:\\\/\\\/www.velonummern.ch\\\/en\\\/produkt\\\/vs-2011-vignette-kantons-code-23\\\/#primaryimage\"},\"thumbnailUrl\":\"https:\\\/\\\/www.velonummern.ch\\\/wp-content\\\/uploads\\\/2025\\\/01\\\/VS-23-Vignette-Bruno-Hagmann.png\",\"datePublished\":\"2025-02-24T14:26:57+00:00\",\"description\":\"Velo-Vignette Kanton Valais, Jahrgang 2011, VS 2011, Kantons-Code 23. Das letzte je in der Schweiz ausgegebene Fahrradkennzeichen, Velonummer.\",\"breadcrumb\":{\"@id\":\"https:\\\/\\\/www.velonummern.ch\\\/en\\\/produkt\\\/vs-2011-vignette-kantons-code-23\\\/#breadcrumb\"},\"inLanguage\":\"en-US\",\"potentialAction\":[{\"@type\":\"ReadAction\",\"target\":[\"https:\\\/\\\/www.velonummern.ch\\\/en\\\/produkt\\\/vs-2011-vignette-kantons-code-23\\\/\"]}]},{\"@type\":\"ImageObject\",\"inLanguage\":\"en-US\",\"@id\":\"https:\\\/\\\/www.velonummern.ch\\\/en\\\/produkt\\\/vs-2011-vignette-kantons-code-23\\\/#primaryimage\",\"url\":\"https:\\\/\\\/www.velonummern.ch\\\/wp-content\\\/uploads\\\/2025\\\/01\\\/VS-23-Vignette-Bruno-Hagmann.png\",\"contentUrl\":\"https:\\\/\\\/www.velonummern.ch\\\/wp-content\\\/uploads\\\/2025\\\/01\\\/VS-23-Vignette-Bruno-Hagmann.png\",\"width\":2000,\"height\":2000},{\"@type\":\"BreadcrumbList\",\"@id\":\"https:\\\/\\\/www.velonummern.ch\\\/en\\\/produkt\\\/vs-2011-vignette-kantons-code-23\\\/#breadcrumb\",\"itemListElement\":[{\"@type\":\"ListItem\",\"position\":1,\"name\":\"Startseite\",\"item\":\"https:\\\/\\\/www.velonummern.ch\\\/en\\\/\"},{\"@type\":\"ListItem\",\"position\":2,\"name\":\"Products\",\"item\":\"https:\\\/\\\/www.velonummern.ch\\\/en\\\/shop\\\/\"},{\"@type\":\"ListItem\",\"position\":3,\"name\":\"VS 2011 Vignette; Kantons-Code 23\"}]},{\"@type\":\"WebSite\",\"@id\":\"https:\\\/\\\/www.velonummern.ch\\\/en\\\/#website\",\"url\":\"https:\\\/\\\/www.velonummern.ch\\\/en\\\/\",\"name\":\"Museum of Swiss Bicycle License Plates\",\"description\":\"\",\"publisher\":{\"@id\":\"https:\\\/\\\/www.velonummern.ch\\\/en\\\/#organization\"},\"potentialAction\":[{\"@type\":\"SearchAction\",\"target\":{\"@type\":\"EntryPoint\",\"urlTemplate\":\"https:\\\/\\\/www.velonummern.ch\\\/en\\\/?s={search_term_string}\"},\"query-input\":{\"@type\":\"PropertyValueSpecification\",\"valueRequired\":true,\"valueName\":\"search_term_string\"}}],\"inLanguage\":\"en-US\"},{\"@type\":\"Organization\",\"@id\":\"https:\\\/\\\/www.velonummern.ch\\\/en\\\/#organization\",\"name\":\"Museum of Swiss Bicycle License Plates\",\"url\":\"https:\\\/\\\/www.velonummern.ch\\\/en\\\/\",\"logo\":{\"@type\":\"ImageObject\",\"inLanguage\":\"en-US\",\"@id\":\"https:\\\/\\\/www.velonummern.ch\\\/en\\\/#\\\/schema\\\/logo\\\/image\\\/\",\"url\":\"https:\\\/\\\/www.velonummern.ch\\\/wp-content\\\/uploads\\\/2022\\\/04\\\/logo-de-1.svg\",\"contentUrl\":\"https:\\\/\\\/www.velonummern.ch\\\/wp-content\\\/uploads\\\/2022\\\/04\\\/logo-de-1.svg\",\"width\":\"1024\",\"height\":\"1024\",\"caption\":\"Museum of Swiss Bicycle License Plates\"},\"image\":{\"@id\":\"https:\\\/\\\/www.velonummern.ch\\\/en\\\/#\\\/schema\\\/logo\\\/image\\\/\"}}]}<\/script>\n<!-- \/ Yoast SEO plugin. -->","yoast_head_json":{"title":"Fahrradkennzeichen VS 2011 Vignette; Kantons-Code 23 | Museum of Swiss Bicycle License Plates","description":"Velo-Vignette Kanton Valais, Jahrgang 2011, VS 2011, Kantons-Code 23. Das letzte je in der Schweiz ausgegebene Fahrradkennzeichen, Velonummer.","robots":{"index":"index","follow":"follow","max-snippet":"max-snippet:-1","max-image-preview":"max-image-preview:large","max-video-preview":"max-video-preview:-1"},"canonical":"https:\/\/www.velonummern.ch\/en\/produkt\/vs-2011-vignette-kantons-code-23\/","twitter_misc":{"Est. reading time":"1 minute"},"schema":{"@context":"https:\/\/schema.org","@graph":[{"@type":"WebPage","@id":"https:\/\/www.velonummern.ch\/en\/produkt\/vs-2011-vignette-kantons-code-23\/","url":"https:\/\/www.velonummern.ch\/en\/produkt\/vs-2011-vignette-kantons-code-23\/","name":"Fahrradkennzeichen VS 2011 Vignette; Kantons-Code 23 | Museum of Swiss Bicycle License Plates","isPartOf":{"@id":"https:\/\/www.velonummern.ch\/en\/#website"},"primaryImageOfPage":{"@id":"https:\/\/www.velonummern.ch\/en\/produkt\/vs-2011-vignette-kantons-code-23\/#primaryimage"},"image":{"@id":"https:\/\/www.velonummern.ch\/en\/produkt\/vs-2011-vignette-kantons-code-23\/#primaryimage"},"thumbnailUrl":"https:\/\/www.velonummern.ch\/wp-content\/uploads\/2025\/01\/VS-23-Vignette-Bruno-Hagmann.png","datePublished":"2025-02-24T14:26:57+00:00","description":"Velo-Vignette Kanton Valais, Jahrgang 2011, VS 2011, Kantons-Code 23. Das letzte je in der Schweiz ausgegebene Fahrradkennzeichen, Velonummer.","breadcrumb":{"@id":"https:\/\/www.velonummern.ch\/en\/produkt\/vs-2011-vignette-kantons-code-23\/#breadcrumb"},"inLanguage":"en-US","potentialAction":[{"@type":"ReadAction","target":["https:\/\/www.velonummern.ch\/en\/produkt\/vs-2011-vignette-kantons-code-23\/"]}]},{"@type":"ImageObject","inLanguage":"en-US","@id":"https:\/\/www.velonummern.ch\/en\/produkt\/vs-2011-vignette-kantons-code-23\/#primaryimage","url":"https:\/\/www.velonummern.ch\/wp-content\/uploads\/2025\/01\/VS-23-Vignette-Bruno-Hagmann.png","contentUrl":"https:\/\/www.velonummern.ch\/wp-content\/uploads\/2025\/01\/VS-23-Vignette-Bruno-Hagmann.png","width":2000,"height":2000},{"@type":"BreadcrumbList","@id":"https:\/\/www.velonummern.ch\/en\/produkt\/vs-2011-vignette-kantons-code-23\/#breadcrumb","itemListElement":[{"@type":"ListItem","position":1,"name":"Startseite","item":"https:\/\/www.velonummern.ch\/en\/"},{"@type":"ListItem","position":2,"name":"Products","item":"https:\/\/www.velonummern.ch\/en\/shop\/"},{"@type":"ListItem","position":3,"name":"VS 2011 Vignette; Kantons-Code 23"}]},{"@type":"WebSite","@id":"https:\/\/www.velonummern.ch\/en\/#website","url":"https:\/\/www.velonummern.ch\/en\/","name":"Museum of Swiss Bicycle License Plates","description":"","publisher":{"@id":"https:\/\/www.velonummern.ch\/en\/#organization"},"potentialAction":[{"@type":"SearchAction","target":{"@type":"EntryPoint","urlTemplate":"https:\/\/www.velonummern.ch\/en\/?s={search_term_string}"},"query-input":{"@type":"PropertyValueSpecification","valueRequired":true,"valueName":"search_term_string"}}],"inLanguage":"en-US"},{"@type":"Organization","@id":"https:\/\/www.velonummern.ch\/en\/#organization","name":"Museum of Swiss Bicycle License Plates","url":"https:\/\/www.velonummern.ch\/en\/","logo":{"@type":"ImageObject","inLanguage":"en-US","@id":"https:\/\/www.velonummern.ch\/en\/#\/schema\/logo\/image\/","url":"https:\/\/www.velonummern.ch\/wp-content\/uploads\/2022\/04\/logo-de-1.svg","contentUrl":"https:\/\/www.velonummern.ch\/wp-content\/uploads\/2022\/04\/logo-de-1.svg","width":"1024","height":"1024","caption":"Museum of Swiss Bicycle License Plates"},"image":{"@id":"https:\/\/www.velonummern.ch\/en\/#\/schema\/logo\/image\/"}}]}},"_links":{"self":[{"href":"https:\/\/www.velonummern.ch\/en\/wp-json\/wp\/v2\/product\/25485","targetHints":{"allow":["GET"]}}],"collection":[{"href":"https:\/\/www.velonummern.ch\/en\/wp-json\/wp\/v2\/product"}],"about":[{"href":"https:\/\/www.velonummern.ch\/en\/wp-json\/wp\/v2\/types\/product"}],"wp:featuredmedia":[{"embeddable":true,"href":"https:\/\/www.velonummern.ch\/en\/wp-json\/wp\/v2\/media\/25486"}],"wp:attachment":[{"href":"https:\/\/www.velonummern.ch\/en\/wp-json\/wp\/v2\/media?parent=25485"}],"wp:term":[{"taxonomy":"product_brand","embeddable":true,"href":"https:\/\/www.velonummern.ch\/en\/wp-json\/wp\/v2\/product_brand?post=25485"},{"taxonomy":"product_cat","embeddable":true,"href":"https:\/\/www.velonummern.ch\/en\/wp-json\/wp\/v2\/product_cat?post=25485"},{"taxonomy":"product_tag","embeddable":true,"href":"https:\/\/www.velonummern.ch\/en\/wp-json\/wp\/v2\/product_tag?post=25485"}],"curies":[{"name":"wp","href":"https:\/\/api.w.org\/{rel}","templated":true}]}}