{"id":26652,"date":"2025-04-04T09:13:23","date_gmt":"2025-04-04T07:13:23","guid":{"rendered":"https:\/\/www.velonummern.ch\/?post_type=product&#038;p=26652"},"modified":"2025-09-08T12:46:12","modified_gmt":"2025-09-08T10:46:12","slug":"zh-1893-1902-stadt-zuerich-10295-rechts","status":"publish","type":"product","link":"https:\/\/www.velonummern.ch\/en\/produkt\/zh-1893-1902-stadt-zuerich-10295-rechts\/","title":{"rendered":"ZH 1893-1902 \/ Stadt Z\u00fcrich \/ 10295 rechts"},"content":{"rendered":"<h2><strong>ZH 1893-1902 \/ Stadt Z\u00fcrich \/ 10295<\/strong><\/h2>\n<h2><a href=\"https:\/\/www.velonummern.ch\/produkt\/zh-1893-1902-stadt-zuerich-10295-links\/\" target=\"_blank\" rel=\"noopener\"><span style=\"color: #ff0000;\">Sponsor f\u00fcr das Verkehrshaus gesucht [LINK]<\/span><\/a><\/h2>\n<h2><strong>Sensationeller Fund<\/strong><\/h2>\n<p>&nbsp;<\/p>\n<p>Dieses in mancher Hinsicht besondere Fahrradkennzeichen der Stadt Z\u00fcrich hat das Schweizer Velonummern Museum am 2. April 2025 zum Wiederverkauf von einer Erbengemeinschaft erworben. Es wurde im Haus des Grossvaters gefunden, welcher im Kanton Z\u00fcrich, im Bezirk Affoltern gelebt hat. Den Reinerl\u00f6s aus dem Verkauf dieser Velonummer verwendet der Verein f\u00fcr den Unterhalt seines Online-Museums und f\u00fcr die Vervollst\u00e4ndigung der Publikation \u201c<a href=\"https:\/\/www.velonummern.ch\/wp-content\/uploads\/2023\/11\/Geschichte-der-Schweizer-Fahrradkennzeichen-1892-2011.pdf\"><span style=\"color: #ff0000;\">Die Geschichte der Schweizer Fahrradkennzeichen 1892-2011<\/span><\/a>\u201c.<\/p>\n<h2>Die erste Velonummer der Schweiz; wer hat\u2019s erfunden?<\/h2>\n<p>&nbsp;<\/p>\n<p>Die ersten Fahrradkennzeichen der Schweiz wurden am 20. Juni 1893 nicht von einem Kanton, sondern von der Stadt Z\u00fcrich ausgegeben. Das Schild \u00ab10295\u00bb wurde vor \u00fcber 125 Jahren, im Fr\u00fchling 1900 ausgegeben. Diese Stadt-Schilder wurden im \u00abPrim\u00e4r-Design\u00bb hergestellt und mussten vorne am Velo befestigt werden. Die Kontrollschilder wiesen lediglich eine grosse Nummer auf, welche von beiden Seiten gelesen werden konnte. Ausserdem ist auf diesem Schild (auf der linken Seite) eine kleine Gravierung des Herstellers \u00abDAUBENMEIER &amp; MEYER\u00bb angebracht. Dass der Grossvater, welcher seinen Erben diese Velonummer hinterlassen hat, offenbar im Bezirk Affoltern gewohnt hat, widerspricht der Stadt-Herkunft des Schildes nicht. Denn in der Stadt Z\u00fcrich mussten gem\u00e4ss der <a href=\"https:\/\/www.velonummern.ch\/archiv\/1893-zh-polizeiverordnung-der-stadt-zuerich-mit-velonummern\/\"><span style=\"color: #ff0000;\">Polizeiverordnung von 1893<\/span><\/a> nicht nur die Einwohner der Stadt, sondern auch \u00abAusw\u00e4rtswohnende, die regelm\u00e4ssig in die Stadt fahren\u00bb eine Nummer f\u00fcr ihr Fahrrad erwerben; also z.B. auch alle Leute, die mit dem Velo zur Arbeit in die Stadt kamen.<\/p>\n<h2>Die Gesch\u00e4ftsberichte des Stadtrats<\/h2>\n<p>&nbsp;<\/p>\n<p>Dank den Gesch\u00e4ftsberichten des Stadtrats lassen sich, im Unterschied zu den meisten Kantonen, diese ersten Velonummern einigermassen exakt ihren Ausgabejahren zuordnen. Lediglich f\u00fcr die Jahre 1894 bis 1896 k\u00f6nnen die Nummernkreise nicht ganz genau bestimmt werden. Von den insgesamt 14\u2019000 hergestellten Schildern wurden von der Stadt, bis Ende 1901, 13\u2019120 Nummern ausgegeben. Von diesen 14\u2019000 Schildern sind unseres Wissens weltweit nur noch zwei vorhanden, wovon unseres das besser erhaltene ist. Das \u00e4lteste aus dem Jahr 1896 ist die <a href=\"https:\/\/www.velonummern.ch\/produkt\/zh-1893-1902-stadt-zuerich-3717\/\"><span style=\"color: #ff0000;\">Velonummer \u201c3717\u201d<\/span><\/a>. Die Velonummer \u00ab10295\u00bb wurde im Jahr 1900 ausgegeben und war bis 1902 g\u00fcltig. Eine weitere Besonderheit der Nummerntafel \u00ab10295\u00bb ist, dass sie schweizweit das einzige bekannte Fahrradkennzeichen im \u00abPrim\u00e4r-Design\u00bb (Befestigung vorne) mit einer 5-stelligen Nummer ist. Alle Angaben Stand September 2025.<\/p>\n<h2>Die Bestimmung der Herkunft<\/h2>\n<p>&nbsp;<\/p>\n<p>Da auf dem Schild keine Angaben \u00fcber die Stadt oder den Kanton zu finden sind, ist die Bestimmung der Herkunft dieser ersten Velonummern \u00e4usserst schwierig. Doch ein Fund im Staatsarchiv des Kantons Z\u00fcrich l\u00f6st das R\u00e4tsel. Am 1. M\u00e4rz 1902 \u00fcbernimmt der Kanton das Velonummern-Zepter, welcher auch 801 (13200 \u2013 14000) der \u00fcberz\u00e4hligen Schilder der Stadt zur Weiterverwendung \u00fcbernimmt. Genau diese 801 vom Kanton \u00fcbernommenen Fahrradkennzeichen sind es auch, mit welchen sich belegen l\u00e4sst, dass es sich bei diesen 14\u2019000 Schildern im \u00abPrim\u00e4r-Design\u00bb um die von der Stadt Z\u00fcrich in Auftrag gegebenen ersten Velonummern der Schweiz handelt. Denn dieser vom Kanton \u00fcbernommene Restposten \u00abZ\u00fcrich 13200 \u2013 14000\u00bb erscheint im Verzeichnis der ersten \u00abNummerntafeln\u00bb des Kantons mit dem Hersteller-Vermerk \u00abvon Daubenmeier u. Meyer\u00bb, womit sich der Kreis schliesst <a href=\"https:\/\/www.velonummern.ch\/wp-content\/uploads\/2024\/01\/1902-1913-ZH-Verzeichnis-der-ersten-Nummerntafeln.pdf\"><span style=\"color: #ff0000;\">[DOKUMENT]<\/span><\/a>.<\/p>\n<p>Stadt Z\u00fcrich<br \/>\nModell: 1893-1902<br \/>\nNummer: 10295<br \/>\nAusgabe-Jahr: 1900 (Nummern 10000 &#8211; 11630)<br \/>\nNachweis: <a href=\"https:\/\/amsquery.stadt-zuerich.ch\/Dateien\/30\/D151976.pdf\"><span style=\"color: #ff0000;\">Gesch\u00e4ftsbericht Stadtrat Z\u00fcrich 1896 (Seite 72)<\/span><\/a><br \/>\nHersteller Gravur: DAUBENMEIER &amp; MEYER<br \/>\nBefestigung: vorne<br \/>\nAnsicht: Fahrtrichtung rechte Seite<\/p>\n<p>Die Velonummer wurde im urspr\u00fcnglichen Zustand belassen. Wir haben keinerlei Restauration vorgenommen.\u00a0Zu diesem Kennzeichen geh\u00f6rt ausserdem der originale Ring, mit welchem das Schild an der Bremsstange des Velos befestigt wurde.<\/p>\n<p>Material: Stahlblech oder Messing genietet<br \/>\nAbmessungen ohne Befestigungs-Lasche: 13.9 x 5.7 cm<br \/>\nAbmessungen mit Befestigungs-Lasche: 15.3 x 5.7 cm<\/p>\n<p><a href=\"https:\/\/www.velonummern.ch\/geschichte\/\" target=\"_blank\" rel=\"noopener\"><span style=\"color: #ff0000;\">Mehr zu den ersten Velonummern der Schweiz erfahren Sie in der Geschichte der Schweizer Fahrradkennzeichen<\/span><\/a><\/p>\n","protected":false},"excerpt":{"rendered":"<h2><a href=\"https:\/\/www.velonummern.ch\/produkt\/zh-1893-1902-stadt-zuerich-10295-links\/\" target=\"_blank\" rel=\"noopener\"><span style=\"color: #ff0000;\">Sponsor f\u00fcr das Verkehrshaus gesucht [LINK]<\/span><\/a><\/h2>\n<h2><strong>Sensationeller Fund<\/strong><\/h2>\n<p>&nbsp;<\/p>\n<p>Dieses in mancher Hinsicht besondere Fahrradkennzeichen der Stadt Z\u00fcrich hat das Schweizer Velonummern Museum am 2. April 2025 zum Wiederverkauf von einer Erbengemeinschaft erworben. Es wurde im Haus des Grossvaters gefunden, welcher im Kanton Z\u00fcrich, im Bezirk Affoltern gelebt hat. Den Reinerl\u00f6s aus dem Verkauf dieser Velonummer verwendet der Verein f\u00fcr den Unterhalt seines Online-Museums und f\u00fcr die Vervollst\u00e4ndigung der Publikation \u201c<span style=\"color: #ff0000;\"><a style=\"color: #ff0000;\" href=\"https:\/\/www.velonummern.ch\/wp-content\/uploads\/2023\/11\/Geschichte-der-Schweizer-Fahrradkennzeichen-1892-2011.pdf\">Die Geschichte der Schweizer Fahrradkennzeichen 1892-2011<\/a><\/span>\u201c.<\/p>\n<h2>Die erste Velonummer der Schweiz; wer hat\u2019s erfunden?<\/h2>\n<p>&nbsp;<\/p>\n<p>Die ersten Fahrradkennzeichen der Schweiz wurden am 20. Juni 1893 nicht von einem Kanton, sondern von der Stadt Z\u00fcrich ausgegeben. Das Schild \u00ab10295\u00bb wurde vor \u00fcber 125 Jahren, im Fr\u00fchling 1900 ausgegeben. Diese Stadt-Schilder wurden im \u00abPrim\u00e4r-Design\u00bb hergestellt und mussten vorne am Velo befestigt werden. Die Kontrollschilder wiesen lediglich eine grosse Nummer auf, welche von beiden Seiten gelesen werden konnte. Ausserdem ist auf diesem Schild (auf der linken Seite) eine kleine Gravierung des Herstellers \u00abDAUBENMEIER &amp; MEYER\u00bb angebracht. Dass der Grossvater, welcher seinen Erben diese Velonummer hinterlassen hat, offenbar im Bezirk Affoltern gewohnt hat, widerspricht der Stadt-Herkunft des Schildes nicht. Denn in der Stadt Z\u00fcrich mussten gem\u00e4ss der <span style=\"color: #ff0000;\"><a style=\"color: #ff0000;\" href=\"https:\/\/www.velonummern.ch\/archiv\/1893-zh-polizeiverordnung-der-stadt-zuerich-mit-velonummern\/\">Polizeiverordnung von 1893<\/a><\/span> nicht nur die Einwohner der Stadt, sondern auch \u00abAusw\u00e4rtswohnende, die regelm\u00e4ssig in die Stadt fahren\u00bb eine Nummer f\u00fcr ihr Fahrrad erwerben; also z.B. auch alle Leute, die mit dem Velo zur Arbeit in die Stadt kamen.<\/p>\n<h2>Die Gesch\u00e4ftsberichte des Stadtrats<\/h2>\n<p>&nbsp;<\/p>\n<p>Dank den Gesch\u00e4ftsberichten des Stadtrats lassen sich, im Unterschied zu den meisten Kantonen, diese ersten Velonummern einigermassen exakt ihren Ausgabejahren zuordnen. Lediglich f\u00fcr die Jahre 1894 bis 1896 k\u00f6nnen die Nummernkreise nicht ganz genau bestimmt werden. Von den insgesamt 14\u2019000 hergestellten Schildern wurden von der Stadt, bis Ende 1901, 13\u2019120 Nummern ausgegeben. Von diesen 14\u2019000 Schildern sind unseres Wissens weltweit nur noch zwei vorhanden, wovon unseres das besser erhaltene ist. Das \u00e4lteste aus dem Jahr 1896 ist die <a href=\"https:\/\/www.velonummern.ch\/produkt\/zh-1893-1902-stadt-zuerich-3717\/\"><span style=\"color: #ff0000;\">Velonummer \u201c3717\u201d<\/span><\/a>. Die Velonummer \u00ab10295\u00bb wurde im Jahr 1900 ausgegeben und war bis 1902 g\u00fcltig. Eine weitere Besonderheit der Nummerntafel \u00ab10295\u00bb ist, dass sie schweizweit das einzige bekannte Fahrradkennzeichen im \u00abPrim\u00e4r-Design\u00bb (Befestigung vorne) mit einer 5-stelligen Nummer ist. Alle Angaben Stand September 2025.<\/p>\n<h2>Die Bestimmung der Herkunft<\/h2>\n<p>&nbsp;<\/p>\n<p>Da auf dem Schild keine Angaben \u00fcber die Stadt oder den Kanton zu finden sind, ist die Bestimmung der Herkunft dieser ersten Velonummern \u00e4usserst schwierig. Doch ein Fund im Staatsarchiv des Kantons Z\u00fcrich l\u00f6st das R\u00e4tsel. Am 1. M\u00e4rz 1902 \u00fcbernimmt der Kanton das Velonummern-Zepter, welcher auch 801 (13200 \u2013 14000) der \u00fcberz\u00e4hligen Schilder der Stadt zur Weiterverwendung \u00fcbernimmt. Genau diese 801 vom Kanton \u00fcbernommenen Fahrradkennzeichen sind es auch, mit welchen sich belegen l\u00e4sst, dass es sich bei diesen 14\u2019000 Schildern im \u00abPrim\u00e4r-Design\u00bb um die von der Stadt Z\u00fcrich in Auftrag gegebenen ersten Velonummern der Schweiz handelt. Denn dieser vom Kanton \u00fcbernommene Restposten \u00abZ\u00fcrich 13200 \u2013 14000\u00bb erscheint im Verzeichnis der ersten \u00abNummerntafeln\u00bb des Kantons mit dem Hersteller-Vermerk \u00abvon Daubenmeier u. Meyer\u00bb, womit sich der Kreis schliesst <a href=\"https:\/\/www.velonummern.ch\/wp-content\/uploads\/2024\/01\/1902-1913-ZH-Verzeichnis-der-ersten-Nummerntafeln.pdf\"><span style=\"color: #ff0000;\">[DOKUMENT]<\/span><\/a>.<\/p>\n<p>Stadt Z\u00fcrich<br \/>\nModell: 1893-1902<br \/>\nNummer: 10295<br \/>\nAusgabe-Jahr: 1900 (Nummern 10000 &#8211; 11630)<br \/>\nNachweis: <span style=\"color: #ff0000;\"><a style=\"color: #ff0000;\" href=\"https:\/\/amsquery.stadt-zuerich.ch\/Dateien\/30\/D151976.pdf\">Gesch\u00e4ftsbericht Stadtrat Z\u00fcrich 1896 (Seite 72)<\/a><\/span><br \/>\nHersteller Gravur: DAUBENMEIER &amp; MEYER<br \/>\nBefestigung: vorne<br \/>\nAnsicht: Fahrtrichtung rechte Seite<\/p>\n<p>Die Velonummer wurde im urspr\u00fcnglichen Zustand belassen. Wir haben keinerlei Restauration vorgenommen.\u00a0Zu diesem Kennzeichen geh\u00f6rt ausserdem der originale Ring, mit welchem das Schild an der Bremsstange des Velos befestigt wurde.<\/p>\n<p>Material: Stahlblech oder Messing genietet<br \/>\nAbmessungen ohne Befestigungs-Lasche: 13.9 x 5.7 cm<br \/>\nAbmessungen mit Befestigungs-Lasche: 15.3 x 5.7 cm<\/p>\n<p><a href=\"https:\/\/www.velonummern.ch\/geschichte\/\" target=\"_blank\" rel=\"noopener\"><span style=\"color: #ff0000;\">Mehr zu den ersten Velonummern der Schweiz erfahren Sie in der Geschichte der Schweizer Fahrradkennzeichen<\/span><\/a><\/p>\n","protected":false},"featured_media":26980,"template":"","meta":{"_acf_changed":false,"inline_featured_image":false},"product_brand":[],"product_cat":[166,238,236],"product_tag":[],"class_list":{"0":"post-26652","1":"product","2":"type-product","3":"status-publish","4":"has-post-thumbnail","6":"product_cat-166","7":"product_cat-special-design","8":"product_cat-zh-zurich","10":"first","11":"outofstock","12":"sold-individually","13":"product-type-simple"},"acf":[],"yoast_head":"<!-- This site is optimized with the Yoast SEO plugin v27.5 - https:\/\/yoast.com\/product\/yoast-seo-wordpress\/ -->\n<title>Fahrradkennzeichen ZH 1893-1902 \/ Stadt Z\u00fcrich \/ 10295 rechts | Museum of Swiss Bicycle License Plates<\/title>\n<meta name=\"description\" content=\"Fahrradkennzeichen Stadt Z\u00fcrich \/ Modell 1893-1902 \/ Ausgabejahr 1900 \/ gem\u00e4ss Polizeiverordnung vom 20. Juni 1893 \/ Ansicht: Fahrtrichtung rechte Seite\" \/>\n<meta name=\"robots\" content=\"index, follow, max-snippet:-1, max-image-preview:large, max-video-preview:-1\" \/>\n<link rel=\"canonical\" href=\"https:\/\/www.velonummern.ch\/en\/produkt\/zh-1893-1902-stadt-zuerich-10295-rechts\/\" \/>\n<meta name=\"twitter:label1\" content=\"Est. reading time\" \/>\n\t<meta name=\"twitter:data1\" content=\"3 minutes\" \/>\n<script type=\"application\/ld+json\" class=\"yoast-schema-graph\">{\"@context\":\"https:\\\/\\\/schema.org\",\"@graph\":[{\"@type\":\"WebPage\",\"@id\":\"https:\\\/\\\/www.velonummern.ch\\\/en\\\/produkt\\\/zh-1893-1902-stadt-zuerich-10295-rechts\\\/\",\"url\":\"https:\\\/\\\/www.velonummern.ch\\\/en\\\/produkt\\\/zh-1893-1902-stadt-zuerich-10295-rechts\\\/\",\"name\":\"Fahrradkennzeichen ZH 1893-1902 \\\/ Stadt Z\u00fcrich \\\/ 10295 rechts | Museum of Swiss Bicycle License Plates\",\"isPartOf\":{\"@id\":\"https:\\\/\\\/www.velonummern.ch\\\/en\\\/#website\"},\"primaryImageOfPage\":{\"@id\":\"https:\\\/\\\/www.velonummern.ch\\\/en\\\/produkt\\\/zh-1893-1902-stadt-zuerich-10295-rechts\\\/#primaryimage\"},\"image\":{\"@id\":\"https:\\\/\\\/www.velonummern.ch\\\/en\\\/produkt\\\/zh-1893-1902-stadt-zuerich-10295-rechts\\\/#primaryimage\"},\"thumbnailUrl\":\"https:\\\/\\\/www.velonummern.ch\\\/wp-content\\\/uploads\\\/2025\\\/04\\\/ZH-1893-1902-Stadt-Zuerich-10295-Rechts.jpg\",\"datePublished\":\"2025-04-04T07:13:23+00:00\",\"dateModified\":\"2025-09-08T10:46:12+00:00\",\"description\":\"Fahrradkennzeichen Stadt Z\u00fcrich \\\/ Modell 1893-1902 \\\/ Ausgabejahr 1900 \\\/ gem\u00e4ss Polizeiverordnung vom 20. Juni 1893 \\\/ Ansicht: Fahrtrichtung rechte Seite\",\"breadcrumb\":{\"@id\":\"https:\\\/\\\/www.velonummern.ch\\\/en\\\/produkt\\\/zh-1893-1902-stadt-zuerich-10295-rechts\\\/#breadcrumb\"},\"inLanguage\":\"en-US\",\"potentialAction\":[{\"@type\":\"ReadAction\",\"target\":[\"https:\\\/\\\/www.velonummern.ch\\\/en\\\/produkt\\\/zh-1893-1902-stadt-zuerich-10295-rechts\\\/\"]}]},{\"@type\":\"ImageObject\",\"inLanguage\":\"en-US\",\"@id\":\"https:\\\/\\\/www.velonummern.ch\\\/en\\\/produkt\\\/zh-1893-1902-stadt-zuerich-10295-rechts\\\/#primaryimage\",\"url\":\"https:\\\/\\\/www.velonummern.ch\\\/wp-content\\\/uploads\\\/2025\\\/04\\\/ZH-1893-1902-Stadt-Zuerich-10295-Rechts.jpg\",\"contentUrl\":\"https:\\\/\\\/www.velonummern.ch\\\/wp-content\\\/uploads\\\/2025\\\/04\\\/ZH-1893-1902-Stadt-Zuerich-10295-Rechts.jpg\",\"width\":2000,\"height\":2000},{\"@type\":\"BreadcrumbList\",\"@id\":\"https:\\\/\\\/www.velonummern.ch\\\/en\\\/produkt\\\/zh-1893-1902-stadt-zuerich-10295-rechts\\\/#breadcrumb\",\"itemListElement\":[{\"@type\":\"ListItem\",\"position\":1,\"name\":\"Startseite\",\"item\":\"https:\\\/\\\/www.velonummern.ch\\\/en\\\/\"},{\"@type\":\"ListItem\",\"position\":2,\"name\":\"Products\",\"item\":\"https:\\\/\\\/www.velonummern.ch\\\/en\\\/shop\\\/\"},{\"@type\":\"ListItem\",\"position\":3,\"name\":\"ZH 1893-1902 \\\/ Stadt Z\u00fcrich \\\/ 10295 rechts\"}]},{\"@type\":\"WebSite\",\"@id\":\"https:\\\/\\\/www.velonummern.ch\\\/en\\\/#website\",\"url\":\"https:\\\/\\\/www.velonummern.ch\\\/en\\\/\",\"name\":\"Museum of Swiss Bicycle License Plates\",\"description\":\"\",\"publisher\":{\"@id\":\"https:\\\/\\\/www.velonummern.ch\\\/en\\\/#organization\"},\"potentialAction\":[{\"@type\":\"SearchAction\",\"target\":{\"@type\":\"EntryPoint\",\"urlTemplate\":\"https:\\\/\\\/www.velonummern.ch\\\/en\\\/?s={search_term_string}\"},\"query-input\":{\"@type\":\"PropertyValueSpecification\",\"valueRequired\":true,\"valueName\":\"search_term_string\"}}],\"inLanguage\":\"en-US\"},{\"@type\":\"Organization\",\"@id\":\"https:\\\/\\\/www.velonummern.ch\\\/en\\\/#organization\",\"name\":\"Museum of Swiss Bicycle License Plates\",\"url\":\"https:\\\/\\\/www.velonummern.ch\\\/en\\\/\",\"logo\":{\"@type\":\"ImageObject\",\"inLanguage\":\"en-US\",\"@id\":\"https:\\\/\\\/www.velonummern.ch\\\/en\\\/#\\\/schema\\\/logo\\\/image\\\/\",\"url\":\"https:\\\/\\\/www.velonummern.ch\\\/wp-content\\\/uploads\\\/2022\\\/04\\\/logo-de-1.svg\",\"contentUrl\":\"https:\\\/\\\/www.velonummern.ch\\\/wp-content\\\/uploads\\\/2022\\\/04\\\/logo-de-1.svg\",\"width\":\"1024\",\"height\":\"1024\",\"caption\":\"Museum of Swiss Bicycle License Plates\"},\"image\":{\"@id\":\"https:\\\/\\\/www.velonummern.ch\\\/en\\\/#\\\/schema\\\/logo\\\/image\\\/\"}}]}<\/script>\n<!-- \/ Yoast SEO plugin. -->","yoast_head_json":{"title":"Fahrradkennzeichen ZH 1893-1902 \/ Stadt Z\u00fcrich \/ 10295 rechts | Museum of Swiss Bicycle License Plates","description":"Fahrradkennzeichen Stadt Z\u00fcrich \/ Modell 1893-1902 \/ Ausgabejahr 1900 \/ gem\u00e4ss Polizeiverordnung vom 20. Juni 1893 \/ Ansicht: Fahrtrichtung rechte Seite","robots":{"index":"index","follow":"follow","max-snippet":"max-snippet:-1","max-image-preview":"max-image-preview:large","max-video-preview":"max-video-preview:-1"},"canonical":"https:\/\/www.velonummern.ch\/en\/produkt\/zh-1893-1902-stadt-zuerich-10295-rechts\/","twitter_misc":{"Est. reading time":"3 minutes"},"schema":{"@context":"https:\/\/schema.org","@graph":[{"@type":"WebPage","@id":"https:\/\/www.velonummern.ch\/en\/produkt\/zh-1893-1902-stadt-zuerich-10295-rechts\/","url":"https:\/\/www.velonummern.ch\/en\/produkt\/zh-1893-1902-stadt-zuerich-10295-rechts\/","name":"Fahrradkennzeichen ZH 1893-1902 \/ Stadt Z\u00fcrich \/ 10295 rechts | Museum of Swiss Bicycle License Plates","isPartOf":{"@id":"https:\/\/www.velonummern.ch\/en\/#website"},"primaryImageOfPage":{"@id":"https:\/\/www.velonummern.ch\/en\/produkt\/zh-1893-1902-stadt-zuerich-10295-rechts\/#primaryimage"},"image":{"@id":"https:\/\/www.velonummern.ch\/en\/produkt\/zh-1893-1902-stadt-zuerich-10295-rechts\/#primaryimage"},"thumbnailUrl":"https:\/\/www.velonummern.ch\/wp-content\/uploads\/2025\/04\/ZH-1893-1902-Stadt-Zuerich-10295-Rechts.jpg","datePublished":"2025-04-04T07:13:23+00:00","dateModified":"2025-09-08T10:46:12+00:00","description":"Fahrradkennzeichen Stadt Z\u00fcrich \/ Modell 1893-1902 \/ Ausgabejahr 1900 \/ gem\u00e4ss Polizeiverordnung vom 20. Juni 1893 \/ Ansicht: Fahrtrichtung rechte Seite","breadcrumb":{"@id":"https:\/\/www.velonummern.ch\/en\/produkt\/zh-1893-1902-stadt-zuerich-10295-rechts\/#breadcrumb"},"inLanguage":"en-US","potentialAction":[{"@type":"ReadAction","target":["https:\/\/www.velonummern.ch\/en\/produkt\/zh-1893-1902-stadt-zuerich-10295-rechts\/"]}]},{"@type":"ImageObject","inLanguage":"en-US","@id":"https:\/\/www.velonummern.ch\/en\/produkt\/zh-1893-1902-stadt-zuerich-10295-rechts\/#primaryimage","url":"https:\/\/www.velonummern.ch\/wp-content\/uploads\/2025\/04\/ZH-1893-1902-Stadt-Zuerich-10295-Rechts.jpg","contentUrl":"https:\/\/www.velonummern.ch\/wp-content\/uploads\/2025\/04\/ZH-1893-1902-Stadt-Zuerich-10295-Rechts.jpg","width":2000,"height":2000},{"@type":"BreadcrumbList","@id":"https:\/\/www.velonummern.ch\/en\/produkt\/zh-1893-1902-stadt-zuerich-10295-rechts\/#breadcrumb","itemListElement":[{"@type":"ListItem","position":1,"name":"Startseite","item":"https:\/\/www.velonummern.ch\/en\/"},{"@type":"ListItem","position":2,"name":"Products","item":"https:\/\/www.velonummern.ch\/en\/shop\/"},{"@type":"ListItem","position":3,"name":"ZH 1893-1902 \/ Stadt Z\u00fcrich \/ 10295 rechts"}]},{"@type":"WebSite","@id":"https:\/\/www.velonummern.ch\/en\/#website","url":"https:\/\/www.velonummern.ch\/en\/","name":"Museum of Swiss Bicycle License Plates","description":"","publisher":{"@id":"https:\/\/www.velonummern.ch\/en\/#organization"},"potentialAction":[{"@type":"SearchAction","target":{"@type":"EntryPoint","urlTemplate":"https:\/\/www.velonummern.ch\/en\/?s={search_term_string}"},"query-input":{"@type":"PropertyValueSpecification","valueRequired":true,"valueName":"search_term_string"}}],"inLanguage":"en-US"},{"@type":"Organization","@id":"https:\/\/www.velonummern.ch\/en\/#organization","name":"Museum of Swiss Bicycle License Plates","url":"https:\/\/www.velonummern.ch\/en\/","logo":{"@type":"ImageObject","inLanguage":"en-US","@id":"https:\/\/www.velonummern.ch\/en\/#\/schema\/logo\/image\/","url":"https:\/\/www.velonummern.ch\/wp-content\/uploads\/2022\/04\/logo-de-1.svg","contentUrl":"https:\/\/www.velonummern.ch\/wp-content\/uploads\/2022\/04\/logo-de-1.svg","width":"1024","height":"1024","caption":"Museum of Swiss Bicycle License Plates"},"image":{"@id":"https:\/\/www.velonummern.ch\/en\/#\/schema\/logo\/image\/"}}]}},"_links":{"self":[{"href":"https:\/\/www.velonummern.ch\/en\/wp-json\/wp\/v2\/product\/26652","targetHints":{"allow":["GET"]}}],"collection":[{"href":"https:\/\/www.velonummern.ch\/en\/wp-json\/wp\/v2\/product"}],"about":[{"href":"https:\/\/www.velonummern.ch\/en\/wp-json\/wp\/v2\/types\/product"}],"wp:featuredmedia":[{"embeddable":true,"href":"https:\/\/www.velonummern.ch\/en\/wp-json\/wp\/v2\/media\/26980"}],"wp:attachment":[{"href":"https:\/\/www.velonummern.ch\/en\/wp-json\/wp\/v2\/media?parent=26652"}],"wp:term":[{"taxonomy":"product_brand","embeddable":true,"href":"https:\/\/www.velonummern.ch\/en\/wp-json\/wp\/v2\/product_brand?post=26652"},{"taxonomy":"product_cat","embeddable":true,"href":"https:\/\/www.velonummern.ch\/en\/wp-json\/wp\/v2\/product_cat?post=26652"},{"taxonomy":"product_tag","embeddable":true,"href":"https:\/\/www.velonummern.ch\/en\/wp-json\/wp\/v2\/product_tag?post=26652"}],"curies":[{"name":"wp","href":"https:\/\/api.w.org\/{rel}","templated":true}]}}