{"id":31134,"date":"2026-04-26T13:27:23","date_gmt":"2026-04-26T11:27:23","guid":{"rendered":"https:\/\/www.velonummern.ch\/?post_type=product&#038;p=31134"},"modified":"2026-04-27T14:16:11","modified_gmt":"2026-04-27T12:16:11","slug":"be-1955-gekappte-ecken","status":"publish","type":"product","link":"https:\/\/www.velonummern.ch\/en\/produkt\/be-1955-gekappte-ecken\/","title":{"rendered":"BE 1955 gekappte Ecken"},"content":{"rendered":"","protected":false},"excerpt":{"rendered":"<p>Der Kanton Bern wechselt 1954 direkt vom Banderolen-Design zum Schweizer-Norm-Design. Allerdings pflegt er dabei innerhalb der Norm als einziger Kanton die Besonderheit, dass er im selben Jahr die Fahrradkennzeichen mit unterschiedlichen Schriftarten pr\u00e4gt. Vermutlich zwischen 1956 und 1958 in zwei und zwischen 1959 und 1988 in drei Schrifttypen <a href=\"https:\/\/www.velonummern.ch\/produkte\/be-bern\/\">[siehe BILDER 1959 und 1988]<\/a>. Wir nehmen an, dass die unterschiedlichen Varianten auch von verschiedenen Produzenten hergestellt wurden.<\/p>\n<p>Zwischen 1954 und 1962 sind, in Abweichung zu den normalen Schildern, Varianten mit unten abgeschr\u00e4gten Ecken sowie teilweise anderen Schriftfarben f\u00fcr die Buchstaben und Ziffern bekannt. Den Zweck dieser Sonderausgabe konnten wir bisher noch nicht eindeutig in Erfahrung bringen. M\u00f6glicherweise sind es, wie in anderen Kantonen zu dieser Zeit, spezielle Kennzeichen f\u00fcr Fahrradanh\u00e4nger. Wissen Sie mehr dar\u00fcber?<\/p>\n<p>Kanton: Bern<br \/>\nJahr: 1955<br \/>\nVersion mit gekappten Ecken<\/p>\n<p>Material: Aluminium<br \/>\nAbmessungen: 5 x 8 cm \/ 1.97 x 3.15 in<\/p>\n<p>Bildquelle: Wusa01 auf Ricardo<\/p>\n<p>Mehr Informationen finden Sie im Schweizer Velonummern Museum: <a href=\"https:\/\/www.velonummern.ch\/geschichte\/\">Geschichte der Schweizer Fahrradkennzeichen<\/a><\/p>\n","protected":false},"featured_media":31135,"template":"","meta":{"_acf_changed":false,"inline_featured_image":false},"product_brand":[],"product_cat":[201,213],"product_tag":[],"class_list":{"0":"post-31134","1":"product","2":"type-product","3":"status-publish","4":"has-post-thumbnail","6":"product_cat-201","7":"product_cat-be-bern","9":"first","10":"outofstock","11":"sale","12":"sold-individually","13":"purchasable","14":"product-type-simple"},"acf":[],"yoast_head":"<!-- This site is optimized with the Yoast SEO plugin v27.5 - https:\/\/yoast.com\/product\/yoast-seo-wordpress\/ -->\n<title>Fahrradkennzeichen BE 1955 gekappte Ecken | Museum of Swiss Bicycle License Plates<\/title>\n<meta name=\"description\" content=\"Version mit gekappten Ecken\" \/>\n<meta name=\"robots\" content=\"index, follow, max-snippet:-1, max-image-preview:large, max-video-preview:-1\" \/>\n<link rel=\"canonical\" href=\"https:\/\/www.velonummern.ch\/en\/produkt\/be-1955-gekappte-ecken\/\" \/>\n<script type=\"application\/ld+json\" class=\"yoast-schema-graph\">{\"@context\":\"https:\\\/\\\/schema.org\",\"@graph\":[{\"@type\":\"WebPage\",\"@id\":\"https:\\\/\\\/www.velonummern.ch\\\/en\\\/produkt\\\/be-1955-gekappte-ecken\\\/\",\"url\":\"https:\\\/\\\/www.velonummern.ch\\\/en\\\/produkt\\\/be-1955-gekappte-ecken\\\/\",\"name\":\"Fahrradkennzeichen BE 1955 gekappte Ecken | Museum of Swiss Bicycle License Plates\",\"isPartOf\":{\"@id\":\"https:\\\/\\\/www.velonummern.ch\\\/en\\\/#website\"},\"primaryImageOfPage\":{\"@id\":\"https:\\\/\\\/www.velonummern.ch\\\/en\\\/produkt\\\/be-1955-gekappte-ecken\\\/#primaryimage\"},\"image\":{\"@id\":\"https:\\\/\\\/www.velonummern.ch\\\/en\\\/produkt\\\/be-1955-gekappte-ecken\\\/#primaryimage\"},\"thumbnailUrl\":\"https:\\\/\\\/www.velonummern.ch\\\/wp-content\\\/uploads\\\/2026\\\/04\\\/BE-1955-Ecken-Wusa01-auf-Ricardo.jpg\",\"datePublished\":\"2026-04-26T11:27:23+00:00\",\"dateModified\":\"2026-04-27T12:16:11+00:00\",\"description\":\"Version mit gekappten Ecken\",\"breadcrumb\":{\"@id\":\"https:\\\/\\\/www.velonummern.ch\\\/en\\\/produkt\\\/be-1955-gekappte-ecken\\\/#breadcrumb\"},\"inLanguage\":\"en-US\",\"potentialAction\":[{\"@type\":\"ReadAction\",\"target\":[\"https:\\\/\\\/www.velonummern.ch\\\/en\\\/produkt\\\/be-1955-gekappte-ecken\\\/\"]}]},{\"@type\":\"ImageObject\",\"inLanguage\":\"en-US\",\"@id\":\"https:\\\/\\\/www.velonummern.ch\\\/en\\\/produkt\\\/be-1955-gekappte-ecken\\\/#primaryimage\",\"url\":\"https:\\\/\\\/www.velonummern.ch\\\/wp-content\\\/uploads\\\/2026\\\/04\\\/BE-1955-Ecken-Wusa01-auf-Ricardo.jpg\",\"contentUrl\":\"https:\\\/\\\/www.velonummern.ch\\\/wp-content\\\/uploads\\\/2026\\\/04\\\/BE-1955-Ecken-Wusa01-auf-Ricardo.jpg\",\"width\":1200,\"height\":1200},{\"@type\":\"BreadcrumbList\",\"@id\":\"https:\\\/\\\/www.velonummern.ch\\\/en\\\/produkt\\\/be-1955-gekappte-ecken\\\/#breadcrumb\",\"itemListElement\":[{\"@type\":\"ListItem\",\"position\":1,\"name\":\"Startseite\",\"item\":\"https:\\\/\\\/www.velonummern.ch\\\/en\\\/\"},{\"@type\":\"ListItem\",\"position\":2,\"name\":\"Products\",\"item\":\"https:\\\/\\\/www.velonummern.ch\\\/en\\\/shop\\\/\"},{\"@type\":\"ListItem\",\"position\":3,\"name\":\"BE 1955 gekappte Ecken\"}]},{\"@type\":\"WebSite\",\"@id\":\"https:\\\/\\\/www.velonummern.ch\\\/en\\\/#website\",\"url\":\"https:\\\/\\\/www.velonummern.ch\\\/en\\\/\",\"name\":\"Museum of Swiss Bicycle License Plates\",\"description\":\"\",\"publisher\":{\"@id\":\"https:\\\/\\\/www.velonummern.ch\\\/en\\\/#organization\"},\"potentialAction\":[{\"@type\":\"SearchAction\",\"target\":{\"@type\":\"EntryPoint\",\"urlTemplate\":\"https:\\\/\\\/www.velonummern.ch\\\/en\\\/?s={search_term_string}\"},\"query-input\":{\"@type\":\"PropertyValueSpecification\",\"valueRequired\":true,\"valueName\":\"search_term_string\"}}],\"inLanguage\":\"en-US\"},{\"@type\":\"Organization\",\"@id\":\"https:\\\/\\\/www.velonummern.ch\\\/en\\\/#organization\",\"name\":\"Museum of Swiss Bicycle License Plates\",\"url\":\"https:\\\/\\\/www.velonummern.ch\\\/en\\\/\",\"logo\":{\"@type\":\"ImageObject\",\"inLanguage\":\"en-US\",\"@id\":\"https:\\\/\\\/www.velonummern.ch\\\/en\\\/#\\\/schema\\\/logo\\\/image\\\/\",\"url\":\"https:\\\/\\\/www.velonummern.ch\\\/wp-content\\\/uploads\\\/2022\\\/04\\\/logo-de-1.svg\",\"contentUrl\":\"https:\\\/\\\/www.velonummern.ch\\\/wp-content\\\/uploads\\\/2022\\\/04\\\/logo-de-1.svg\",\"width\":\"1024\",\"height\":\"1024\",\"caption\":\"Museum of Swiss Bicycle License Plates\"},\"image\":{\"@id\":\"https:\\\/\\\/www.velonummern.ch\\\/en\\\/#\\\/schema\\\/logo\\\/image\\\/\"}}]}<\/script>\n<!-- \/ Yoast SEO plugin. -->","yoast_head_json":{"title":"Fahrradkennzeichen BE 1955 gekappte Ecken | Museum of Swiss Bicycle License Plates","description":"Version mit gekappten Ecken","robots":{"index":"index","follow":"follow","max-snippet":"max-snippet:-1","max-image-preview":"max-image-preview:large","max-video-preview":"max-video-preview:-1"},"canonical":"https:\/\/www.velonummern.ch\/en\/produkt\/be-1955-gekappte-ecken\/","schema":{"@context":"https:\/\/schema.org","@graph":[{"@type":"WebPage","@id":"https:\/\/www.velonummern.ch\/en\/produkt\/be-1955-gekappte-ecken\/","url":"https:\/\/www.velonummern.ch\/en\/produkt\/be-1955-gekappte-ecken\/","name":"Fahrradkennzeichen BE 1955 gekappte Ecken | Museum of Swiss Bicycle License Plates","isPartOf":{"@id":"https:\/\/www.velonummern.ch\/en\/#website"},"primaryImageOfPage":{"@id":"https:\/\/www.velonummern.ch\/en\/produkt\/be-1955-gekappte-ecken\/#primaryimage"},"image":{"@id":"https:\/\/www.velonummern.ch\/en\/produkt\/be-1955-gekappte-ecken\/#primaryimage"},"thumbnailUrl":"https:\/\/www.velonummern.ch\/wp-content\/uploads\/2026\/04\/BE-1955-Ecken-Wusa01-auf-Ricardo.jpg","datePublished":"2026-04-26T11:27:23+00:00","dateModified":"2026-04-27T12:16:11+00:00","description":"Version mit gekappten Ecken","breadcrumb":{"@id":"https:\/\/www.velonummern.ch\/en\/produkt\/be-1955-gekappte-ecken\/#breadcrumb"},"inLanguage":"en-US","potentialAction":[{"@type":"ReadAction","target":["https:\/\/www.velonummern.ch\/en\/produkt\/be-1955-gekappte-ecken\/"]}]},{"@type":"ImageObject","inLanguage":"en-US","@id":"https:\/\/www.velonummern.ch\/en\/produkt\/be-1955-gekappte-ecken\/#primaryimage","url":"https:\/\/www.velonummern.ch\/wp-content\/uploads\/2026\/04\/BE-1955-Ecken-Wusa01-auf-Ricardo.jpg","contentUrl":"https:\/\/www.velonummern.ch\/wp-content\/uploads\/2026\/04\/BE-1955-Ecken-Wusa01-auf-Ricardo.jpg","width":1200,"height":1200},{"@type":"BreadcrumbList","@id":"https:\/\/www.velonummern.ch\/en\/produkt\/be-1955-gekappte-ecken\/#breadcrumb","itemListElement":[{"@type":"ListItem","position":1,"name":"Startseite","item":"https:\/\/www.velonummern.ch\/en\/"},{"@type":"ListItem","position":2,"name":"Products","item":"https:\/\/www.velonummern.ch\/en\/shop\/"},{"@type":"ListItem","position":3,"name":"BE 1955 gekappte Ecken"}]},{"@type":"WebSite","@id":"https:\/\/www.velonummern.ch\/en\/#website","url":"https:\/\/www.velonummern.ch\/en\/","name":"Museum of Swiss Bicycle License Plates","description":"","publisher":{"@id":"https:\/\/www.velonummern.ch\/en\/#organization"},"potentialAction":[{"@type":"SearchAction","target":{"@type":"EntryPoint","urlTemplate":"https:\/\/www.velonummern.ch\/en\/?s={search_term_string}"},"query-input":{"@type":"PropertyValueSpecification","valueRequired":true,"valueName":"search_term_string"}}],"inLanguage":"en-US"},{"@type":"Organization","@id":"https:\/\/www.velonummern.ch\/en\/#organization","name":"Museum of Swiss Bicycle License Plates","url":"https:\/\/www.velonummern.ch\/en\/","logo":{"@type":"ImageObject","inLanguage":"en-US","@id":"https:\/\/www.velonummern.ch\/en\/#\/schema\/logo\/image\/","url":"https:\/\/www.velonummern.ch\/wp-content\/uploads\/2022\/04\/logo-de-1.svg","contentUrl":"https:\/\/www.velonummern.ch\/wp-content\/uploads\/2022\/04\/logo-de-1.svg","width":"1024","height":"1024","caption":"Museum of Swiss Bicycle License Plates"},"image":{"@id":"https:\/\/www.velonummern.ch\/en\/#\/schema\/logo\/image\/"}}]}},"_links":{"self":[{"href":"https:\/\/www.velonummern.ch\/en\/wp-json\/wp\/v2\/product\/31134","targetHints":{"allow":["GET"]}}],"collection":[{"href":"https:\/\/www.velonummern.ch\/en\/wp-json\/wp\/v2\/product"}],"about":[{"href":"https:\/\/www.velonummern.ch\/en\/wp-json\/wp\/v2\/types\/product"}],"wp:featuredmedia":[{"embeddable":true,"href":"https:\/\/www.velonummern.ch\/en\/wp-json\/wp\/v2\/media\/31135"}],"wp:attachment":[{"href":"https:\/\/www.velonummern.ch\/en\/wp-json\/wp\/v2\/media?parent=31134"}],"wp:term":[{"taxonomy":"product_brand","embeddable":true,"href":"https:\/\/www.velonummern.ch\/en\/wp-json\/wp\/v2\/product_brand?post=31134"},{"taxonomy":"product_cat","embeddable":true,"href":"https:\/\/www.velonummern.ch\/en\/wp-json\/wp\/v2\/product_cat?post=31134"},{"taxonomy":"product_tag","embeddable":true,"href":"https:\/\/www.velonummern.ch\/en\/wp-json\/wp\/v2\/product_tag?post=31134"}],"curies":[{"name":"wp","href":"https:\/\/api.w.org\/{rel}","templated":true}]}}