{"id":14884,"date":"2011-08-07T08:10:19","date_gmt":"2011-08-07T08:10:19","guid":{"rendered":"https:\/\/www.velonummern.ch\/?post_type=product&#038;p=14884"},"modified":"2022-10-28T12:50:17","modified_gmt":"2022-10-28T10:50:17","slug":"fl-1971-x","status":"publish","type":"product","link":"https:\/\/www.velonummern.ch\/fr\/produit\/fl-1971-x\/","title":{"rendered":"FL 1971 blau"},"content":{"rendered":"<p>English \/ Deutsch \/ Fran\u00e7ais \/ Italiano<\/p>\n<hr \/>\n<p><strong>PRESENTATION BOX:<\/strong> This \u201cYear Initials\u201c will be supplied in a specially designed, three-part presentation box in the size of a DVD box.<\/p>\n<p><strong>AUTHENTICITY CERTIFICATE:<\/strong> Every \u201cYear Initials\u201c is an original. The customer receives a signed authenticity certificate for every plate. With this certificate, the vendor confirms that the goods delivered are bicycle license plates manufactured on behalf of the relevant Swiss authority and issued for the year indicated on the \u201cYear Initials\u201c. The serial number of the \u201cYear Initials\u201c is recorded on each certificate.<\/p>\n<p><strong>QUALITY:<\/strong> A sample picture is shown in the shop for plates from the years 1956 to 1988, i.e. the customer receives a comparable plate of the same issue (year \/ initials). The vendor does not sell plates with missing parts or with holes which are not original. However, scratches, slight discoloration and mounting traces are common.<\/p>\n<hr \/>\n<p><strong>PR\u00c4SENTATIONS BOX:<\/strong> Dieses \u201eYear Initials\u201c wird in einer speziell gestalteten, dreiteiligen Pr\u00e4sentations-Box im Format einer DVD-Box geliefert.<\/p>\n<p><strong>ECHTHEITS-ZERTIFIKAT:<\/strong> Jedes \u201eYear Initials\u201c ist ein Original. Zu jedem Schild erh\u00e4lt der Kunde ein unterzeichnetes Echtheits-Zertifikat. Der Anbieter best\u00e4tigt damit, dass es sich bei der gelieferten Ware um ein, im Auftrag der zust\u00e4ndigen Schweizer Beh\u00f6rden hergestelltes und f\u00fcr das auf dem \u201eYear Initials\u201c angegebene Jahr ausgegebenes Fahrrad-Kennzeichen handelt. In jedem Zertifikat wird die Seriennummer des \u201eYear Initials\u201c eingetragen.<\/p>\n<p><strong>QUALIT\u00c4T:<\/strong> F\u00fcr Schilder der Jahre 1956 bis 1988 wird im Shop ein Musterbild gezeigt. D.h. der Kunde erh\u00e4lt ein vergleichbares Schild der selben Ausgabe (Jahr \/ Initialen). Der Anbieter verkauft keine Schilder mit fehlenden Teilen oder nicht originalen Bohrungen. \u00dcblich sind jedoch Kratzer, leichte Verf\u00e4rbungen und Spuren der Montage.<\/p>\n<hr \/>\n<p><strong>BOITE DE PRESENTATION:<\/strong> Cette plaque \u00ab Year Initials \u00bb est livr\u00e9e dans une bo\u00eete de pr\u00e9sentation sp\u00e9ciale en trois parties, en format de bo\u00eete DVD.<\/p>\n<p><strong>CERTIFICAT D\u2019AUTHENTICITE:<\/strong> Chaque plaque \u00ab Year Initials \u00bb est une pi\u00e8ce originale. Chaque plaque est assortie d\u2019un certificat d\u2019authenticit\u00e9 sign\u00e9. Le vendeur certifie ainsi que l\u2019article livr\u00e9 est une plaque de v\u00e9lo fabriqu\u00e9e sur demande des autorit\u00e9s suisses comp\u00e9tentes pour l\u2019ann\u00e9e indiqu\u00e9e sur la plaque \u00ab Year Initials \u00bb concern\u00e9e. Chaque certificat mentionne le num\u00e9ro de s\u00e9rie de la plaque \u00ab Year Initials \u00bb.<\/p>\n<p><strong>QUALITE:<\/strong> Pour les plaques des ann\u00e9es 1956 \u00e0 1988, la boutique affiche un mod\u00e8le de plaque. Le client obtiendra une plaque similaire de la m\u00eame \u00e9dition (ann\u00e9e \/ initiales). Le vendeur ne vend pas de plaques avec des pi\u00e8ces manquantes ou des per\u00e7ages qui ne sont pas d\u2019origine. Elles peuvent toutefois comporter des rayures, de l\u00e9gers changements de couleurs et des traces de montage.<\/p>\n<hr \/>\n<p><strong>SCATOLA DI PRESENTAZIONE:<\/strong> Questo \u201cYear Initials\u201d viene forniti in una scatola di presentazione speciale e suddivisa in tre parti con lo stesso formato di una scatola di DVD.<\/p>\n<p><strong>CERTIFICATO D\u2019AUTENTICITA:<\/strong> Ogni \u201cYear Initials\u201d \u00e8 un originale. Insieme a ogni targa, viene consegnato al cliente un certificato d\u2019autenticit\u00e0 firmato, con il quale l\u2019offerente conferma che l\u2019articolo fornito \u00e8 una targa per bicicletta realizzata per ordine delle autorit\u00e0 svizzere responsabili e per l\u2019anno indicato nelle \u201cYear Initials\u201d. In ogni certificato viene inserito il numero in serie delle \u201dYear Initials\u201d.<\/p>\n<p><strong>QUALITA:<\/strong> Il shop mostra un\u2019immagine campione delle targhe degli anni che vanno dal 1956 al 1988, ovvero il cliente riceve una targa equivalente della stessa edizione (anno \/ iniziali). L\u2019offerente non vende targhe con parti mancanti o fori non originali. Sono normali tuttavia graffi, leggere decolorazioni e tracce di montaggio.<\/p>\n","protected":false},"excerpt":{"rendered":"<p>F\u00fcrstentum Liechtenstein<br \/>\nJahr: 1971 blau<\/p>\n<p>Material: Aluminium<br \/>\nAbmessungen: 5 x 8 cm \/ 1.97 x 3.15 in<\/p>\n","protected":false},"featured_media":14885,"template":"","meta":{"_acf_changed":false,"inline_featured_image":false},"product_brand":[],"product_cat":[185,242],"product_tag":[],"class_list":{"0":"post-14884","1":"product","2":"type-product","3":"status-publish","4":"has-post-thumbnail","6":"product_cat-185","7":"product_cat-fl-fuerstentum-liechtenstein","9":"first","10":"outofstock","11":"sold-individually","12":"purchasable","13":"product-type-simple"},"acf":[],"yoast_head":"<!-- This site is optimized with the Yoast SEO plugin v27.4 - https:\/\/yoast.com\/product\/yoast-seo-wordpress\/ -->\n<title>Fahrradkennzeichen FL 1971 blau | Musee Suisse de Plaques de Velo<\/title>\n<meta name=\"robots\" content=\"index, follow, max-snippet:-1, max-image-preview:large, max-video-preview:-1\" \/>\n<link rel=\"canonical\" href=\"https:\/\/www.velonummern.ch\/fr\/produit\/fl-1971-x\/\" \/>\n<meta name=\"twitter:label1\" content=\"Dur\u00e9e de lecture estim\u00e9e\" \/>\n\t<meta name=\"twitter:data1\" content=\"3 minutes\" \/>\n<script type=\"application\/ld+json\" class=\"yoast-schema-graph\">{\"@context\":\"https:\\\/\\\/schema.org\",\"@graph\":[{\"@type\":\"WebPage\",\"@id\":\"https:\\\/\\\/www.velonummern.ch\\\/fr\\\/produit\\\/fl-1971-x\\\/\",\"url\":\"https:\\\/\\\/www.velonummern.ch\\\/fr\\\/produit\\\/fl-1971-x\\\/\",\"name\":\"Fahrradkennzeichen FL 1971 blau | Musee Suisse de Plaques de Velo\",\"isPartOf\":{\"@id\":\"https:\\\/\\\/www.velonummern.ch\\\/fr\\\/#website\"},\"primaryImageOfPage\":{\"@id\":\"https:\\\/\\\/www.velonummern.ch\\\/fr\\\/produit\\\/fl-1971-x\\\/#primaryimage\"},\"image\":{\"@id\":\"https:\\\/\\\/www.velonummern.ch\\\/fr\\\/produit\\\/fl-1971-x\\\/#primaryimage\"},\"thumbnailUrl\":\"https:\\\/\\\/www.velonummern.ch\\\/wp-content\\\/uploads\\\/2022\\\/05\\\/products-FL_1971_blue_4e3e486b24d71.jpg\",\"datePublished\":\"2011-08-07T08:10:19+00:00\",\"dateModified\":\"2022-10-28T10:50:17+00:00\",\"breadcrumb\":{\"@id\":\"https:\\\/\\\/www.velonummern.ch\\\/fr\\\/produit\\\/fl-1971-x\\\/#breadcrumb\"},\"inLanguage\":\"fr-FR\",\"potentialAction\":[{\"@type\":\"ReadAction\",\"target\":[\"https:\\\/\\\/www.velonummern.ch\\\/fr\\\/produit\\\/fl-1971-x\\\/\"]}]},{\"@type\":\"ImageObject\",\"inLanguage\":\"fr-FR\",\"@id\":\"https:\\\/\\\/www.velonummern.ch\\\/fr\\\/produit\\\/fl-1971-x\\\/#primaryimage\",\"url\":\"https:\\\/\\\/www.velonummern.ch\\\/wp-content\\\/uploads\\\/2022\\\/05\\\/products-FL_1971_blue_4e3e486b24d71.jpg\",\"contentUrl\":\"https:\\\/\\\/www.velonummern.ch\\\/wp-content\\\/uploads\\\/2022\\\/05\\\/products-FL_1971_blue_4e3e486b24d71.jpg\",\"width\":\"500\",\"height\":\"500\",\"caption\":\"FL 1971 X\"},{\"@type\":\"BreadcrumbList\",\"@id\":\"https:\\\/\\\/www.velonummern.ch\\\/fr\\\/produit\\\/fl-1971-x\\\/#breadcrumb\",\"itemListElement\":[{\"@type\":\"ListItem\",\"position\":1,\"name\":\"Startseite\",\"item\":\"https:\\\/\\\/www.velonummern.ch\\\/fr\\\/\"},{\"@type\":\"ListItem\",\"position\":2,\"name\":\"Produits\",\"item\":\"https:\\\/\\\/www.velonummern.ch\\\/fr\\\/shop\\\/\"},{\"@type\":\"ListItem\",\"position\":3,\"name\":\"FL 1971 blau\"}]},{\"@type\":\"WebSite\",\"@id\":\"https:\\\/\\\/www.velonummern.ch\\\/fr\\\/#website\",\"url\":\"https:\\\/\\\/www.velonummern.ch\\\/fr\\\/\",\"name\":\"Musee Suisse de Plaques de Velo\",\"description\":\"\",\"publisher\":{\"@id\":\"https:\\\/\\\/www.velonummern.ch\\\/fr\\\/#organization\"},\"potentialAction\":[{\"@type\":\"SearchAction\",\"target\":{\"@type\":\"EntryPoint\",\"urlTemplate\":\"https:\\\/\\\/www.velonummern.ch\\\/fr\\\/?s={search_term_string}\"},\"query-input\":{\"@type\":\"PropertyValueSpecification\",\"valueRequired\":true,\"valueName\":\"search_term_string\"}}],\"inLanguage\":\"fr-FR\"},{\"@type\":\"Organization\",\"@id\":\"https:\\\/\\\/www.velonummern.ch\\\/fr\\\/#organization\",\"name\":\"Musee Suisse de Plaques de Velo\",\"url\":\"https:\\\/\\\/www.velonummern.ch\\\/fr\\\/\",\"logo\":{\"@type\":\"ImageObject\",\"inLanguage\":\"fr-FR\",\"@id\":\"https:\\\/\\\/www.velonummern.ch\\\/fr\\\/#\\\/schema\\\/logo\\\/image\\\/\",\"url\":\"https:\\\/\\\/www.velonummern.ch\\\/wp-content\\\/uploads\\\/2022\\\/04\\\/logo-de-1.svg\",\"contentUrl\":\"https:\\\/\\\/www.velonummern.ch\\\/wp-content\\\/uploads\\\/2022\\\/04\\\/logo-de-1.svg\",\"width\":\"1024\",\"height\":\"1024\",\"caption\":\"Musee Suisse de Plaques de Velo\"},\"image\":{\"@id\":\"https:\\\/\\\/www.velonummern.ch\\\/fr\\\/#\\\/schema\\\/logo\\\/image\\\/\"}}]}<\/script>\n<!-- \/ Yoast SEO plugin. -->","yoast_head_json":{"title":"Fahrradkennzeichen FL 1971 blau | Musee Suisse de Plaques de Velo","robots":{"index":"index","follow":"follow","max-snippet":"max-snippet:-1","max-image-preview":"max-image-preview:large","max-video-preview":"max-video-preview:-1"},"canonical":"https:\/\/www.velonummern.ch\/fr\/produit\/fl-1971-x\/","twitter_misc":{"Dur\u00e9e de lecture estim\u00e9e":"3 minutes"},"schema":{"@context":"https:\/\/schema.org","@graph":[{"@type":"WebPage","@id":"https:\/\/www.velonummern.ch\/fr\/produit\/fl-1971-x\/","url":"https:\/\/www.velonummern.ch\/fr\/produit\/fl-1971-x\/","name":"Fahrradkennzeichen FL 1971 blau | Musee Suisse de Plaques de Velo","isPartOf":{"@id":"https:\/\/www.velonummern.ch\/fr\/#website"},"primaryImageOfPage":{"@id":"https:\/\/www.velonummern.ch\/fr\/produit\/fl-1971-x\/#primaryimage"},"image":{"@id":"https:\/\/www.velonummern.ch\/fr\/produit\/fl-1971-x\/#primaryimage"},"thumbnailUrl":"https:\/\/www.velonummern.ch\/wp-content\/uploads\/2022\/05\/products-FL_1971_blue_4e3e486b24d71.jpg","datePublished":"2011-08-07T08:10:19+00:00","dateModified":"2022-10-28T10:50:17+00:00","breadcrumb":{"@id":"https:\/\/www.velonummern.ch\/fr\/produit\/fl-1971-x\/#breadcrumb"},"inLanguage":"fr-FR","potentialAction":[{"@type":"ReadAction","target":["https:\/\/www.velonummern.ch\/fr\/produit\/fl-1971-x\/"]}]},{"@type":"ImageObject","inLanguage":"fr-FR","@id":"https:\/\/www.velonummern.ch\/fr\/produit\/fl-1971-x\/#primaryimage","url":"https:\/\/www.velonummern.ch\/wp-content\/uploads\/2022\/05\/products-FL_1971_blue_4e3e486b24d71.jpg","contentUrl":"https:\/\/www.velonummern.ch\/wp-content\/uploads\/2022\/05\/products-FL_1971_blue_4e3e486b24d71.jpg","width":"500","height":"500","caption":"FL 1971 X"},{"@type":"BreadcrumbList","@id":"https:\/\/www.velonummern.ch\/fr\/produit\/fl-1971-x\/#breadcrumb","itemListElement":[{"@type":"ListItem","position":1,"name":"Startseite","item":"https:\/\/www.velonummern.ch\/fr\/"},{"@type":"ListItem","position":2,"name":"Produits","item":"https:\/\/www.velonummern.ch\/fr\/shop\/"},{"@type":"ListItem","position":3,"name":"FL 1971 blau"}]},{"@type":"WebSite","@id":"https:\/\/www.velonummern.ch\/fr\/#website","url":"https:\/\/www.velonummern.ch\/fr\/","name":"Musee Suisse de Plaques de Velo","description":"","publisher":{"@id":"https:\/\/www.velonummern.ch\/fr\/#organization"},"potentialAction":[{"@type":"SearchAction","target":{"@type":"EntryPoint","urlTemplate":"https:\/\/www.velonummern.ch\/fr\/?s={search_term_string}"},"query-input":{"@type":"PropertyValueSpecification","valueRequired":true,"valueName":"search_term_string"}}],"inLanguage":"fr-FR"},{"@type":"Organization","@id":"https:\/\/www.velonummern.ch\/fr\/#organization","name":"Musee Suisse de Plaques de Velo","url":"https:\/\/www.velonummern.ch\/fr\/","logo":{"@type":"ImageObject","inLanguage":"fr-FR","@id":"https:\/\/www.velonummern.ch\/fr\/#\/schema\/logo\/image\/","url":"https:\/\/www.velonummern.ch\/wp-content\/uploads\/2022\/04\/logo-de-1.svg","contentUrl":"https:\/\/www.velonummern.ch\/wp-content\/uploads\/2022\/04\/logo-de-1.svg","width":"1024","height":"1024","caption":"Musee Suisse de Plaques de Velo"},"image":{"@id":"https:\/\/www.velonummern.ch\/fr\/#\/schema\/logo\/image\/"}}]}},"_links":{"self":[{"href":"https:\/\/www.velonummern.ch\/fr\/wp-json\/wp\/v2\/product\/14884","targetHints":{"allow":["GET"]}}],"collection":[{"href":"https:\/\/www.velonummern.ch\/fr\/wp-json\/wp\/v2\/product"}],"about":[{"href":"https:\/\/www.velonummern.ch\/fr\/wp-json\/wp\/v2\/types\/product"}],"wp:featuredmedia":[{"embeddable":true,"href":"https:\/\/www.velonummern.ch\/fr\/wp-json\/wp\/v2\/media\/14885"}],"wp:attachment":[{"href":"https:\/\/www.velonummern.ch\/fr\/wp-json\/wp\/v2\/media?parent=14884"}],"wp:term":[{"taxonomy":"product_brand","embeddable":true,"href":"https:\/\/www.velonummern.ch\/fr\/wp-json\/wp\/v2\/product_brand?post=14884"},{"taxonomy":"product_cat","embeddable":true,"href":"https:\/\/www.velonummern.ch\/fr\/wp-json\/wp\/v2\/product_cat?post=14884"},{"taxonomy":"product_tag","embeddable":true,"href":"https:\/\/www.velonummern.ch\/fr\/wp-json\/wp\/v2\/product_tag?post=14884"}],"curies":[{"name":"wp","href":"https:\/\/api.w.org\/{rel}","templated":true}]}}