{"id":14938,"date":"2011-08-07T11:44:35","date_gmt":"2011-08-07T11:44:35","guid":{"rendered":"https:\/\/www.velonummern.ch\/?post_type=product&#038;p=14938"},"modified":"2024-11-21T07:52:42","modified_gmt":"2024-11-21T06:52:42","slug":"government-operated-system-a","status":"publish","type":"product","link":"https:\/\/www.velonummern.ch\/fr\/produit\/government-operated-system-a\/","title":{"rendered":"+ PR Privat-Regie 1961-2003"},"content":{"rendered":"<p>Regie-Betriebe des Bundes (Privat-Regie), z.B. Munitionsfabriken, Milit\u00e4r-Flugpl\u00e4tze, Paul-Scherrer-Institut, usw.<br \/>\nJahr: 1961 &#8211; 2003<\/p>\n<p>Sammlung: <a href=\"https:\/\/www.ordonnanzrad.ch\/\" target=\"_blank\" rel=\"noopener\">ordonnanzrad.ch<\/a><\/p>\n<p>Kontrollnummer: gestanzt<br \/>\nMaterial: Aluminium<br \/>\nAbmessungen: 5 x 8 cm \/ 1.97 x 3.15 in<\/p>\n<h2>1959 Fahrradkennzeichen Verordnung Bundesbetriebe<\/h2>\n<p>Die Kennzeichen sind 8 cm hoch und 5 cm breit. Sie sind aus Metall hergestellt. Im oberen Teil von 6 cm H\u00f6he, der mit einem rot reflektierenden Belag versehen ist, sind ein weisses Schweizerkreuz von 2,3 cm Balkenl\u00e4nge und 0,7 cm Balkendicke und darunter die in der nachfolgenden Liste vorgesehe\u00adnen Buchstaben von 1,8 cm H\u00f6he und 0,2 cm Strichst\u00e4rke erhaben eingepresst. Im untern unbemalten oder hellfarbigen, nicht reflektierenden Teil von 2 cm H\u00f6he ist entweder eine schwarze Kon\u00adtrollnummer erhaben eingepresst oder eine kleine, farblose Zahl eingepr\u00e4gt (Figur 2).<\/p>\n<p>Die Kennzeichen werden von folgenden Amtsstellen abgegeben:<\/p>\n<p>a. Vom Automobildienst der Generaldirektion der Post-, Telegraphen- und Telefonverwaltung:<br \/>\nf\u00fcr Fahrr\u00e4der der Post-, Telegraphen- und Telefonverwaltung (Buchstaben PTT);<br \/>\nf\u00fcr Fahrr\u00e4der der Regiebetriebe und von Bundesstellen, die \u00fcber keine eigenen Kennzeichen verf\u00fcgen (Buchstaben PR);<\/p>\n<p>b. Von der Kriegsmaterialverwaltung:<br \/>\nf\u00fcr Mannschaftsr\u00e4der und Korpsmaterial-Fahrr\u00e4der (Buchstabe M); f\u00fcr Fahrr\u00e4der der Milit\u00e4rverwaltung und der Festungswachtformationen (Buchstaben MV);<\/p>\n<p>c. Von der Eidgen\u00f6ssischen Oberzolldirektion:<br \/>\nf\u00fcr Fahrr\u00e4der der Zollverwaltung (Buchstaben ZD)<\/p>\n<p>Mehr Informationen finden Sie im Schweizer Velonummern Museum: <a href=\"https:\/\/www.velonummern.ch\/geschichte\/\">Geschichte der Schweizer Fahrradkennzeichen<\/a><\/p>\n","protected":false},"excerpt":{"rendered":"<p>Regie-Betriebe des Bundes (Privat-Regie), z.B. Munitionsfabriken, Milit\u00e4r-Flugpl\u00e4tze, Paul-Scherrer-Institut, usw.<br \/>\nJahr: 1961 &#8211; 2003<\/p>\n<p>Sammlung: <a href=\"https:\/\/www.ordonnanzrad.ch\/\" target=\"_blank\" rel=\"noopener\">ordonnanzrad.ch<\/a><\/p>\n<p>Kontrollnummer: gestanzt<br \/>\nMaterial: Aluminium<br \/>\nAbmessungen: 5 x 8 cm \/ 1.97 x 3.15 in<\/p>\n<h2>1959 Fahrradkennzeichen Verordnung Bundesbetriebe<\/h2>\n<p>Die Kennzeichen sind 8 cm hoch und 5 cm breit. Sie sind aus Metall hergestellt. Im oberen Teil von 6 cm H\u00f6he, der mit einem rot reflektierenden Belag versehen ist, sind ein weisses Schweizerkreuz von 2,3 cm Balkenl\u00e4nge und 0,7 cm Balkendicke und darunter die in der nachfolgenden Liste vorgesehe\u00adnen Buchstaben von 1,8 cm H\u00f6he und 0,2 cm Strichst\u00e4rke erhaben eingepresst. Im untern unbemalten oder hellfarbigen, nicht reflektierenden Teil von 2 cm H\u00f6he ist entweder eine schwarze Kon\u00adtrollnummer erhaben eingepresst oder eine kleine, farblose Zahl eingepr\u00e4gt (Figur 2).<\/p>\n<p>Die Kennzeichen werden von folgenden Amtsstellen abgegeben:<\/p>\n<p>a. Vom Automobildienst der Generaldirektion der Post-, Telegraphen- und Telefonverwaltung:<br \/>\nf\u00fcr Fahrr\u00e4der der Post-, Telegraphen- und Telefonverwaltung (Buchstaben PTT);<br \/>\nf\u00fcr Fahrr\u00e4der der Regiebetriebe und von Bundesstellen, die \u00fcber keine eigenen Kennzeichen verf\u00fcgen (Buchstaben PR);<\/p>\n<p>b. Von der Kriegsmaterialverwaltung:<br \/>\nf\u00fcr Mannschaftsr\u00e4der und Korpsmaterial-Fahrr\u00e4der (Buchstabe M); f\u00fcr Fahrr\u00e4der der Milit\u00e4rverwaltung und der Festungswachtformationen (Buchstaben MV);<\/p>\n<p>c. Von der Eidgen\u00f6ssischen Oberzolldirektion:<br \/>\nf\u00fcr Fahrr\u00e4der der Zollverwaltung (Buchstaben ZD)<\/p>\n<p>Mehr Informationen finden Sie im Schweizer Velonummern Museum: <a href=\"https:\/\/www.velonummern.ch\/geschichte\/\">Geschichte der Schweizer Fahrradkennzeichen<\/a><\/p>\n","protected":false},"featured_media":22489,"template":"","meta":{"_acf_changed":false,"inline_featured_image":false},"product_brand":[],"product_cat":[239],"product_tag":[],"class_list":{"0":"post-14938","1":"product","2":"type-product","3":"status-publish","4":"has-post-thumbnail","6":"product_cat-special-edition","8":"first","9":"onbackorder","10":"sold-individually","11":"purchasable","12":"product-type-simple"},"acf":[],"yoast_head":"<!-- This site is optimized with the Yoast SEO plugin v27.4 - https:\/\/yoast.com\/product\/yoast-seo-wordpress\/ -->\n<title>Fahrradkennzeichen + PR Privat-Regie 1961-2003 | Musee Suisse de Plaques de Velo<\/title>\n<meta name=\"description\" content=\"Fahrradkennzeichen PR Privat-Regie 1961-2003, Regie-Betriebe des Bundes z.B. Munitionsfabriken, Milit\u00e4r-Flugpl\u00e4tze, Paul-Scherrer-Institut, usw. \/ gestanzt\" \/>\n<meta name=\"robots\" content=\"index, follow, max-snippet:-1, max-image-preview:large, max-video-preview:-1\" \/>\n<link rel=\"canonical\" href=\"https:\/\/www.velonummern.ch\/fr\/produit\/government-operated-system-a\/\" \/>\n<meta name=\"twitter:label1\" content=\"Dur\u00e9e de lecture estim\u00e9e\" \/>\n\t<meta name=\"twitter:data1\" content=\"1 minute\" \/>\n<script type=\"application\/ld+json\" class=\"yoast-schema-graph\">{\"@context\":\"https:\\\/\\\/schema.org\",\"@graph\":[{\"@type\":\"WebPage\",\"@id\":\"https:\\\/\\\/www.velonummern.ch\\\/fr\\\/produit\\\/government-operated-system-a\\\/\",\"url\":\"https:\\\/\\\/www.velonummern.ch\\\/fr\\\/produit\\\/government-operated-system-a\\\/\",\"name\":\"Fahrradkennzeichen + PR Privat-Regie 1961-2003 | Musee Suisse de Plaques de Velo\",\"isPartOf\":{\"@id\":\"https:\\\/\\\/www.velonummern.ch\\\/fr\\\/#website\"},\"primaryImageOfPage\":{\"@id\":\"https:\\\/\\\/www.velonummern.ch\\\/fr\\\/produit\\\/government-operated-system-a\\\/#primaryimage\"},\"image\":{\"@id\":\"https:\\\/\\\/www.velonummern.ch\\\/fr\\\/produit\\\/government-operated-system-a\\\/#primaryimage\"},\"thumbnailUrl\":\"https:\\\/\\\/www.velonummern.ch\\\/wp-content\\\/uploads\\\/2011\\\/08\\\/00PR-ordonnanzrad-ch.jpg\",\"datePublished\":\"2011-08-07T11:44:35+00:00\",\"dateModified\":\"2024-11-21T06:52:42+00:00\",\"description\":\"Fahrradkennzeichen PR Privat-Regie 1961-2003, Regie-Betriebe des Bundes z.B. Munitionsfabriken, Milit\u00e4r-Flugpl\u00e4tze, Paul-Scherrer-Institut, usw. \\\/ gestanzt\",\"breadcrumb\":{\"@id\":\"https:\\\/\\\/www.velonummern.ch\\\/fr\\\/produit\\\/government-operated-system-a\\\/#breadcrumb\"},\"inLanguage\":\"fr-FR\",\"potentialAction\":[{\"@type\":\"ReadAction\",\"target\":[\"https:\\\/\\\/www.velonummern.ch\\\/fr\\\/produit\\\/government-operated-system-a\\\/\"]}]},{\"@type\":\"ImageObject\",\"inLanguage\":\"fr-FR\",\"@id\":\"https:\\\/\\\/www.velonummern.ch\\\/fr\\\/produit\\\/government-operated-system-a\\\/#primaryimage\",\"url\":\"https:\\\/\\\/www.velonummern.ch\\\/wp-content\\\/uploads\\\/2011\\\/08\\\/00PR-ordonnanzrad-ch.jpg\",\"contentUrl\":\"https:\\\/\\\/www.velonummern.ch\\\/wp-content\\\/uploads\\\/2011\\\/08\\\/00PR-ordonnanzrad-ch.jpg\",\"width\":1000,\"height\":1000},{\"@type\":\"BreadcrumbList\",\"@id\":\"https:\\\/\\\/www.velonummern.ch\\\/fr\\\/produit\\\/government-operated-system-a\\\/#breadcrumb\",\"itemListElement\":[{\"@type\":\"ListItem\",\"position\":1,\"name\":\"Startseite\",\"item\":\"https:\\\/\\\/www.velonummern.ch\\\/fr\\\/\"},{\"@type\":\"ListItem\",\"position\":2,\"name\":\"Produits\",\"item\":\"https:\\\/\\\/www.velonummern.ch\\\/fr\\\/shop\\\/\"},{\"@type\":\"ListItem\",\"position\":3,\"name\":\"+ PR Privat-Regie 1961-2003\"}]},{\"@type\":\"WebSite\",\"@id\":\"https:\\\/\\\/www.velonummern.ch\\\/fr\\\/#website\",\"url\":\"https:\\\/\\\/www.velonummern.ch\\\/fr\\\/\",\"name\":\"Musee Suisse de Plaques de Velo\",\"description\":\"\",\"publisher\":{\"@id\":\"https:\\\/\\\/www.velonummern.ch\\\/fr\\\/#organization\"},\"potentialAction\":[{\"@type\":\"SearchAction\",\"target\":{\"@type\":\"EntryPoint\",\"urlTemplate\":\"https:\\\/\\\/www.velonummern.ch\\\/fr\\\/?s={search_term_string}\"},\"query-input\":{\"@type\":\"PropertyValueSpecification\",\"valueRequired\":true,\"valueName\":\"search_term_string\"}}],\"inLanguage\":\"fr-FR\"},{\"@type\":\"Organization\",\"@id\":\"https:\\\/\\\/www.velonummern.ch\\\/fr\\\/#organization\",\"name\":\"Musee Suisse de Plaques de Velo\",\"url\":\"https:\\\/\\\/www.velonummern.ch\\\/fr\\\/\",\"logo\":{\"@type\":\"ImageObject\",\"inLanguage\":\"fr-FR\",\"@id\":\"https:\\\/\\\/www.velonummern.ch\\\/fr\\\/#\\\/schema\\\/logo\\\/image\\\/\",\"url\":\"https:\\\/\\\/www.velonummern.ch\\\/wp-content\\\/uploads\\\/2022\\\/04\\\/logo-de-1.svg\",\"contentUrl\":\"https:\\\/\\\/www.velonummern.ch\\\/wp-content\\\/uploads\\\/2022\\\/04\\\/logo-de-1.svg\",\"width\":\"1024\",\"height\":\"1024\",\"caption\":\"Musee Suisse de Plaques de Velo\"},\"image\":{\"@id\":\"https:\\\/\\\/www.velonummern.ch\\\/fr\\\/#\\\/schema\\\/logo\\\/image\\\/\"}}]}<\/script>\n<!-- \/ Yoast SEO plugin. -->","yoast_head_json":{"title":"Fahrradkennzeichen + PR Privat-Regie 1961-2003 | Musee Suisse de Plaques de Velo","description":"Fahrradkennzeichen PR Privat-Regie 1961-2003, Regie-Betriebe des Bundes z.B. Munitionsfabriken, Milit\u00e4r-Flugpl\u00e4tze, Paul-Scherrer-Institut, usw. \/ gestanzt","robots":{"index":"index","follow":"follow","max-snippet":"max-snippet:-1","max-image-preview":"max-image-preview:large","max-video-preview":"max-video-preview:-1"},"canonical":"https:\/\/www.velonummern.ch\/fr\/produit\/government-operated-system-a\/","twitter_misc":{"Dur\u00e9e de lecture estim\u00e9e":"1 minute"},"schema":{"@context":"https:\/\/schema.org","@graph":[{"@type":"WebPage","@id":"https:\/\/www.velonummern.ch\/fr\/produit\/government-operated-system-a\/","url":"https:\/\/www.velonummern.ch\/fr\/produit\/government-operated-system-a\/","name":"Fahrradkennzeichen + PR Privat-Regie 1961-2003 | Musee Suisse de Plaques de Velo","isPartOf":{"@id":"https:\/\/www.velonummern.ch\/fr\/#website"},"primaryImageOfPage":{"@id":"https:\/\/www.velonummern.ch\/fr\/produit\/government-operated-system-a\/#primaryimage"},"image":{"@id":"https:\/\/www.velonummern.ch\/fr\/produit\/government-operated-system-a\/#primaryimage"},"thumbnailUrl":"https:\/\/www.velonummern.ch\/wp-content\/uploads\/2011\/08\/00PR-ordonnanzrad-ch.jpg","datePublished":"2011-08-07T11:44:35+00:00","dateModified":"2024-11-21T06:52:42+00:00","description":"Fahrradkennzeichen PR Privat-Regie 1961-2003, Regie-Betriebe des Bundes z.B. Munitionsfabriken, Milit\u00e4r-Flugpl\u00e4tze, Paul-Scherrer-Institut, usw. \/ gestanzt","breadcrumb":{"@id":"https:\/\/www.velonummern.ch\/fr\/produit\/government-operated-system-a\/#breadcrumb"},"inLanguage":"fr-FR","potentialAction":[{"@type":"ReadAction","target":["https:\/\/www.velonummern.ch\/fr\/produit\/government-operated-system-a\/"]}]},{"@type":"ImageObject","inLanguage":"fr-FR","@id":"https:\/\/www.velonummern.ch\/fr\/produit\/government-operated-system-a\/#primaryimage","url":"https:\/\/www.velonummern.ch\/wp-content\/uploads\/2011\/08\/00PR-ordonnanzrad-ch.jpg","contentUrl":"https:\/\/www.velonummern.ch\/wp-content\/uploads\/2011\/08\/00PR-ordonnanzrad-ch.jpg","width":1000,"height":1000},{"@type":"BreadcrumbList","@id":"https:\/\/www.velonummern.ch\/fr\/produit\/government-operated-system-a\/#breadcrumb","itemListElement":[{"@type":"ListItem","position":1,"name":"Startseite","item":"https:\/\/www.velonummern.ch\/fr\/"},{"@type":"ListItem","position":2,"name":"Produits","item":"https:\/\/www.velonummern.ch\/fr\/shop\/"},{"@type":"ListItem","position":3,"name":"+ PR Privat-Regie 1961-2003"}]},{"@type":"WebSite","@id":"https:\/\/www.velonummern.ch\/fr\/#website","url":"https:\/\/www.velonummern.ch\/fr\/","name":"Musee Suisse de Plaques de Velo","description":"","publisher":{"@id":"https:\/\/www.velonummern.ch\/fr\/#organization"},"potentialAction":[{"@type":"SearchAction","target":{"@type":"EntryPoint","urlTemplate":"https:\/\/www.velonummern.ch\/fr\/?s={search_term_string}"},"query-input":{"@type":"PropertyValueSpecification","valueRequired":true,"valueName":"search_term_string"}}],"inLanguage":"fr-FR"},{"@type":"Organization","@id":"https:\/\/www.velonummern.ch\/fr\/#organization","name":"Musee Suisse de Plaques de Velo","url":"https:\/\/www.velonummern.ch\/fr\/","logo":{"@type":"ImageObject","inLanguage":"fr-FR","@id":"https:\/\/www.velonummern.ch\/fr\/#\/schema\/logo\/image\/","url":"https:\/\/www.velonummern.ch\/wp-content\/uploads\/2022\/04\/logo-de-1.svg","contentUrl":"https:\/\/www.velonummern.ch\/wp-content\/uploads\/2022\/04\/logo-de-1.svg","width":"1024","height":"1024","caption":"Musee Suisse de Plaques de Velo"},"image":{"@id":"https:\/\/www.velonummern.ch\/fr\/#\/schema\/logo\/image\/"}}]}},"_links":{"self":[{"href":"https:\/\/www.velonummern.ch\/fr\/wp-json\/wp\/v2\/product\/14938","targetHints":{"allow":["GET"]}}],"collection":[{"href":"https:\/\/www.velonummern.ch\/fr\/wp-json\/wp\/v2\/product"}],"about":[{"href":"https:\/\/www.velonummern.ch\/fr\/wp-json\/wp\/v2\/types\/product"}],"wp:featuredmedia":[{"embeddable":true,"href":"https:\/\/www.velonummern.ch\/fr\/wp-json\/wp\/v2\/media\/22489"}],"wp:attachment":[{"href":"https:\/\/www.velonummern.ch\/fr\/wp-json\/wp\/v2\/media?parent=14938"}],"wp:term":[{"taxonomy":"product_brand","embeddable":true,"href":"https:\/\/www.velonummern.ch\/fr\/wp-json\/wp\/v2\/product_brand?post=14938"},{"taxonomy":"product_cat","embeddable":true,"href":"https:\/\/www.velonummern.ch\/fr\/wp-json\/wp\/v2\/product_cat?post=14938"},{"taxonomy":"product_tag","embeddable":true,"href":"https:\/\/www.velonummern.ch\/fr\/wp-json\/wp\/v2\/product_tag?post=14938"}],"curies":[{"name":"wp","href":"https:\/\/api.w.org\/{rel}","templated":true}]}}