{"id":15918,"date":"2012-01-05T14:17:38","date_gmt":"2012-01-05T14:17:38","guid":{"rendered":"https:\/\/www.velonummern.ch\/?post_type=product&#038;p=15918"},"modified":"2023-12-04T09:48:51","modified_gmt":"2023-12-04T08:48:51","slug":"bs-1948-a","status":"publish","type":"product","link":"https:\/\/www.velonummern.ch\/fr\/produit\/bs-1948-a\/","title":{"rendered":"BS 1948 Velo privat"},"content":{"rendered":"","protected":false},"excerpt":{"rendered":"<p>Das Basler-Design aus Aluminium, im Breitformat von 9 x 4 cm ist das einzige Fahrradkennzeichen nach 1933 ohne Relief; d.h. es ist v\u00f6llig flach. Ausserdem f\u00e4llt es durch seinen besonderen Glanz auf. Nebst den Kantonen Basel-Land (1944-1950) und Basel-Stadt (1944-1951), welche dem Design den Namen gaben, wurde es auch drei Jahre lang vom Kanton Schafhausen verwendet (1947-1949).<\/p>\n<p>Basel-Stadt ist m\u00f6glicherweise der erste Kanton, der nebst den Velonummern auch Spezialschilder ausgibt. Auf jeden Fall bringt Basel schweizweit eine un\u00fcbertroffene Varianten-Vielfalt hervor. In den Jahren 1942 bis 1951 gibt der Kanton jedes Jahr drei verschiedene Kennzeichen-Varianten aus; eine f\u00fcr Velos, eine f\u00fcr Fahrradanh\u00e4nger und ein spezielles Schild f\u00fcr Veloh\u00e4ndler <a href=\"https:\/\/www.velonummern.ch\/produkte\/bs-basel-stadt\/\">[BILDER]<\/a>. Eine vollst\u00e4ndige \u00dcbersicht der 30 Varianten von 1942 bis 1951 haben wir hier zusammengestellt <a href=\"https:\/\/www.velonummern.ch\/wp-content\/uploads\/2023\/12\/1942-1951-BS-Varianten-Ubersicht.pdf\">[DOKUMENT]<\/a>.<\/p>\n<p>Ab dem Jahr 1944 erscheinen s\u00e4mtliche Varianten im \u00abBasler-Design\u00bb.<\/p>\n<p>Nebst den tats\u00e4chlich ausgegebenen Spezialschildern, sind in der Sammlung auch noch eine Reihe von Prototypen zu sehen, welche der Produzent, die Firma Aquametro AG, in Basel als Vorschl\u00e4ge hergestellt hat.<\/p>\n<p>Mehr \u00fcber die Spezialschilder erfahren Sie hier: <a href=\"https:\/\/www.velonummern.ch\/geschichte\/\">Geschichte der Schweizer Fahrradkennzeichen<\/a><\/p>\n<p>Kanton: Basel-Stadt<br \/>\nJahr: 1948<\/p>\n<p>Material: Aluminium<br \/>\nAbmessungen: 9 x 4 cm \/ 3.54 x 1.57 in<\/p>\n","protected":false},"featured_media":15919,"template":"","meta":{"_acf_changed":false,"inline_featured_image":false},"product_brand":[],"product_cat":[206,215],"product_tag":[],"class_list":{"0":"post-15918","1":"product","2":"type-product","3":"status-publish","4":"has-post-thumbnail","6":"product_cat-1946-1950","7":"product_cat-bs-basel-stadt","9":"first","10":"outofstock","11":"sold-individually","12":"purchasable","13":"product-type-simple"},"acf":[],"yoast_head":"<!-- This site is optimized with the Yoast SEO plugin v27.4 - https:\/\/yoast.com\/product\/yoast-seo-wordpress\/ -->\n<title>Fahrradkennzeichen BS 1948 Velo privat | Musee Suisse de Plaques de Velo<\/title>\n<meta name=\"description\" content=\"BS 1948 Velo privat\" \/>\n<meta name=\"robots\" content=\"index, follow, max-snippet:-1, max-image-preview:large, max-video-preview:-1\" \/>\n<link rel=\"canonical\" href=\"https:\/\/www.velonummern.ch\/fr\/produit\/bs-1948-a\/\" \/>\n<script type=\"application\/ld+json\" class=\"yoast-schema-graph\">{\"@context\":\"https:\\\/\\\/schema.org\",\"@graph\":[{\"@type\":\"WebPage\",\"@id\":\"https:\\\/\\\/www.velonummern.ch\\\/fr\\\/produit\\\/bs-1948-a\\\/\",\"url\":\"https:\\\/\\\/www.velonummern.ch\\\/fr\\\/produit\\\/bs-1948-a\\\/\",\"name\":\"Fahrradkennzeichen BS 1948 Velo privat | Musee Suisse de Plaques de Velo\",\"isPartOf\":{\"@id\":\"https:\\\/\\\/www.velonummern.ch\\\/fr\\\/#website\"},\"primaryImageOfPage\":{\"@id\":\"https:\\\/\\\/www.velonummern.ch\\\/fr\\\/produit\\\/bs-1948-a\\\/#primaryimage\"},\"image\":{\"@id\":\"https:\\\/\\\/www.velonummern.ch\\\/fr\\\/produit\\\/bs-1948-a\\\/#primaryimage\"},\"thumbnailUrl\":\"https:\\\/\\\/www.velonummern.ch\\\/wp-content\\\/uploads\\\/2022\\\/05\\\/products-BS_1948_4f05b10295a84.jpg\",\"datePublished\":\"2012-01-05T14:17:38+00:00\",\"dateModified\":\"2023-12-04T08:48:51+00:00\",\"description\":\"BS 1948 Velo privat\",\"breadcrumb\":{\"@id\":\"https:\\\/\\\/www.velonummern.ch\\\/fr\\\/produit\\\/bs-1948-a\\\/#breadcrumb\"},\"inLanguage\":\"fr-FR\",\"potentialAction\":[{\"@type\":\"ReadAction\",\"target\":[\"https:\\\/\\\/www.velonummern.ch\\\/fr\\\/produit\\\/bs-1948-a\\\/\"]}]},{\"@type\":\"ImageObject\",\"inLanguage\":\"fr-FR\",\"@id\":\"https:\\\/\\\/www.velonummern.ch\\\/fr\\\/produit\\\/bs-1948-a\\\/#primaryimage\",\"url\":\"https:\\\/\\\/www.velonummern.ch\\\/wp-content\\\/uploads\\\/2022\\\/05\\\/products-BS_1948_4f05b10295a84.jpg\",\"contentUrl\":\"https:\\\/\\\/www.velonummern.ch\\\/wp-content\\\/uploads\\\/2022\\\/05\\\/products-BS_1948_4f05b10295a84.jpg\",\"width\":\"500\",\"height\":\"500\",\"caption\":\"BS 1948 A\"},{\"@type\":\"BreadcrumbList\",\"@id\":\"https:\\\/\\\/www.velonummern.ch\\\/fr\\\/produit\\\/bs-1948-a\\\/#breadcrumb\",\"itemListElement\":[{\"@type\":\"ListItem\",\"position\":1,\"name\":\"Startseite\",\"item\":\"https:\\\/\\\/www.velonummern.ch\\\/fr\\\/\"},{\"@type\":\"ListItem\",\"position\":2,\"name\":\"Produits\",\"item\":\"https:\\\/\\\/www.velonummern.ch\\\/fr\\\/shop\\\/\"},{\"@type\":\"ListItem\",\"position\":3,\"name\":\"BS 1948 Velo privat\"}]},{\"@type\":\"WebSite\",\"@id\":\"https:\\\/\\\/www.velonummern.ch\\\/fr\\\/#website\",\"url\":\"https:\\\/\\\/www.velonummern.ch\\\/fr\\\/\",\"name\":\"Musee Suisse de Plaques de Velo\",\"description\":\"\",\"publisher\":{\"@id\":\"https:\\\/\\\/www.velonummern.ch\\\/fr\\\/#organization\"},\"potentialAction\":[{\"@type\":\"SearchAction\",\"target\":{\"@type\":\"EntryPoint\",\"urlTemplate\":\"https:\\\/\\\/www.velonummern.ch\\\/fr\\\/?s={search_term_string}\"},\"query-input\":{\"@type\":\"PropertyValueSpecification\",\"valueRequired\":true,\"valueName\":\"search_term_string\"}}],\"inLanguage\":\"fr-FR\"},{\"@type\":\"Organization\",\"@id\":\"https:\\\/\\\/www.velonummern.ch\\\/fr\\\/#organization\",\"name\":\"Musee Suisse de Plaques de Velo\",\"url\":\"https:\\\/\\\/www.velonummern.ch\\\/fr\\\/\",\"logo\":{\"@type\":\"ImageObject\",\"inLanguage\":\"fr-FR\",\"@id\":\"https:\\\/\\\/www.velonummern.ch\\\/fr\\\/#\\\/schema\\\/logo\\\/image\\\/\",\"url\":\"https:\\\/\\\/www.velonummern.ch\\\/wp-content\\\/uploads\\\/2022\\\/04\\\/logo-de-1.svg\",\"contentUrl\":\"https:\\\/\\\/www.velonummern.ch\\\/wp-content\\\/uploads\\\/2022\\\/04\\\/logo-de-1.svg\",\"width\":\"1024\",\"height\":\"1024\",\"caption\":\"Musee Suisse de Plaques de Velo\"},\"image\":{\"@id\":\"https:\\\/\\\/www.velonummern.ch\\\/fr\\\/#\\\/schema\\\/logo\\\/image\\\/\"}}]}<\/script>\n<!-- \/ Yoast SEO plugin. -->","yoast_head_json":{"title":"Fahrradkennzeichen BS 1948 Velo privat | Musee Suisse de Plaques de Velo","description":"BS 1948 Velo privat","robots":{"index":"index","follow":"follow","max-snippet":"max-snippet:-1","max-image-preview":"max-image-preview:large","max-video-preview":"max-video-preview:-1"},"canonical":"https:\/\/www.velonummern.ch\/fr\/produit\/bs-1948-a\/","schema":{"@context":"https:\/\/schema.org","@graph":[{"@type":"WebPage","@id":"https:\/\/www.velonummern.ch\/fr\/produit\/bs-1948-a\/","url":"https:\/\/www.velonummern.ch\/fr\/produit\/bs-1948-a\/","name":"Fahrradkennzeichen BS 1948 Velo privat | Musee Suisse de Plaques de Velo","isPartOf":{"@id":"https:\/\/www.velonummern.ch\/fr\/#website"},"primaryImageOfPage":{"@id":"https:\/\/www.velonummern.ch\/fr\/produit\/bs-1948-a\/#primaryimage"},"image":{"@id":"https:\/\/www.velonummern.ch\/fr\/produit\/bs-1948-a\/#primaryimage"},"thumbnailUrl":"https:\/\/www.velonummern.ch\/wp-content\/uploads\/2022\/05\/products-BS_1948_4f05b10295a84.jpg","datePublished":"2012-01-05T14:17:38+00:00","dateModified":"2023-12-04T08:48:51+00:00","description":"BS 1948 Velo privat","breadcrumb":{"@id":"https:\/\/www.velonummern.ch\/fr\/produit\/bs-1948-a\/#breadcrumb"},"inLanguage":"fr-FR","potentialAction":[{"@type":"ReadAction","target":["https:\/\/www.velonummern.ch\/fr\/produit\/bs-1948-a\/"]}]},{"@type":"ImageObject","inLanguage":"fr-FR","@id":"https:\/\/www.velonummern.ch\/fr\/produit\/bs-1948-a\/#primaryimage","url":"https:\/\/www.velonummern.ch\/wp-content\/uploads\/2022\/05\/products-BS_1948_4f05b10295a84.jpg","contentUrl":"https:\/\/www.velonummern.ch\/wp-content\/uploads\/2022\/05\/products-BS_1948_4f05b10295a84.jpg","width":"500","height":"500","caption":"BS 1948 A"},{"@type":"BreadcrumbList","@id":"https:\/\/www.velonummern.ch\/fr\/produit\/bs-1948-a\/#breadcrumb","itemListElement":[{"@type":"ListItem","position":1,"name":"Startseite","item":"https:\/\/www.velonummern.ch\/fr\/"},{"@type":"ListItem","position":2,"name":"Produits","item":"https:\/\/www.velonummern.ch\/fr\/shop\/"},{"@type":"ListItem","position":3,"name":"BS 1948 Velo privat"}]},{"@type":"WebSite","@id":"https:\/\/www.velonummern.ch\/fr\/#website","url":"https:\/\/www.velonummern.ch\/fr\/","name":"Musee Suisse de Plaques de Velo","description":"","publisher":{"@id":"https:\/\/www.velonummern.ch\/fr\/#organization"},"potentialAction":[{"@type":"SearchAction","target":{"@type":"EntryPoint","urlTemplate":"https:\/\/www.velonummern.ch\/fr\/?s={search_term_string}"},"query-input":{"@type":"PropertyValueSpecification","valueRequired":true,"valueName":"search_term_string"}}],"inLanguage":"fr-FR"},{"@type":"Organization","@id":"https:\/\/www.velonummern.ch\/fr\/#organization","name":"Musee Suisse de Plaques de Velo","url":"https:\/\/www.velonummern.ch\/fr\/","logo":{"@type":"ImageObject","inLanguage":"fr-FR","@id":"https:\/\/www.velonummern.ch\/fr\/#\/schema\/logo\/image\/","url":"https:\/\/www.velonummern.ch\/wp-content\/uploads\/2022\/04\/logo-de-1.svg","contentUrl":"https:\/\/www.velonummern.ch\/wp-content\/uploads\/2022\/04\/logo-de-1.svg","width":"1024","height":"1024","caption":"Musee Suisse de Plaques de Velo"},"image":{"@id":"https:\/\/www.velonummern.ch\/fr\/#\/schema\/logo\/image\/"}}]}},"_links":{"self":[{"href":"https:\/\/www.velonummern.ch\/fr\/wp-json\/wp\/v2\/product\/15918","targetHints":{"allow":["GET"]}}],"collection":[{"href":"https:\/\/www.velonummern.ch\/fr\/wp-json\/wp\/v2\/product"}],"about":[{"href":"https:\/\/www.velonummern.ch\/fr\/wp-json\/wp\/v2\/types\/product"}],"wp:featuredmedia":[{"embeddable":true,"href":"https:\/\/www.velonummern.ch\/fr\/wp-json\/wp\/v2\/media\/15919"}],"wp:attachment":[{"href":"https:\/\/www.velonummern.ch\/fr\/wp-json\/wp\/v2\/media?parent=15918"}],"wp:term":[{"taxonomy":"product_brand","embeddable":true,"href":"https:\/\/www.velonummern.ch\/fr\/wp-json\/wp\/v2\/product_brand?post=15918"},{"taxonomy":"product_cat","embeddable":true,"href":"https:\/\/www.velonummern.ch\/fr\/wp-json\/wp\/v2\/product_cat?post=15918"},{"taxonomy":"product_tag","embeddable":true,"href":"https:\/\/www.velonummern.ch\/fr\/wp-json\/wp\/v2\/product_tag?post=15918"}],"curies":[{"name":"wp","href":"https:\/\/api.w.org\/{rel}","templated":true}]}}