{"id":16694,"date":"2012-06-26T15:14:59","date_gmt":"2012-06-26T15:14:59","guid":{"rendered":"https:\/\/www.velonummern.ch\/?post_type=product&#038;p=16694"},"modified":"2022-08-21T11:38:37","modified_gmt":"2022-08-21T09:38:37","slug":"fl-1953","status":"publish","type":"product","link":"https:\/\/www.velonummern.ch\/fr\/produit\/fl-1953\/","title":{"rendered":"FL 1953"},"content":{"rendered":"<p>English \/ Deutsch \/ Fran\u00e7ais \/ Italiano<\/p>\n<hr \/>\n<p><strong>PRESENTATION BOX:<\/strong> This \u201cYear Initials\u201c will be supplied in a specially designed, three-part presentation box in the size of a DVD box.<\/p>\n<p><strong>AUTHENTICITY CERTIFICATE:<\/strong> Every \u201cYear Initials\u201c is an original. The customer receives a signed authenticity certificate for every plate. With this certificate, the vendor confirms that the goods delivered are bicycle license plates manufactured on behalf of the relevant Swiss authority and issued for the year indicated on the \u201cYear Initials\u201c. The serial number of the \u201cYear Initials\u201c is recorded on each certificate.<\/p>\n<p><strong>QUALITY:<\/strong> Depending upon the Canton, the years before 1956 are single specimens, if they are obtainable at all. For this reason, the vendor also sells specimens from these &#8216;Year Initials&#8217; with minor flaws. The majority of these plates have a unique design and, instead of the double initials, they often have others forms of lettering. So that the customer has full transparency in respect of design and quality, the exact specimen of the plate which the customer can purchase is shown for these plates.<\/p>\n<hr \/>\n<p><strong>PR\u00c4SENTATIONS BOX:<\/strong> Dieses \u201eYear Initials\u201c wird in einer speziell gestalteten, dreiteiligen Pr\u00e4sentations-Box im Format einer DVD-Box geliefert.<\/p>\n<p><strong>ECHTHEITS-ZERTIFIKAT:<\/strong> Jedes \u201eYear Initials\u201c ist ein Original. Zu jedem Schild erh\u00e4lt der Kunde ein unterzeichnetes Echtheits-Zertifikat. Der Anbieter best\u00e4tigt damit, dass es sich bei der gelieferten Ware um ein, im Auftrag der zust\u00e4ndigen Schweizer Beh\u00f6rden hergestelltes und f\u00fcr das auf dem \u201eYear Initials\u201c angegebene Jahr ausgegebenes Fahrrad-Kennzeichen handelt. In jedem Zertifikat wird die Seriennummer des \u201eYear Initials\u201c eingetragen.<\/p>\n<p><strong>QUALIT\u00c4T:<\/strong> Je nach Kanton sind die Jahrg\u00e4nge vor 1956, wenn \u00fcberhaupt erh\u00e4ltlich, Einzelst\u00fccke. Deshalb verkauft der Anbieter von diesen \u201eYear Initials&#8217; auch Exemplare mit kleinen M\u00e4ngeln. Die meisten dieser Schilder haben ein individuelles Design und zeigen statt der zweistelligen Initialen oft andere Formen der Beschriftung. Damit der Kunde bez\u00fcglich Design und Qualit\u00e4t volle Transparenz hat, ist f\u00fcr diese Schilder genau jenes Exemplar abgebildet, welches er kaufen kann.<\/p>\n<hr \/>\n<p><strong>BOITE DE PRESENTATION:<\/strong> Cette plaque \u00ab Year Initials \u00bb est livr\u00e9e dans une bo\u00eete de pr\u00e9sentation sp\u00e9ciale en trois parties, en format de bo\u00eete DVD.<\/p>\n<p><strong>CERTIFICAT D\u2019AUTHENTICITE:<\/strong> Chaque plaque \u00ab Year Initials \u00bb est une pi\u00e8ce originale. Chaque plaque est assortie d\u2019un certificat d\u2019authenticit\u00e9 sign\u00e9. Le vendeur certifie ainsi que l\u2019article livr\u00e9 est une plaque de v\u00e9lo fabriqu\u00e9e sur demande des autorit\u00e9s suisses comp\u00e9tentes pour l\u2019ann\u00e9e indiqu\u00e9e sur la plaque \u00ab Year Initials \u00bb concern\u00e9e. Chaque certificat mentionne le num\u00e9ro de s\u00e9rie de la plaque \u00ab Year Initials \u00bb.<\/p>\n<p><strong>QUALITE:<\/strong> Selon le canton, les plaques datant d&#8217;avant 1956 sont, le cas \u00e9ch\u00e9ant, des pi\u00e8ces uniques. C&#8217;est pourquoi le vendeur vend \u00e9galement des exemplaires de plaques \u00ab Year Initials \u00bb qui comportent de petits d\u00e9fauts. La plupart de ces plaques ont un design individuel et pr\u00e9sentent souvent d&#8217;autres inscriptions que les deux initiales. Afin d&#8217;assurer au client une totale transparence en mati\u00e8re de design et de qualit\u00e9, chaque exemplaire de ces plaques mis en vente est exactement reproduit.<\/p>\n<hr \/>\n<p><strong>SCATOLA DI PRESENTAZIONE:<\/strong> Questo \u201cYear Initials\u201d viene forniti in una scatola di presentazione speciale e suddivisa in tre parti con lo stesso formato di una scatola di DVD.<\/p>\n<p><strong>CERTIFICATO D\u2019AUTENTICITA:<\/strong> Ogni \u201cYear Initials\u201d \u00e8 un originale. Insieme a ogni targa, viene consegnato al cliente un certificato d\u2019autenticit\u00e0 firmato, con il quale l\u2019offerente conferma che l\u2019articolo fornito \u00e8 una targa per bicicletta realizzata per ordine delle autorit\u00e0 svizzere responsabili e per l\u2019anno indicato nelle \u201cYear Initials\u201d. In ogni certificato viene inserito il numero in serie delle \u201dYear Initials\u201d.<\/p>\n<p><strong>QUALITA:<\/strong> Secondo il cantone le annate che precedono il 1956, se disponibili, sono pezzi unici. Per questo motivo l&#8217;offerente vende esemplari leggermente difettosi anche di queste &#8216;Year Initials&#8217;. La maggior parte di queste targhe ha un design individuale e invece delle iniziali a due cifre hanno spesso altri tipi di diciture. Per far s\u00ec che il cliente possa avere la massima trasparenza riguardo design e qualit\u00e0, \u00e8 raffigurato esattamente l&#8217;esemplare di queste targhe da acquistare.<\/p>\n","protected":false},"excerpt":{"rendered":"<p>F\u00fcrstentum Liechtenstein<br \/>\nJahr: 1953<\/p>\n<p>Sammlung: Christoph Zemp<\/p>\n<p>Material: Aluminium<br \/>\nAbmessungen: 9 x 5 cm \/ 3.54 x 1.97 in<\/p>\n","protected":false},"featured_media":16695,"template":"","meta":{"_acf_changed":false,"inline_featured_image":false},"product_brand":[],"product_cat":[203,242],"product_tag":[],"class_list":{"0":"post-16694","1":"product","2":"type-product","3":"status-publish","4":"has-post-thumbnail","6":"product_cat-203","7":"product_cat-fl-fuerstentum-liechtenstein","9":"first","10":"outofstock","11":"sold-individually","12":"purchasable","13":"product-type-simple"},"acf":[],"yoast_head":"<!-- This site is optimized with the Yoast SEO plugin v27.4 - https:\/\/yoast.com\/product\/yoast-seo-wordpress\/ -->\n<title>Fahrradkennzeichen FL 1953 | Musee Suisse de Plaques de Velo<\/title>\n<meta name=\"robots\" content=\"index, follow, max-snippet:-1, max-image-preview:large, max-video-preview:-1\" \/>\n<link rel=\"canonical\" href=\"https:\/\/www.velonummern.ch\/fr\/produit\/fl-1953\/\" \/>\n<meta name=\"twitter:label1\" content=\"Dur\u00e9e de lecture estim\u00e9e\" \/>\n\t<meta name=\"twitter:data1\" content=\"3 minutes\" \/>\n<script type=\"application\/ld+json\" class=\"yoast-schema-graph\">{\"@context\":\"https:\\\/\\\/schema.org\",\"@graph\":[{\"@type\":\"WebPage\",\"@id\":\"https:\\\/\\\/www.velonummern.ch\\\/fr\\\/produit\\\/fl-1953\\\/\",\"url\":\"https:\\\/\\\/www.velonummern.ch\\\/fr\\\/produit\\\/fl-1953\\\/\",\"name\":\"Fahrradkennzeichen FL 1953 | Musee Suisse de Plaques de Velo\",\"isPartOf\":{\"@id\":\"https:\\\/\\\/www.velonummern.ch\\\/fr\\\/#website\"},\"primaryImageOfPage\":{\"@id\":\"https:\\\/\\\/www.velonummern.ch\\\/fr\\\/produit\\\/fl-1953\\\/#primaryimage\"},\"image\":{\"@id\":\"https:\\\/\\\/www.velonummern.ch\\\/fr\\\/produit\\\/fl-1953\\\/#primaryimage\"},\"thumbnailUrl\":\"https:\\\/\\\/www.velonummern.ch\\\/wp-content\\\/uploads\\\/2022\\\/05\\\/products-FL_1953_4fe9d1f381239.jpg\",\"datePublished\":\"2012-06-26T15:14:59+00:00\",\"dateModified\":\"2022-08-21T09:38:37+00:00\",\"breadcrumb\":{\"@id\":\"https:\\\/\\\/www.velonummern.ch\\\/fr\\\/produit\\\/fl-1953\\\/#breadcrumb\"},\"inLanguage\":\"fr-FR\",\"potentialAction\":[{\"@type\":\"ReadAction\",\"target\":[\"https:\\\/\\\/www.velonummern.ch\\\/fr\\\/produit\\\/fl-1953\\\/\"]}]},{\"@type\":\"ImageObject\",\"inLanguage\":\"fr-FR\",\"@id\":\"https:\\\/\\\/www.velonummern.ch\\\/fr\\\/produit\\\/fl-1953\\\/#primaryimage\",\"url\":\"https:\\\/\\\/www.velonummern.ch\\\/wp-content\\\/uploads\\\/2022\\\/05\\\/products-FL_1953_4fe9d1f381239.jpg\",\"contentUrl\":\"https:\\\/\\\/www.velonummern.ch\\\/wp-content\\\/uploads\\\/2022\\\/05\\\/products-FL_1953_4fe9d1f381239.jpg\",\"width\":\"500\",\"height\":\"500\",\"caption\":\"FL 1953\"},{\"@type\":\"BreadcrumbList\",\"@id\":\"https:\\\/\\\/www.velonummern.ch\\\/fr\\\/produit\\\/fl-1953\\\/#breadcrumb\",\"itemListElement\":[{\"@type\":\"ListItem\",\"position\":1,\"name\":\"Startseite\",\"item\":\"https:\\\/\\\/www.velonummern.ch\\\/fr\\\/\"},{\"@type\":\"ListItem\",\"position\":2,\"name\":\"Produits\",\"item\":\"https:\\\/\\\/www.velonummern.ch\\\/fr\\\/shop\\\/\"},{\"@type\":\"ListItem\",\"position\":3,\"name\":\"FL 1953\"}]},{\"@type\":\"WebSite\",\"@id\":\"https:\\\/\\\/www.velonummern.ch\\\/fr\\\/#website\",\"url\":\"https:\\\/\\\/www.velonummern.ch\\\/fr\\\/\",\"name\":\"Musee Suisse de Plaques de Velo\",\"description\":\"\",\"publisher\":{\"@id\":\"https:\\\/\\\/www.velonummern.ch\\\/fr\\\/#organization\"},\"potentialAction\":[{\"@type\":\"SearchAction\",\"target\":{\"@type\":\"EntryPoint\",\"urlTemplate\":\"https:\\\/\\\/www.velonummern.ch\\\/fr\\\/?s={search_term_string}\"},\"query-input\":{\"@type\":\"PropertyValueSpecification\",\"valueRequired\":true,\"valueName\":\"search_term_string\"}}],\"inLanguage\":\"fr-FR\"},{\"@type\":\"Organization\",\"@id\":\"https:\\\/\\\/www.velonummern.ch\\\/fr\\\/#organization\",\"name\":\"Musee Suisse de Plaques de Velo\",\"url\":\"https:\\\/\\\/www.velonummern.ch\\\/fr\\\/\",\"logo\":{\"@type\":\"ImageObject\",\"inLanguage\":\"fr-FR\",\"@id\":\"https:\\\/\\\/www.velonummern.ch\\\/fr\\\/#\\\/schema\\\/logo\\\/image\\\/\",\"url\":\"https:\\\/\\\/www.velonummern.ch\\\/wp-content\\\/uploads\\\/2022\\\/04\\\/logo-de-1.svg\",\"contentUrl\":\"https:\\\/\\\/www.velonummern.ch\\\/wp-content\\\/uploads\\\/2022\\\/04\\\/logo-de-1.svg\",\"width\":\"1024\",\"height\":\"1024\",\"caption\":\"Musee Suisse de Plaques de Velo\"},\"image\":{\"@id\":\"https:\\\/\\\/www.velonummern.ch\\\/fr\\\/#\\\/schema\\\/logo\\\/image\\\/\"}}]}<\/script>\n<!-- \/ Yoast SEO plugin. -->","yoast_head_json":{"title":"Fahrradkennzeichen FL 1953 | Musee Suisse de Plaques de Velo","robots":{"index":"index","follow":"follow","max-snippet":"max-snippet:-1","max-image-preview":"max-image-preview:large","max-video-preview":"max-video-preview:-1"},"canonical":"https:\/\/www.velonummern.ch\/fr\/produit\/fl-1953\/","twitter_misc":{"Dur\u00e9e de lecture estim\u00e9e":"3 minutes"},"schema":{"@context":"https:\/\/schema.org","@graph":[{"@type":"WebPage","@id":"https:\/\/www.velonummern.ch\/fr\/produit\/fl-1953\/","url":"https:\/\/www.velonummern.ch\/fr\/produit\/fl-1953\/","name":"Fahrradkennzeichen FL 1953 | Musee Suisse de Plaques de Velo","isPartOf":{"@id":"https:\/\/www.velonummern.ch\/fr\/#website"},"primaryImageOfPage":{"@id":"https:\/\/www.velonummern.ch\/fr\/produit\/fl-1953\/#primaryimage"},"image":{"@id":"https:\/\/www.velonummern.ch\/fr\/produit\/fl-1953\/#primaryimage"},"thumbnailUrl":"https:\/\/www.velonummern.ch\/wp-content\/uploads\/2022\/05\/products-FL_1953_4fe9d1f381239.jpg","datePublished":"2012-06-26T15:14:59+00:00","dateModified":"2022-08-21T09:38:37+00:00","breadcrumb":{"@id":"https:\/\/www.velonummern.ch\/fr\/produit\/fl-1953\/#breadcrumb"},"inLanguage":"fr-FR","potentialAction":[{"@type":"ReadAction","target":["https:\/\/www.velonummern.ch\/fr\/produit\/fl-1953\/"]}]},{"@type":"ImageObject","inLanguage":"fr-FR","@id":"https:\/\/www.velonummern.ch\/fr\/produit\/fl-1953\/#primaryimage","url":"https:\/\/www.velonummern.ch\/wp-content\/uploads\/2022\/05\/products-FL_1953_4fe9d1f381239.jpg","contentUrl":"https:\/\/www.velonummern.ch\/wp-content\/uploads\/2022\/05\/products-FL_1953_4fe9d1f381239.jpg","width":"500","height":"500","caption":"FL 1953"},{"@type":"BreadcrumbList","@id":"https:\/\/www.velonummern.ch\/fr\/produit\/fl-1953\/#breadcrumb","itemListElement":[{"@type":"ListItem","position":1,"name":"Startseite","item":"https:\/\/www.velonummern.ch\/fr\/"},{"@type":"ListItem","position":2,"name":"Produits","item":"https:\/\/www.velonummern.ch\/fr\/shop\/"},{"@type":"ListItem","position":3,"name":"FL 1953"}]},{"@type":"WebSite","@id":"https:\/\/www.velonummern.ch\/fr\/#website","url":"https:\/\/www.velonummern.ch\/fr\/","name":"Musee Suisse de Plaques de Velo","description":"","publisher":{"@id":"https:\/\/www.velonummern.ch\/fr\/#organization"},"potentialAction":[{"@type":"SearchAction","target":{"@type":"EntryPoint","urlTemplate":"https:\/\/www.velonummern.ch\/fr\/?s={search_term_string}"},"query-input":{"@type":"PropertyValueSpecification","valueRequired":true,"valueName":"search_term_string"}}],"inLanguage":"fr-FR"},{"@type":"Organization","@id":"https:\/\/www.velonummern.ch\/fr\/#organization","name":"Musee Suisse de Plaques de Velo","url":"https:\/\/www.velonummern.ch\/fr\/","logo":{"@type":"ImageObject","inLanguage":"fr-FR","@id":"https:\/\/www.velonummern.ch\/fr\/#\/schema\/logo\/image\/","url":"https:\/\/www.velonummern.ch\/wp-content\/uploads\/2022\/04\/logo-de-1.svg","contentUrl":"https:\/\/www.velonummern.ch\/wp-content\/uploads\/2022\/04\/logo-de-1.svg","width":"1024","height":"1024","caption":"Musee Suisse de Plaques de Velo"},"image":{"@id":"https:\/\/www.velonummern.ch\/fr\/#\/schema\/logo\/image\/"}}]}},"_links":{"self":[{"href":"https:\/\/www.velonummern.ch\/fr\/wp-json\/wp\/v2\/product\/16694","targetHints":{"allow":["GET"]}}],"collection":[{"href":"https:\/\/www.velonummern.ch\/fr\/wp-json\/wp\/v2\/product"}],"about":[{"href":"https:\/\/www.velonummern.ch\/fr\/wp-json\/wp\/v2\/types\/product"}],"wp:featuredmedia":[{"embeddable":true,"href":"https:\/\/www.velonummern.ch\/fr\/wp-json\/wp\/v2\/media\/16695"}],"wp:attachment":[{"href":"https:\/\/www.velonummern.ch\/fr\/wp-json\/wp\/v2\/media?parent=16694"}],"wp:term":[{"taxonomy":"product_brand","embeddable":true,"href":"https:\/\/www.velonummern.ch\/fr\/wp-json\/wp\/v2\/product_brand?post=16694"},{"taxonomy":"product_cat","embeddable":true,"href":"https:\/\/www.velonummern.ch\/fr\/wp-json\/wp\/v2\/product_cat?post=16694"},{"taxonomy":"product_tag","embeddable":true,"href":"https:\/\/www.velonummern.ch\/fr\/wp-json\/wp\/v2\/product_tag?post=16694"}],"curies":[{"name":"wp","href":"https:\/\/api.w.org\/{rel}","templated":true}]}}