{"id":17228,"date":"2012-11-18T15:55:17","date_gmt":"2012-11-18T15:55:17","guid":{"rendered":"https:\/\/www.velonummern.ch\/?post_type=product&#038;p=17228"},"modified":"2025-04-02T23:45:28","modified_gmt":"2025-04-02T21:45:28","slug":"army-1951-1958-d","status":"publish","type":"product","link":"https:\/\/www.velonummern.ch\/fr\/produit\/army-1951-1958-d\/","title":{"rendered":"+ Armee Radfahrer 1951-1958 D"},"content":{"rendered":"<h2>Fahrradkennzeichen Schweizer Armee<\/h2>\n<p>Ausgabejahre: 1951 \u2013 1958<br \/>\nG\u00fcltigkeit: 1951 \u2013 1961<br \/>\nNummer: D 5139<\/p>\n<p>Sammlung: Christian Vontobel<\/p>\n<p>Material: Aluminium auf Stahlblech genietet<br \/>\nAbmessungen: B 10.7 x H 11.7 cm \/ 4.21 x 4.61 in<\/p>\n<p>Die Geschichte der Fahrradkennzeichen der Schweizer Armee ist in unserer Publikation \u00ab<a href=\"https:\/\/www.velonummern.ch\/wp-content\/uploads\/2023\/11\/Geschichte-der-Schweizer-Fahrradkennzeichen-1892-2011.pdf\"><span style=\"color: red;\">Geschichte der Schweizer Fahrradkennzeichen 1892-2011<\/span><\/a>\u00bb detailliert beschrieben. S\u00e4mtliche Episoden sind mit Original-Dokumenten unterlegt, welche in unserem <a href=\"https:\/\/www.velonummern.ch\/archiv\/\"><span style=\"color: red;\">Online-Archiv<\/span><\/a> zur Verf\u00fcgung stehen. In folgenden Kapiteln gehen wir auf die Entwicklungen rund um die Velonummern in der Schweizer Armee ein:<\/p>\n<p>1891: Die Botschaft zur Errichtung von Radfahrerabteilungen<\/p>\n<p>1892: Bundesgesetz betreffend die Errichtung von Radfahrerabteilungen<\/p>\n<p>1892: Erste Armee Radfahrerschule in Bern<\/p>\n<p>1893: Bundesrat entscheidet \u00fcber Pf\u00e4ndbarkeit von Armee-Fahrr\u00e4dern<\/p>\n<p>1894: Bundesrat beschliesst Subventionen f\u00fcr Armee-Fahrr\u00e4der<\/p>\n<p>1896: Bundesrat unterst\u00fctzt sichtbare Nummern f\u00fcr Milit\u00e4rfahrr\u00e4der<\/p>\n<p>1896: Milit\u00e4r-Nummern k\u00f6nnen nicht vorne am Fahrrad befestigt werden<\/p>\n<p>1897: Bundesrat verbietet Besteuerung von Milit\u00e4rfahrr\u00e4dern<\/p>\n<p>1898: Noch immer keine Kennzeichen an den Milit\u00e4r-Fahrr\u00e4dern<\/p>\n<p>1904: Keine Fahrradkennzeichen an Milit\u00e4r-Velos bis Ende 1904<\/p>\n<p>1905: Das Fahrradkennzeichen ist in der Armee angekommen<\/p>\n<p>1905: Basel-Land verurteilt Wm Saladin wegen Armee-Kontrollschild<\/p>\n<p>1906: Aargau anerkennt Armee-Kontrollschild nicht \u2013 Generalstab reagiert<\/p>\n<p>1907: Das Milit\u00e4r-Kontrollschild im ausserdienstlichen Gebrauch<\/p>\n<p>1908: Das Milit\u00e4r-Kontrollschild befreit von Steuern und Geb\u00fchren<\/p>\n","protected":false},"excerpt":{"rendered":"<p>Fahrradkennzeichen Schweizer Armee<\/p>\n<p>Ausgabejahre: 1951 \u2013 1958<br \/>\nG\u00fcltigkeit: 1951 \u2013 1961<br \/>\nNummer: D 5139<\/p>\n<p>Sammlung: Christian Vontobel<\/p>\n<p>Material: Aluminium auf Stahlblech genietet<br \/>\nAbmessungen: B 10.7 x H 11.7 cm \/ 4.21 x 4.61 in<\/p>\n<p>Die Geschichte der Fahrradkennzeichen der Schweizer Armee ist in unserer Publikation \u00ab<a href=\"https:\/\/www.velonummern.ch\/wp-content\/uploads\/2023\/11\/Geschichte-der-Schweizer-Fahrradkennzeichen-1892-2011.pdf\"><span style=\"color: #ff0000;\">Geschichte der Schweizer Fahrradkennzeichen 1892-2011<\/span><\/a>\u00bb detailliert beschrieben. S\u00e4mtliche Episoden sind mit Original-Dokumenten unterlegt, welche in unserem <a href=\"https:\/\/www.velonummern.ch\/archiv\/\"><span style=\"color: #ff0000;\">Online-Archiv<\/span><\/a> zur Verf\u00fcgung stehen. In folgenden Kapiteln gehen wir auf die Entwicklungen rund um die Velonummern in der Schweizer Armee ein:<\/p>\n<p>1891: Die Botschaft zur Errichtung von Radfahrerabteilungen<\/p>\n<p>1892: Bundesgesetz betreffend die Errichtung von Radfahrerabteilungen<\/p>\n<p>1892: Erste Armee Radfahrerschule in Bern<\/p>\n<p>1893: Bundesrat entscheidet \u00fcber Pf\u00e4ndbarkeit von Armee-Fahrr\u00e4dern<\/p>\n<p>1894: Bundesrat beschliesst Subventionen f\u00fcr Armee-Fahrr\u00e4der<\/p>\n<p>1896: Bundesrat unterst\u00fctzt sichtbare Nummern f\u00fcr Milit\u00e4rfahrr\u00e4der<\/p>\n<p>1896: Milit\u00e4r-Nummern k\u00f6nnen nicht vorne am Fahrrad befestigt werden<\/p>\n<p>1897: Bundesrat verbietet Besteuerung von Milit\u00e4rfahrr\u00e4dern<\/p>\n<p>1898: Noch immer keine Kennzeichen an den Milit\u00e4r-Fahrr\u00e4dern<\/p>\n<p>1904: Keine Fahrradkennzeichen an Milit\u00e4r-Velos bis Ende 1904<\/p>\n<p>1905: Das Fahrradkennzeichen ist in der Armee angekommen<\/p>\n<p>1905: Basel-Land verurteilt Wm Saladin wegen Armee-Kontrollschild<\/p>\n<p>1906: Aargau anerkennt Armee-Kontrollschild nicht \u2013 Generalstab reagiert<\/p>\n<p>1907: Das Milit\u00e4r-Kontrollschild im ausserdienstlichen Gebrauch<\/p>\n<p>1908: Das Milit\u00e4r-Kontrollschild befreit von Steuern und Geb\u00fchren<\/p>\n","protected":false},"featured_media":17229,"template":"","meta":{"_acf_changed":false,"inline_featured_image":false},"product_brand":[],"product_cat":[205,204,203,202,201,200,199,198,239],"product_tag":[],"class_list":{"0":"post-17228","1":"product","2":"type-product","3":"status-publish","4":"has-post-thumbnail","6":"product_cat-205","7":"product_cat-204","8":"product_cat-203","9":"product_cat-202","10":"product_cat-201","11":"product_cat-200","12":"product_cat-199","13":"product_cat-198","14":"product_cat-special-edition","16":"first","17":"outofstock","18":"sold-individually","19":"product-type-simple"},"acf":[],"yoast_head":"<!-- This site is optimized with the Yoast SEO plugin v27.5 - https:\/\/yoast.com\/product\/yoast-seo-wordpress\/ -->\n<title>Fahrradkennzeichen + Armee Radfahrer 1951-1958 D | Musee Suisse de Plaques de Velo<\/title>\n<meta name=\"description\" content=\"Fahrradkennzeichen Schweizer Armee 1951-1958 \/ Nummer D 5139 \/ im Dienst bei der Radfahrer Truppe | Schweizer Velonummern Museum\" \/>\n<meta name=\"robots\" content=\"index, follow, max-snippet:-1, max-image-preview:large, max-video-preview:-1\" \/>\n<link rel=\"canonical\" href=\"https:\/\/www.velonummern.ch\/fr\/produit\/army-1951-1958-d\/\" \/>\n<meta name=\"twitter:label1\" content=\"Dur\u00e9e de lecture estim\u00e9e\" \/>\n\t<meta name=\"twitter:data1\" content=\"1 minute\" \/>\n<script type=\"application\/ld+json\" class=\"yoast-schema-graph\">{\"@context\":\"https:\\\/\\\/schema.org\",\"@graph\":[{\"@type\":\"WebPage\",\"@id\":\"https:\\\/\\\/www.velonummern.ch\\\/fr\\\/produit\\\/army-1951-1958-d\\\/\",\"url\":\"https:\\\/\\\/www.velonummern.ch\\\/fr\\\/produit\\\/army-1951-1958-d\\\/\",\"name\":\"Fahrradkennzeichen + Armee Radfahrer 1951-1958 D | Musee Suisse de Plaques de Velo\",\"isPartOf\":{\"@id\":\"https:\\\/\\\/www.velonummern.ch\\\/fr\\\/#website\"},\"primaryImageOfPage\":{\"@id\":\"https:\\\/\\\/www.velonummern.ch\\\/fr\\\/produit\\\/army-1951-1958-d\\\/#primaryimage\"},\"image\":{\"@id\":\"https:\\\/\\\/www.velonummern.ch\\\/fr\\\/produit\\\/army-1951-1958-d\\\/#primaryimage\"},\"thumbnailUrl\":\"https:\\\/\\\/www.velonummern.ch\\\/wp-content\\\/uploads\\\/2022\\\/05\\\/products-__Army_1951___19_50a904e5700d4.jpg\",\"datePublished\":\"2012-11-18T15:55:17+00:00\",\"dateModified\":\"2025-04-02T21:45:28+00:00\",\"description\":\"Fahrradkennzeichen Schweizer Armee 1951-1958 \\\/ Nummer D 5139 \\\/ im Dienst bei der Radfahrer Truppe | Schweizer Velonummern Museum\",\"breadcrumb\":{\"@id\":\"https:\\\/\\\/www.velonummern.ch\\\/fr\\\/produit\\\/army-1951-1958-d\\\/#breadcrumb\"},\"inLanguage\":\"fr-FR\",\"potentialAction\":[{\"@type\":\"ReadAction\",\"target\":[\"https:\\\/\\\/www.velonummern.ch\\\/fr\\\/produit\\\/army-1951-1958-d\\\/\"]}]},{\"@type\":\"ImageObject\",\"inLanguage\":\"fr-FR\",\"@id\":\"https:\\\/\\\/www.velonummern.ch\\\/fr\\\/produit\\\/army-1951-1958-d\\\/#primaryimage\",\"url\":\"https:\\\/\\\/www.velonummern.ch\\\/wp-content\\\/uploads\\\/2022\\\/05\\\/products-__Army_1951___19_50a904e5700d4.jpg\",\"contentUrl\":\"https:\\\/\\\/www.velonummern.ch\\\/wp-content\\\/uploads\\\/2022\\\/05\\\/products-__Army_1951___19_50a904e5700d4.jpg\",\"width\":\"500\",\"height\":\"500\",\"caption\":\"+ Army 1951 - 1958 D\"},{\"@type\":\"BreadcrumbList\",\"@id\":\"https:\\\/\\\/www.velonummern.ch\\\/fr\\\/produit\\\/army-1951-1958-d\\\/#breadcrumb\",\"itemListElement\":[{\"@type\":\"ListItem\",\"position\":1,\"name\":\"Startseite\",\"item\":\"https:\\\/\\\/www.velonummern.ch\\\/fr\\\/\"},{\"@type\":\"ListItem\",\"position\":2,\"name\":\"Produits\",\"item\":\"https:\\\/\\\/www.velonummern.ch\\\/fr\\\/shop\\\/\"},{\"@type\":\"ListItem\",\"position\":3,\"name\":\"+ Armee Radfahrer 1951-1958 D\"}]},{\"@type\":\"WebSite\",\"@id\":\"https:\\\/\\\/www.velonummern.ch\\\/fr\\\/#website\",\"url\":\"https:\\\/\\\/www.velonummern.ch\\\/fr\\\/\",\"name\":\"Musee Suisse de Plaques de Velo\",\"description\":\"\",\"publisher\":{\"@id\":\"https:\\\/\\\/www.velonummern.ch\\\/fr\\\/#organization\"},\"potentialAction\":[{\"@type\":\"SearchAction\",\"target\":{\"@type\":\"EntryPoint\",\"urlTemplate\":\"https:\\\/\\\/www.velonummern.ch\\\/fr\\\/?s={search_term_string}\"},\"query-input\":{\"@type\":\"PropertyValueSpecification\",\"valueRequired\":true,\"valueName\":\"search_term_string\"}}],\"inLanguage\":\"fr-FR\"},{\"@type\":\"Organization\",\"@id\":\"https:\\\/\\\/www.velonummern.ch\\\/fr\\\/#organization\",\"name\":\"Musee Suisse de Plaques de Velo\",\"url\":\"https:\\\/\\\/www.velonummern.ch\\\/fr\\\/\",\"logo\":{\"@type\":\"ImageObject\",\"inLanguage\":\"fr-FR\",\"@id\":\"https:\\\/\\\/www.velonummern.ch\\\/fr\\\/#\\\/schema\\\/logo\\\/image\\\/\",\"url\":\"https:\\\/\\\/www.velonummern.ch\\\/wp-content\\\/uploads\\\/2022\\\/04\\\/logo-de-1.svg\",\"contentUrl\":\"https:\\\/\\\/www.velonummern.ch\\\/wp-content\\\/uploads\\\/2022\\\/04\\\/logo-de-1.svg\",\"width\":\"1024\",\"height\":\"1024\",\"caption\":\"Musee Suisse de Plaques de Velo\"},\"image\":{\"@id\":\"https:\\\/\\\/www.velonummern.ch\\\/fr\\\/#\\\/schema\\\/logo\\\/image\\\/\"}}]}<\/script>\n<!-- \/ Yoast SEO plugin. -->","yoast_head_json":{"title":"Fahrradkennzeichen + Armee Radfahrer 1951-1958 D | Musee Suisse de Plaques de Velo","description":"Fahrradkennzeichen Schweizer Armee 1951-1958 \/ Nummer D 5139 \/ im Dienst bei der Radfahrer Truppe | Schweizer Velonummern Museum","robots":{"index":"index","follow":"follow","max-snippet":"max-snippet:-1","max-image-preview":"max-image-preview:large","max-video-preview":"max-video-preview:-1"},"canonical":"https:\/\/www.velonummern.ch\/fr\/produit\/army-1951-1958-d\/","twitter_misc":{"Dur\u00e9e de lecture estim\u00e9e":"1 minute"},"schema":{"@context":"https:\/\/schema.org","@graph":[{"@type":"WebPage","@id":"https:\/\/www.velonummern.ch\/fr\/produit\/army-1951-1958-d\/","url":"https:\/\/www.velonummern.ch\/fr\/produit\/army-1951-1958-d\/","name":"Fahrradkennzeichen + Armee Radfahrer 1951-1958 D | Musee Suisse de Plaques de Velo","isPartOf":{"@id":"https:\/\/www.velonummern.ch\/fr\/#website"},"primaryImageOfPage":{"@id":"https:\/\/www.velonummern.ch\/fr\/produit\/army-1951-1958-d\/#primaryimage"},"image":{"@id":"https:\/\/www.velonummern.ch\/fr\/produit\/army-1951-1958-d\/#primaryimage"},"thumbnailUrl":"https:\/\/www.velonummern.ch\/wp-content\/uploads\/2022\/05\/products-__Army_1951___19_50a904e5700d4.jpg","datePublished":"2012-11-18T15:55:17+00:00","dateModified":"2025-04-02T21:45:28+00:00","description":"Fahrradkennzeichen Schweizer Armee 1951-1958 \/ Nummer D 5139 \/ im Dienst bei der Radfahrer Truppe | Schweizer Velonummern Museum","breadcrumb":{"@id":"https:\/\/www.velonummern.ch\/fr\/produit\/army-1951-1958-d\/#breadcrumb"},"inLanguage":"fr-FR","potentialAction":[{"@type":"ReadAction","target":["https:\/\/www.velonummern.ch\/fr\/produit\/army-1951-1958-d\/"]}]},{"@type":"ImageObject","inLanguage":"fr-FR","@id":"https:\/\/www.velonummern.ch\/fr\/produit\/army-1951-1958-d\/#primaryimage","url":"https:\/\/www.velonummern.ch\/wp-content\/uploads\/2022\/05\/products-__Army_1951___19_50a904e5700d4.jpg","contentUrl":"https:\/\/www.velonummern.ch\/wp-content\/uploads\/2022\/05\/products-__Army_1951___19_50a904e5700d4.jpg","width":"500","height":"500","caption":"+ Army 1951 - 1958 D"},{"@type":"BreadcrumbList","@id":"https:\/\/www.velonummern.ch\/fr\/produit\/army-1951-1958-d\/#breadcrumb","itemListElement":[{"@type":"ListItem","position":1,"name":"Startseite","item":"https:\/\/www.velonummern.ch\/fr\/"},{"@type":"ListItem","position":2,"name":"Produits","item":"https:\/\/www.velonummern.ch\/fr\/shop\/"},{"@type":"ListItem","position":3,"name":"+ Armee Radfahrer 1951-1958 D"}]},{"@type":"WebSite","@id":"https:\/\/www.velonummern.ch\/fr\/#website","url":"https:\/\/www.velonummern.ch\/fr\/","name":"Musee Suisse de Plaques de Velo","description":"","publisher":{"@id":"https:\/\/www.velonummern.ch\/fr\/#organization"},"potentialAction":[{"@type":"SearchAction","target":{"@type":"EntryPoint","urlTemplate":"https:\/\/www.velonummern.ch\/fr\/?s={search_term_string}"},"query-input":{"@type":"PropertyValueSpecification","valueRequired":true,"valueName":"search_term_string"}}],"inLanguage":"fr-FR"},{"@type":"Organization","@id":"https:\/\/www.velonummern.ch\/fr\/#organization","name":"Musee Suisse de Plaques de Velo","url":"https:\/\/www.velonummern.ch\/fr\/","logo":{"@type":"ImageObject","inLanguage":"fr-FR","@id":"https:\/\/www.velonummern.ch\/fr\/#\/schema\/logo\/image\/","url":"https:\/\/www.velonummern.ch\/wp-content\/uploads\/2022\/04\/logo-de-1.svg","contentUrl":"https:\/\/www.velonummern.ch\/wp-content\/uploads\/2022\/04\/logo-de-1.svg","width":"1024","height":"1024","caption":"Musee Suisse de Plaques de Velo"},"image":{"@id":"https:\/\/www.velonummern.ch\/fr\/#\/schema\/logo\/image\/"}}]}},"_links":{"self":[{"href":"https:\/\/www.velonummern.ch\/fr\/wp-json\/wp\/v2\/product\/17228","targetHints":{"allow":["GET"]}}],"collection":[{"href":"https:\/\/www.velonummern.ch\/fr\/wp-json\/wp\/v2\/product"}],"about":[{"href":"https:\/\/www.velonummern.ch\/fr\/wp-json\/wp\/v2\/types\/product"}],"wp:featuredmedia":[{"embeddable":true,"href":"https:\/\/www.velonummern.ch\/fr\/wp-json\/wp\/v2\/media\/17229"}],"wp:attachment":[{"href":"https:\/\/www.velonummern.ch\/fr\/wp-json\/wp\/v2\/media?parent=17228"}],"wp:term":[{"taxonomy":"product_brand","embeddable":true,"href":"https:\/\/www.velonummern.ch\/fr\/wp-json\/wp\/v2\/product_brand?post=17228"},{"taxonomy":"product_cat","embeddable":true,"href":"https:\/\/www.velonummern.ch\/fr\/wp-json\/wp\/v2\/product_cat?post=17228"},{"taxonomy":"product_tag","embeddable":true,"href":"https:\/\/www.velonummern.ch\/fr\/wp-json\/wp\/v2\/product_tag?post=17228"}],"curies":[{"name":"wp","href":"https:\/\/api.w.org\/{rel}","templated":true}]}}