{"id":23346,"date":"2023-11-30T12:27:36","date_gmt":"2023-11-30T11:27:36","guid":{"rendered":"https:\/\/www.velonummern.ch\/?post_type=product&#038;p=23346"},"modified":"2023-11-30T12:36:01","modified_gmt":"2023-11-30T11:36:01","slug":"bs-1942-haendler","status":"publish","type":"product","link":"https:\/\/www.velonummern.ch\/fr\/produit\/bs-1942-haendler\/","title":{"rendered":"BS 1942 H\u00e4ndler"},"content":{"rendered":"","protected":false},"excerpt":{"rendered":"<p>Kanton: Basel-Stadt<br \/>\nJahr: 1942<\/p>\n<p>Sammlung: ???<\/p>\n<p>Dieses Fahrradkennzeichen fehlt noch in unserer Dokumentation. Falls sich ein solches Schild in Ihrem Besitz befindet, bitten wie Sie, uns ein gutes Foto davon zur Verf\u00fcgung zu stellen. Bitte setzen Sie sich \u00fcber das Kontaktformular mit uns in Verbindung. Falls Sie einverstanden sind, werden wir hier Ihren Namen erw\u00e4hnen. Danke f\u00fcr Ihre Unterst\u00fctzung.<\/p>\n<p>Material: Aluminium<\/p>\n","protected":false},"featured_media":18715,"template":"","meta":{"_acf_changed":false,"inline_featured_image":false},"product_brand":[],"product_cat":[207,215],"product_tag":[],"class_list":{"0":"post-23346","1":"product","2":"type-product","3":"status-publish","4":"has-post-thumbnail","6":"product_cat-1941-1945","7":"product_cat-bs-basel-stadt","9":"first","10":"outofstock","11":"sold-individually","12":"product-type-simple"},"acf":[],"yoast_head":"<!-- This site is optimized with the Yoast SEO plugin v27.4 - https:\/\/yoast.com\/product\/yoast-seo-wordpress\/ -->\n<title>Fahrradkennzeichen BS 1942 H\u00e4ndler | Musee Suisse de Plaques de Velo<\/title>\n<meta name=\"robots\" content=\"index, follow, max-snippet:-1, max-image-preview:large, max-video-preview:-1\" \/>\n<link rel=\"canonical\" href=\"https:\/\/www.velonummern.ch\/fr\/produit\/bs-1942-haendler\/\" \/>\n<script type=\"application\/ld+json\" class=\"yoast-schema-graph\">{\"@context\":\"https:\\\/\\\/schema.org\",\"@graph\":[{\"@type\":\"WebPage\",\"@id\":\"https:\\\/\\\/www.velonummern.ch\\\/fr\\\/produit\\\/bs-1942-haendler\\\/\",\"url\":\"https:\\\/\\\/www.velonummern.ch\\\/fr\\\/produit\\\/bs-1942-haendler\\\/\",\"name\":\"Fahrradkennzeichen BS 1942 H\u00e4ndler | Musee Suisse de Plaques de Velo\",\"isPartOf\":{\"@id\":\"https:\\\/\\\/www.velonummern.ch\\\/fr\\\/#website\"},\"primaryImageOfPage\":{\"@id\":\"https:\\\/\\\/www.velonummern.ch\\\/fr\\\/produit\\\/bs-1942-haendler\\\/#primaryimage\"},\"image\":{\"@id\":\"https:\\\/\\\/www.velonummern.ch\\\/fr\\\/produit\\\/bs-1942-haendler\\\/#primaryimage\"},\"thumbnailUrl\":\"https:\\\/\\\/www.velonummern.ch\\\/wp-content\\\/uploads\\\/2022\\\/08\\\/Wanted-JPG-500.jpg\",\"datePublished\":\"2023-11-30T11:27:36+00:00\",\"dateModified\":\"2023-11-30T11:36:01+00:00\",\"breadcrumb\":{\"@id\":\"https:\\\/\\\/www.velonummern.ch\\\/fr\\\/produit\\\/bs-1942-haendler\\\/#breadcrumb\"},\"inLanguage\":\"fr-FR\",\"potentialAction\":[{\"@type\":\"ReadAction\",\"target\":[\"https:\\\/\\\/www.velonummern.ch\\\/fr\\\/produit\\\/bs-1942-haendler\\\/\"]}]},{\"@type\":\"ImageObject\",\"inLanguage\":\"fr-FR\",\"@id\":\"https:\\\/\\\/www.velonummern.ch\\\/fr\\\/produit\\\/bs-1942-haendler\\\/#primaryimage\",\"url\":\"https:\\\/\\\/www.velonummern.ch\\\/wp-content\\\/uploads\\\/2022\\\/08\\\/Wanted-JPG-500.jpg\",\"contentUrl\":\"https:\\\/\\\/www.velonummern.ch\\\/wp-content\\\/uploads\\\/2022\\\/08\\\/Wanted-JPG-500.jpg\",\"width\":500,\"height\":500},{\"@type\":\"BreadcrumbList\",\"@id\":\"https:\\\/\\\/www.velonummern.ch\\\/fr\\\/produit\\\/bs-1942-haendler\\\/#breadcrumb\",\"itemListElement\":[{\"@type\":\"ListItem\",\"position\":1,\"name\":\"Startseite\",\"item\":\"https:\\\/\\\/www.velonummern.ch\\\/fr\\\/\"},{\"@type\":\"ListItem\",\"position\":2,\"name\":\"Produits\",\"item\":\"https:\\\/\\\/www.velonummern.ch\\\/fr\\\/shop\\\/\"},{\"@type\":\"ListItem\",\"position\":3,\"name\":\"BS 1942 H\u00e4ndler\"}]},{\"@type\":\"WebSite\",\"@id\":\"https:\\\/\\\/www.velonummern.ch\\\/fr\\\/#website\",\"url\":\"https:\\\/\\\/www.velonummern.ch\\\/fr\\\/\",\"name\":\"Musee Suisse de Plaques de Velo\",\"description\":\"\",\"publisher\":{\"@id\":\"https:\\\/\\\/www.velonummern.ch\\\/fr\\\/#organization\"},\"potentialAction\":[{\"@type\":\"SearchAction\",\"target\":{\"@type\":\"EntryPoint\",\"urlTemplate\":\"https:\\\/\\\/www.velonummern.ch\\\/fr\\\/?s={search_term_string}\"},\"query-input\":{\"@type\":\"PropertyValueSpecification\",\"valueRequired\":true,\"valueName\":\"search_term_string\"}}],\"inLanguage\":\"fr-FR\"},{\"@type\":\"Organization\",\"@id\":\"https:\\\/\\\/www.velonummern.ch\\\/fr\\\/#organization\",\"name\":\"Musee Suisse de Plaques de Velo\",\"url\":\"https:\\\/\\\/www.velonummern.ch\\\/fr\\\/\",\"logo\":{\"@type\":\"ImageObject\",\"inLanguage\":\"fr-FR\",\"@id\":\"https:\\\/\\\/www.velonummern.ch\\\/fr\\\/#\\\/schema\\\/logo\\\/image\\\/\",\"url\":\"https:\\\/\\\/www.velonummern.ch\\\/wp-content\\\/uploads\\\/2022\\\/04\\\/logo-de-1.svg\",\"contentUrl\":\"https:\\\/\\\/www.velonummern.ch\\\/wp-content\\\/uploads\\\/2022\\\/04\\\/logo-de-1.svg\",\"width\":\"1024\",\"height\":\"1024\",\"caption\":\"Musee Suisse de Plaques de Velo\"},\"image\":{\"@id\":\"https:\\\/\\\/www.velonummern.ch\\\/fr\\\/#\\\/schema\\\/logo\\\/image\\\/\"}}]}<\/script>\n<!-- \/ Yoast SEO plugin. -->","yoast_head_json":{"title":"Fahrradkennzeichen BS 1942 H\u00e4ndler | Musee Suisse de Plaques de Velo","robots":{"index":"index","follow":"follow","max-snippet":"max-snippet:-1","max-image-preview":"max-image-preview:large","max-video-preview":"max-video-preview:-1"},"canonical":"https:\/\/www.velonummern.ch\/fr\/produit\/bs-1942-haendler\/","schema":{"@context":"https:\/\/schema.org","@graph":[{"@type":"WebPage","@id":"https:\/\/www.velonummern.ch\/fr\/produit\/bs-1942-haendler\/","url":"https:\/\/www.velonummern.ch\/fr\/produit\/bs-1942-haendler\/","name":"Fahrradkennzeichen BS 1942 H\u00e4ndler | Musee Suisse de Plaques de Velo","isPartOf":{"@id":"https:\/\/www.velonummern.ch\/fr\/#website"},"primaryImageOfPage":{"@id":"https:\/\/www.velonummern.ch\/fr\/produit\/bs-1942-haendler\/#primaryimage"},"image":{"@id":"https:\/\/www.velonummern.ch\/fr\/produit\/bs-1942-haendler\/#primaryimage"},"thumbnailUrl":"https:\/\/www.velonummern.ch\/wp-content\/uploads\/2022\/08\/Wanted-JPG-500.jpg","datePublished":"2023-11-30T11:27:36+00:00","dateModified":"2023-11-30T11:36:01+00:00","breadcrumb":{"@id":"https:\/\/www.velonummern.ch\/fr\/produit\/bs-1942-haendler\/#breadcrumb"},"inLanguage":"fr-FR","potentialAction":[{"@type":"ReadAction","target":["https:\/\/www.velonummern.ch\/fr\/produit\/bs-1942-haendler\/"]}]},{"@type":"ImageObject","inLanguage":"fr-FR","@id":"https:\/\/www.velonummern.ch\/fr\/produit\/bs-1942-haendler\/#primaryimage","url":"https:\/\/www.velonummern.ch\/wp-content\/uploads\/2022\/08\/Wanted-JPG-500.jpg","contentUrl":"https:\/\/www.velonummern.ch\/wp-content\/uploads\/2022\/08\/Wanted-JPG-500.jpg","width":500,"height":500},{"@type":"BreadcrumbList","@id":"https:\/\/www.velonummern.ch\/fr\/produit\/bs-1942-haendler\/#breadcrumb","itemListElement":[{"@type":"ListItem","position":1,"name":"Startseite","item":"https:\/\/www.velonummern.ch\/fr\/"},{"@type":"ListItem","position":2,"name":"Produits","item":"https:\/\/www.velonummern.ch\/fr\/shop\/"},{"@type":"ListItem","position":3,"name":"BS 1942 H\u00e4ndler"}]},{"@type":"WebSite","@id":"https:\/\/www.velonummern.ch\/fr\/#website","url":"https:\/\/www.velonummern.ch\/fr\/","name":"Musee Suisse de Plaques de Velo","description":"","publisher":{"@id":"https:\/\/www.velonummern.ch\/fr\/#organization"},"potentialAction":[{"@type":"SearchAction","target":{"@type":"EntryPoint","urlTemplate":"https:\/\/www.velonummern.ch\/fr\/?s={search_term_string}"},"query-input":{"@type":"PropertyValueSpecification","valueRequired":true,"valueName":"search_term_string"}}],"inLanguage":"fr-FR"},{"@type":"Organization","@id":"https:\/\/www.velonummern.ch\/fr\/#organization","name":"Musee Suisse de Plaques de Velo","url":"https:\/\/www.velonummern.ch\/fr\/","logo":{"@type":"ImageObject","inLanguage":"fr-FR","@id":"https:\/\/www.velonummern.ch\/fr\/#\/schema\/logo\/image\/","url":"https:\/\/www.velonummern.ch\/wp-content\/uploads\/2022\/04\/logo-de-1.svg","contentUrl":"https:\/\/www.velonummern.ch\/wp-content\/uploads\/2022\/04\/logo-de-1.svg","width":"1024","height":"1024","caption":"Musee Suisse de Plaques de Velo"},"image":{"@id":"https:\/\/www.velonummern.ch\/fr\/#\/schema\/logo\/image\/"}}]}},"_links":{"self":[{"href":"https:\/\/www.velonummern.ch\/fr\/wp-json\/wp\/v2\/product\/23346","targetHints":{"allow":["GET"]}}],"collection":[{"href":"https:\/\/www.velonummern.ch\/fr\/wp-json\/wp\/v2\/product"}],"about":[{"href":"https:\/\/www.velonummern.ch\/fr\/wp-json\/wp\/v2\/types\/product"}],"wp:featuredmedia":[{"embeddable":true,"href":"https:\/\/www.velonummern.ch\/fr\/wp-json\/wp\/v2\/media\/18715"}],"wp:attachment":[{"href":"https:\/\/www.velonummern.ch\/fr\/wp-json\/wp\/v2\/media?parent=23346"}],"wp:term":[{"taxonomy":"product_brand","embeddable":true,"href":"https:\/\/www.velonummern.ch\/fr\/wp-json\/wp\/v2\/product_brand?post=23346"},{"taxonomy":"product_cat","embeddable":true,"href":"https:\/\/www.velonummern.ch\/fr\/wp-json\/wp\/v2\/product_cat?post=23346"},{"taxonomy":"product_tag","embeddable":true,"href":"https:\/\/www.velonummern.ch\/fr\/wp-json\/wp\/v2\/product_tag?post=23346"}],"curies":[{"name":"wp","href":"https:\/\/api.w.org\/{rel}","templated":true}]}}