{"id":23538,"date":"2024-01-30T11:43:05","date_gmt":"2024-01-30T10:43:05","guid":{"rendered":"https:\/\/www.velonummern.ch\/?post_type=product&#038;p=23538"},"modified":"2024-04-19T14:35:02","modified_gmt":"2024-04-19T12:35:02","slug":"zh-1914-prototyp-2-schwarz","status":"publish","type":"product","link":"https:\/\/www.velonummern.ch\/fr\/produit\/zh-1914-prototyp-2-schwarz\/","title":{"rendered":"ZH 1914 Prototyp 2 schwarz"},"content":{"rendered":"<h2>Velonummer \/ Fahrradkennzeichen ZH Prototyp 2 1914<\/h2>\n<p>&nbsp;<\/p>\n<p>Kanton: Z\u00fcrich<br \/>\nHerstellungsjahr vermutlich 1914<br \/>\nPrototyp 2 mit schwarzem Hintergrund f\u00fcr die Jahre 1915 bis 1924<\/p>\n<p>Sammlung: Strassenverkehrsamt des Kantons Z\u00fcrich<\/p>\n<p>Material: Metal \/ Email<\/p>\n<p>Im Kanton Z\u00fcrich werden ab 1910 (siehe Kapitel \u00ab1910 ZH: Wann wurden im Kanton Z\u00fcrich die Email-Schilder eingef\u00fchrt?\u00bb) ausgegeben <a href=\"https:\/\/www.velonummern.ch\/produkte\/zh-zurich\/\">[BILD]<\/a>. F\u00fcr die Jahre 1914 bis 1924 werden die vier m\u00f6glichen Formen, die zwei unterschiedlichen Hintergrundfarben, die einzelnen Serien sowie spezielle Kennzeichnungen jedes Jahr neu definiert. Jedem der 11 Bezirke wird jeweils ein besonderer Nummernkreis zugewiesen und schriftlich definiert <a href=\"https:\/\/www.velonummern.ch\/wp-content\/uploads\/2023\/02\/1914-1924-ZH-Beschreibung-Fahrradkennzeichen-aus-Email.pdf\">[DOKUMENT]<\/a>. F\u00fcr die vier Jahrg\u00e4nge davor haben wir bis heute keine Dokumentation finden k\u00f6nnen. Wissen Sie mehr dar\u00fcber?<\/p>\n<p>Diese Fahrradkennzeichen haben eine Nummerierung, welche in der Ausweiskarte und im Register der ausgebenden Stadthalter\u00e4mtern eingetragen wird; jedoch hat das Schild keinen Jahrgang. Die Idee war offenbar, dass man drei verschiede Formen (Rechteck, Oval, Herzform) von Schildern ohne Jahrgang f\u00fchrte und jedes Jahr eine andere dieser Formen g\u00fcltig war. Auf diese Weise ist einfach zu sehen, ob die Radfahrer ein aktuelles Fahrradkennzeichen haben. Nun gibt es offenbar findige Rad\u00adfahrer, welche ihre Schilder nicht abgeben und darauf spekulieren, dass sie dasselbe Schild in drei Jahren wieder verwenden k\u00f6nnen ohne die Geb\u00fchren zu bezahlen. Dieser Missstand wird am 15. Juli 1914 im Z\u00fcrcher Regierungsrat zum Thema. Die Polizeidirektion schl\u00e4gt vor, dass man die Anzahl der Modelle erh\u00f6ht, indem man zus\u00e4tzlich mit der Grund- und Schriftfarbe variiert. Zur Veranschaulichung des neuartigen schwarzen Hintergrunds wird dem Regierungsrat eine \u00abMustertafel\u00bb vorgelegt. Dabei handelt es sich m\u00f6glicherweise um diesen Prototyp, den der Sammler Stefan Hotan im Archiv des Strassenverkehrssamtes des Kantons Z\u00fcrich gefunden hat. Dieser schwarze Hintergrund wurde erstmals 1915 mit einer Herzform angewendet. Allerdings unterscheidet sich das Design des kleinen Kantonswappen k\u00fcnftig von jenem des Prototyps.<\/p>\n<p>Der Regierungsrat beschliesst f\u00fcr die kommenden Jahre, ab 1915 bei der Metallwarenfabrik Zug AG je 35&#8217;000 bis 40&#8217;000 Email-Schilder f\u00fcr j\u00e4hrlich rund CHF 10&#8217;000 zu bestellen. Das Dokument gibt ausser\u00addem Auskunft \u00fcber Preise, Mengen und Produzenten <a href=\"https:\/\/www.velonummern.ch\/archiv\/1914-zh-missbrauch-velonummern-und-email-schilder-varianten\/\">[DOKUMENT]<\/a>. In der Praxis wird die Anzahl der Modelle dann noch zus\u00e4tzlich mit der Einf\u00fchrung eines runden Schildes erh\u00f6ht.<\/p>\n<p>Mehr dazu erfahren Sie in der <a href=\"https:\/\/www.velonummern.ch\/geschichte\/\">Geschichte der Schweizer Fahrradkennzeichen<\/a><\/p>\n<p>&nbsp;<\/p>\n","protected":false},"excerpt":{"rendered":"<p>Kanton: Z\u00fcrich<br \/>\nHerstellungsjahr vermutlich 1914<br \/>\nPrototyp 2 mit schwarzem Hintergrund f\u00fcr die Jahre 1915 bis 1924<\/p>\n<p>Sammlung: Strassenverkehrsamt des Kantons Z\u00fcrich<\/p>\n<p>Material: Metal \/ Email<\/p>\n<p>Im Kanton Z\u00fcrich werden ab 1910 (siehe Kapitel \u00ab1910 ZH: Wann wurden im Kanton Z\u00fcrich die Email-Schilder eingef\u00fchrt?\u00bb) ausgegeben <a href=\"https:\/\/www.velonummern.ch\/produkte\/zh-zurich\/\">[BILD]<\/a>. F\u00fcr die Jahre 1914 bis 1924 werden die vier m\u00f6glichen Formen, die zwei unterschiedlichen Hintergrundfarben, die einzelnen Serien sowie spezielle Kennzeichnungen jedes Jahr neu definiert. Jedem der 11 Bezirke wird jeweils ein besonderer Nummernkreis zugewiesen und schriftlich definiert <a href=\"https:\/\/www.velonummern.ch\/wp-content\/uploads\/2023\/02\/1914-1924-ZH-Beschreibung-Fahrradkennzeichen-aus-Email.pdf\">[DOKUMENT]<\/a>. F\u00fcr die vier Jahrg\u00e4nge davor haben wir bis heute keine Dokumentation finden k\u00f6nnen. Wissen Sie mehr dar\u00fcber?<\/p>\n<p>Diese Fahrradkennzeichen haben eine Nummerierung, welche in der Ausweiskarte und im Register der ausgebenden Stadthalter\u00e4mtern eingetragen wird; jedoch hat das Schild keinen Jahrgang. Die Idee war offenbar, dass man drei verschiede Formen (Rechteck, Oval, Herzform) von Schildern ohne Jahrgang f\u00fchrte und jedes Jahr eine andere dieser Formen g\u00fcltig war. Auf diese Weise ist einfach zu sehen, ob die Radfahrer ein aktuelles Fahrradkennzeichen haben. Nun gibt es offenbar findige Rad\u00adfahrer, welche ihre Schilder nicht abgeben und darauf spekulieren, dass sie dasselbe Schild in drei Jahren wieder verwenden k\u00f6nnen ohne die Geb\u00fchren zu bezahlen. Dieser Missstand wird am 15. Juli 1914 im Z\u00fcrcher Regierungsrat zum Thema. Die Polizeidirektion schl\u00e4gt vor, dass man die Anzahl der Modelle erh\u00f6ht, indem man zus\u00e4tzlich mit der Grund- und Schriftfarbe variiert. Zur Veranschaulichung des neuartigen schwarzen Hintergrunds wird dem Regierungsrat eine \u00abMustertafel\u00bb vorgelegt. Dabei handelt es sich m\u00f6glicherweise um diesen Prototyp, den der Sammler Stefan Hotan im Archiv des Strassenverkehrssamtes des Kantons Z\u00fcrich gefunden hat. Dieser schwarze Hintergrund wurde erstmals 1915 mit einer Herzform angewendet. Allerdings unterscheidet sich das Design des kleinen Kantonswappen k\u00fcnftig von jenem des Prototyps.<\/p>\n<p>Der Regierungsrat beschliesst f\u00fcr die kommenden Jahre, ab 1915 bei der Metallwarenfabrik Zug AG je 35&#8217;000 bis 40&#8217;000 Email-Schilder f\u00fcr j\u00e4hrlich rund CHF 10&#8217;000 zu bestellen. Das Dokument gibt ausser\u00addem Auskunft \u00fcber Preise, Mengen und Produzenten <a href=\"https:\/\/www.velonummern.ch\/archiv\/1914-zh-missbrauch-velonummern-und-email-schilder-varianten\/\">[DOKUMENT]<\/a>. In der Praxis wird die Anzahl der Modelle dann noch zus\u00e4tzlich mit der Einf\u00fchrung eines runden Schildes erh\u00f6ht.<\/p>\n<p>Mehr dazu erfahren Sie in der <a href=\"https:\/\/www.velonummern.ch\/geschichte\/\">Geschichte der Schweizer Fahrradkennzeichen<\/a><\/p>\n<p>&nbsp;<\/p>\n","protected":false},"featured_media":23539,"template":"","meta":{"_acf_changed":false,"inline_featured_image":false},"product_brand":[],"product_cat":[166,236],"product_tag":[],"class_list":{"0":"post-23538","1":"product","2":"type-product","3":"status-publish","4":"has-post-thumbnail","6":"product_cat-166","7":"product_cat-zh-zurich","9":"first","10":"outofstock","11":"sold-individually","12":"product-type-simple"},"acf":[],"yoast_head":"<!-- This site is optimized with the Yoast SEO plugin v27.4 - https:\/\/yoast.com\/product\/yoast-seo-wordpress\/ -->\n<title>Fahrradkennzeichen ZH 1914 Prototyp 2 schwarz | Musee Suisse de Plaques de Velo<\/title>\n<meta name=\"description\" content=\"Fahrradkennzeichen aus dem Kanton Z\u00fcrich, Prototyp aus Email mit schwarzem Hintergrund aus dem Jahr 1914. Schweizer Velonummern Museum.\" \/>\n<meta name=\"robots\" content=\"index, follow, max-snippet:-1, max-image-preview:large, max-video-preview:-1\" \/>\n<link rel=\"canonical\" href=\"https:\/\/www.velonummern.ch\/fr\/produit\/zh-1914-prototyp-2-schwarz\/\" \/>\n<meta name=\"twitter:label1\" content=\"Dur\u00e9e de lecture estim\u00e9e\" \/>\n\t<meta name=\"twitter:data1\" content=\"2 minutes\" \/>\n<script type=\"application\/ld+json\" class=\"yoast-schema-graph\">{\"@context\":\"https:\\\/\\\/schema.org\",\"@graph\":[{\"@type\":\"WebPage\",\"@id\":\"https:\\\/\\\/www.velonummern.ch\\\/fr\\\/produit\\\/zh-1914-prototyp-2-schwarz\\\/\",\"url\":\"https:\\\/\\\/www.velonummern.ch\\\/fr\\\/produit\\\/zh-1914-prototyp-2-schwarz\\\/\",\"name\":\"Fahrradkennzeichen ZH 1914 Prototyp 2 schwarz | Musee Suisse de Plaques de Velo\",\"isPartOf\":{\"@id\":\"https:\\\/\\\/www.velonummern.ch\\\/fr\\\/#website\"},\"primaryImageOfPage\":{\"@id\":\"https:\\\/\\\/www.velonummern.ch\\\/fr\\\/produit\\\/zh-1914-prototyp-2-schwarz\\\/#primaryimage\"},\"image\":{\"@id\":\"https:\\\/\\\/www.velonummern.ch\\\/fr\\\/produit\\\/zh-1914-prototyp-2-schwarz\\\/#primaryimage\"},\"thumbnailUrl\":\"https:\\\/\\\/www.velonummern.ch\\\/wp-content\\\/uploads\\\/2024\\\/01\\\/ZH-1914-Prototyp-schwarz-fur-1915-1924.jpg\",\"datePublished\":\"2024-01-30T10:43:05+00:00\",\"dateModified\":\"2024-04-19T12:35:02+00:00\",\"description\":\"Fahrradkennzeichen aus dem Kanton Z\u00fcrich, Prototyp aus Email mit schwarzem Hintergrund aus dem Jahr 1914. Schweizer Velonummern Museum.\",\"breadcrumb\":{\"@id\":\"https:\\\/\\\/www.velonummern.ch\\\/fr\\\/produit\\\/zh-1914-prototyp-2-schwarz\\\/#breadcrumb\"},\"inLanguage\":\"fr-FR\",\"potentialAction\":[{\"@type\":\"ReadAction\",\"target\":[\"https:\\\/\\\/www.velonummern.ch\\\/fr\\\/produit\\\/zh-1914-prototyp-2-schwarz\\\/\"]}]},{\"@type\":\"ImageObject\",\"inLanguage\":\"fr-FR\",\"@id\":\"https:\\\/\\\/www.velonummern.ch\\\/fr\\\/produit\\\/zh-1914-prototyp-2-schwarz\\\/#primaryimage\",\"url\":\"https:\\\/\\\/www.velonummern.ch\\\/wp-content\\\/uploads\\\/2024\\\/01\\\/ZH-1914-Prototyp-schwarz-fur-1915-1924.jpg\",\"contentUrl\":\"https:\\\/\\\/www.velonummern.ch\\\/wp-content\\\/uploads\\\/2024\\\/01\\\/ZH-1914-Prototyp-schwarz-fur-1915-1924.jpg\",\"width\":1500,\"height\":1500},{\"@type\":\"BreadcrumbList\",\"@id\":\"https:\\\/\\\/www.velonummern.ch\\\/fr\\\/produit\\\/zh-1914-prototyp-2-schwarz\\\/#breadcrumb\",\"itemListElement\":[{\"@type\":\"ListItem\",\"position\":1,\"name\":\"Startseite\",\"item\":\"https:\\\/\\\/www.velonummern.ch\\\/fr\\\/\"},{\"@type\":\"ListItem\",\"position\":2,\"name\":\"Produits\",\"item\":\"https:\\\/\\\/www.velonummern.ch\\\/fr\\\/shop\\\/\"},{\"@type\":\"ListItem\",\"position\":3,\"name\":\"ZH 1914 Prototyp 2 schwarz\"}]},{\"@type\":\"WebSite\",\"@id\":\"https:\\\/\\\/www.velonummern.ch\\\/fr\\\/#website\",\"url\":\"https:\\\/\\\/www.velonummern.ch\\\/fr\\\/\",\"name\":\"Musee Suisse de Plaques de Velo\",\"description\":\"\",\"publisher\":{\"@id\":\"https:\\\/\\\/www.velonummern.ch\\\/fr\\\/#organization\"},\"potentialAction\":[{\"@type\":\"SearchAction\",\"target\":{\"@type\":\"EntryPoint\",\"urlTemplate\":\"https:\\\/\\\/www.velonummern.ch\\\/fr\\\/?s={search_term_string}\"},\"query-input\":{\"@type\":\"PropertyValueSpecification\",\"valueRequired\":true,\"valueName\":\"search_term_string\"}}],\"inLanguage\":\"fr-FR\"},{\"@type\":\"Organization\",\"@id\":\"https:\\\/\\\/www.velonummern.ch\\\/fr\\\/#organization\",\"name\":\"Musee Suisse de Plaques de Velo\",\"url\":\"https:\\\/\\\/www.velonummern.ch\\\/fr\\\/\",\"logo\":{\"@type\":\"ImageObject\",\"inLanguage\":\"fr-FR\",\"@id\":\"https:\\\/\\\/www.velonummern.ch\\\/fr\\\/#\\\/schema\\\/logo\\\/image\\\/\",\"url\":\"https:\\\/\\\/www.velonummern.ch\\\/wp-content\\\/uploads\\\/2022\\\/04\\\/logo-de-1.svg\",\"contentUrl\":\"https:\\\/\\\/www.velonummern.ch\\\/wp-content\\\/uploads\\\/2022\\\/04\\\/logo-de-1.svg\",\"width\":\"1024\",\"height\":\"1024\",\"caption\":\"Musee Suisse de Plaques de Velo\"},\"image\":{\"@id\":\"https:\\\/\\\/www.velonummern.ch\\\/fr\\\/#\\\/schema\\\/logo\\\/image\\\/\"}}]}<\/script>\n<!-- \/ Yoast SEO plugin. -->","yoast_head_json":{"title":"Fahrradkennzeichen ZH 1914 Prototyp 2 schwarz | Musee Suisse de Plaques de Velo","description":"Fahrradkennzeichen aus dem Kanton Z\u00fcrich, Prototyp aus Email mit schwarzem Hintergrund aus dem Jahr 1914. Schweizer Velonummern Museum.","robots":{"index":"index","follow":"follow","max-snippet":"max-snippet:-1","max-image-preview":"max-image-preview:large","max-video-preview":"max-video-preview:-1"},"canonical":"https:\/\/www.velonummern.ch\/fr\/produit\/zh-1914-prototyp-2-schwarz\/","twitter_misc":{"Dur\u00e9e de lecture estim\u00e9e":"2 minutes"},"schema":{"@context":"https:\/\/schema.org","@graph":[{"@type":"WebPage","@id":"https:\/\/www.velonummern.ch\/fr\/produit\/zh-1914-prototyp-2-schwarz\/","url":"https:\/\/www.velonummern.ch\/fr\/produit\/zh-1914-prototyp-2-schwarz\/","name":"Fahrradkennzeichen ZH 1914 Prototyp 2 schwarz | Musee Suisse de Plaques de Velo","isPartOf":{"@id":"https:\/\/www.velonummern.ch\/fr\/#website"},"primaryImageOfPage":{"@id":"https:\/\/www.velonummern.ch\/fr\/produit\/zh-1914-prototyp-2-schwarz\/#primaryimage"},"image":{"@id":"https:\/\/www.velonummern.ch\/fr\/produit\/zh-1914-prototyp-2-schwarz\/#primaryimage"},"thumbnailUrl":"https:\/\/www.velonummern.ch\/wp-content\/uploads\/2024\/01\/ZH-1914-Prototyp-schwarz-fur-1915-1924.jpg","datePublished":"2024-01-30T10:43:05+00:00","dateModified":"2024-04-19T12:35:02+00:00","description":"Fahrradkennzeichen aus dem Kanton Z\u00fcrich, Prototyp aus Email mit schwarzem Hintergrund aus dem Jahr 1914. Schweizer Velonummern Museum.","breadcrumb":{"@id":"https:\/\/www.velonummern.ch\/fr\/produit\/zh-1914-prototyp-2-schwarz\/#breadcrumb"},"inLanguage":"fr-FR","potentialAction":[{"@type":"ReadAction","target":["https:\/\/www.velonummern.ch\/fr\/produit\/zh-1914-prototyp-2-schwarz\/"]}]},{"@type":"ImageObject","inLanguage":"fr-FR","@id":"https:\/\/www.velonummern.ch\/fr\/produit\/zh-1914-prototyp-2-schwarz\/#primaryimage","url":"https:\/\/www.velonummern.ch\/wp-content\/uploads\/2024\/01\/ZH-1914-Prototyp-schwarz-fur-1915-1924.jpg","contentUrl":"https:\/\/www.velonummern.ch\/wp-content\/uploads\/2024\/01\/ZH-1914-Prototyp-schwarz-fur-1915-1924.jpg","width":1500,"height":1500},{"@type":"BreadcrumbList","@id":"https:\/\/www.velonummern.ch\/fr\/produit\/zh-1914-prototyp-2-schwarz\/#breadcrumb","itemListElement":[{"@type":"ListItem","position":1,"name":"Startseite","item":"https:\/\/www.velonummern.ch\/fr\/"},{"@type":"ListItem","position":2,"name":"Produits","item":"https:\/\/www.velonummern.ch\/fr\/shop\/"},{"@type":"ListItem","position":3,"name":"ZH 1914 Prototyp 2 schwarz"}]},{"@type":"WebSite","@id":"https:\/\/www.velonummern.ch\/fr\/#website","url":"https:\/\/www.velonummern.ch\/fr\/","name":"Musee Suisse de Plaques de Velo","description":"","publisher":{"@id":"https:\/\/www.velonummern.ch\/fr\/#organization"},"potentialAction":[{"@type":"SearchAction","target":{"@type":"EntryPoint","urlTemplate":"https:\/\/www.velonummern.ch\/fr\/?s={search_term_string}"},"query-input":{"@type":"PropertyValueSpecification","valueRequired":true,"valueName":"search_term_string"}}],"inLanguage":"fr-FR"},{"@type":"Organization","@id":"https:\/\/www.velonummern.ch\/fr\/#organization","name":"Musee Suisse de Plaques de Velo","url":"https:\/\/www.velonummern.ch\/fr\/","logo":{"@type":"ImageObject","inLanguage":"fr-FR","@id":"https:\/\/www.velonummern.ch\/fr\/#\/schema\/logo\/image\/","url":"https:\/\/www.velonummern.ch\/wp-content\/uploads\/2022\/04\/logo-de-1.svg","contentUrl":"https:\/\/www.velonummern.ch\/wp-content\/uploads\/2022\/04\/logo-de-1.svg","width":"1024","height":"1024","caption":"Musee Suisse de Plaques de Velo"},"image":{"@id":"https:\/\/www.velonummern.ch\/fr\/#\/schema\/logo\/image\/"}}]}},"_links":{"self":[{"href":"https:\/\/www.velonummern.ch\/fr\/wp-json\/wp\/v2\/product\/23538","targetHints":{"allow":["GET"]}}],"collection":[{"href":"https:\/\/www.velonummern.ch\/fr\/wp-json\/wp\/v2\/product"}],"about":[{"href":"https:\/\/www.velonummern.ch\/fr\/wp-json\/wp\/v2\/types\/product"}],"wp:featuredmedia":[{"embeddable":true,"href":"https:\/\/www.velonummern.ch\/fr\/wp-json\/wp\/v2\/media\/23539"}],"wp:attachment":[{"href":"https:\/\/www.velonummern.ch\/fr\/wp-json\/wp\/v2\/media?parent=23538"}],"wp:term":[{"taxonomy":"product_brand","embeddable":true,"href":"https:\/\/www.velonummern.ch\/fr\/wp-json\/wp\/v2\/product_brand?post=23538"},{"taxonomy":"product_cat","embeddable":true,"href":"https:\/\/www.velonummern.ch\/fr\/wp-json\/wp\/v2\/product_cat?post=23538"},{"taxonomy":"product_tag","embeddable":true,"href":"https:\/\/www.velonummern.ch\/fr\/wp-json\/wp\/v2\/product_tag?post=23538"}],"curies":[{"name":"wp","href":"https:\/\/api.w.org\/{rel}","templated":true}]}}