{"id":24088,"date":"2024-03-31T12:35:48","date_gmt":"2024-03-31T10:35:48","guid":{"rendered":"https:\/\/www.velonummern.ch\/?post_type=product&#038;p=24088"},"modified":"2025-11-21T10:12:52","modified_gmt":"2025-11-21T09:12:52","slug":"tg-1934-f-a-prototyp","status":"publish","type":"product","link":"https:\/\/www.velonummern.ch\/fr\/produit\/tg-1934-f-a-prototyp\/","title":{"rendered":"TG 1934 F.A. Prototyp"},"content":{"rendered":"<h2>TG 1934 F.A. Prototyp<\/h2>\n<p>&nbsp;<\/p>\n<p>Der Thurgauer Geheimcode wird geknackt<\/p>\n<p>Kanton: Thurgau \/ F.A.<br \/>\nJahr: 1934<br \/>\nF = Bezirk Frauenfeld<br \/>\nA = Nummernkreis 1-400<br \/>\nPrototyp<\/p>\n<p>Der im Kanton Thurgau auf den Velonummern der Jahre 1935 bis 1937 angebrachte \u00abGeheimcode\u00bb blieb bis nach Ver\u00f6ffentlichung der ersten Version dieser Dokumentation ein R\u00e4tsel. Auch das Staatsarchiv des Kantons Thurgau bietet dazu keine Antworten.<\/p>\n<p>Erst mit einem Fund im Staatsarchiv des Kantons Z\u00fcrich am 27. M\u00e4rz 2024 konnte der Code geknackt werden. Auf eine Umfrage des Kantons Z\u00fcrich vom 23. November 1936 zum Thema Nummerierung nimmt die Abteilung Automobilkontrolle des Polizei-Departments des Kantons Thurgau bereits am folgenden Tag Stellung. Im Brief wird ausf\u00fchrlich beschrieben, was man sich hat einfallen lassen, nachdem das neue Bundesgesetz ab dem 1. Januar 1933 das nummerierte Kontrollschild ausdr\u00fccklich ausschliesst.<\/p>\n<p>Wie in allen anderen Kantonen steht man auch im Thurgau vor dem Dilemma, dass einerseits die Nummerierung nun verboten ist und man andererseits, insbesondere zur Zuweisung wiedergefundener Velos, auf ein offizielles Identifikationsmerkmal am Fahrrad angewiesen ist. Der Kanton Gen\u00e8ve l\u00f6st das Problem ab 1934, indem er die Kontrollschilder, wie bis 1932 schweizweit \u00fcblich, wieder auf der Vorderseite mit einer Nummer versieht. Andere Kantone verstecken die Nummer auf der R\u00fcckseite des Schildes. Beide L\u00f6sungen verstossen gegen Bundesgesetz, weshalb die Mehrheit der Kantone zu diesem Zeitpunkt noch ganz auf eine Nummerierung verzichten. Zu diesen geh\u00f6rt auch der Kanton Thurgau. F\u00fcr die Jahre 1933 und 1934 wurde dort eine unnummerierte Banderole ausgegeben <a href=\"https:\/\/www.velonummern.ch\/produkte\/tg-thurgau\/\">[BILDER]<\/a>.<\/p>\n<p>Allerdings ist das Problem der nicht zuweisbaren Fahrr\u00e4der derart gross, dass man sich im Kanton Thurgau f\u00fcr das Jahr 1935 eine schweizweit einzigartige Codierung einfallen l\u00e4sst, welche nicht gegen das Bundesgesetz verst\u00f6sst und trotzdem eine einigermassen klare Zuweisung gefundener Velos erm\u00f6glicht.<\/p>\n<p>Wie dieser Geheimcode funktioniert erfahren Sie hier: <a href=\"https:\/\/www.velonummern.ch\/geschichte\/\">Geschichte der Schweizer Fahrradkennzeichen<\/a><\/p>\n<p>Bild-Quelle: Staatsarchiv Kanton Z\u00fcrich<br \/>\nFoto: Michael Mahler<\/p>\n<p>Material: Aluminium<br \/>\nAbmessungen: 10 x 6.5 cm \/ 3.94 x 2.56 in<\/p>\n","protected":false},"excerpt":{"rendered":"<h3>Der Thurgauer Geheimcode wird geknackt<\/h3>\n<p>&nbsp;<\/p>\n<p>Kanton: Thurgau \/ F.A.<br \/>\nJahr: 1934<br \/>\nF = Bezirk Frauenfeld<br \/>\nA = Nummernkreis 1-400<br \/>\nPrototyp<\/p>\n<p>Der im Kanton Thurgau auf den Velonummern der Jahre 1935 bis 1937 angebrachte \u00abGeheimcode\u00bb blieb bis nach Ver\u00f6ffentlichung der ersten Version dieser Dokumentation ein R\u00e4tsel. Auch das Staatsarchiv des Kantons Thurgau bietet dazu keine Antworten.<\/p>\n<p>Erst mit einem Fund im Staatsarchiv des Kantons Z\u00fcrich am 27. M\u00e4rz 2024 konnte der Code geknackt werden. Auf eine Umfrage des Kantons Z\u00fcrich vom 23. November 1936 zum Thema Nummerierung nimmt die Abteilung Automobilkontrolle des Polizei-Departments des Kantons Thurgau bereits am folgenden Tag Stellung. Im Brief wird ausf\u00fchrlich beschrieben, was man sich hat einfallen lassen, nachdem das neue Bundesgesetz ab dem 1. Januar 1933 das nummerierte Kontrollschild ausdr\u00fccklich ausschliesst.<\/p>\n<p>Wie in allen anderen Kantonen steht man auch im Thurgau vor dem Dilemma, dass einerseits die Nummerierung nun verboten ist und man andererseits, insbesondere zur Zuweisung wiedergefundener Velos, auf ein offizielles Identifikationsmerkmal am Fahrrad angewiesen ist. Der Kanton Gen\u00e8ve l\u00f6st das Problem ab 1934, indem er die Kontrollschilder, wie bis 1932 schweizweit \u00fcblich, wieder auf der Vorderseite mit einer Nummer versieht. Andere Kantone verstecken die Nummer auf der R\u00fcckseite des Schildes. Beide L\u00f6sungen verstossen gegen Bundesgesetz, weshalb die Mehrheit der Kantone zu diesem Zeitpunkt noch ganz auf eine Nummerierung verzichten. Zu diesen geh\u00f6rt auch der Kanton Thurgau. F\u00fcr die Jahre 1933 und 1934 wurde dort eine unnummerierte Banderole ausgegeben <a href=\"https:\/\/www.velonummern.ch\/produkte\/tg-thurgau\/\">[BILDER]<\/a>.<\/p>\n<p>Allerdings ist das Problem der nicht zuweisbaren Fahrr\u00e4der derart gross, dass man sich im Kanton Thurgau f\u00fcr das Jahr 1935 eine schweizweit einzigartige Codierung einfallen l\u00e4sst, welche nicht gegen das Bundesgesetz verst\u00f6sst und trotzdem eine einigermassen klare Zuweisung gefundener Velos erm\u00f6glicht.<\/p>\n<p>Wie dieser Geheimcode funktioniert erfahren Sie hier: <a href=\"https:\/\/www.velonummern.ch\/geschichte\/\">Geschichte der Schweizer Fahrradkennzeichen<\/a><\/p>\n<p>Bild-Quelle: Staatsarchiv Kanton Z\u00fcrich<\/p>\n<p>Material: Aluminium<br \/>\nAbmessungen: 10 x 6.5 cm \/ 3.94 x 2.56 in<\/p>\n","protected":false},"featured_media":24090,"template":"","meta":{"_acf_changed":false,"inline_featured_image":false},"product_brand":[],"product_cat":[209,238,230],"product_tag":[],"class_list":{"0":"post-24088","1":"product","2":"type-product","3":"status-publish","4":"has-post-thumbnail","6":"product_cat-1931-1935","7":"product_cat-special-design","8":"product_cat-tg-thurgau","10":"first","11":"outofstock","12":"sold-individually","13":"product-type-simple"},"acf":[],"yoast_head":"<!-- This site is optimized with the Yoast SEO plugin v27.4 - https:\/\/yoast.com\/product\/yoast-seo-wordpress\/ -->\n<title>Fahrradkennzeichen TG 1934 F.A. Prototyp | Musee Suisse de Plaques de Velo<\/title>\n<meta name=\"description\" content=\"TG 1934 F.A. Prototyp: Thurgauer Geheimcode 1935 bis 1937 wird geknackt. Codierung, welche nicht gegen das Bundesgesetz verst\u00f6sst.\" \/>\n<meta name=\"robots\" content=\"index, follow, max-snippet:-1, max-image-preview:large, max-video-preview:-1\" \/>\n<link rel=\"canonical\" href=\"https:\/\/www.velonummern.ch\/fr\/produit\/tg-1934-f-a-prototyp\/\" \/>\n<meta name=\"twitter:label1\" content=\"Dur\u00e9e de lecture estim\u00e9e\" \/>\n\t<meta name=\"twitter:data1\" content=\"2 minutes\" \/>\n<script type=\"application\/ld+json\" class=\"yoast-schema-graph\">{\"@context\":\"https:\\\/\\\/schema.org\",\"@graph\":[{\"@type\":\"WebPage\",\"@id\":\"https:\\\/\\\/www.velonummern.ch\\\/fr\\\/produit\\\/tg-1934-f-a-prototyp\\\/\",\"url\":\"https:\\\/\\\/www.velonummern.ch\\\/fr\\\/produit\\\/tg-1934-f-a-prototyp\\\/\",\"name\":\"Fahrradkennzeichen TG 1934 F.A. Prototyp | Musee Suisse de Plaques de Velo\",\"isPartOf\":{\"@id\":\"https:\\\/\\\/www.velonummern.ch\\\/fr\\\/#website\"},\"primaryImageOfPage\":{\"@id\":\"https:\\\/\\\/www.velonummern.ch\\\/fr\\\/produit\\\/tg-1934-f-a-prototyp\\\/#primaryimage\"},\"image\":{\"@id\":\"https:\\\/\\\/www.velonummern.ch\\\/fr\\\/produit\\\/tg-1934-f-a-prototyp\\\/#primaryimage\"},\"thumbnailUrl\":\"https:\\\/\\\/www.velonummern.ch\\\/wp-content\\\/uploads\\\/2024\\\/03\\\/TG-1934-Prototyp-Verschlusselung-Staatsarchiv-ZH.png\",\"datePublished\":\"2024-03-31T10:35:48+00:00\",\"dateModified\":\"2025-11-21T09:12:52+00:00\",\"description\":\"TG 1934 F.A. Prototyp: Thurgauer Geheimcode 1935 bis 1937 wird geknackt. Codierung, welche nicht gegen das Bundesgesetz verst\u00f6sst.\",\"breadcrumb\":{\"@id\":\"https:\\\/\\\/www.velonummern.ch\\\/fr\\\/produit\\\/tg-1934-f-a-prototyp\\\/#breadcrumb\"},\"inLanguage\":\"fr-FR\",\"potentialAction\":[{\"@type\":\"ReadAction\",\"target\":[\"https:\\\/\\\/www.velonummern.ch\\\/fr\\\/produit\\\/tg-1934-f-a-prototyp\\\/\"]}]},{\"@type\":\"ImageObject\",\"inLanguage\":\"fr-FR\",\"@id\":\"https:\\\/\\\/www.velonummern.ch\\\/fr\\\/produit\\\/tg-1934-f-a-prototyp\\\/#primaryimage\",\"url\":\"https:\\\/\\\/www.velonummern.ch\\\/wp-content\\\/uploads\\\/2024\\\/03\\\/TG-1934-Prototyp-Verschlusselung-Staatsarchiv-ZH.png\",\"contentUrl\":\"https:\\\/\\\/www.velonummern.ch\\\/wp-content\\\/uploads\\\/2024\\\/03\\\/TG-1934-Prototyp-Verschlusselung-Staatsarchiv-ZH.png\",\"width\":1600,\"height\":1600},{\"@type\":\"BreadcrumbList\",\"@id\":\"https:\\\/\\\/www.velonummern.ch\\\/fr\\\/produit\\\/tg-1934-f-a-prototyp\\\/#breadcrumb\",\"itemListElement\":[{\"@type\":\"ListItem\",\"position\":1,\"name\":\"Startseite\",\"item\":\"https:\\\/\\\/www.velonummern.ch\\\/fr\\\/\"},{\"@type\":\"ListItem\",\"position\":2,\"name\":\"Produits\",\"item\":\"https:\\\/\\\/www.velonummern.ch\\\/fr\\\/shop\\\/\"},{\"@type\":\"ListItem\",\"position\":3,\"name\":\"TG 1934 F.A. Prototyp\"}]},{\"@type\":\"WebSite\",\"@id\":\"https:\\\/\\\/www.velonummern.ch\\\/fr\\\/#website\",\"url\":\"https:\\\/\\\/www.velonummern.ch\\\/fr\\\/\",\"name\":\"Musee Suisse de Plaques de Velo\",\"description\":\"\",\"publisher\":{\"@id\":\"https:\\\/\\\/www.velonummern.ch\\\/fr\\\/#organization\"},\"potentialAction\":[{\"@type\":\"SearchAction\",\"target\":{\"@type\":\"EntryPoint\",\"urlTemplate\":\"https:\\\/\\\/www.velonummern.ch\\\/fr\\\/?s={search_term_string}\"},\"query-input\":{\"@type\":\"PropertyValueSpecification\",\"valueRequired\":true,\"valueName\":\"search_term_string\"}}],\"inLanguage\":\"fr-FR\"},{\"@type\":\"Organization\",\"@id\":\"https:\\\/\\\/www.velonummern.ch\\\/fr\\\/#organization\",\"name\":\"Musee Suisse de Plaques de Velo\",\"url\":\"https:\\\/\\\/www.velonummern.ch\\\/fr\\\/\",\"logo\":{\"@type\":\"ImageObject\",\"inLanguage\":\"fr-FR\",\"@id\":\"https:\\\/\\\/www.velonummern.ch\\\/fr\\\/#\\\/schema\\\/logo\\\/image\\\/\",\"url\":\"https:\\\/\\\/www.velonummern.ch\\\/wp-content\\\/uploads\\\/2022\\\/04\\\/logo-de-1.svg\",\"contentUrl\":\"https:\\\/\\\/www.velonummern.ch\\\/wp-content\\\/uploads\\\/2022\\\/04\\\/logo-de-1.svg\",\"width\":\"1024\",\"height\":\"1024\",\"caption\":\"Musee Suisse de Plaques de Velo\"},\"image\":{\"@id\":\"https:\\\/\\\/www.velonummern.ch\\\/fr\\\/#\\\/schema\\\/logo\\\/image\\\/\"}}]}<\/script>\n<!-- \/ Yoast SEO plugin. -->","yoast_head_json":{"title":"Fahrradkennzeichen TG 1934 F.A. Prototyp | Musee Suisse de Plaques de Velo","description":"TG 1934 F.A. Prototyp: Thurgauer Geheimcode 1935 bis 1937 wird geknackt. Codierung, welche nicht gegen das Bundesgesetz verst\u00f6sst.","robots":{"index":"index","follow":"follow","max-snippet":"max-snippet:-1","max-image-preview":"max-image-preview:large","max-video-preview":"max-video-preview:-1"},"canonical":"https:\/\/www.velonummern.ch\/fr\/produit\/tg-1934-f-a-prototyp\/","twitter_misc":{"Dur\u00e9e de lecture estim\u00e9e":"2 minutes"},"schema":{"@context":"https:\/\/schema.org","@graph":[{"@type":"WebPage","@id":"https:\/\/www.velonummern.ch\/fr\/produit\/tg-1934-f-a-prototyp\/","url":"https:\/\/www.velonummern.ch\/fr\/produit\/tg-1934-f-a-prototyp\/","name":"Fahrradkennzeichen TG 1934 F.A. Prototyp | Musee Suisse de Plaques de Velo","isPartOf":{"@id":"https:\/\/www.velonummern.ch\/fr\/#website"},"primaryImageOfPage":{"@id":"https:\/\/www.velonummern.ch\/fr\/produit\/tg-1934-f-a-prototyp\/#primaryimage"},"image":{"@id":"https:\/\/www.velonummern.ch\/fr\/produit\/tg-1934-f-a-prototyp\/#primaryimage"},"thumbnailUrl":"https:\/\/www.velonummern.ch\/wp-content\/uploads\/2024\/03\/TG-1934-Prototyp-Verschlusselung-Staatsarchiv-ZH.png","datePublished":"2024-03-31T10:35:48+00:00","dateModified":"2025-11-21T09:12:52+00:00","description":"TG 1934 F.A. Prototyp: Thurgauer Geheimcode 1935 bis 1937 wird geknackt. Codierung, welche nicht gegen das Bundesgesetz verst\u00f6sst.","breadcrumb":{"@id":"https:\/\/www.velonummern.ch\/fr\/produit\/tg-1934-f-a-prototyp\/#breadcrumb"},"inLanguage":"fr-FR","potentialAction":[{"@type":"ReadAction","target":["https:\/\/www.velonummern.ch\/fr\/produit\/tg-1934-f-a-prototyp\/"]}]},{"@type":"ImageObject","inLanguage":"fr-FR","@id":"https:\/\/www.velonummern.ch\/fr\/produit\/tg-1934-f-a-prototyp\/#primaryimage","url":"https:\/\/www.velonummern.ch\/wp-content\/uploads\/2024\/03\/TG-1934-Prototyp-Verschlusselung-Staatsarchiv-ZH.png","contentUrl":"https:\/\/www.velonummern.ch\/wp-content\/uploads\/2024\/03\/TG-1934-Prototyp-Verschlusselung-Staatsarchiv-ZH.png","width":1600,"height":1600},{"@type":"BreadcrumbList","@id":"https:\/\/www.velonummern.ch\/fr\/produit\/tg-1934-f-a-prototyp\/#breadcrumb","itemListElement":[{"@type":"ListItem","position":1,"name":"Startseite","item":"https:\/\/www.velonummern.ch\/fr\/"},{"@type":"ListItem","position":2,"name":"Produits","item":"https:\/\/www.velonummern.ch\/fr\/shop\/"},{"@type":"ListItem","position":3,"name":"TG 1934 F.A. Prototyp"}]},{"@type":"WebSite","@id":"https:\/\/www.velonummern.ch\/fr\/#website","url":"https:\/\/www.velonummern.ch\/fr\/","name":"Musee Suisse de Plaques de Velo","description":"","publisher":{"@id":"https:\/\/www.velonummern.ch\/fr\/#organization"},"potentialAction":[{"@type":"SearchAction","target":{"@type":"EntryPoint","urlTemplate":"https:\/\/www.velonummern.ch\/fr\/?s={search_term_string}"},"query-input":{"@type":"PropertyValueSpecification","valueRequired":true,"valueName":"search_term_string"}}],"inLanguage":"fr-FR"},{"@type":"Organization","@id":"https:\/\/www.velonummern.ch\/fr\/#organization","name":"Musee Suisse de Plaques de Velo","url":"https:\/\/www.velonummern.ch\/fr\/","logo":{"@type":"ImageObject","inLanguage":"fr-FR","@id":"https:\/\/www.velonummern.ch\/fr\/#\/schema\/logo\/image\/","url":"https:\/\/www.velonummern.ch\/wp-content\/uploads\/2022\/04\/logo-de-1.svg","contentUrl":"https:\/\/www.velonummern.ch\/wp-content\/uploads\/2022\/04\/logo-de-1.svg","width":"1024","height":"1024","caption":"Musee Suisse de Plaques de Velo"},"image":{"@id":"https:\/\/www.velonummern.ch\/fr\/#\/schema\/logo\/image\/"}}]}},"_links":{"self":[{"href":"https:\/\/www.velonummern.ch\/fr\/wp-json\/wp\/v2\/product\/24088","targetHints":{"allow":["GET"]}}],"collection":[{"href":"https:\/\/www.velonummern.ch\/fr\/wp-json\/wp\/v2\/product"}],"about":[{"href":"https:\/\/www.velonummern.ch\/fr\/wp-json\/wp\/v2\/types\/product"}],"wp:featuredmedia":[{"embeddable":true,"href":"https:\/\/www.velonummern.ch\/fr\/wp-json\/wp\/v2\/media\/24090"}],"wp:attachment":[{"href":"https:\/\/www.velonummern.ch\/fr\/wp-json\/wp\/v2\/media?parent=24088"}],"wp:term":[{"taxonomy":"product_brand","embeddable":true,"href":"https:\/\/www.velonummern.ch\/fr\/wp-json\/wp\/v2\/product_brand?post=24088"},{"taxonomy":"product_cat","embeddable":true,"href":"https:\/\/www.velonummern.ch\/fr\/wp-json\/wp\/v2\/product_cat?post=24088"},{"taxonomy":"product_tag","embeddable":true,"href":"https:\/\/www.velonummern.ch\/fr\/wp-json\/wp\/v2\/product_tag?post=24088"}],"curies":[{"name":"wp","href":"https:\/\/api.w.org\/{rel}","templated":true}]}}