{"id":24096,"date":"2024-04-01T08:21:01","date_gmt":"2024-04-01T06:21:01","guid":{"rendered":"https:\/\/www.velonummern.ch\/?post_type=product&#038;p=24096"},"modified":"2025-07-24T14:51:06","modified_gmt":"2025-07-24T12:51:06","slug":"zh-1895-stadt-winterthur-links","status":"publish","type":"product","link":"https:\/\/www.velonummern.ch\/fr\/produit\/zh-1895-stadt-winterthur-links\/","title":{"rendered":"ZH 1895-1902 \/ Stadt Winterthur \/ links"},"content":{"rendered":"<h2>Fahrradkennzeichen ZH 1895-1902 \/ Stadt Winterthur<\/h2>\n<p>&nbsp;<\/p>\n<p>Weniger als zwei Jahre nach der Stadt Z\u00fcrich und rund sieben Jahre vor dem Kanton erl\u00e4sst die Stadt Winterthur am 26. Mai 1895 die \u00abPolizeiverordnung betreffend das Radfahren in der Stadt Winterthur\u00bb. Damit werden auf dem Gebiet der sp\u00e4teren \u00abVelo-Stadt der Schweiz\u00bb eine polizeiliche Bewilligung und die Velonummer eingef\u00fchrt.<\/p>\n<p>Wie urspr\u00fcnglich in der Stadt Z\u00fcrich werden in der Verordnung offenbar auch in Winterthur zuerst, f\u00fcr vorne und hinten am Velo, zwei Kennzeichen vorgesehen. In der Stadt Z\u00fcrich wurde diese Rege\u00adlung aus Gr\u00fcnden der Praktikabilit\u00e4t vor der Ausgabe der ersten Kennzeichen am 16. September 1893 wieder r\u00fcckg\u00e4ngig gemacht. Weshalb man in Winterthur daraus nicht gelernt hat, ist nicht bekannt. Auf jeden Fall ist das zweite Kennzeichen in der Verordnung von Hand wieder gestrichen worden. Danach ist die Nummer deutlich sichtbar nach vorne an der Steuerung anzubringen <a href=\"https:\/\/www.velonummern.ch\/archiv\/1895-zh-stadt-winterthur-fuehrt-velonummern-mit-ort-ein\/\">[DOKUMENT]<\/a>.<\/p>\n<p>Das Winterthurer Fahrradkennzeichen mit der Nummer \u00ab1515\u00bb befindet sich in unserer digitalen Sammlung. Im Gegensatz zu den meisten anderen bekannten Kennzeichen im \u00abPrim\u00e4r-Design\u00bb, welche lediglich eine Nummer aufweisen, wurde diesem mit dem Schriftzug \u00abWinterthur\u00bb seine Herkunft eingraviert <a href=\"https:\/\/www.velonummern.ch\/produkt\/zh-1895-stadt-winterthur\/\">[BILD]<\/a>. Gem\u00e4ss den Gesch\u00e4ftsberichten der Verwaltungsbeh\u00f6rden der Stadt Winterthur vom Jahr 1897 wurden die Schilder ab der Nummer 1501 zu Beginn des folgenden Jahres 1898 ausgegeben <a href=\"https:\/\/www.velonummern.ch\/archiv\/1898-winterthur-nummer-1515\/\">[DOKUMENT]<\/a>. Damit ist \u00ab1515\u00bb eine der \u00e4ltesten noch vorhandenen bzw. bekannten Velonummern der Schweiz.<\/p>\n<p>Ausserdem handelt es sich dabei um das teuerste je ersteigerte Fahrradkennzeichen der Schweiz (Stand April 2024).<\/p>\n<p><a href=\"https:\/\/www.velonummern.ch\/geschichte\/\">Mehr zu dieser verr\u00fcckten Auktion und zum bezahlten Preis erfahren Sie hier: <\/a><a href=\"https:\/\/www.velonummern.ch\/geschichte\/\">Geschichte der Schweizer Fahrradkennzeichen<\/a><\/p>\n<p>Stadt Winterthur<br \/>\nNummer: 1515<br \/>\nJahr: 1895-1902<br \/>\nPrim\u00e4r-Design<br \/>\nHersteller Gravur: keine<br \/>\nmit Schriftzug &#8220;Winterthur&#8221;<br \/>\nBefestigung: vorne<br \/>\nAnsicht: Fahrtrichtung linke Seite<\/p>\n<p>Foto: Andy W.<br \/>\nSammlung: Stefan Hotan (ab 7.4.2024)<\/p>\n<p>Material: Blech genietet<br \/>\nAbmessungen ohne Befestigungs-Lasche: 11.0 x 6.0 cm<br \/>\nAbmessungen mit Befestigungs-Lasche: 12.0 x 6.0 cm<\/p>\n","protected":false},"excerpt":{"rendered":"<p>Weniger als zwei Jahre nach der Stadt Z\u00fcrich und rund sieben Jahre vor dem Kanton erl\u00e4sst die Stadt Winterthur am 26. Mai 1895 die \u00abPolizeiverordnung betreffend das Radfahren in der Stadt Winterthur\u00bb. Damit werden auf dem Gebiet der sp\u00e4teren \u00abVelo-Stadt der Schweiz\u00bb eine polizeiliche Bewilligung und die Velonummer eingef\u00fchrt.<\/p>\n<p>Wie urspr\u00fcnglich in der Stadt Z\u00fcrich werden in der Verordnung offenbar auch in Winterthur zuerst, f\u00fcr vorne und hinten am Velo, zwei Kennzeichen vorgesehen. In der Stadt Z\u00fcrich wurde diese Rege\u00adlung aus Gr\u00fcnden der Praktikabilit\u00e4t vor der Ausgabe der ersten Kennzeichen am 16. September 1893 wieder r\u00fcckg\u00e4ngig gemacht. Weshalb man in Winterthur daraus nicht gelernt hat, ist nicht bekannt. Auf jeden Fall ist das zweite Kennzeichen in der Verordnung von Hand wieder gestrichen worden. Danach ist die Nummer deutlich sichtbar nach vorne an der Steuerung anzubringen <a href=\"https:\/\/www.velonummern.ch\/archiv\/1895-zh-stadt-winterthur-fuehrt-velonummern-mit-ort-ein\/\">[DOKUMENT]<\/a>.<\/p>\n<p>Das Winterthurer Fahrradkennzeichen mit der Nummer \u00ab1515\u00bb befindet sich in unserer digitalen Sammlung. Im Gegensatz zu den meisten anderen bekannten Kennzeichen im \u00abPrim\u00e4r-Design\u00bb, welche lediglich eine Nummer aufweisen, wurde diesem mit dem Schriftzug \u00abWinterthur\u00bb seine Herkunft eingraviert <a href=\"https:\/\/www.velonummern.ch\/produkt\/zh-1895-stadt-winterthur\/\">[BILD]<\/a>. Gem\u00e4ss den Gesch\u00e4ftsberichten der Verwaltungsbeh\u00f6rden der Stadt Winterthur vom Jahr 1897 wurden die Schilder ab der Nummer 1501 zu Beginn des folgenden Jahres 1898 ausgegeben <a href=\"https:\/\/www.velonummern.ch\/archiv\/1898-winterthur-nummer-1515\/\">[DOKUMENT]<\/a>. Damit ist \u00ab1515\u00bb eine der \u00e4ltesten noch vorhandenen bzw. bekannten Velonummern der Schweiz.<\/p>\n<p>Ausserdem handelt es sich dabei um das teuerste je ersteigerte Fahrradkennzeichen der Schweiz (Stand April 2024).<\/p>\n<p><a href=\"https:\/\/www.velonummern.ch\/geschichte\/\">Mehr zu dieser verr\u00fcckten Auktion und zum bezahlten Preis erfahren Sie hier: <\/a><a href=\"https:\/\/www.velonummern.ch\/geschichte\/\">Geschichte der Schweizer Fahrradkennzeichen<\/a><\/p>\n<p>Stadt Winterthur<br \/>\nNummer: 1515<br \/>\nJahr: 1895-1902<br \/>\nPrim\u00e4r-Design<br \/>\nHersteller Gravur: keine<br \/>\nmit Schriftzug &#8220;Winterthur&#8221;<br \/>\nBefestigung: vorne<br \/>\nAnsicht: Fahrtrichtung linke Seite<\/p>\n<p>Foto: Andy W.<br \/>\nSammlung: Stefan Hotan (ab 7.4.2024)<\/p>\n<p>Material: Blech genietet<br \/>\nAbmessungen ohne Befestigungs-Lasche: 11.0 x 6.0 cm<br \/>\nAbmessungen mit Befestigungs-Lasche: 12.0 x 6.0 cm<\/p>\n","protected":false},"featured_media":24102,"template":"","meta":{"_acf_changed":false,"inline_featured_image":false},"product_brand":[],"product_cat":[166,238,236],"product_tag":[],"class_list":{"0":"post-24096","1":"product","2":"type-product","3":"status-publish","4":"has-post-thumbnail","6":"product_cat-166","7":"product_cat-special-design","8":"product_cat-zh-zurich","10":"first","11":"outofstock","12":"sold-individually","13":"product-type-simple"},"acf":[],"yoast_head":"<!-- This site is optimized with the Yoast SEO plugin v27.5 - https:\/\/yoast.com\/product\/yoast-seo-wordpress\/ -->\n<title>Fahrradkennzeichen ZH 1895-1902 \/ Stadt Winterthur \/ links | Musee Suisse de Plaques de Velo<\/title>\n<meta name=\"description\" content=\"Fahrradkennzeichen Stadt Winterthur \/ Ausgabejahr 1895 \/ gem\u00e4ss Polizeiverordnung vom 26. Mai 1895 \/ Befestigung vorne, Ansicht: Fahrtrichtung linke Seite\" \/>\n<meta name=\"robots\" content=\"index, follow, max-snippet:-1, max-image-preview:large, max-video-preview:-1\" \/>\n<link rel=\"canonical\" href=\"https:\/\/www.velonummern.ch\/fr\/produit\/zh-1895-stadt-winterthur-links\/\" \/>\n<meta name=\"twitter:label1\" content=\"Dur\u00e9e de lecture estim\u00e9e\" \/>\n\t<meta name=\"twitter:data1\" content=\"1 minute\" \/>\n<script type=\"application\/ld+json\" class=\"yoast-schema-graph\">{\"@context\":\"https:\\\/\\\/schema.org\",\"@graph\":[{\"@type\":\"WebPage\",\"@id\":\"https:\\\/\\\/www.velonummern.ch\\\/fr\\\/produit\\\/zh-1895-stadt-winterthur-links\\\/\",\"url\":\"https:\\\/\\\/www.velonummern.ch\\\/fr\\\/produit\\\/zh-1895-stadt-winterthur-links\\\/\",\"name\":\"Fahrradkennzeichen ZH 1895-1902 \\\/ Stadt Winterthur \\\/ links | Musee Suisse de Plaques de Velo\",\"isPartOf\":{\"@id\":\"https:\\\/\\\/www.velonummern.ch\\\/fr\\\/#website\"},\"primaryImageOfPage\":{\"@id\":\"https:\\\/\\\/www.velonummern.ch\\\/fr\\\/produit\\\/zh-1895-stadt-winterthur-links\\\/#primaryimage\"},\"image\":{\"@id\":\"https:\\\/\\\/www.velonummern.ch\\\/fr\\\/produit\\\/zh-1895-stadt-winterthur-links\\\/#primaryimage\"},\"thumbnailUrl\":\"https:\\\/\\\/www.velonummern.ch\\\/wp-content\\\/uploads\\\/2024\\\/04\\\/ZH-1895-Winterthur.png\",\"datePublished\":\"2024-04-01T06:21:01+00:00\",\"dateModified\":\"2025-07-24T12:51:06+00:00\",\"description\":\"Fahrradkennzeichen Stadt Winterthur \\\/ Ausgabejahr 1895 \\\/ gem\u00e4ss Polizeiverordnung vom 26. Mai 1895 \\\/ Befestigung vorne, Ansicht: Fahrtrichtung linke Seite\",\"breadcrumb\":{\"@id\":\"https:\\\/\\\/www.velonummern.ch\\\/fr\\\/produit\\\/zh-1895-stadt-winterthur-links\\\/#breadcrumb\"},\"inLanguage\":\"fr-FR\",\"potentialAction\":[{\"@type\":\"ReadAction\",\"target\":[\"https:\\\/\\\/www.velonummern.ch\\\/fr\\\/produit\\\/zh-1895-stadt-winterthur-links\\\/\"]}]},{\"@type\":\"ImageObject\",\"inLanguage\":\"fr-FR\",\"@id\":\"https:\\\/\\\/www.velonummern.ch\\\/fr\\\/produit\\\/zh-1895-stadt-winterthur-links\\\/#primaryimage\",\"url\":\"https:\\\/\\\/www.velonummern.ch\\\/wp-content\\\/uploads\\\/2024\\\/04\\\/ZH-1895-Winterthur.png\",\"contentUrl\":\"https:\\\/\\\/www.velonummern.ch\\\/wp-content\\\/uploads\\\/2024\\\/04\\\/ZH-1895-Winterthur.png\",\"width\":1221,\"height\":1221},{\"@type\":\"BreadcrumbList\",\"@id\":\"https:\\\/\\\/www.velonummern.ch\\\/fr\\\/produit\\\/zh-1895-stadt-winterthur-links\\\/#breadcrumb\",\"itemListElement\":[{\"@type\":\"ListItem\",\"position\":1,\"name\":\"Startseite\",\"item\":\"https:\\\/\\\/www.velonummern.ch\\\/fr\\\/\"},{\"@type\":\"ListItem\",\"position\":2,\"name\":\"Produits\",\"item\":\"https:\\\/\\\/www.velonummern.ch\\\/fr\\\/shop\\\/\"},{\"@type\":\"ListItem\",\"position\":3,\"name\":\"ZH 1895-1902 \\\/ Stadt Winterthur \\\/ links\"}]},{\"@type\":\"WebSite\",\"@id\":\"https:\\\/\\\/www.velonummern.ch\\\/fr\\\/#website\",\"url\":\"https:\\\/\\\/www.velonummern.ch\\\/fr\\\/\",\"name\":\"Musee Suisse de Plaques de Velo\",\"description\":\"\",\"publisher\":{\"@id\":\"https:\\\/\\\/www.velonummern.ch\\\/fr\\\/#organization\"},\"potentialAction\":[{\"@type\":\"SearchAction\",\"target\":{\"@type\":\"EntryPoint\",\"urlTemplate\":\"https:\\\/\\\/www.velonummern.ch\\\/fr\\\/?s={search_term_string}\"},\"query-input\":{\"@type\":\"PropertyValueSpecification\",\"valueRequired\":true,\"valueName\":\"search_term_string\"}}],\"inLanguage\":\"fr-FR\"},{\"@type\":\"Organization\",\"@id\":\"https:\\\/\\\/www.velonummern.ch\\\/fr\\\/#organization\",\"name\":\"Musee Suisse de Plaques de Velo\",\"url\":\"https:\\\/\\\/www.velonummern.ch\\\/fr\\\/\",\"logo\":{\"@type\":\"ImageObject\",\"inLanguage\":\"fr-FR\",\"@id\":\"https:\\\/\\\/www.velonummern.ch\\\/fr\\\/#\\\/schema\\\/logo\\\/image\\\/\",\"url\":\"https:\\\/\\\/www.velonummern.ch\\\/wp-content\\\/uploads\\\/2022\\\/04\\\/logo-de-1.svg\",\"contentUrl\":\"https:\\\/\\\/www.velonummern.ch\\\/wp-content\\\/uploads\\\/2022\\\/04\\\/logo-de-1.svg\",\"width\":\"1024\",\"height\":\"1024\",\"caption\":\"Musee Suisse de Plaques de Velo\"},\"image\":{\"@id\":\"https:\\\/\\\/www.velonummern.ch\\\/fr\\\/#\\\/schema\\\/logo\\\/image\\\/\"}}]}<\/script>\n<!-- \/ Yoast SEO plugin. -->","yoast_head_json":{"title":"Fahrradkennzeichen ZH 1895-1902 \/ Stadt Winterthur \/ links | Musee Suisse de Plaques de Velo","description":"Fahrradkennzeichen Stadt Winterthur \/ Ausgabejahr 1895 \/ gem\u00e4ss Polizeiverordnung vom 26. Mai 1895 \/ Befestigung vorne, Ansicht: Fahrtrichtung linke Seite","robots":{"index":"index","follow":"follow","max-snippet":"max-snippet:-1","max-image-preview":"max-image-preview:large","max-video-preview":"max-video-preview:-1"},"canonical":"https:\/\/www.velonummern.ch\/fr\/produit\/zh-1895-stadt-winterthur-links\/","twitter_misc":{"Dur\u00e9e de lecture estim\u00e9e":"1 minute"},"schema":{"@context":"https:\/\/schema.org","@graph":[{"@type":"WebPage","@id":"https:\/\/www.velonummern.ch\/fr\/produit\/zh-1895-stadt-winterthur-links\/","url":"https:\/\/www.velonummern.ch\/fr\/produit\/zh-1895-stadt-winterthur-links\/","name":"Fahrradkennzeichen ZH 1895-1902 \/ Stadt Winterthur \/ links | Musee Suisse de Plaques de Velo","isPartOf":{"@id":"https:\/\/www.velonummern.ch\/fr\/#website"},"primaryImageOfPage":{"@id":"https:\/\/www.velonummern.ch\/fr\/produit\/zh-1895-stadt-winterthur-links\/#primaryimage"},"image":{"@id":"https:\/\/www.velonummern.ch\/fr\/produit\/zh-1895-stadt-winterthur-links\/#primaryimage"},"thumbnailUrl":"https:\/\/www.velonummern.ch\/wp-content\/uploads\/2024\/04\/ZH-1895-Winterthur.png","datePublished":"2024-04-01T06:21:01+00:00","dateModified":"2025-07-24T12:51:06+00:00","description":"Fahrradkennzeichen Stadt Winterthur \/ Ausgabejahr 1895 \/ gem\u00e4ss Polizeiverordnung vom 26. Mai 1895 \/ Befestigung vorne, Ansicht: Fahrtrichtung linke Seite","breadcrumb":{"@id":"https:\/\/www.velonummern.ch\/fr\/produit\/zh-1895-stadt-winterthur-links\/#breadcrumb"},"inLanguage":"fr-FR","potentialAction":[{"@type":"ReadAction","target":["https:\/\/www.velonummern.ch\/fr\/produit\/zh-1895-stadt-winterthur-links\/"]}]},{"@type":"ImageObject","inLanguage":"fr-FR","@id":"https:\/\/www.velonummern.ch\/fr\/produit\/zh-1895-stadt-winterthur-links\/#primaryimage","url":"https:\/\/www.velonummern.ch\/wp-content\/uploads\/2024\/04\/ZH-1895-Winterthur.png","contentUrl":"https:\/\/www.velonummern.ch\/wp-content\/uploads\/2024\/04\/ZH-1895-Winterthur.png","width":1221,"height":1221},{"@type":"BreadcrumbList","@id":"https:\/\/www.velonummern.ch\/fr\/produit\/zh-1895-stadt-winterthur-links\/#breadcrumb","itemListElement":[{"@type":"ListItem","position":1,"name":"Startseite","item":"https:\/\/www.velonummern.ch\/fr\/"},{"@type":"ListItem","position":2,"name":"Produits","item":"https:\/\/www.velonummern.ch\/fr\/shop\/"},{"@type":"ListItem","position":3,"name":"ZH 1895-1902 \/ Stadt Winterthur \/ links"}]},{"@type":"WebSite","@id":"https:\/\/www.velonummern.ch\/fr\/#website","url":"https:\/\/www.velonummern.ch\/fr\/","name":"Musee Suisse de Plaques de Velo","description":"","publisher":{"@id":"https:\/\/www.velonummern.ch\/fr\/#organization"},"potentialAction":[{"@type":"SearchAction","target":{"@type":"EntryPoint","urlTemplate":"https:\/\/www.velonummern.ch\/fr\/?s={search_term_string}"},"query-input":{"@type":"PropertyValueSpecification","valueRequired":true,"valueName":"search_term_string"}}],"inLanguage":"fr-FR"},{"@type":"Organization","@id":"https:\/\/www.velonummern.ch\/fr\/#organization","name":"Musee Suisse de Plaques de Velo","url":"https:\/\/www.velonummern.ch\/fr\/","logo":{"@type":"ImageObject","inLanguage":"fr-FR","@id":"https:\/\/www.velonummern.ch\/fr\/#\/schema\/logo\/image\/","url":"https:\/\/www.velonummern.ch\/wp-content\/uploads\/2022\/04\/logo-de-1.svg","contentUrl":"https:\/\/www.velonummern.ch\/wp-content\/uploads\/2022\/04\/logo-de-1.svg","width":"1024","height":"1024","caption":"Musee Suisse de Plaques de Velo"},"image":{"@id":"https:\/\/www.velonummern.ch\/fr\/#\/schema\/logo\/image\/"}}]}},"_links":{"self":[{"href":"https:\/\/www.velonummern.ch\/fr\/wp-json\/wp\/v2\/product\/24096","targetHints":{"allow":["GET"]}}],"collection":[{"href":"https:\/\/www.velonummern.ch\/fr\/wp-json\/wp\/v2\/product"}],"about":[{"href":"https:\/\/www.velonummern.ch\/fr\/wp-json\/wp\/v2\/types\/product"}],"wp:featuredmedia":[{"embeddable":true,"href":"https:\/\/www.velonummern.ch\/fr\/wp-json\/wp\/v2\/media\/24102"}],"wp:attachment":[{"href":"https:\/\/www.velonummern.ch\/fr\/wp-json\/wp\/v2\/media?parent=24096"}],"wp:term":[{"taxonomy":"product_brand","embeddable":true,"href":"https:\/\/www.velonummern.ch\/fr\/wp-json\/wp\/v2\/product_brand?post=24096"},{"taxonomy":"product_cat","embeddable":true,"href":"https:\/\/www.velonummern.ch\/fr\/wp-json\/wp\/v2\/product_cat?post=24096"},{"taxonomy":"product_tag","embeddable":true,"href":"https:\/\/www.velonummern.ch\/fr\/wp-json\/wp\/v2\/product_tag?post=24096"}],"curies":[{"name":"wp","href":"https:\/\/api.w.org\/{rel}","templated":true}]}}