{"id":24671,"date":"2024-05-30T10:37:11","date_gmt":"2024-05-30T08:37:11","guid":{"rendered":"https:\/\/www.velonummern.ch\/?post_type=product&#038;p=24671"},"modified":"2024-11-20T19:08:34","modified_gmt":"2024-11-20T18:08:34","slug":"ge-1904","status":"publish","type":"product","link":"https:\/\/www.velonummern.ch\/fr\/produit\/ge-1904\/","title":{"rendered":"GE 1904 &#8211; Ein R\u00e4tsel"},"content":{"rendered":"<h2>Fahrradkennzeichen GE 1904<\/h2>\n<p>&nbsp;<\/p>\n<p>Kanton: Gen\u00e8ve<br \/>\nJahr: 1904<br \/>\nin den Genfer Farben gehalten mit der Jahreszahl \u00ab1904\u00bb<\/p>\n<p>Sammlung: ???<\/p>\n<p>Material: Massives Eisenblech<br \/>\nAbmessungen: 10 x 6 cm<\/p>\n<p>Dieses Fahrradkennzeichen fehlt noch in unserer Dokumentation. Falls sich ein solches Schild in Ihrem Besitz befindet, bitten wie Sie, uns ein gutes Foto davon zur Verf\u00fcgung zu stellen. Bitte setzen Sie sich \u00fcber das Kontaktformular mit uns in Verbindung. Falls Sie einverstanden sind, werden wir hier Ihren Namen erw\u00e4hnen. Danke f\u00fcr Ihre Unterst\u00fctzung.<\/p>\n<p>Allerdings gibt es eine Beschreibung, wie diese Velonummer ausgesehen hat:<\/p>\n<p>Am 18. Mai 1904 erscheint im \u00abJournal de Gen\u00e8ve\u00bb ein Leserbrief, in welchem C.-L. Perrin entsetzt dar\u00fcber berichtet, beim Wechsel des Fahrradkennzeichens festgestellt zu haben, dass darauf die Farben des Wappens des Kantons Gen\u00e8ve vertauscht wurden. Dies sei insbesondere auch deshalb eine Ungeheuerlichkeit (une \u00e9normit\u00e9 pareille), da dem zust\u00e4ndigen Finanzdepartement ein ange\u00adsehener Genfer Historiker und Arch\u00e4ologe vorsteht <a href=\"https:\/\/www.letempsarchives.ch\/page\/JDG_1904_05_18\/3\/article\/6326669\/cycliste\">[LINK, Seite 3]<\/a>. Selbst die Neue Z\u00fcrcher Zeitung NZZ berichtet gleichentags \u00fcber diesen Fauxpas in der Romandie <a href=\"https:\/\/www.e-newspaperarchives.ch\/?a=d&amp;d=NZZ19040518-02.2.4&amp;srpos=3&amp;e=------190-de-20--1--img-txIN-Kantonsfarben----1904---0-----\">[LINK, Seite 2]<\/a>.<\/p>\n<p>Dieser grobe Fehler ereignet sich im Zuge der Umstellung von den Polizeikennzeichen auf die neuen Steuer-Schilder und als Folge der abgest\u00fcrzten Verordnung vom 26. Januar 1904. Diese muss bereits am 22. M\u00e4rz 1904 wieder mit einer weiteren Verordnung ersetzt werden, womit f\u00fcr die Herstellung des Kennzeichens f\u00fcr das Jahr 1904 kaum mehr Zeit bleibt. Nebst der bereits verlorenen Zeit beschert die neue Verordnung den zust\u00e4ndigen Beh\u00f6rden nun noch einiges an zus\u00e4tzlicher Komplexit\u00e4t. Denn die Rollen der Departemente und die Funktion der Velonummer werden vollst\u00e4ndig umgekrempelt. Ab dem Jahr 1904 wird statt eines Fahrradkennzeichens neu ein Steuer-Schild ausgegeben. Dieses Steuer-Schild muss bei den Steuer\u00e4mtern der Bezirke bezogen werden. Gleichzeitig entf\u00e4llt die Fahr\u00adbewilligung, welche bisher die Polizei ausgestellt hat. Neu dient die Quittung des Steuereinnehmers als Verkehrsgenehmigung. Damit spielt das Justiz- und Polizeidepartement bei der Ausgabe der Velonummern und der Ausstellung der Bewilligungen keine Rolle mehr <a href=\"https:\/\/www.velonummern.ch\/wp-content\/uploads\/2024\/05\/1898-GE-Kanton-Geneve-fuhrt-Luxus-Steuer-auf-Velos-ein.pdf\">[DOKUMENT]<\/a>.<\/p>\n<p>\u00dcber das Kennzeichen selbst, die n\u00e4heren Umst\u00e4nde, wie es zu diesem \u00abSkandal\u00bb kam und \u00fcber das k\u00fcnftige Ausgabesystem ist in der \u00abLa Tribune de Gen\u00e8ve\u00bb vom 29. April 1904 mehr zu erfahren: \u00ab<em>Das Finanzdepartement hat bei der <\/em><em>\u00abl&#8217;Usine genevoise de d\u00e9grossissage d&#8217;or\u00bb <\/em><em>neue S<\/em><em>teuer-Schilder<\/em><em> f\u00fcr Radfahrer bestellt. Es handelt sich <\/em><em>um kleine, sehr elegante Rechtecke im Format 10 x 6 Zenti\u00admeter. Es sind schmiedeeiserne Plaketten in den Genfer Farben gehalten, welche die Jahreszahl \u00ab1904\u00bb tragen. Darunter befindet sich die fortlaufende Registrierungsnummer. Es wurden 16\u2019000 dieser Schilder bestellt. Das Format wird sich jedes Jahr \u00e4ndern. F\u00fcr 1905 werden wir es besser machen, da nicht genug Zeit war, um verschiedene Offerten einzuholen. Wir erinnern Radfahrer daran, dass sie sich ab dem 15. Mai an die Steuer\u00e4mter in ihrem Bezirk wenden m\u00fcssen, um die Steuer f\u00fcr das laufende Jahr zu entrichten und das Quittungsschild zu erhalten, das jenes der Polizei ersetzt<\/em>\u00bb. <a href=\"http:\/\/www.e-newspaperarchives.ch\/?a=d&amp;d=TDG19040429-04.2.5\">[LINK, Seite 2]<\/a>.<\/p>\n<p>Unseres Wissens ist das besagte Kennzeichen f\u00fcr das Jahr 1904 in keiner Sammlung zu finden. Des\u00adhalb ist es besonders aufschlussreich, wie hier sehr pr\u00e4zise beschrieben wird, aus welchem Material es hergestellt wurde und wie es aussieht. Damit ist auch klar, dass das Schild nicht mit einem detail\u00adlierten Wappen geziert ist, sondern einfach die beiden H\u00e4lften des Kennzeichens eingef\u00e4rbt wurden. Dabei wurde offenbar links Rot und rechts Gelb aufgetragen statt umgekehrt. Das Finanzdeparte\u00adment gesteht ein, dass es bei der Planung und Produktion dieses neuen Steuer-Kennzeichens unter grossem Zeitdruck stand und sich dadurch M\u00e4ngel ergeben haben (On fera mieux pour 1905 le temps ayant manqu\u00e9 pour mettre la fourniture au concours.). Es liegt also nahe, dass auch die Verwechs\u00adlung der Kantonsfarben diesem Zeitdruck geschuldet ist. Ob man sich dessen bereits am 29. April 1905 bewusst war, geht aus dem publizierten Text nicht hervor.<\/p>\n<p>Wenn Sie ein Foto einer solch \u00abungeheuerlichen\u00bb Velonummer haben, sind wir nat\u00fcrlich sehr daran interessiert.<\/p>\n<p>Mehr Informationen finden Sie im Schweizer Velonummern Museum: <a href=\"https:\/\/www.velonummern.ch\/geschichte\/\">Geschichte der Schweizer Fahrradkennzeichen<\/a><\/p>\n","protected":false},"excerpt":{"rendered":"<p>Kanton: Gen\u00e8ve<br \/>\nJahr: 1904<br \/>\nin den Genfer Farben gehalten mit der Jahreszahl \u00ab1904\u00bb<\/p>\n<p>Sammlung: ???<\/p>\n<p>Material: Massives Eisenblech<br \/>\nAbmessungen: 10 x 6 cm<\/p>\n<p>Dieses Fahrradkennzeichen fehlt noch in unserer Dokumentation. Falls sich ein solches Schild in Ihrem Besitz befindet, bitten wie Sie, uns ein gutes Foto davon zur Verf\u00fcgung zu stellen. Bitte setzen Sie sich \u00fcber das Kontaktformular mit uns in Verbindung. Falls Sie einverstanden sind, werden wir hier Ihren Namen erw\u00e4hnen. Danke f\u00fcr Ihre Unterst\u00fctzung.<\/p>\n<p>Allerdings gibt es eine Beschreibung, wie diese Velonummer ausgesehen hat:<\/p>\n<p>Am 18. Mai 1904 erscheint im \u00abJournal de Gen\u00e8ve\u00bb ein Leserbrief, in welchem C.-L. Perrin entsetzt dar\u00fcber berichtet, beim Wechsel des Fahrradkennzeichens festgestellt zu haben, dass darauf die Farben des Wappens des Kantons Gen\u00e8ve vertauscht wurden. Dies sei insbesondere auch deshalb eine Ungeheuerlichkeit (une \u00e9normit\u00e9 pareille), da dem zust\u00e4ndigen Finanzdepartement ein ange\u00adsehener Genfer Historiker und Arch\u00e4ologe vorsteht <a href=\"https:\/\/www.letempsarchives.ch\/page\/JDG_1904_05_18\/3\/article\/6326669\/cycliste\">[LINK, Seite 3]<\/a>. Selbst die Neue Z\u00fcrcher Zeitung NZZ berichtet gleichentags \u00fcber diesen Fauxpas in der Romandie <a href=\"https:\/\/www.e-newspaperarchives.ch\/?a=d&amp;d=NZZ19040518-02.2.4&amp;srpos=3&amp;e=------190-de-20--1--img-txIN-Kantonsfarben----1904---0-----\">[LINK, Seite 2]<\/a>.<\/p>\n<p>Dieser grobe Fehler ereignet sich im Zuge der Umstellung von den Polizeikennzeichen auf die neuen Steuer-Schilder und als Folge der abgest\u00fcrzten Verordnung vom 26. Januar 1904. Diese muss bereits am 22. M\u00e4rz 1904 wieder mit einer weiteren Verordnung ersetzt werden, womit f\u00fcr die Herstellung des Kennzeichens f\u00fcr das Jahr 1904 kaum mehr Zeit bleibt. Nebst der bereits verlorenen Zeit beschert die neue Verordnung den zust\u00e4ndigen Beh\u00f6rden nun noch einiges an zus\u00e4tzlicher Komplexit\u00e4t. Denn die Rollen der Departemente und die Funktion der Velonummer werden vollst\u00e4ndig umgekrempelt. Ab dem Jahr 1904 wird statt eines Fahrradkennzeichens neu ein Steuer-Schild ausgegeben. Dieses Steuer-Schild muss bei den Steuer\u00e4mtern der Bezirke bezogen werden. Gleichzeitig entf\u00e4llt die Fahr\u00adbewilligung, welche bisher die Polizei ausgestellt hat. Neu dient die Quittung des Steuereinnehmers als Verkehrsgenehmigung. Damit spielt das Justiz- und Polizeidepartement bei der Ausgabe der Velonummern und der Ausstellung der Bewilligungen keine Rolle mehr <a href=\"https:\/\/www.velonummern.ch\/wp-content\/uploads\/2024\/05\/1898-GE-Kanton-Geneve-fuhrt-Luxus-Steuer-auf-Velos-ein.pdf\">[DOKUMENT]<\/a>.<\/p>\n<p>\u00dcber das Kennzeichen selbst, die n\u00e4heren Umst\u00e4nde, wie es zu diesem \u00abSkandal\u00bb kam und \u00fcber das k\u00fcnftige Ausgabesystem ist in der \u00abLa Tribune de Gen\u00e8ve\u00bb vom 29. April 1904 mehr zu erfahren: \u00ab<em>Das Finanzdepartement hat bei der <\/em><em>\u00abl&#8217;Usine genevoise de d\u00e9grossissage d&#8217;or\u00bb <\/em><em>neue S<\/em><em>teuer-Schilder<\/em><em> f\u00fcr Radfahrer bestellt. Es handelt sich <\/em><em>um kleine, sehr elegante Rechtecke im Format 10 x 6 Zenti\u00admeter. Es sind schmiedeeiserne Plaketten in den Genfer Farben gehalten, welche die Jahreszahl \u00ab1904\u00bb tragen. Darunter befindet sich die fortlaufende Registrierungsnummer. Es wurden 16\u2019000 dieser Schilder bestellt. Das Format wird sich jedes Jahr \u00e4ndern. F\u00fcr 1905 werden wir es besser machen, da nicht genug Zeit war, um verschiedene Offerten einzuholen. Wir erinnern Radfahrer daran, dass sie sich ab dem 15. Mai an die Steuer\u00e4mter in ihrem Bezirk wenden m\u00fcssen, um die Steuer f\u00fcr das laufende Jahr zu entrichten und das Quittungsschild zu erhalten, das jenes der Polizei ersetzt<\/em>\u00bb. <a href=\"http:\/\/www.e-newspaperarchives.ch\/?a=d&amp;d=TDG19040429-04.2.5\">[LINK, Seite 2]<\/a>.<\/p>\n<p>Unseres Wissens ist das besagte Kennzeichen f\u00fcr das Jahr 1904 in keiner Sammlung zu finden. Des\u00adhalb ist es besonders aufschlussreich, wie hier sehr pr\u00e4zise beschrieben wird, aus welchem Material es hergestellt wurde und wie es aussieht. Damit ist auch klar, dass das Schild nicht mit einem detail\u00adlierten Wappen geziert ist, sondern einfach die beiden H\u00e4lften des Kennzeichens eingef\u00e4rbt wurden. Dabei wurde offenbar links Rot und rechts Gelb aufgetragen statt umgekehrt. Das Finanzdeparte\u00adment gesteht ein, dass es bei der Planung und Produktion dieses neuen Steuer-Kennzeichens unter grossem Zeitdruck stand und sich dadurch M\u00e4ngel ergeben haben (On fera mieux pour 1905 le temps ayant manqu\u00e9 pour mettre la fourniture au concours.). Es liegt also nahe, dass auch die Verwechs\u00adlung der Kantonsfarben diesem Zeitdruck geschuldet ist. Ob man sich dessen bereits am 29. April 1905 bewusst war, geht aus dem publizierten Text nicht hervor.<\/p>\n<p>Wenn Sie ein Foto einer solch \u00abungeheuerlichen\u00bb Velonummer haben, sind wir nat\u00fcrlich sehr daran interessiert.<\/p>\n<p>Mehr Informationen finden Sie im Schweizer Velonummern Museum: <a href=\"https:\/\/www.velonummern.ch\/geschichte\/\">Geschichte der Schweizer Fahrradkennzeichen<\/a><\/p>\n","protected":false},"featured_media":18715,"template":"","meta":{"_acf_changed":false,"inline_featured_image":false},"product_brand":[],"product_cat":[166,218],"product_tag":[],"class_list":{"0":"post-24671","1":"product","2":"type-product","3":"status-publish","4":"has-post-thumbnail","6":"product_cat-166","7":"product_cat-ge-geneve","9":"first","10":"outofstock","11":"sold-individually","12":"product-type-simple"},"acf":[],"yoast_head":"<!-- This site is optimized with the Yoast SEO plugin v27.4 - https:\/\/yoast.com\/product\/yoast-seo-wordpress\/ -->\n<title>Fahrradkennzeichen GE 1904 - Ein R\u00e4tsel | Musee Suisse de Plaques de Velo<\/title>\n<meta name=\"description\" content=\"Fahrradkennzeichen Velonummer GE 1904. Unseres Wissens ist die Velonummer des Kantons G\u00e8neve f\u00fcr das Jahr 1904 in keiner Sammlung zu finden.\" \/>\n<meta name=\"robots\" content=\"index, follow, max-snippet:-1, max-image-preview:large, max-video-preview:-1\" \/>\n<link rel=\"canonical\" href=\"https:\/\/www.velonummern.ch\/fr\/produit\/ge-1904\/\" \/>\n<meta name=\"twitter:label1\" content=\"Dur\u00e9e de lecture estim\u00e9e\" \/>\n\t<meta name=\"twitter:data1\" content=\"3 minutes\" \/>\n<script type=\"application\/ld+json\" class=\"yoast-schema-graph\">{\"@context\":\"https:\\\/\\\/schema.org\",\"@graph\":[{\"@type\":\"WebPage\",\"@id\":\"https:\\\/\\\/www.velonummern.ch\\\/fr\\\/produit\\\/ge-1904\\\/\",\"url\":\"https:\\\/\\\/www.velonummern.ch\\\/fr\\\/produit\\\/ge-1904\\\/\",\"name\":\"Fahrradkennzeichen GE 1904 - Ein R\u00e4tsel | Musee Suisse de Plaques de Velo\",\"isPartOf\":{\"@id\":\"https:\\\/\\\/www.velonummern.ch\\\/fr\\\/#website\"},\"primaryImageOfPage\":{\"@id\":\"https:\\\/\\\/www.velonummern.ch\\\/fr\\\/produit\\\/ge-1904\\\/#primaryimage\"},\"image\":{\"@id\":\"https:\\\/\\\/www.velonummern.ch\\\/fr\\\/produit\\\/ge-1904\\\/#primaryimage\"},\"thumbnailUrl\":\"https:\\\/\\\/www.velonummern.ch\\\/wp-content\\\/uploads\\\/2022\\\/08\\\/Wanted-JPG-500.jpg\",\"datePublished\":\"2024-05-30T08:37:11+00:00\",\"dateModified\":\"2024-11-20T18:08:34+00:00\",\"description\":\"Fahrradkennzeichen Velonummer GE 1904. Unseres Wissens ist die Velonummer des Kantons G\u00e8neve f\u00fcr das Jahr 1904 in keiner Sammlung zu finden.\",\"breadcrumb\":{\"@id\":\"https:\\\/\\\/www.velonummern.ch\\\/fr\\\/produit\\\/ge-1904\\\/#breadcrumb\"},\"inLanguage\":\"fr-FR\",\"potentialAction\":[{\"@type\":\"ReadAction\",\"target\":[\"https:\\\/\\\/www.velonummern.ch\\\/fr\\\/produit\\\/ge-1904\\\/\"]}]},{\"@type\":\"ImageObject\",\"inLanguage\":\"fr-FR\",\"@id\":\"https:\\\/\\\/www.velonummern.ch\\\/fr\\\/produit\\\/ge-1904\\\/#primaryimage\",\"url\":\"https:\\\/\\\/www.velonummern.ch\\\/wp-content\\\/uploads\\\/2022\\\/08\\\/Wanted-JPG-500.jpg\",\"contentUrl\":\"https:\\\/\\\/www.velonummern.ch\\\/wp-content\\\/uploads\\\/2022\\\/08\\\/Wanted-JPG-500.jpg\",\"width\":500,\"height\":500},{\"@type\":\"BreadcrumbList\",\"@id\":\"https:\\\/\\\/www.velonummern.ch\\\/fr\\\/produit\\\/ge-1904\\\/#breadcrumb\",\"itemListElement\":[{\"@type\":\"ListItem\",\"position\":1,\"name\":\"Startseite\",\"item\":\"https:\\\/\\\/www.velonummern.ch\\\/fr\\\/\"},{\"@type\":\"ListItem\",\"position\":2,\"name\":\"Produits\",\"item\":\"https:\\\/\\\/www.velonummern.ch\\\/fr\\\/shop\\\/\"},{\"@type\":\"ListItem\",\"position\":3,\"name\":\"GE 1904 &#8211; Ein R\u00e4tsel\"}]},{\"@type\":\"WebSite\",\"@id\":\"https:\\\/\\\/www.velonummern.ch\\\/fr\\\/#website\",\"url\":\"https:\\\/\\\/www.velonummern.ch\\\/fr\\\/\",\"name\":\"Musee Suisse de Plaques de Velo\",\"description\":\"\",\"publisher\":{\"@id\":\"https:\\\/\\\/www.velonummern.ch\\\/fr\\\/#organization\"},\"potentialAction\":[{\"@type\":\"SearchAction\",\"target\":{\"@type\":\"EntryPoint\",\"urlTemplate\":\"https:\\\/\\\/www.velonummern.ch\\\/fr\\\/?s={search_term_string}\"},\"query-input\":{\"@type\":\"PropertyValueSpecification\",\"valueRequired\":true,\"valueName\":\"search_term_string\"}}],\"inLanguage\":\"fr-FR\"},{\"@type\":\"Organization\",\"@id\":\"https:\\\/\\\/www.velonummern.ch\\\/fr\\\/#organization\",\"name\":\"Musee Suisse de Plaques de Velo\",\"url\":\"https:\\\/\\\/www.velonummern.ch\\\/fr\\\/\",\"logo\":{\"@type\":\"ImageObject\",\"inLanguage\":\"fr-FR\",\"@id\":\"https:\\\/\\\/www.velonummern.ch\\\/fr\\\/#\\\/schema\\\/logo\\\/image\\\/\",\"url\":\"https:\\\/\\\/www.velonummern.ch\\\/wp-content\\\/uploads\\\/2022\\\/04\\\/logo-de-1.svg\",\"contentUrl\":\"https:\\\/\\\/www.velonummern.ch\\\/wp-content\\\/uploads\\\/2022\\\/04\\\/logo-de-1.svg\",\"width\":\"1024\",\"height\":\"1024\",\"caption\":\"Musee Suisse de Plaques de Velo\"},\"image\":{\"@id\":\"https:\\\/\\\/www.velonummern.ch\\\/fr\\\/#\\\/schema\\\/logo\\\/image\\\/\"}}]}<\/script>\n<!-- \/ Yoast SEO plugin. -->","yoast_head_json":{"title":"Fahrradkennzeichen GE 1904 - Ein R\u00e4tsel | Musee Suisse de Plaques de Velo","description":"Fahrradkennzeichen Velonummer GE 1904. Unseres Wissens ist die Velonummer des Kantons G\u00e8neve f\u00fcr das Jahr 1904 in keiner Sammlung zu finden.","robots":{"index":"index","follow":"follow","max-snippet":"max-snippet:-1","max-image-preview":"max-image-preview:large","max-video-preview":"max-video-preview:-1"},"canonical":"https:\/\/www.velonummern.ch\/fr\/produit\/ge-1904\/","twitter_misc":{"Dur\u00e9e de lecture estim\u00e9e":"3 minutes"},"schema":{"@context":"https:\/\/schema.org","@graph":[{"@type":"WebPage","@id":"https:\/\/www.velonummern.ch\/fr\/produit\/ge-1904\/","url":"https:\/\/www.velonummern.ch\/fr\/produit\/ge-1904\/","name":"Fahrradkennzeichen GE 1904 - Ein R\u00e4tsel | Musee Suisse de Plaques de Velo","isPartOf":{"@id":"https:\/\/www.velonummern.ch\/fr\/#website"},"primaryImageOfPage":{"@id":"https:\/\/www.velonummern.ch\/fr\/produit\/ge-1904\/#primaryimage"},"image":{"@id":"https:\/\/www.velonummern.ch\/fr\/produit\/ge-1904\/#primaryimage"},"thumbnailUrl":"https:\/\/www.velonummern.ch\/wp-content\/uploads\/2022\/08\/Wanted-JPG-500.jpg","datePublished":"2024-05-30T08:37:11+00:00","dateModified":"2024-11-20T18:08:34+00:00","description":"Fahrradkennzeichen Velonummer GE 1904. Unseres Wissens ist die Velonummer des Kantons G\u00e8neve f\u00fcr das Jahr 1904 in keiner Sammlung zu finden.","breadcrumb":{"@id":"https:\/\/www.velonummern.ch\/fr\/produit\/ge-1904\/#breadcrumb"},"inLanguage":"fr-FR","potentialAction":[{"@type":"ReadAction","target":["https:\/\/www.velonummern.ch\/fr\/produit\/ge-1904\/"]}]},{"@type":"ImageObject","inLanguage":"fr-FR","@id":"https:\/\/www.velonummern.ch\/fr\/produit\/ge-1904\/#primaryimage","url":"https:\/\/www.velonummern.ch\/wp-content\/uploads\/2022\/08\/Wanted-JPG-500.jpg","contentUrl":"https:\/\/www.velonummern.ch\/wp-content\/uploads\/2022\/08\/Wanted-JPG-500.jpg","width":500,"height":500},{"@type":"BreadcrumbList","@id":"https:\/\/www.velonummern.ch\/fr\/produit\/ge-1904\/#breadcrumb","itemListElement":[{"@type":"ListItem","position":1,"name":"Startseite","item":"https:\/\/www.velonummern.ch\/fr\/"},{"@type":"ListItem","position":2,"name":"Produits","item":"https:\/\/www.velonummern.ch\/fr\/shop\/"},{"@type":"ListItem","position":3,"name":"GE 1904 &#8211; Ein R\u00e4tsel"}]},{"@type":"WebSite","@id":"https:\/\/www.velonummern.ch\/fr\/#website","url":"https:\/\/www.velonummern.ch\/fr\/","name":"Musee Suisse de Plaques de Velo","description":"","publisher":{"@id":"https:\/\/www.velonummern.ch\/fr\/#organization"},"potentialAction":[{"@type":"SearchAction","target":{"@type":"EntryPoint","urlTemplate":"https:\/\/www.velonummern.ch\/fr\/?s={search_term_string}"},"query-input":{"@type":"PropertyValueSpecification","valueRequired":true,"valueName":"search_term_string"}}],"inLanguage":"fr-FR"},{"@type":"Organization","@id":"https:\/\/www.velonummern.ch\/fr\/#organization","name":"Musee Suisse de Plaques de Velo","url":"https:\/\/www.velonummern.ch\/fr\/","logo":{"@type":"ImageObject","inLanguage":"fr-FR","@id":"https:\/\/www.velonummern.ch\/fr\/#\/schema\/logo\/image\/","url":"https:\/\/www.velonummern.ch\/wp-content\/uploads\/2022\/04\/logo-de-1.svg","contentUrl":"https:\/\/www.velonummern.ch\/wp-content\/uploads\/2022\/04\/logo-de-1.svg","width":"1024","height":"1024","caption":"Musee Suisse de Plaques de Velo"},"image":{"@id":"https:\/\/www.velonummern.ch\/fr\/#\/schema\/logo\/image\/"}}]}},"_links":{"self":[{"href":"https:\/\/www.velonummern.ch\/fr\/wp-json\/wp\/v2\/product\/24671","targetHints":{"allow":["GET"]}}],"collection":[{"href":"https:\/\/www.velonummern.ch\/fr\/wp-json\/wp\/v2\/product"}],"about":[{"href":"https:\/\/www.velonummern.ch\/fr\/wp-json\/wp\/v2\/types\/product"}],"wp:featuredmedia":[{"embeddable":true,"href":"https:\/\/www.velonummern.ch\/fr\/wp-json\/wp\/v2\/media\/18715"}],"wp:attachment":[{"href":"https:\/\/www.velonummern.ch\/fr\/wp-json\/wp\/v2\/media?parent=24671"}],"wp:term":[{"taxonomy":"product_brand","embeddable":true,"href":"https:\/\/www.velonummern.ch\/fr\/wp-json\/wp\/v2\/product_brand?post=24671"},{"taxonomy":"product_cat","embeddable":true,"href":"https:\/\/www.velonummern.ch\/fr\/wp-json\/wp\/v2\/product_cat?post=24671"},{"taxonomy":"product_tag","embeddable":true,"href":"https:\/\/www.velonummern.ch\/fr\/wp-json\/wp\/v2\/product_tag?post=24671"}],"curies":[{"name":"wp","href":"https:\/\/api.w.org\/{rel}","templated":true}]}}