{"id":24717,"date":"2024-06-02T14:32:56","date_gmt":"2024-06-02T12:32:56","guid":{"rendered":"https:\/\/www.velonummern.ch\/?post_type=product&#038;p=24717"},"modified":"2025-07-10T11:28:31","modified_gmt":"2025-07-10T09:28:31","slug":"zh-1912-z","status":"publish","type":"product","link":"https:\/\/www.velonummern.ch\/fr\/produit\/zh-1912-z\/","title":{"rendered":"ZH 1912 Z (Modell 1909)"},"content":{"rendered":"<h2>Fahrradkennzeichen, Velonummer ZH 1912<\/h2>\n<p>&nbsp;<\/p>\n<p>Im Kanton Z\u00fcrich werden zwischen 1910 und 1924 Email-Schilder ausgegeben <a href=\"https:\/\/www.velonummern.ch\/produkte\/zh-zurich\/\">[BILDER]<\/a>. Diese haben jedoch keinen Jahrgang. Im Rahmen eines schweizweit einzigartigen Wiederverwendungs-Systems werden insgesamt sechs verschieden Modell in Umlauf gebracht, welche abwechselnd g\u00fcltig sind. Jedes Modell wird in zwei oder drei verschiedenen Jahren verwendet.<\/p>\n<p>Dieses \u00abModell 1912\u00bb wurde erstmals 1912 ausgegeben, anschliessend eingezogen, eingelagert und f\u00fcr die Jahre 1920 und 1924 wiederverwendet.<\/p>\n","protected":false},"excerpt":{"rendered":"<p>Kanton: Z\u00fcrich<br \/>\nBezirk: Stadt Z\u00fcrich (Z)<br \/>\nJahr: 1912<\/p>\n<p>Material: Metall \/ Email<br \/>\nAbmessungen: 11.3 x 8.7 cm \/ 4.45 x 3.43 in<\/p>\n<p>Im Kanton Z\u00fcrich werden zwischen 1909 und 1924 Email-Schilder ausgegeben <a href=\"https:\/\/www.velonummern.ch\/produkte\/zh-zurich\/\">[BILDER]<\/a>. Diese haben jedoch keinen Jahrgang. Im Rahmen eines schweizweit einzigartigen Wiederverwendungs-Systems werden insgesamt sechs verschiedene Modelle in Umlauf gebracht, welche abwechselnd g\u00fcltig sind. Jedes Modell wird in zwei oder drei verschiedenen Jahren verwendet.<\/p>\n<p>Dieses \u00abModell 1909\u00bb wurde erstmals 1909 ausgegeben, anschliessend eingezogen, eingelagert und f\u00fcr die Jahre 1912, 1920 und 1924 wiederverwendet.<\/p>\n<p>Seit den 1970-er Jahren ist unter Sammlern bekannt, wie die Email-Schilder aussehen, welche im Kanton Z\u00fcrich zwischen 1914 und 1924 ausgegeben werden <a href=\"https:\/\/www.velonummern.ch\/produkte\/zh-zurich\/\">[BILD]<\/a>. Die vier m\u00f6glichen Formen, die zwei unterschiedlichen Hintergrundfarben, die einzelnen Serien sowie spezielle Kennzeichnungen werden jedes Jahr neu definiert. Jedem der 11 Bezirke wird jeweils ein besonderer Nummernkreis bzw. den St\u00e4dten Z\u00fcrich (Z) und Winterthur (W) ein zus\u00e4tzlicher Buchstabe zugewiesen <a href=\"https:\/\/www.velonummern.ch\/wp-content\/uploads\/2023\/02\/1914-1924-ZH-Beschreibung-Fahrradkennzeichen-aus-Email.pdf\">[DOKUMENT]<\/a>. Hingegen bleibt bis im Juni 2024 unklar, wie die Email-Schilder des Kantons Z\u00fcrich f\u00fcr die Jahre 1910 bis 1913 ausgesehen haben. Nun konnte auch dieses R\u00e4tsel anhand verschiedener Dokumente gel\u00f6st bzw. die Antworten dazu rekonstruiert werden.<\/p>\n<p>Wie genau sich die Modelle bzw. Form der Jahrg\u00e4nge 1910 bis 1913 bestimmen lassen, erfahren Sie im Schweizerischen Velonummern Museum: <a href=\"https:\/\/www.velonummern.ch\/geschichte\/\">Geschichte der Schweizer Fahrradkennzeichen<\/a><\/p>\n","protected":false},"featured_media":15631,"template":"","meta":{"_acf_changed":false,"inline_featured_image":false},"product_brand":[],"product_cat":[166,236],"product_tag":[],"class_list":{"0":"post-24717","1":"product","2":"type-product","3":"status-publish","4":"has-post-thumbnail","6":"product_cat-166","7":"product_cat-zh-zurich","9":"first","10":"outofstock","11":"sold-individually","12":"purchasable","13":"product-type-simple"},"acf":[],"yoast_head":"<!-- This site is optimized with the Yoast SEO plugin v27.4 - https:\/\/yoast.com\/product\/yoast-seo-wordpress\/ -->\n<title>Fahrradkennzeichen ZH 1912 Z (Modell 1909) | Musee Suisse de Plaques de Velo<\/title>\n<meta name=\"description\" content=\"Dieses \u00abModell 1912\u00bb wurde erstmals 1912 ausgegeben, anschliessend eingezogen, eingelagert und f\u00fcr die Jahre 1920 und 1924 wiederverwendet.\" \/>\n<meta name=\"robots\" content=\"index, follow, max-snippet:-1, max-image-preview:large, max-video-preview:-1\" \/>\n<link rel=\"canonical\" href=\"https:\/\/www.velonummern.ch\/fr\/produit\/zh-1912-z\/\" \/>\n<script type=\"application\/ld+json\" class=\"yoast-schema-graph\">{\"@context\":\"https:\\\/\\\/schema.org\",\"@graph\":[{\"@type\":\"WebPage\",\"@id\":\"https:\\\/\\\/www.velonummern.ch\\\/fr\\\/produit\\\/zh-1912-z\\\/\",\"url\":\"https:\\\/\\\/www.velonummern.ch\\\/fr\\\/produit\\\/zh-1912-z\\\/\",\"name\":\"Fahrradkennzeichen ZH 1912 Z (Modell 1909) | Musee Suisse de Plaques de Velo\",\"isPartOf\":{\"@id\":\"https:\\\/\\\/www.velonummern.ch\\\/fr\\\/#website\"},\"primaryImageOfPage\":{\"@id\":\"https:\\\/\\\/www.velonummern.ch\\\/fr\\\/produit\\\/zh-1912-z\\\/#primaryimage\"},\"image\":{\"@id\":\"https:\\\/\\\/www.velonummern.ch\\\/fr\\\/produit\\\/zh-1912-z\\\/#primaryimage\"},\"thumbnailUrl\":\"https:\\\/\\\/www.velonummern.ch\\\/wp-content\\\/uploads\\\/2022\\\/05\\\/products-ZH_1920_C_4e5cbf3a313ef.jpg\",\"datePublished\":\"2024-06-02T12:32:56+00:00\",\"dateModified\":\"2025-07-10T09:28:31+00:00\",\"description\":\"Dieses \u00abModell 1912\u00bb wurde erstmals 1912 ausgegeben, anschliessend eingezogen, eingelagert und f\u00fcr die Jahre 1920 und 1924 wiederverwendet.\",\"breadcrumb\":{\"@id\":\"https:\\\/\\\/www.velonummern.ch\\\/fr\\\/produit\\\/zh-1912-z\\\/#breadcrumb\"},\"inLanguage\":\"fr-FR\",\"potentialAction\":[{\"@type\":\"ReadAction\",\"target\":[\"https:\\\/\\\/www.velonummern.ch\\\/fr\\\/produit\\\/zh-1912-z\\\/\"]}]},{\"@type\":\"ImageObject\",\"inLanguage\":\"fr-FR\",\"@id\":\"https:\\\/\\\/www.velonummern.ch\\\/fr\\\/produit\\\/zh-1912-z\\\/#primaryimage\",\"url\":\"https:\\\/\\\/www.velonummern.ch\\\/wp-content\\\/uploads\\\/2022\\\/05\\\/products-ZH_1920_C_4e5cbf3a313ef.jpg\",\"contentUrl\":\"https:\\\/\\\/www.velonummern.ch\\\/wp-content\\\/uploads\\\/2022\\\/05\\\/products-ZH_1920_C_4e5cbf3a313ef.jpg\",\"width\":\"500\",\"height\":\"500\",\"caption\":\"ZH 1920 C\"},{\"@type\":\"BreadcrumbList\",\"@id\":\"https:\\\/\\\/www.velonummern.ch\\\/fr\\\/produit\\\/zh-1912-z\\\/#breadcrumb\",\"itemListElement\":[{\"@type\":\"ListItem\",\"position\":1,\"name\":\"Startseite\",\"item\":\"https:\\\/\\\/www.velonummern.ch\\\/fr\\\/\"},{\"@type\":\"ListItem\",\"position\":2,\"name\":\"Produits\",\"item\":\"https:\\\/\\\/www.velonummern.ch\\\/fr\\\/shop\\\/\"},{\"@type\":\"ListItem\",\"position\":3,\"name\":\"ZH 1912 Z (Modell 1909)\"}]},{\"@type\":\"WebSite\",\"@id\":\"https:\\\/\\\/www.velonummern.ch\\\/fr\\\/#website\",\"url\":\"https:\\\/\\\/www.velonummern.ch\\\/fr\\\/\",\"name\":\"Musee Suisse de Plaques de Velo\",\"description\":\"\",\"publisher\":{\"@id\":\"https:\\\/\\\/www.velonummern.ch\\\/fr\\\/#organization\"},\"potentialAction\":[{\"@type\":\"SearchAction\",\"target\":{\"@type\":\"EntryPoint\",\"urlTemplate\":\"https:\\\/\\\/www.velonummern.ch\\\/fr\\\/?s={search_term_string}\"},\"query-input\":{\"@type\":\"PropertyValueSpecification\",\"valueRequired\":true,\"valueName\":\"search_term_string\"}}],\"inLanguage\":\"fr-FR\"},{\"@type\":\"Organization\",\"@id\":\"https:\\\/\\\/www.velonummern.ch\\\/fr\\\/#organization\",\"name\":\"Musee Suisse de Plaques de Velo\",\"url\":\"https:\\\/\\\/www.velonummern.ch\\\/fr\\\/\",\"logo\":{\"@type\":\"ImageObject\",\"inLanguage\":\"fr-FR\",\"@id\":\"https:\\\/\\\/www.velonummern.ch\\\/fr\\\/#\\\/schema\\\/logo\\\/image\\\/\",\"url\":\"https:\\\/\\\/www.velonummern.ch\\\/wp-content\\\/uploads\\\/2022\\\/04\\\/logo-de-1.svg\",\"contentUrl\":\"https:\\\/\\\/www.velonummern.ch\\\/wp-content\\\/uploads\\\/2022\\\/04\\\/logo-de-1.svg\",\"width\":\"1024\",\"height\":\"1024\",\"caption\":\"Musee Suisse de Plaques de Velo\"},\"image\":{\"@id\":\"https:\\\/\\\/www.velonummern.ch\\\/fr\\\/#\\\/schema\\\/logo\\\/image\\\/\"}}]}<\/script>\n<!-- \/ Yoast SEO plugin. -->","yoast_head_json":{"title":"Fahrradkennzeichen ZH 1912 Z (Modell 1909) | Musee Suisse de Plaques de Velo","description":"Dieses \u00abModell 1912\u00bb wurde erstmals 1912 ausgegeben, anschliessend eingezogen, eingelagert und f\u00fcr die Jahre 1920 und 1924 wiederverwendet.","robots":{"index":"index","follow":"follow","max-snippet":"max-snippet:-1","max-image-preview":"max-image-preview:large","max-video-preview":"max-video-preview:-1"},"canonical":"https:\/\/www.velonummern.ch\/fr\/produit\/zh-1912-z\/","schema":{"@context":"https:\/\/schema.org","@graph":[{"@type":"WebPage","@id":"https:\/\/www.velonummern.ch\/fr\/produit\/zh-1912-z\/","url":"https:\/\/www.velonummern.ch\/fr\/produit\/zh-1912-z\/","name":"Fahrradkennzeichen ZH 1912 Z (Modell 1909) | Musee Suisse de Plaques de Velo","isPartOf":{"@id":"https:\/\/www.velonummern.ch\/fr\/#website"},"primaryImageOfPage":{"@id":"https:\/\/www.velonummern.ch\/fr\/produit\/zh-1912-z\/#primaryimage"},"image":{"@id":"https:\/\/www.velonummern.ch\/fr\/produit\/zh-1912-z\/#primaryimage"},"thumbnailUrl":"https:\/\/www.velonummern.ch\/wp-content\/uploads\/2022\/05\/products-ZH_1920_C_4e5cbf3a313ef.jpg","datePublished":"2024-06-02T12:32:56+00:00","dateModified":"2025-07-10T09:28:31+00:00","description":"Dieses \u00abModell 1912\u00bb wurde erstmals 1912 ausgegeben, anschliessend eingezogen, eingelagert und f\u00fcr die Jahre 1920 und 1924 wiederverwendet.","breadcrumb":{"@id":"https:\/\/www.velonummern.ch\/fr\/produit\/zh-1912-z\/#breadcrumb"},"inLanguage":"fr-FR","potentialAction":[{"@type":"ReadAction","target":["https:\/\/www.velonummern.ch\/fr\/produit\/zh-1912-z\/"]}]},{"@type":"ImageObject","inLanguage":"fr-FR","@id":"https:\/\/www.velonummern.ch\/fr\/produit\/zh-1912-z\/#primaryimage","url":"https:\/\/www.velonummern.ch\/wp-content\/uploads\/2022\/05\/products-ZH_1920_C_4e5cbf3a313ef.jpg","contentUrl":"https:\/\/www.velonummern.ch\/wp-content\/uploads\/2022\/05\/products-ZH_1920_C_4e5cbf3a313ef.jpg","width":"500","height":"500","caption":"ZH 1920 C"},{"@type":"BreadcrumbList","@id":"https:\/\/www.velonummern.ch\/fr\/produit\/zh-1912-z\/#breadcrumb","itemListElement":[{"@type":"ListItem","position":1,"name":"Startseite","item":"https:\/\/www.velonummern.ch\/fr\/"},{"@type":"ListItem","position":2,"name":"Produits","item":"https:\/\/www.velonummern.ch\/fr\/shop\/"},{"@type":"ListItem","position":3,"name":"ZH 1912 Z (Modell 1909)"}]},{"@type":"WebSite","@id":"https:\/\/www.velonummern.ch\/fr\/#website","url":"https:\/\/www.velonummern.ch\/fr\/","name":"Musee Suisse de Plaques de Velo","description":"","publisher":{"@id":"https:\/\/www.velonummern.ch\/fr\/#organization"},"potentialAction":[{"@type":"SearchAction","target":{"@type":"EntryPoint","urlTemplate":"https:\/\/www.velonummern.ch\/fr\/?s={search_term_string}"},"query-input":{"@type":"PropertyValueSpecification","valueRequired":true,"valueName":"search_term_string"}}],"inLanguage":"fr-FR"},{"@type":"Organization","@id":"https:\/\/www.velonummern.ch\/fr\/#organization","name":"Musee Suisse de Plaques de Velo","url":"https:\/\/www.velonummern.ch\/fr\/","logo":{"@type":"ImageObject","inLanguage":"fr-FR","@id":"https:\/\/www.velonummern.ch\/fr\/#\/schema\/logo\/image\/","url":"https:\/\/www.velonummern.ch\/wp-content\/uploads\/2022\/04\/logo-de-1.svg","contentUrl":"https:\/\/www.velonummern.ch\/wp-content\/uploads\/2022\/04\/logo-de-1.svg","width":"1024","height":"1024","caption":"Musee Suisse de Plaques de Velo"},"image":{"@id":"https:\/\/www.velonummern.ch\/fr\/#\/schema\/logo\/image\/"}}]}},"_links":{"self":[{"href":"https:\/\/www.velonummern.ch\/fr\/wp-json\/wp\/v2\/product\/24717","targetHints":{"allow":["GET"]}}],"collection":[{"href":"https:\/\/www.velonummern.ch\/fr\/wp-json\/wp\/v2\/product"}],"about":[{"href":"https:\/\/www.velonummern.ch\/fr\/wp-json\/wp\/v2\/types\/product"}],"wp:featuredmedia":[{"embeddable":true,"href":"https:\/\/www.velonummern.ch\/fr\/wp-json\/wp\/v2\/media\/15631"}],"wp:attachment":[{"href":"https:\/\/www.velonummern.ch\/fr\/wp-json\/wp\/v2\/media?parent=24717"}],"wp:term":[{"taxonomy":"product_brand","embeddable":true,"href":"https:\/\/www.velonummern.ch\/fr\/wp-json\/wp\/v2\/product_brand?post=24717"},{"taxonomy":"product_cat","embeddable":true,"href":"https:\/\/www.velonummern.ch\/fr\/wp-json\/wp\/v2\/product_cat?post=24717"},{"taxonomy":"product_tag","embeddable":true,"href":"https:\/\/www.velonummern.ch\/fr\/wp-json\/wp\/v2\/product_tag?post=24717"}],"curies":[{"name":"wp","href":"https:\/\/api.w.org\/{rel}","templated":true}]}}