{"id":25459,"date":"2025-01-07T16:44:45","date_gmt":"2025-01-07T15:44:45","guid":{"rendered":"https:\/\/www.velonummern.ch\/?post_type=product&#038;p=25459"},"modified":"2025-02-24T15:26:58","modified_gmt":"2025-02-24T14:26:58","slug":"sz-2011-vignette-kantons-code-05","status":"publish","type":"product","link":"https:\/\/www.velonummern.ch\/fr\/produit\/sz-2011-vignette-kantons-code-05\/","title":{"rendered":"SZ 2011 Vignette; Kantons-Code 05"},"content":{"rendered":"<p>Kanton: Schwyz<br \/>\nKantons-Code: 05 (gem\u00e4ss Abfolge in der Bundesverfassung)<br \/>\nJahr: 2011 = letzter Jahrgang<\/p>\n<p>Material: Selbstklebende Folie<br \/>\nAbmessungen: H\u00f6he 2.0 cm x Breite 4.0 cm<br \/>\nGrundfarbe: Weiss<br \/>\nLinks von oben: Nummer des Versicherers \/ Kantonsbezeichnung \/ Seriennummer<br \/>\nRechts: Geltungsjahr<br \/>\nAlle weiteren Definitionen gem\u00e4ss Verkehrsversicherungsverordnung: <a href=\"https:\/\/www.velonummern.ch\/wp-content\/uploads\/2023\/07\/1989-Fahrradvignette-gemass-Verordnungen-VVV-und-BAV-ab-1990.pdf\">[DOKUMENT]<\/a><\/p>\n<p>Sammlung: Bruno Hagmann<\/p>\n<p>&nbsp;<\/p>\n<p>Nach \u00fcber 90 Jahren wird das gepr\u00e4gte Fahrradkennzeichen, die eigentliche Velonummer, mit ihrem letzten Jahrgang von 1988 abgeschafft <a href=\"https:\/\/www.velonummern.ch\/produkte\/1988\/\">[BILD]<\/a>. Seit 1989 ist die Haftpflichtversicherung der einzige Grund, weshalb das Fahrradkennzeichen, in Form der Velovignette, nochmals bis Ende 2011 eine letzte Gnadenfrist von 23 Jahren erh\u00e4lt. Bis dahin werden in s\u00e4mtlichen Kantonen, an Stelle der gepr\u00e4gten Schilder, selbstklebende Velovignetten ausgegeben <a href=\"https:\/\/www.velonummern.ch\/archiv\/1989-2011-velovignetten-fahrradvignetten\/\">[BILD]<\/a>. Nur der Kanton Jura hat 1988 bereits auf Vignette umgestellt <a href=\"https:\/\/www.velonummern.ch\/archiv\/1988-ju-das-jura-hybrid-fahrradkennzeichen\/\">[BILD]<\/a>.<\/p>\n<p>Nach dem provisorischen Vignetten-Jahr 1989, welches das Eidgen\u00f6ssische Justiz- und Polizei\u00addepartement EJPD per Weisung erlassen hat <a href=\"https:\/\/www.velonummern.ch\/wp-content\/uploads\/2023\/07\/1988-EJPD-Weisungen-Fahrradkennzeichen-fur-das-Jahr-1989.pdf\">[DOKUMENT]<\/a>, treten die \u00c4nderungen der Verkehrs\u00adversicherungsverordnung (VVV) und der Verordnung \u00fcber Bau und Ausr\u00fcstung der Strassenfahrzeuge (BAV) vom 24. Mai 1989 per 1. Januar 1990 in Kraft.<\/p>\n<p>Im 3. Teil der Verkehrsversicherungsverordnung von 1959 wird nun die Haftpflichtversicherung der Fahrr\u00e4der und damit insbesondere die neu eingef\u00fchrte Velovignette (offiziell \u00abFahrradvignette\u00bb) wie folgt erg\u00e4nzt <a href=\"https:\/\/www.velonummern.ch\/wp-content\/uploads\/2023\/07\/1989-Fahrradvignette-gemass-Verordnungen-VVV-und-BAV-ab-1990.pdf\">[DOKUMENT]<\/a>.<\/p>\n<p>Alles \u00fcber die Velonummern und die Velovignetten erfahren Sie in der: <a href=\"https:\/\/www.velonummern.ch\/geschichte\/\">Geschichte der Schweizer Fahrradkennzeichen<\/a><\/p>\n","protected":false},"excerpt":{"rendered":"<p>Kanton: Schwyz<br \/>\nKantons-Code: 05 (gem\u00e4ss Abfolge in der Bundesverfassung)<br \/>\nJahr: 2011 = letzter Jahrgang<\/p>\n<p>Material: Selbstklebende Folie<br \/>\nAbmessungen: H\u00f6he 2.0 cm x Breite 4.0 cm<br \/>\nGrundfarbe: Weiss<br \/>\nLinks von oben: Nummer des Versicherers \/ Kantonsbezeichnung \/ Seriennummer<br \/>\nRechts: Geltungsjahr<br \/>\nAlle weiteren Definitionen gem\u00e4ss Verkehrsversicherungsverordnung: <a href=\"https:\/\/www.velonummern.ch\/wp-content\/uploads\/2023\/07\/1989-Fahrradvignette-gemass-Verordnungen-VVV-und-BAV-ab-1990.pdf\">[DOKUMENT]<\/a><\/p>\n<p>Sammlung: Bruno Hagmann<\/p>\n<p>&nbsp;<\/p>\n<p>Nach \u00fcber 90 Jahren wird das gepr\u00e4gte Fahrradkennzeichen, die eigentliche Velonummer, mit ihrem letzten Jahrgang von 1988 abgeschafft <a href=\"https:\/\/www.velonummern.ch\/produkte\/1988\/\">[BILD]<\/a>. Seit 1989 ist die Haftpflichtversicherung der einzige Grund, weshalb das Fahrradkennzeichen, in Form der Velovignette, nochmals bis Ende 2011 eine letzte Gnadenfrist von 23 Jahren erh\u00e4lt. Bis dahin werden in s\u00e4mtlichen Kantonen, an Stelle der gepr\u00e4gten Schilder, selbstklebende Velovignetten ausgegeben <a href=\"https:\/\/www.velonummern.ch\/archiv\/1989-2011-velovignetten-fahrradvignetten\/\">[BILD]<\/a>. Nur der Kanton Jura hat 1988 bereits auf Vignette umgestellt <a href=\"https:\/\/www.velonummern.ch\/archiv\/1988-ju-das-jura-hybrid-fahrradkennzeichen\/\">[BILD]<\/a>.<\/p>\n<p>Nach dem provisorischen Vignetten-Jahr 1989, welches das Eidgen\u00f6ssische Justiz- und Polizei\u00addepartement EJPD per Weisung erlassen hat <a href=\"https:\/\/www.velonummern.ch\/wp-content\/uploads\/2023\/07\/1988-EJPD-Weisungen-Fahrradkennzeichen-fur-das-Jahr-1989.pdf\">[DOKUMENT]<\/a>, treten die \u00c4nderungen der Verkehrs\u00adversicherungsverordnung (VVV) und der Verordnung \u00fcber Bau und Ausr\u00fcstung der Strassenfahrzeuge (BAV) vom 24. Mai 1989 per 1. Januar 1990 in Kraft.<\/p>\n<p>Im 3. Teil der Verkehrsversicherungsverordnung von 1959 wird nun die Haftpflichtversicherung der Fahrr\u00e4der und damit insbesondere die neu eingef\u00fchrte Velovignette (offiziell \u00abFahrradvignette\u00bb) wie folgt erg\u00e4nzt <a href=\"https:\/\/www.velonummern.ch\/wp-content\/uploads\/2023\/07\/1989-Fahrradvignette-gemass-Verordnungen-VVV-und-BAV-ab-1990.pdf\">[DOKUMENT]<\/a>.<\/p>\n<p>Alles \u00fcber die Velonummern und die Velovignetten erfahren Sie in der: <a href=\"https:\/\/www.velonummern.ch\/geschichte\/\">Geschichte der Schweizer Fahrradkennzeichen<\/a><\/p>\n","protected":false},"featured_media":25460,"template":"","meta":{"_acf_changed":false,"inline_featured_image":false},"product_brand":[],"product_cat":[250,229],"product_tag":[],"class_list":{"0":"post-25459","1":"product","2":"type-product","3":"status-publish","4":"has-post-thumbnail","6":"product_cat-250","7":"product_cat-sz-schwyz","9":"first","10":"instock","11":"sold-individually","12":"shipping-taxable","13":"product-type-simple"},"acf":[],"yoast_head":"<!-- This site is optimized with the Yoast SEO plugin v27.4 - https:\/\/yoast.com\/product\/yoast-seo-wordpress\/ -->\n<title>Fahrradkennzeichen SZ 2011 Vignette; Kantons-Code 05 | Musee Suisse de Plaques de Velo<\/title>\n<meta name=\"description\" content=\"Velo-Vignette Kanton Schwyz, Jahrgang 2011, SZ 2011, Kantons-Code 05. Das letzte je in der Schweiz ausgegebene Fahrradkennzeichen, Velonummer.\" \/>\n<meta name=\"robots\" content=\"index, follow, max-snippet:-1, max-image-preview:large, max-video-preview:-1\" \/>\n<link rel=\"canonical\" href=\"https:\/\/www.velonummern.ch\/fr\/produit\/sz-2011-vignette-kantons-code-05\/\" \/>\n<meta name=\"twitter:label1\" content=\"Dur\u00e9e de lecture estim\u00e9e\" \/>\n\t<meta name=\"twitter:data1\" content=\"1 minute\" \/>\n<script type=\"application\/ld+json\" class=\"yoast-schema-graph\">{\"@context\":\"https:\\\/\\\/schema.org\",\"@graph\":[{\"@type\":\"WebPage\",\"@id\":\"https:\\\/\\\/www.velonummern.ch\\\/fr\\\/produit\\\/sz-2011-vignette-kantons-code-05\\\/\",\"url\":\"https:\\\/\\\/www.velonummern.ch\\\/fr\\\/produit\\\/sz-2011-vignette-kantons-code-05\\\/\",\"name\":\"Fahrradkennzeichen SZ 2011 Vignette; Kantons-Code 05 | Musee Suisse de Plaques de Velo\",\"isPartOf\":{\"@id\":\"https:\\\/\\\/www.velonummern.ch\\\/fr\\\/#website\"},\"primaryImageOfPage\":{\"@id\":\"https:\\\/\\\/www.velonummern.ch\\\/fr\\\/produit\\\/sz-2011-vignette-kantons-code-05\\\/#primaryimage\"},\"image\":{\"@id\":\"https:\\\/\\\/www.velonummern.ch\\\/fr\\\/produit\\\/sz-2011-vignette-kantons-code-05\\\/#primaryimage\"},\"thumbnailUrl\":\"https:\\\/\\\/www.velonummern.ch\\\/wp-content\\\/uploads\\\/2025\\\/01\\\/SZ-05-Vignette-Bruno-Hagmann.png\",\"datePublished\":\"2025-01-07T15:44:45+00:00\",\"dateModified\":\"2025-02-24T14:26:58+00:00\",\"description\":\"Velo-Vignette Kanton Schwyz, Jahrgang 2011, SZ 2011, Kantons-Code 05. Das letzte je in der Schweiz ausgegebene Fahrradkennzeichen, Velonummer.\",\"breadcrumb\":{\"@id\":\"https:\\\/\\\/www.velonummern.ch\\\/fr\\\/produit\\\/sz-2011-vignette-kantons-code-05\\\/#breadcrumb\"},\"inLanguage\":\"fr-FR\",\"potentialAction\":[{\"@type\":\"ReadAction\",\"target\":[\"https:\\\/\\\/www.velonummern.ch\\\/fr\\\/produit\\\/sz-2011-vignette-kantons-code-05\\\/\"]}]},{\"@type\":\"ImageObject\",\"inLanguage\":\"fr-FR\",\"@id\":\"https:\\\/\\\/www.velonummern.ch\\\/fr\\\/produit\\\/sz-2011-vignette-kantons-code-05\\\/#primaryimage\",\"url\":\"https:\\\/\\\/www.velonummern.ch\\\/wp-content\\\/uploads\\\/2025\\\/01\\\/SZ-05-Vignette-Bruno-Hagmann.png\",\"contentUrl\":\"https:\\\/\\\/www.velonummern.ch\\\/wp-content\\\/uploads\\\/2025\\\/01\\\/SZ-05-Vignette-Bruno-Hagmann.png\",\"width\":2000,\"height\":2000},{\"@type\":\"BreadcrumbList\",\"@id\":\"https:\\\/\\\/www.velonummern.ch\\\/fr\\\/produit\\\/sz-2011-vignette-kantons-code-05\\\/#breadcrumb\",\"itemListElement\":[{\"@type\":\"ListItem\",\"position\":1,\"name\":\"Startseite\",\"item\":\"https:\\\/\\\/www.velonummern.ch\\\/fr\\\/\"},{\"@type\":\"ListItem\",\"position\":2,\"name\":\"Produits\",\"item\":\"https:\\\/\\\/www.velonummern.ch\\\/fr\\\/shop\\\/\"},{\"@type\":\"ListItem\",\"position\":3,\"name\":\"SZ 2011 Vignette; Kantons-Code 05\"}]},{\"@type\":\"WebSite\",\"@id\":\"https:\\\/\\\/www.velonummern.ch\\\/fr\\\/#website\",\"url\":\"https:\\\/\\\/www.velonummern.ch\\\/fr\\\/\",\"name\":\"Musee Suisse de Plaques de Velo\",\"description\":\"\",\"publisher\":{\"@id\":\"https:\\\/\\\/www.velonummern.ch\\\/fr\\\/#organization\"},\"potentialAction\":[{\"@type\":\"SearchAction\",\"target\":{\"@type\":\"EntryPoint\",\"urlTemplate\":\"https:\\\/\\\/www.velonummern.ch\\\/fr\\\/?s={search_term_string}\"},\"query-input\":{\"@type\":\"PropertyValueSpecification\",\"valueRequired\":true,\"valueName\":\"search_term_string\"}}],\"inLanguage\":\"fr-FR\"},{\"@type\":\"Organization\",\"@id\":\"https:\\\/\\\/www.velonummern.ch\\\/fr\\\/#organization\",\"name\":\"Musee Suisse de Plaques de Velo\",\"url\":\"https:\\\/\\\/www.velonummern.ch\\\/fr\\\/\",\"logo\":{\"@type\":\"ImageObject\",\"inLanguage\":\"fr-FR\",\"@id\":\"https:\\\/\\\/www.velonummern.ch\\\/fr\\\/#\\\/schema\\\/logo\\\/image\\\/\",\"url\":\"https:\\\/\\\/www.velonummern.ch\\\/wp-content\\\/uploads\\\/2022\\\/04\\\/logo-de-1.svg\",\"contentUrl\":\"https:\\\/\\\/www.velonummern.ch\\\/wp-content\\\/uploads\\\/2022\\\/04\\\/logo-de-1.svg\",\"width\":\"1024\",\"height\":\"1024\",\"caption\":\"Musee Suisse de Plaques de Velo\"},\"image\":{\"@id\":\"https:\\\/\\\/www.velonummern.ch\\\/fr\\\/#\\\/schema\\\/logo\\\/image\\\/\"}}]}<\/script>\n<!-- \/ Yoast SEO plugin. -->","yoast_head_json":{"title":"Fahrradkennzeichen SZ 2011 Vignette; Kantons-Code 05 | Musee Suisse de Plaques de Velo","description":"Velo-Vignette Kanton Schwyz, Jahrgang 2011, SZ 2011, Kantons-Code 05. Das letzte je in der Schweiz ausgegebene Fahrradkennzeichen, Velonummer.","robots":{"index":"index","follow":"follow","max-snippet":"max-snippet:-1","max-image-preview":"max-image-preview:large","max-video-preview":"max-video-preview:-1"},"canonical":"https:\/\/www.velonummern.ch\/fr\/produit\/sz-2011-vignette-kantons-code-05\/","twitter_misc":{"Dur\u00e9e de lecture estim\u00e9e":"1 minute"},"schema":{"@context":"https:\/\/schema.org","@graph":[{"@type":"WebPage","@id":"https:\/\/www.velonummern.ch\/fr\/produit\/sz-2011-vignette-kantons-code-05\/","url":"https:\/\/www.velonummern.ch\/fr\/produit\/sz-2011-vignette-kantons-code-05\/","name":"Fahrradkennzeichen SZ 2011 Vignette; Kantons-Code 05 | Musee Suisse de Plaques de Velo","isPartOf":{"@id":"https:\/\/www.velonummern.ch\/fr\/#website"},"primaryImageOfPage":{"@id":"https:\/\/www.velonummern.ch\/fr\/produit\/sz-2011-vignette-kantons-code-05\/#primaryimage"},"image":{"@id":"https:\/\/www.velonummern.ch\/fr\/produit\/sz-2011-vignette-kantons-code-05\/#primaryimage"},"thumbnailUrl":"https:\/\/www.velonummern.ch\/wp-content\/uploads\/2025\/01\/SZ-05-Vignette-Bruno-Hagmann.png","datePublished":"2025-01-07T15:44:45+00:00","dateModified":"2025-02-24T14:26:58+00:00","description":"Velo-Vignette Kanton Schwyz, Jahrgang 2011, SZ 2011, Kantons-Code 05. Das letzte je in der Schweiz ausgegebene Fahrradkennzeichen, Velonummer.","breadcrumb":{"@id":"https:\/\/www.velonummern.ch\/fr\/produit\/sz-2011-vignette-kantons-code-05\/#breadcrumb"},"inLanguage":"fr-FR","potentialAction":[{"@type":"ReadAction","target":["https:\/\/www.velonummern.ch\/fr\/produit\/sz-2011-vignette-kantons-code-05\/"]}]},{"@type":"ImageObject","inLanguage":"fr-FR","@id":"https:\/\/www.velonummern.ch\/fr\/produit\/sz-2011-vignette-kantons-code-05\/#primaryimage","url":"https:\/\/www.velonummern.ch\/wp-content\/uploads\/2025\/01\/SZ-05-Vignette-Bruno-Hagmann.png","contentUrl":"https:\/\/www.velonummern.ch\/wp-content\/uploads\/2025\/01\/SZ-05-Vignette-Bruno-Hagmann.png","width":2000,"height":2000},{"@type":"BreadcrumbList","@id":"https:\/\/www.velonummern.ch\/fr\/produit\/sz-2011-vignette-kantons-code-05\/#breadcrumb","itemListElement":[{"@type":"ListItem","position":1,"name":"Startseite","item":"https:\/\/www.velonummern.ch\/fr\/"},{"@type":"ListItem","position":2,"name":"Produits","item":"https:\/\/www.velonummern.ch\/fr\/shop\/"},{"@type":"ListItem","position":3,"name":"SZ 2011 Vignette; Kantons-Code 05"}]},{"@type":"WebSite","@id":"https:\/\/www.velonummern.ch\/fr\/#website","url":"https:\/\/www.velonummern.ch\/fr\/","name":"Musee Suisse de Plaques de Velo","description":"","publisher":{"@id":"https:\/\/www.velonummern.ch\/fr\/#organization"},"potentialAction":[{"@type":"SearchAction","target":{"@type":"EntryPoint","urlTemplate":"https:\/\/www.velonummern.ch\/fr\/?s={search_term_string}"},"query-input":{"@type":"PropertyValueSpecification","valueRequired":true,"valueName":"search_term_string"}}],"inLanguage":"fr-FR"},{"@type":"Organization","@id":"https:\/\/www.velonummern.ch\/fr\/#organization","name":"Musee Suisse de Plaques de Velo","url":"https:\/\/www.velonummern.ch\/fr\/","logo":{"@type":"ImageObject","inLanguage":"fr-FR","@id":"https:\/\/www.velonummern.ch\/fr\/#\/schema\/logo\/image\/","url":"https:\/\/www.velonummern.ch\/wp-content\/uploads\/2022\/04\/logo-de-1.svg","contentUrl":"https:\/\/www.velonummern.ch\/wp-content\/uploads\/2022\/04\/logo-de-1.svg","width":"1024","height":"1024","caption":"Musee Suisse de Plaques de Velo"},"image":{"@id":"https:\/\/www.velonummern.ch\/fr\/#\/schema\/logo\/image\/"}}]}},"_links":{"self":[{"href":"https:\/\/www.velonummern.ch\/fr\/wp-json\/wp\/v2\/product\/25459","targetHints":{"allow":["GET"]}}],"collection":[{"href":"https:\/\/www.velonummern.ch\/fr\/wp-json\/wp\/v2\/product"}],"about":[{"href":"https:\/\/www.velonummern.ch\/fr\/wp-json\/wp\/v2\/types\/product"}],"wp:featuredmedia":[{"embeddable":true,"href":"https:\/\/www.velonummern.ch\/fr\/wp-json\/wp\/v2\/media\/25460"}],"wp:attachment":[{"href":"https:\/\/www.velonummern.ch\/fr\/wp-json\/wp\/v2\/media?parent=25459"}],"wp:term":[{"taxonomy":"product_brand","embeddable":true,"href":"https:\/\/www.velonummern.ch\/fr\/wp-json\/wp\/v2\/product_brand?post=25459"},{"taxonomy":"product_cat","embeddable":true,"href":"https:\/\/www.velonummern.ch\/fr\/wp-json\/wp\/v2\/product_cat?post=25459"},{"taxonomy":"product_tag","embeddable":true,"href":"https:\/\/www.velonummern.ch\/fr\/wp-json\/wp\/v2\/product_tag?post=25459"}],"curies":[{"name":"wp","href":"https:\/\/api.w.org\/{rel}","templated":true}]}}