{"id":26503,"date":"2025-03-10T18:54:25","date_gmt":"2025-03-10T17:54:25","guid":{"rendered":"https:\/\/www.velonummern.ch\/?post_type=product&#038;p=26503"},"modified":"2025-08-29T05:47:23","modified_gmt":"2025-08-29T03:47:23","slug":"zh-1893-1902-stadt-zuerich-3717","status":"publish","type":"product","link":"https:\/\/www.velonummern.ch\/fr\/produit\/zh-1893-1902-stadt-zuerich-3717\/","title":{"rendered":"ZH 1893-1902 \/ Stadt Z\u00fcrich \/ 3717 rechts"},"content":{"rendered":"<h2>Fahrradkennzeichen ZH 1893-1902 \/ Stadt Z\u00fcrich \/ 3717 rechts<\/h2>\n<p>&nbsp;<\/p>\n<p>Die ersten Fahrradkennzeichen der Schweiz wurden am 20. Juni 1893 nicht von einem Kanton, sondern von der Stadt Z\u00fcrich ausgegeben. Diese Stadt-Schilder wurden im \u00abPrim\u00e4r-Design\u00bb hergestellt und mussten vorne am Velo befestigt werden. Die Kontrollschilder wiesen lediglich eine grosse Nummer auf, welche von beiden Seiten gelesen werden konnte. Ausserdem ist auf den Schildern eine kleine Gravierung des Herstellers \u00abDAUBENMEIER &amp; MEYER \/ Z\u00dcRICH I.\u00bb angebracht, wobei der Teil \u00abZ\u00dcRICH I.\u00bb auf der zweiten Zeile, offenbar nur auf den Schildern der ersten Jahre zu sehen ist.<\/p>\n<p>Dank den Gesch\u00e4ftsberichten des Stadtrats lassen sich, im Unterschied zu den meisten Kantonen, diese ersten Velonummern einigermassen exakt ihren Ausgabejahren zuordnen. Lediglich f\u00fcr die Jahre 1894 bis 1896 k\u00f6nnen die Nummernkreise nicht ganz genau bestimmt werden. Von den insgesamt 14&#8217;000 hergestellten Schildern wurden von der Stadt, bis Ende 1901, 13&#8217;120 Nummern ausgegeben. Von diesen 14&#8217;000 Schildern sind unseres Wissens (Stand September 2025) weltweit nur zwei erhalten bzw. bekannt. Das \u00e4lteste ist diese Velonummer &#8220;3717&#8221;, welche nachweislich im Jahr 1896 ausgegeben wurde. Damit ist sie auch das \u00e4lteste Fahrradkennzeichen der Schweiz.\u00a0 Am 1. M\u00e4rz 1902 \u00fcbernimmt der Kanton das Velonummern-Zepter, welcher auch 801 (13200 &#8211; 14000) der \u00fcberz\u00e4hligen Schilder der Stadt zur Weiterverwendung \u00fcbernimmt.<\/p>\n<p>Genau diese 801 vom Kanton \u00fcbernommenen Fahrradkennzeichen sind es auch, mit welchen sich belegen l\u00e4sst, dass es sich bei diesen 14&#8217;000 Schildern im \u00abPrim\u00e4r-Design\u00bb um die von der Stadt Z\u00fcrich in Auftrag gegebenen ersten Velonummern der Schweiz handelt. Denn dieser vom Kanton \u00fcbernommene Restposten \u00abZ\u00fcrich 13200 &#8211; 14000\u00bb erscheint im Verzeichnis der ersten \u00abNummerntafeln\u00bb des Kantons mit dem Hersteller-Vermerk \u00abvon Daubenmeier u. Meyer\u00bb, womit sich der Kreis schliesst <span style=\"color: #ff0000;\"><a style=\"color: #ff0000;\" href=\"https:\/\/www.velonummern.ch\/wp-content\/uploads\/2024\/01\/1902-1913-ZH-Verzeichnis-der-ersten-Nummerntafeln.pdf\">[DOKUMENT]<\/a><\/span>.<\/p>\n<p>Stand September 2025\u00a0handelt es sich bei der Velonummer &#8220;3717&#8221; um die \u00e4lteste noch erhaltene bzw. bekannte Velonummer der Schweiz, mit eindeutigem Ausgabe-Nachweis.<\/p>\n<p><a href=\"https:\/\/www.velonummern.ch\/geschichte\/\"><span style=\"color: #ff0000;\">Mehr zu den ersten Velonummern der Schweiz erfahren Sie in der <\/span><\/a><span style=\"color: #ff0000;\"><a style=\"color: #ff0000;\" href=\"https:\/\/www.velonummern.ch\/geschichte\/\">Geschichte der Schweizer Fahrradkennzeichen<\/a><\/span><\/p>\n<p>Stadt Z\u00fcrich<br \/>\nModell: 1893-1902<br \/>\nNummer: 3717<br \/>\nAusgabe-Jahr: 1896 (bis Nummer 4055)<br \/>\nNachweis:\u00a0<a href=\"https:\/\/amsquery.stadt-zuerich.ch\/Dateien\/30\/D151972.pdf\" target=\"_blank\" rel=\"noopener\">Gesch\u00e4ftsbericht Stadtrat Z\u00fcrich 1896 (Seite 73)<\/a><br \/>\nHersteller Gravur: DAUBENMEIER &amp; MEYER \/ Z\u00dcRICH I.&#8221;<br \/>\nBefestigung: vorne<br \/>\nAnsicht: Fahrtrichtung rechte Seite<\/p>\n<p>Sammlung: Stefan Mathis<\/p>\n<p>Material: Stahlblech oder Messing genietet<br \/>\nAbmessungen ohne Befestigungs-Lasche: 11.5 x 5.6 cm<br \/>\nAbmessungen mit Befestigungs-Lasche: 13.8 x 5.6 cm<br \/>\nH\u00f6he der Zahlen: 4.2 cm<\/p>\n<p>&nbsp;<\/p>\n","protected":false},"excerpt":{"rendered":"<p>Die ersten Fahrradkennzeichen der Schweiz wurden am 20. Juni 1893 nicht von einem Kanton, sondern von der Stadt Z\u00fcrich ausgegeben. Diese Stadt-Schilder wurden im \u00abPrim\u00e4r-Design\u00bb hergestellt und mussten vorne am Velo befestigt werden. Die Kontrollschilder wiesen lediglich eine grosse Nummer auf, welche von beiden Seiten gelesen werden konnte. Ausserdem ist auf den Schildern eine kleine Gravierung des Herstellers \u00abDAUBENMEIER &amp; MEYER \/ Z\u00dcRICH I.\u00bb angebracht, wobei der Teil \u00abZ\u00dcRICH I.\u00bb auf der zweiten Zeile, offenbar nur auf den Schildern der ersten Jahre zu sehen ist.<\/p>\n<p>Dank den Gesch\u00e4ftsberichten des Stadtrats lassen sich, im Unterschied zu den meisten Kantonen, diese ersten Velonummern einigermassen exakt ihren Ausgabejahren zuordnen. Lediglich f\u00fcr die Jahre 1894 bis 1896 k\u00f6nnen die Nummernkreise nicht ganz genau bestimmt werden. Von den insgesamt 14&#8217;000 hergestellten Schildern wurden von der Stadt, bis Ende 1901, 13&#8217;120 Nummern ausgegeben. Von diesen 14&#8217;000 Schildern sind unseres Wissens (Stand September 2025) weltweit nur zwei erhalten bzw. bekannt. Das \u00e4lteste ist diese Velonummer &#8220;3717&#8221;, welche nachweislich im Jahr 1896 ausgegeben wurde. Damit ist sie auch das \u00e4lteste Fahrradkennzeichen der Schweiz.\u00a0 Am 1. M\u00e4rz 1902 \u00fcbernimmt der Kanton das Velonummern-Zepter, welcher auch 801 (13200 &#8211; 14000) der \u00fcberz\u00e4hligen Schilder der Stadt zur Weiterverwendung \u00fcbernimmt.<\/p>\n<p>Genau diese 801 vom Kanton \u00fcbernommenen Fahrradkennzeichen sind es auch, mit welchen sich belegen l\u00e4sst, dass es sich bei diesen 14&#8217;000 Schildern im \u00abPrim\u00e4r-Design\u00bb um die von der Stadt Z\u00fcrich in Auftrag gegebenen ersten Velonummern der Schweiz handelt. Denn dieser vom Kanton \u00fcbernommene Restposten \u00abZ\u00fcrich 13200 &#8211; 14000\u00bb erscheint im Verzeichnis der ersten \u00abNummerntafeln\u00bb des Kantons mit dem Hersteller-Vermerk \u00abvon Daubenmeier u. Meyer\u00bb, womit sich der Kreis schliesst <span style=\"color: #ff0000;\"><a style=\"color: #ff0000;\" href=\"https:\/\/www.velonummern.ch\/wp-content\/uploads\/2024\/01\/1902-1913-ZH-Verzeichnis-der-ersten-Nummerntafeln.pdf\">[DOKUMENT]<\/a><\/span>.<\/p>\n<p>Stand September 2025 handelt es sich bei der Velonummer &#8220;3717&#8221; um die \u00e4lteste noch erhaltene bzw. bekannte Velonummer der Schweiz, mit eindeutigem Ausgabe-Nachweis.<\/p>\n<p><a href=\"https:\/\/www.velonummern.ch\/geschichte\/\"><span style=\"color: #ff0000;\">Mehr zu den ersten Velonummern der Schweiz erfahren Sie in der <\/span><\/a><span style=\"color: #ff0000;\"><a style=\"color: #ff0000;\" href=\"https:\/\/www.velonummern.ch\/geschichte\/\">Geschichte der Schweizer Fahrradkennzeichen<\/a><\/span><\/p>\n<p>Stadt Z\u00fcrich<br \/>\nModell: 1893-1902<br \/>\nNummer: 3717<br \/>\nAusgabe-Jahr: 1896 (bis Nummer 4055)<br \/>\nNachweis:\u00a0<a href=\"https:\/\/amsquery.stadt-zuerich.ch\/Dateien\/30\/D151972.pdf\" target=\"_blank\" rel=\"noopener\"><span style=\"color: #ff0000;\">Gesch\u00e4ftsbericht Stadtrat Z\u00fcrich 1896 (Seite 73)<\/span><\/a><br \/>\nHersteller Gravur: DAUBENMEIER &amp; MEYER \/ Z\u00dcRICH I.&#8221;<br \/>\nBefestigung: vorne<br \/>\nAnsicht: Fahrtrichtung rechte Seite<\/p>\n<p>Sammlung: Stefan Mathis<\/p>\n<p>Material: Stahlblech oder Messing genietet<br \/>\nAbmessungen ohne Befestigungs-Lasche: 11.5 x 5.6 cm<br \/>\nAbmessungen mit Befestigungs-Lasche: 13.8 x 5.6 cm<br \/>\nH\u00f6he der Zahlen: 4.2 cm<\/p>\n","protected":false},"featured_media":27013,"template":"","meta":{"_acf_changed":false,"inline_featured_image":false},"product_brand":[],"product_cat":[166,238,236],"product_tag":[],"class_list":{"0":"post-26503","1":"product","2":"type-product","3":"status-publish","4":"has-post-thumbnail","6":"product_cat-166","7":"product_cat-special-design","8":"product_cat-zh-zurich","10":"first","11":"outofstock","12":"sold-individually","13":"product-type-simple"},"acf":[],"yoast_head":"<!-- This site is optimized with the Yoast SEO plugin v27.4 - https:\/\/yoast.com\/product\/yoast-seo-wordpress\/ -->\n<title>Fahrradkennzeichen ZH 1893-1902 \/ Stadt Z\u00fcrich \/ 3717 rechts | Musee Suisse de Plaques de Velo<\/title>\n<meta name=\"description\" content=\"Fahrradkennzeichen Stadt Z\u00fcrich \/ Modell 1893-1902 \/ Ausgabejahr 1896 \/ gem\u00e4ss Polizeiverordnung vom 20. Juni 1893 \/ Ansicht: Fahrtrichtung rechte Seite\" \/>\n<meta name=\"robots\" content=\"index, follow, max-snippet:-1, max-image-preview:large, max-video-preview:-1\" \/>\n<link rel=\"canonical\" href=\"https:\/\/www.velonummern.ch\/fr\/produit\/zh-1893-1902-stadt-zuerich-3717\/\" \/>\n<meta name=\"twitter:label1\" content=\"Dur\u00e9e de lecture estim\u00e9e\" \/>\n\t<meta name=\"twitter:data1\" content=\"2 minutes\" \/>\n<script type=\"application\/ld+json\" class=\"yoast-schema-graph\">{\"@context\":\"https:\\\/\\\/schema.org\",\"@graph\":[{\"@type\":\"WebPage\",\"@id\":\"https:\\\/\\\/www.velonummern.ch\\\/fr\\\/produit\\\/zh-1893-1902-stadt-zuerich-3717\\\/\",\"url\":\"https:\\\/\\\/www.velonummern.ch\\\/fr\\\/produit\\\/zh-1893-1902-stadt-zuerich-3717\\\/\",\"name\":\"Fahrradkennzeichen ZH 1893-1902 \\\/ Stadt Z\u00fcrich \\\/ 3717 rechts | Musee Suisse de Plaques de Velo\",\"isPartOf\":{\"@id\":\"https:\\\/\\\/www.velonummern.ch\\\/fr\\\/#website\"},\"primaryImageOfPage\":{\"@id\":\"https:\\\/\\\/www.velonummern.ch\\\/fr\\\/produit\\\/zh-1893-1902-stadt-zuerich-3717\\\/#primaryimage\"},\"image\":{\"@id\":\"https:\\\/\\\/www.velonummern.ch\\\/fr\\\/produit\\\/zh-1893-1902-stadt-zuerich-3717\\\/#primaryimage\"},\"thumbnailUrl\":\"https:\\\/\\\/www.velonummern.ch\\\/wp-content\\\/uploads\\\/2025\\\/03\\\/ZH-1893-Stefan-Mathis.jpg\",\"datePublished\":\"2025-03-10T17:54:25+00:00\",\"dateModified\":\"2025-08-29T03:47:23+00:00\",\"description\":\"Fahrradkennzeichen Stadt Z\u00fcrich \\\/ Modell 1893-1902 \\\/ Ausgabejahr 1896 \\\/ gem\u00e4ss Polizeiverordnung vom 20. Juni 1893 \\\/ Ansicht: Fahrtrichtung rechte Seite\",\"breadcrumb\":{\"@id\":\"https:\\\/\\\/www.velonummern.ch\\\/fr\\\/produit\\\/zh-1893-1902-stadt-zuerich-3717\\\/#breadcrumb\"},\"inLanguage\":\"fr-FR\",\"potentialAction\":[{\"@type\":\"ReadAction\",\"target\":[\"https:\\\/\\\/www.velonummern.ch\\\/fr\\\/produit\\\/zh-1893-1902-stadt-zuerich-3717\\\/\"]}]},{\"@type\":\"ImageObject\",\"inLanguage\":\"fr-FR\",\"@id\":\"https:\\\/\\\/www.velonummern.ch\\\/fr\\\/produit\\\/zh-1893-1902-stadt-zuerich-3717\\\/#primaryimage\",\"url\":\"https:\\\/\\\/www.velonummern.ch\\\/wp-content\\\/uploads\\\/2025\\\/03\\\/ZH-1893-Stefan-Mathis.jpg\",\"contentUrl\":\"https:\\\/\\\/www.velonummern.ch\\\/wp-content\\\/uploads\\\/2025\\\/03\\\/ZH-1893-Stefan-Mathis.jpg\",\"width\":2000,\"height\":2000},{\"@type\":\"BreadcrumbList\",\"@id\":\"https:\\\/\\\/www.velonummern.ch\\\/fr\\\/produit\\\/zh-1893-1902-stadt-zuerich-3717\\\/#breadcrumb\",\"itemListElement\":[{\"@type\":\"ListItem\",\"position\":1,\"name\":\"Startseite\",\"item\":\"https:\\\/\\\/www.velonummern.ch\\\/fr\\\/\"},{\"@type\":\"ListItem\",\"position\":2,\"name\":\"Produits\",\"item\":\"https:\\\/\\\/www.velonummern.ch\\\/fr\\\/shop\\\/\"},{\"@type\":\"ListItem\",\"position\":3,\"name\":\"ZH 1893-1902 \\\/ Stadt Z\u00fcrich \\\/ 3717 rechts\"}]},{\"@type\":\"WebSite\",\"@id\":\"https:\\\/\\\/www.velonummern.ch\\\/fr\\\/#website\",\"url\":\"https:\\\/\\\/www.velonummern.ch\\\/fr\\\/\",\"name\":\"Musee Suisse de Plaques de Velo\",\"description\":\"\",\"publisher\":{\"@id\":\"https:\\\/\\\/www.velonummern.ch\\\/fr\\\/#organization\"},\"potentialAction\":[{\"@type\":\"SearchAction\",\"target\":{\"@type\":\"EntryPoint\",\"urlTemplate\":\"https:\\\/\\\/www.velonummern.ch\\\/fr\\\/?s={search_term_string}\"},\"query-input\":{\"@type\":\"PropertyValueSpecification\",\"valueRequired\":true,\"valueName\":\"search_term_string\"}}],\"inLanguage\":\"fr-FR\"},{\"@type\":\"Organization\",\"@id\":\"https:\\\/\\\/www.velonummern.ch\\\/fr\\\/#organization\",\"name\":\"Musee Suisse de Plaques de Velo\",\"url\":\"https:\\\/\\\/www.velonummern.ch\\\/fr\\\/\",\"logo\":{\"@type\":\"ImageObject\",\"inLanguage\":\"fr-FR\",\"@id\":\"https:\\\/\\\/www.velonummern.ch\\\/fr\\\/#\\\/schema\\\/logo\\\/image\\\/\",\"url\":\"https:\\\/\\\/www.velonummern.ch\\\/wp-content\\\/uploads\\\/2022\\\/04\\\/logo-de-1.svg\",\"contentUrl\":\"https:\\\/\\\/www.velonummern.ch\\\/wp-content\\\/uploads\\\/2022\\\/04\\\/logo-de-1.svg\",\"width\":\"1024\",\"height\":\"1024\",\"caption\":\"Musee Suisse de Plaques de Velo\"},\"image\":{\"@id\":\"https:\\\/\\\/www.velonummern.ch\\\/fr\\\/#\\\/schema\\\/logo\\\/image\\\/\"}}]}<\/script>\n<!-- \/ Yoast SEO plugin. -->","yoast_head_json":{"title":"Fahrradkennzeichen ZH 1893-1902 \/ Stadt Z\u00fcrich \/ 3717 rechts | Musee Suisse de Plaques de Velo","description":"Fahrradkennzeichen Stadt Z\u00fcrich \/ Modell 1893-1902 \/ Ausgabejahr 1896 \/ gem\u00e4ss Polizeiverordnung vom 20. Juni 1893 \/ Ansicht: Fahrtrichtung rechte Seite","robots":{"index":"index","follow":"follow","max-snippet":"max-snippet:-1","max-image-preview":"max-image-preview:large","max-video-preview":"max-video-preview:-1"},"canonical":"https:\/\/www.velonummern.ch\/fr\/produit\/zh-1893-1902-stadt-zuerich-3717\/","twitter_misc":{"Dur\u00e9e de lecture estim\u00e9e":"2 minutes"},"schema":{"@context":"https:\/\/schema.org","@graph":[{"@type":"WebPage","@id":"https:\/\/www.velonummern.ch\/fr\/produit\/zh-1893-1902-stadt-zuerich-3717\/","url":"https:\/\/www.velonummern.ch\/fr\/produit\/zh-1893-1902-stadt-zuerich-3717\/","name":"Fahrradkennzeichen ZH 1893-1902 \/ Stadt Z\u00fcrich \/ 3717 rechts | Musee Suisse de Plaques de Velo","isPartOf":{"@id":"https:\/\/www.velonummern.ch\/fr\/#website"},"primaryImageOfPage":{"@id":"https:\/\/www.velonummern.ch\/fr\/produit\/zh-1893-1902-stadt-zuerich-3717\/#primaryimage"},"image":{"@id":"https:\/\/www.velonummern.ch\/fr\/produit\/zh-1893-1902-stadt-zuerich-3717\/#primaryimage"},"thumbnailUrl":"https:\/\/www.velonummern.ch\/wp-content\/uploads\/2025\/03\/ZH-1893-Stefan-Mathis.jpg","datePublished":"2025-03-10T17:54:25+00:00","dateModified":"2025-08-29T03:47:23+00:00","description":"Fahrradkennzeichen Stadt Z\u00fcrich \/ Modell 1893-1902 \/ Ausgabejahr 1896 \/ gem\u00e4ss Polizeiverordnung vom 20. Juni 1893 \/ Ansicht: Fahrtrichtung rechte Seite","breadcrumb":{"@id":"https:\/\/www.velonummern.ch\/fr\/produit\/zh-1893-1902-stadt-zuerich-3717\/#breadcrumb"},"inLanguage":"fr-FR","potentialAction":[{"@type":"ReadAction","target":["https:\/\/www.velonummern.ch\/fr\/produit\/zh-1893-1902-stadt-zuerich-3717\/"]}]},{"@type":"ImageObject","inLanguage":"fr-FR","@id":"https:\/\/www.velonummern.ch\/fr\/produit\/zh-1893-1902-stadt-zuerich-3717\/#primaryimage","url":"https:\/\/www.velonummern.ch\/wp-content\/uploads\/2025\/03\/ZH-1893-Stefan-Mathis.jpg","contentUrl":"https:\/\/www.velonummern.ch\/wp-content\/uploads\/2025\/03\/ZH-1893-Stefan-Mathis.jpg","width":2000,"height":2000},{"@type":"BreadcrumbList","@id":"https:\/\/www.velonummern.ch\/fr\/produit\/zh-1893-1902-stadt-zuerich-3717\/#breadcrumb","itemListElement":[{"@type":"ListItem","position":1,"name":"Startseite","item":"https:\/\/www.velonummern.ch\/fr\/"},{"@type":"ListItem","position":2,"name":"Produits","item":"https:\/\/www.velonummern.ch\/fr\/shop\/"},{"@type":"ListItem","position":3,"name":"ZH 1893-1902 \/ Stadt Z\u00fcrich \/ 3717 rechts"}]},{"@type":"WebSite","@id":"https:\/\/www.velonummern.ch\/fr\/#website","url":"https:\/\/www.velonummern.ch\/fr\/","name":"Musee Suisse de Plaques de Velo","description":"","publisher":{"@id":"https:\/\/www.velonummern.ch\/fr\/#organization"},"potentialAction":[{"@type":"SearchAction","target":{"@type":"EntryPoint","urlTemplate":"https:\/\/www.velonummern.ch\/fr\/?s={search_term_string}"},"query-input":{"@type":"PropertyValueSpecification","valueRequired":true,"valueName":"search_term_string"}}],"inLanguage":"fr-FR"},{"@type":"Organization","@id":"https:\/\/www.velonummern.ch\/fr\/#organization","name":"Musee Suisse de Plaques de Velo","url":"https:\/\/www.velonummern.ch\/fr\/","logo":{"@type":"ImageObject","inLanguage":"fr-FR","@id":"https:\/\/www.velonummern.ch\/fr\/#\/schema\/logo\/image\/","url":"https:\/\/www.velonummern.ch\/wp-content\/uploads\/2022\/04\/logo-de-1.svg","contentUrl":"https:\/\/www.velonummern.ch\/wp-content\/uploads\/2022\/04\/logo-de-1.svg","width":"1024","height":"1024","caption":"Musee Suisse de Plaques de Velo"},"image":{"@id":"https:\/\/www.velonummern.ch\/fr\/#\/schema\/logo\/image\/"}}]}},"_links":{"self":[{"href":"https:\/\/www.velonummern.ch\/fr\/wp-json\/wp\/v2\/product\/26503","targetHints":{"allow":["GET"]}}],"collection":[{"href":"https:\/\/www.velonummern.ch\/fr\/wp-json\/wp\/v2\/product"}],"about":[{"href":"https:\/\/www.velonummern.ch\/fr\/wp-json\/wp\/v2\/types\/product"}],"wp:featuredmedia":[{"embeddable":true,"href":"https:\/\/www.velonummern.ch\/fr\/wp-json\/wp\/v2\/media\/27013"}],"wp:attachment":[{"href":"https:\/\/www.velonummern.ch\/fr\/wp-json\/wp\/v2\/media?parent=26503"}],"wp:term":[{"taxonomy":"product_brand","embeddable":true,"href":"https:\/\/www.velonummern.ch\/fr\/wp-json\/wp\/v2\/product_brand?post=26503"},{"taxonomy":"product_cat","embeddable":true,"href":"https:\/\/www.velonummern.ch\/fr\/wp-json\/wp\/v2\/product_cat?post=26503"},{"taxonomy":"product_tag","embeddable":true,"href":"https:\/\/www.velonummern.ch\/fr\/wp-json\/wp\/v2\/product_tag?post=26503"}],"curies":[{"name":"wp","href":"https:\/\/api.w.org\/{rel}","templated":true}]}}