{"id":26809,"date":"2025-05-15T07:10:52","date_gmt":"2025-05-15T05:10:52","guid":{"rendered":"https:\/\/www.velonummern.ch\/?post_type=product&#038;p=26809"},"modified":"2025-05-15T10:39:20","modified_gmt":"2025-05-15T08:39:20","slug":"velo-wache-ag-zuerich-1934-1945-erste-fein","status":"publish","type":"product","link":"https:\/\/www.velonummern.ch\/fr\/produit\/velo-wache-ag-zuerich-1934-1945-erste-fein\/","title":{"rendered":"Velo-Wache AG Z\u00fcrich 1934-1945 erste fein"},"content":{"rendered":"<h3><strong>Firmen f\u00fcr Velo-Diebstahlversicherung, -Bewachung und -Fahndung<\/strong><\/h3>\n<p>&nbsp;<\/p>\n<p>Ab 1934 werden verschiedene Firmen f\u00fcr Velo-Diebstahlversicherung, -Bewachung und -Fahndung gegr\u00fcndet. Ihre Innovation ist eine direkte Folge des \u00abBundesgesetzes \u00fcber den Motorfahrzeug- und Fahrradverkehr\u00bb, welches am 1. Januar 1933 in Kraft getreten ist <a href=\"https:\/\/www.velonummern.ch\/wp-content\/uploads\/2023\/03\/1933-Bundesgesetz-ueber-den-Motorfahrzeug-und-Fahrradverkehr.pdf\">[DOKUMENT]<\/a> und in Art. 32 die von den Kantonen bisher ausgegebenen nummerierten Kontrollschilder verbietet: \u00ab<em>Ausschluss des nummerierten Kontrollschildes:<\/em><em> Die Radfahrer sind von der F\u00fchrung eines nummerierten Kontrollschildes befreit, auch wo eine obligatorische Haftpflichtversicherung besteht.<\/em>\u00bb. Wie sich erst nach Inkrafttreten des Gesetzes restlos kl\u00e4rt, sind allerdings nicht die Kontrollschilder selbst, sondern lediglich deren Nummerierung verboten.<\/p>\n<p>Das durch dieses Verbot entstandene Regelungs-Vakuum f\u00fchrt \u00fcber Jahrzehnte zu verschiedensten Problemen, welche in unserer Publikation detailliert beschrieben werden. Aus Sicht der Polizei ist dabei das einschneidendste, dass sie nun nicht mehr in der Lage ist, gestohlene bzw. wiedergefundene Fahrr\u00e4der zu identifizieren und diese aufgrund der im kantonalen Register verzeichneten Nummer ihren Besitzern zuzuweisen. In der Folge stapeln sich schweizweit die besitzerlosen Velos in den Werkh\u00f6fen der Polizei zu hunderten. Gleichzeitig nehmen offenbar auch die Diebst\u00e4hle zu.<\/p>\n<p>Diese unbefriedigende Situation schafft in der Bev\u00f6lkerung neue Bed\u00fcrfnisse nach Sicherheit. Die \u00abBewachungs-Organisationen\u00bb erkennen dieses Vakuum und wollen es mit ihrem Gesch\u00e4ftsmodell ausgleichen. Sie bietet einerseits eine Diebstahlversicherung f\u00fcr Velos an, welche im Schadenfall f\u00fcr die Wiederbeschaffung eines neuen Fahrrads aufkommt. Andererseits stellt sie eine Organisation zur Verf\u00fcgung, welche die Velos bewachen soll und gestohlene Velos in der ganzen Schweiz sucht. Diese regionalen Fahnder werden \u00abKontrolleure\u00bb genannt.\u00a0Nebst dem gr\u00f6ssten Anbieter, der Velo-Wache AG <a href=\"https:\/\/www.e-newspaperarchives.ch\/?a=d&amp;d=DTT19410517-01.2.71.1&amp;srpos=2&amp;e=------194-de-20--1--img-txIN-Velo%252DWache-------0-----\" target=\"_blank\" rel=\"noopener\">[LINK]<\/a> gibt es die Farabewa AG, die \u00abProvel\u00bb Genossenschaft und die \u00abVelo-Aufsicht\u00bb.<\/p>\n<p>Wie das Angebot dieser \u00abBewachungs-Organisationen\u00bb aussieht, wie sie funktionieren, wie sie werben, wie sie sich Markt-Vorteile verschaffen, wie sie einander bek\u00e4mpfen und weshalb sich immer wieder das Bundesgericht mit diesen Firmen befassen muss, erfahren Sie ab Mitte 2025 in der erweiterten Version unserer Publikation <a href=\"https:\/\/www.velonummern.ch\/geschichte\/\"><span style=\"color: #ff0000;\">Geschichte der Schweizer Fahrradkennzeichen<\/span><\/a><\/p>\n<p>Firma: Velo-Wache AG<br \/>\nFirmensitz: Z\u00fcrich<br \/>\nvierstellige Nummer: eines der ersten Schilder<br \/>\nSchriftart: fein<br \/>\nausgegeben: 1934 &#8211; 1945<\/p>\n<p>Bildquelle: Staatsarchiv Kanton Z\u00fcrich<\/p>\n<p>Material: Aluminium<br \/>\nAbmessungen: ???<\/p>\n","protected":false},"excerpt":{"rendered":"<h3><strong>Firmen f\u00fcr Velo-Diebstahlversicherung, -Bewachung und -Fahndung<\/strong><\/h3>\n<p>&nbsp;<\/p>\n<p>Ab 1934 werden verschiedene Firmen f\u00fcr Velo-Diebstahlversicherung, -Bewachung und -Fahndung gegr\u00fcndet. Ihre Innovation ist eine direkte Folge des \u00abBundesgesetzes \u00fcber den Motorfahrzeug- und Fahrradverkehr\u00bb, welches am 1. Januar 1933 in Kraft getreten ist <a href=\"https:\/\/www.velonummern.ch\/wp-content\/uploads\/2023\/03\/1933-Bundesgesetz-ueber-den-Motorfahrzeug-und-Fahrradverkehr.pdf\">[DOKUMENT]<\/a> und in Art. 32 die von den Kantonen bisher ausgegebenen nummerierten Kontrollschilder verbietet: \u00ab<em>Ausschluss des nummerierten Kontrollschildes:<\/em><em> Die Radfahrer sind von der F\u00fchrung eines nummerierten Kontrollschildes befreit, auch wo eine obligatorische Haftpflichtversicherung besteht.<\/em>\u00bb. Wie sich erst nach Inkrafttreten des Gesetzes restlos kl\u00e4rt, sind allerdings nicht die Kontrollschilder selbst, sondern lediglich deren Nummerierung verboten.<\/p>\n<p>Das durch dieses Verbot entstandene Regelungs-Vakuum f\u00fchrt \u00fcber Jahrzehnte zu verschiedensten Problemen, welche in unserer Publikation detailliert beschrieben werden. Aus Sicht der Polizei ist dabei das einschneidendste, dass sie nun nicht mehr in der Lage ist, gestohlene bzw. wiedergefundene Fahrr\u00e4der zu identifizieren und diese aufgrund der im kantonalen Register verzeichneten Nummer ihren Besitzern zuzuweisen. In der Folge stapeln sich schweizweit die besitzerlosen Velos in den Werkh\u00f6fen der Polizei zu hunderten. Gleichzeitig nehmen offenbar auch die Diebst\u00e4hle zu.<\/p>\n<p>Diese unbefriedigende Situation schafft in der Bev\u00f6lkerung neue Bed\u00fcrfnisse nach Sicherheit. Die \u00abBewachungs-Organisationen\u00bb erkennen dieses Vakuum und wollen es mit ihrem Gesch\u00e4ftsmodell ausgleichen. Sie bietet einerseits eine Diebstahlversicherung f\u00fcr Velos an, welche im Schadenfall f\u00fcr die Wiederbeschaffung eines neuen Fahrrads aufkommt. Andererseits stellt sie eine Organisation zur Verf\u00fcgung, welche die Velos bewachen soll und gestohlene Velos in der ganzen Schweiz sucht. Diese regionalen Fahnder werden \u00abKontrolleure\u00bb genannt. Nebst dem gr\u00f6ssten Anbieter, der Velo-Wache AG <a href=\"https:\/\/www.e-newspaperarchives.ch\/?a=d&amp;d=DTT19410517-01.2.71.1&amp;srpos=2&amp;e=------194-de-20--1--img-txIN-Velo%252DWache-------0-----\" target=\"_blank\" rel=\"noopener\">[LINK]<\/a> gibt es die Farabewa AG, die \u00abProvel\u00bb Genossenschaft und die \u00abVelo-Aufsicht\u00bb.<\/p>\n<p>Wie das Angebot dieser \u00abBewachungs-Organisationen\u00bb aussieht, wie sie funktionieren, wie sie werben, wie sie sich Markt-Vorteile verschaffen, wie sie einander bek\u00e4mpfen und weshalb sich immer wieder das Bundesgericht mit diesen Firmen befassen muss, erfahren Sie ab Mitte 2025 in der erweiterten Version unserer Publikation <span style=\"color: #ff0000;\"><a style=\"color: #ff0000;\" href=\"https:\/\/www.velonummern.ch\/geschichte\/\">Geschichte der Schweizer Fahrradkennzeichen<\/a><\/span><\/p>\n<p>Firma: Velo-Wache AG<br \/>\nFirmensitz: Z\u00fcrich<br \/>\nvierstellige Nummer: eines der ersten Schilder<br \/>\nSchriftart: fein<br \/>\nausgegeben: 1934 &#8211; 1945<\/p>\n<p>Bildquelle: Staatsarchiv Kanton Z\u00fcrich<\/p>\n<p>Material: Aluminium<br \/>\nAbmessungen: ???<\/p>\n","protected":false},"featured_media":26810,"template":"","meta":{"_acf_changed":false,"inline_featured_image":false},"product_brand":[],"product_cat":[209,208,207,238],"product_tag":[],"class_list":{"0":"post-26809","1":"product","2":"type-product","3":"status-publish","4":"has-post-thumbnail","6":"product_cat-1931-1935","7":"product_cat-1936-1940","8":"product_cat-1941-1945","9":"product_cat-special-design","11":"first","12":"instock","13":"sold-individually","14":"shipping-taxable","15":"product-type-simple"},"acf":[],"yoast_head":"<!-- This site is optimized with the Yoast SEO plugin v27.4 - https:\/\/yoast.com\/product\/yoast-seo-wordpress\/ -->\n<title>Fahrradkennzeichen Velo-Wache AG Z\u00fcrich 1934-1945 erste fein | Musee Suisse de Plaques de Velo<\/title>\n<meta name=\"description\" content=\"Velo-Wache Z\u00fcrich AG 1934-1945 \/ private Firmen f\u00fcr Velo-Diebstahlversicherung, -Bewachung und -Fahndung geben eigene Bewachungs-Schilder aus\" \/>\n<meta name=\"robots\" content=\"index, follow, max-snippet:-1, max-image-preview:large, max-video-preview:-1\" \/>\n<link rel=\"canonical\" href=\"https:\/\/www.velonummern.ch\/fr\/produit\/velo-wache-ag-zuerich-1934-1945-erste-fein\/\" \/>\n<meta name=\"twitter:label1\" content=\"Dur\u00e9e de lecture estim\u00e9e\" \/>\n\t<meta name=\"twitter:data1\" content=\"2 minutes\" \/>\n<script type=\"application\/ld+json\" class=\"yoast-schema-graph\">{\"@context\":\"https:\\\/\\\/schema.org\",\"@graph\":[{\"@type\":\"WebPage\",\"@id\":\"https:\\\/\\\/www.velonummern.ch\\\/fr\\\/produit\\\/velo-wache-ag-zuerich-1934-1945-erste-fein\\\/\",\"url\":\"https:\\\/\\\/www.velonummern.ch\\\/fr\\\/produit\\\/velo-wache-ag-zuerich-1934-1945-erste-fein\\\/\",\"name\":\"Fahrradkennzeichen Velo-Wache AG Z\u00fcrich 1934-1945 erste fein | Musee Suisse de Plaques de Velo\",\"isPartOf\":{\"@id\":\"https:\\\/\\\/www.velonummern.ch\\\/fr\\\/#website\"},\"primaryImageOfPage\":{\"@id\":\"https:\\\/\\\/www.velonummern.ch\\\/fr\\\/produit\\\/velo-wache-ag-zuerich-1934-1945-erste-fein\\\/#primaryimage\"},\"image\":{\"@id\":\"https:\\\/\\\/www.velonummern.ch\\\/fr\\\/produit\\\/velo-wache-ag-zuerich-1934-1945-erste-fein\\\/#primaryimage\"},\"thumbnailUrl\":\"https:\\\/\\\/www.velonummern.ch\\\/wp-content\\\/uploads\\\/2025\\\/05\\\/Velo-Wache-AG-Zuerich-1934-6718-fein-StA-Zuerich.png\",\"datePublished\":\"2025-05-15T05:10:52+00:00\",\"dateModified\":\"2025-05-15T08:39:20+00:00\",\"description\":\"Velo-Wache Z\u00fcrich AG 1934-1945 \\\/ private Firmen f\u00fcr Velo-Diebstahlversicherung, -Bewachung und -Fahndung geben eigene Bewachungs-Schilder aus\",\"breadcrumb\":{\"@id\":\"https:\\\/\\\/www.velonummern.ch\\\/fr\\\/produit\\\/velo-wache-ag-zuerich-1934-1945-erste-fein\\\/#breadcrumb\"},\"inLanguage\":\"fr-FR\",\"potentialAction\":[{\"@type\":\"ReadAction\",\"target\":[\"https:\\\/\\\/www.velonummern.ch\\\/fr\\\/produit\\\/velo-wache-ag-zuerich-1934-1945-erste-fein\\\/\"]}]},{\"@type\":\"ImageObject\",\"inLanguage\":\"fr-FR\",\"@id\":\"https:\\\/\\\/www.velonummern.ch\\\/fr\\\/produit\\\/velo-wache-ag-zuerich-1934-1945-erste-fein\\\/#primaryimage\",\"url\":\"https:\\\/\\\/www.velonummern.ch\\\/wp-content\\\/uploads\\\/2025\\\/05\\\/Velo-Wache-AG-Zuerich-1934-6718-fein-StA-Zuerich.png\",\"contentUrl\":\"https:\\\/\\\/www.velonummern.ch\\\/wp-content\\\/uploads\\\/2025\\\/05\\\/Velo-Wache-AG-Zuerich-1934-6718-fein-StA-Zuerich.png\",\"width\":1200,\"height\":1200},{\"@type\":\"BreadcrumbList\",\"@id\":\"https:\\\/\\\/www.velonummern.ch\\\/fr\\\/produit\\\/velo-wache-ag-zuerich-1934-1945-erste-fein\\\/#breadcrumb\",\"itemListElement\":[{\"@type\":\"ListItem\",\"position\":1,\"name\":\"Startseite\",\"item\":\"https:\\\/\\\/www.velonummern.ch\\\/fr\\\/\"},{\"@type\":\"ListItem\",\"position\":2,\"name\":\"Produits\",\"item\":\"https:\\\/\\\/www.velonummern.ch\\\/fr\\\/shop\\\/\"},{\"@type\":\"ListItem\",\"position\":3,\"name\":\"Velo-Wache AG Z\u00fcrich 1934-1945 erste fein\"}]},{\"@type\":\"WebSite\",\"@id\":\"https:\\\/\\\/www.velonummern.ch\\\/fr\\\/#website\",\"url\":\"https:\\\/\\\/www.velonummern.ch\\\/fr\\\/\",\"name\":\"Musee Suisse de Plaques de Velo\",\"description\":\"\",\"publisher\":{\"@id\":\"https:\\\/\\\/www.velonummern.ch\\\/fr\\\/#organization\"},\"potentialAction\":[{\"@type\":\"SearchAction\",\"target\":{\"@type\":\"EntryPoint\",\"urlTemplate\":\"https:\\\/\\\/www.velonummern.ch\\\/fr\\\/?s={search_term_string}\"},\"query-input\":{\"@type\":\"PropertyValueSpecification\",\"valueRequired\":true,\"valueName\":\"search_term_string\"}}],\"inLanguage\":\"fr-FR\"},{\"@type\":\"Organization\",\"@id\":\"https:\\\/\\\/www.velonummern.ch\\\/fr\\\/#organization\",\"name\":\"Musee Suisse de Plaques de Velo\",\"url\":\"https:\\\/\\\/www.velonummern.ch\\\/fr\\\/\",\"logo\":{\"@type\":\"ImageObject\",\"inLanguage\":\"fr-FR\",\"@id\":\"https:\\\/\\\/www.velonummern.ch\\\/fr\\\/#\\\/schema\\\/logo\\\/image\\\/\",\"url\":\"https:\\\/\\\/www.velonummern.ch\\\/wp-content\\\/uploads\\\/2022\\\/04\\\/logo-de-1.svg\",\"contentUrl\":\"https:\\\/\\\/www.velonummern.ch\\\/wp-content\\\/uploads\\\/2022\\\/04\\\/logo-de-1.svg\",\"width\":\"1024\",\"height\":\"1024\",\"caption\":\"Musee Suisse de Plaques de Velo\"},\"image\":{\"@id\":\"https:\\\/\\\/www.velonummern.ch\\\/fr\\\/#\\\/schema\\\/logo\\\/image\\\/\"}}]}<\/script>\n<!-- \/ Yoast SEO plugin. -->","yoast_head_json":{"title":"Fahrradkennzeichen Velo-Wache AG Z\u00fcrich 1934-1945 erste fein | Musee Suisse de Plaques de Velo","description":"Velo-Wache Z\u00fcrich AG 1934-1945 \/ private Firmen f\u00fcr Velo-Diebstahlversicherung, -Bewachung und -Fahndung geben eigene Bewachungs-Schilder aus","robots":{"index":"index","follow":"follow","max-snippet":"max-snippet:-1","max-image-preview":"max-image-preview:large","max-video-preview":"max-video-preview:-1"},"canonical":"https:\/\/www.velonummern.ch\/fr\/produit\/velo-wache-ag-zuerich-1934-1945-erste-fein\/","twitter_misc":{"Dur\u00e9e de lecture estim\u00e9e":"2 minutes"},"schema":{"@context":"https:\/\/schema.org","@graph":[{"@type":"WebPage","@id":"https:\/\/www.velonummern.ch\/fr\/produit\/velo-wache-ag-zuerich-1934-1945-erste-fein\/","url":"https:\/\/www.velonummern.ch\/fr\/produit\/velo-wache-ag-zuerich-1934-1945-erste-fein\/","name":"Fahrradkennzeichen Velo-Wache AG Z\u00fcrich 1934-1945 erste fein | Musee Suisse de Plaques de Velo","isPartOf":{"@id":"https:\/\/www.velonummern.ch\/fr\/#website"},"primaryImageOfPage":{"@id":"https:\/\/www.velonummern.ch\/fr\/produit\/velo-wache-ag-zuerich-1934-1945-erste-fein\/#primaryimage"},"image":{"@id":"https:\/\/www.velonummern.ch\/fr\/produit\/velo-wache-ag-zuerich-1934-1945-erste-fein\/#primaryimage"},"thumbnailUrl":"https:\/\/www.velonummern.ch\/wp-content\/uploads\/2025\/05\/Velo-Wache-AG-Zuerich-1934-6718-fein-StA-Zuerich.png","datePublished":"2025-05-15T05:10:52+00:00","dateModified":"2025-05-15T08:39:20+00:00","description":"Velo-Wache Z\u00fcrich AG 1934-1945 \/ private Firmen f\u00fcr Velo-Diebstahlversicherung, -Bewachung und -Fahndung geben eigene Bewachungs-Schilder aus","breadcrumb":{"@id":"https:\/\/www.velonummern.ch\/fr\/produit\/velo-wache-ag-zuerich-1934-1945-erste-fein\/#breadcrumb"},"inLanguage":"fr-FR","potentialAction":[{"@type":"ReadAction","target":["https:\/\/www.velonummern.ch\/fr\/produit\/velo-wache-ag-zuerich-1934-1945-erste-fein\/"]}]},{"@type":"ImageObject","inLanguage":"fr-FR","@id":"https:\/\/www.velonummern.ch\/fr\/produit\/velo-wache-ag-zuerich-1934-1945-erste-fein\/#primaryimage","url":"https:\/\/www.velonummern.ch\/wp-content\/uploads\/2025\/05\/Velo-Wache-AG-Zuerich-1934-6718-fein-StA-Zuerich.png","contentUrl":"https:\/\/www.velonummern.ch\/wp-content\/uploads\/2025\/05\/Velo-Wache-AG-Zuerich-1934-6718-fein-StA-Zuerich.png","width":1200,"height":1200},{"@type":"BreadcrumbList","@id":"https:\/\/www.velonummern.ch\/fr\/produit\/velo-wache-ag-zuerich-1934-1945-erste-fein\/#breadcrumb","itemListElement":[{"@type":"ListItem","position":1,"name":"Startseite","item":"https:\/\/www.velonummern.ch\/fr\/"},{"@type":"ListItem","position":2,"name":"Produits","item":"https:\/\/www.velonummern.ch\/fr\/shop\/"},{"@type":"ListItem","position":3,"name":"Velo-Wache AG Z\u00fcrich 1934-1945 erste fein"}]},{"@type":"WebSite","@id":"https:\/\/www.velonummern.ch\/fr\/#website","url":"https:\/\/www.velonummern.ch\/fr\/","name":"Musee Suisse de Plaques de Velo","description":"","publisher":{"@id":"https:\/\/www.velonummern.ch\/fr\/#organization"},"potentialAction":[{"@type":"SearchAction","target":{"@type":"EntryPoint","urlTemplate":"https:\/\/www.velonummern.ch\/fr\/?s={search_term_string}"},"query-input":{"@type":"PropertyValueSpecification","valueRequired":true,"valueName":"search_term_string"}}],"inLanguage":"fr-FR"},{"@type":"Organization","@id":"https:\/\/www.velonummern.ch\/fr\/#organization","name":"Musee Suisse de Plaques de Velo","url":"https:\/\/www.velonummern.ch\/fr\/","logo":{"@type":"ImageObject","inLanguage":"fr-FR","@id":"https:\/\/www.velonummern.ch\/fr\/#\/schema\/logo\/image\/","url":"https:\/\/www.velonummern.ch\/wp-content\/uploads\/2022\/04\/logo-de-1.svg","contentUrl":"https:\/\/www.velonummern.ch\/wp-content\/uploads\/2022\/04\/logo-de-1.svg","width":"1024","height":"1024","caption":"Musee Suisse de Plaques de Velo"},"image":{"@id":"https:\/\/www.velonummern.ch\/fr\/#\/schema\/logo\/image\/"}}]}},"_links":{"self":[{"href":"https:\/\/www.velonummern.ch\/fr\/wp-json\/wp\/v2\/product\/26809","targetHints":{"allow":["GET"]}}],"collection":[{"href":"https:\/\/www.velonummern.ch\/fr\/wp-json\/wp\/v2\/product"}],"about":[{"href":"https:\/\/www.velonummern.ch\/fr\/wp-json\/wp\/v2\/types\/product"}],"wp:featuredmedia":[{"embeddable":true,"href":"https:\/\/www.velonummern.ch\/fr\/wp-json\/wp\/v2\/media\/26810"}],"wp:attachment":[{"href":"https:\/\/www.velonummern.ch\/fr\/wp-json\/wp\/v2\/media?parent=26809"}],"wp:term":[{"taxonomy":"product_brand","embeddable":true,"href":"https:\/\/www.velonummern.ch\/fr\/wp-json\/wp\/v2\/product_brand?post=26809"},{"taxonomy":"product_cat","embeddable":true,"href":"https:\/\/www.velonummern.ch\/fr\/wp-json\/wp\/v2\/product_cat?post=26809"},{"taxonomy":"product_tag","embeddable":true,"href":"https:\/\/www.velonummern.ch\/fr\/wp-json\/wp\/v2\/product_tag?post=26809"}],"curies":[{"name":"wp","href":"https:\/\/api.w.org\/{rel}","templated":true}]}}