{"id":15432,"date":"2011-08-29T09:14:12","date_gmt":"2011-08-29T07:14:12","guid":{"rendered":"https:\/\/www.velonummern.ch\/?post_type=product&#038;p=15432"},"modified":"2024-08-14T16:30:07","modified_gmt":"2024-08-14T14:30:07","slug":"army-1001-i","status":"publish","type":"product","link":"https:\/\/www.velonummern.ch\/it\/prodotto\/army-1001-i\/","title":{"rendered":"+ Armee M 1001 Radfahrer \/ 1961-2003 I"},"content":{"rendered":"","protected":false},"excerpt":{"rendered":"<p>+ Special Edition<br \/>\nJahr: 1961 &#8211; 2003<\/p>\n<p>Material: Aluminium<br \/>\nAbmessungen: 5 x 8 cm \/ 1.97 x 3.15 in<\/p>\n<h2>1959 Fahrradkennzeichen Verordnung Bundesbetriebe<\/h2>\n<p>Die Kennzeichen sind 8 cm hoch und 5 cm breit. Sie sind aus Metall hergestellt. Im oberen Teil von 6 cm H\u00f6he, der mit einem rot reflektierenden Belag versehen ist, sind ein weisses Schweizerkreuz von 2,3 cm Balkenl\u00e4nge und 0,7 cm Balkendicke und darunter die in der nachfolgenden Liste vorgesehe\u00adnen Buchstaben von 1,8 cm H\u00f6he und 0,2 cm Strichst\u00e4rke erhaben eingepresst. Im untern unbemalten oder hellfarbigen, nicht reflektierenden Teil von 2 cm H\u00f6he ist entweder eine schwarze Kon\u00adtrollnummer erhaben eingepresst oder eine kleine, farblose Zahl eingepr\u00e4gt (Figur 2).<\/p>\n<p>Die Kennzeichen werden von folgenden Amtsstellen abgegeben:<\/p>\n<p>a. Vom Automobildienst der Generaldirektion der Post-, Telegraphen- und Telefonverwaltung:<br \/>\nf\u00fcr Fahrr\u00e4der der Post-, Telegraphen- und Telefonverwaltung (Buchstaben PTT);<br \/>\nf\u00fcr Fahrr\u00e4der der Regiebetriebe und von Bundesstellen, die \u00fcber keine eigenen Kennzeichen verf\u00fcgen (Buchstaben PR);<\/p>\n<p>b. Von der Kriegsmaterialverwaltung:<br \/>\nf\u00fcr Mannschaftsr\u00e4der und Korpsmaterial-Fahrr\u00e4der (Buchstabe M); f\u00fcr Fahrr\u00e4der der Milit\u00e4rverwaltung und der Festungswachtformationen (Buchstaben MV);<\/p>\n<p>c. Von der Eidgen\u00f6ssischen Oberzolldirektion:<br \/>\nf\u00fcr Fahrr\u00e4der der Zollverwaltung (Buchstaben ZD)<\/p>\n<p>Mehr Informationen finden Sie im Schweizer Velonummern Museum: <a href=\"https:\/\/www.velonummern.ch\/geschichte\/\">Geschichte der Schweizer Fahrradkennzeichen<\/a><\/p>\n","protected":false},"featured_media":15433,"template":"","meta":{"_acf_changed":false,"inline_featured_image":false},"product_brand":[],"product_cat":[195,194,193,192,191,190,189,188,187,186,185,184,183,182,181,180,179,178,177,176,175,174,173,172,171,170,169,168,239],"product_tag":[],"class_list":{"0":"post-15432","1":"product","2":"type-product","3":"status-publish","4":"has-post-thumbnail","6":"product_cat-195","7":"product_cat-194","8":"product_cat-193","9":"product_cat-192","10":"product_cat-191","11":"product_cat-190","12":"product_cat-189","13":"product_cat-188","14":"product_cat-187","15":"product_cat-186","16":"product_cat-185","17":"product_cat-184","18":"product_cat-183","19":"product_cat-182","20":"product_cat-181","21":"product_cat-180","22":"product_cat-179","23":"product_cat-178","24":"product_cat-177","25":"product_cat-176","26":"product_cat-175","27":"product_cat-174","28":"product_cat-173","29":"product_cat-172","30":"product_cat-171","31":"product_cat-170","32":"product_cat-169","33":"product_cat-168","34":"product_cat-special-edition","36":"first","37":"instock","38":"sale","39":"sold-individually","40":"purchasable","41":"product-type-simple"},"acf":[],"yoast_head":"<!-- This site is optimized with the Yoast SEO plugin v27.4 - https:\/\/yoast.com\/product\/yoast-seo-wordpress\/ -->\n<title>Fahrradkennzeichen + Armee M 1001 Radfahrer \/ 1961-2003 I | Museo Svizzero di Targhe per Biciclette<\/title>\n<meta name=\"robots\" content=\"index, follow, max-snippet:-1, max-image-preview:large, max-video-preview:-1\" \/>\n<link rel=\"canonical\" href=\"https:\/\/www.velonummern.ch\/it\/prodotto\/army-1001-i\/\" \/>\n<script type=\"application\/ld+json\" class=\"yoast-schema-graph\">{\"@context\":\"https:\\\/\\\/schema.org\",\"@graph\":[{\"@type\":\"WebPage\",\"@id\":\"https:\\\/\\\/www.velonummern.ch\\\/it\\\/prodotto\\\/army-1001-i\\\/\",\"url\":\"https:\\\/\\\/www.velonummern.ch\\\/it\\\/prodotto\\\/army-1001-i\\\/\",\"name\":\"Fahrradkennzeichen + Armee M 1001 Radfahrer \\\/ 1961-2003 I | Museo Svizzero di Targhe per Biciclette\",\"isPartOf\":{\"@id\":\"https:\\\/\\\/www.velonummern.ch\\\/it\\\/#website\"},\"primaryImageOfPage\":{\"@id\":\"https:\\\/\\\/www.velonummern.ch\\\/it\\\/prodotto\\\/army-1001-i\\\/#primaryimage\"},\"image\":{\"@id\":\"https:\\\/\\\/www.velonummern.ch\\\/it\\\/prodotto\\\/army-1001-i\\\/#primaryimage\"},\"thumbnailUrl\":\"https:\\\/\\\/www.velonummern.ch\\\/wp-content\\\/uploads\\\/2022\\\/05\\\/products-__Army_1001_I_4e5b58645f1a8.jpg\",\"datePublished\":\"2011-08-29T07:14:12+00:00\",\"dateModified\":\"2024-08-14T14:30:07+00:00\",\"breadcrumb\":{\"@id\":\"https:\\\/\\\/www.velonummern.ch\\\/it\\\/prodotto\\\/army-1001-i\\\/#breadcrumb\"},\"inLanguage\":\"it-IT\",\"potentialAction\":[{\"@type\":\"ReadAction\",\"target\":[\"https:\\\/\\\/www.velonummern.ch\\\/it\\\/prodotto\\\/army-1001-i\\\/\"]}]},{\"@type\":\"ImageObject\",\"inLanguage\":\"it-IT\",\"@id\":\"https:\\\/\\\/www.velonummern.ch\\\/it\\\/prodotto\\\/army-1001-i\\\/#primaryimage\",\"url\":\"https:\\\/\\\/www.velonummern.ch\\\/wp-content\\\/uploads\\\/2022\\\/05\\\/products-__Army_1001_I_4e5b58645f1a8.jpg\",\"contentUrl\":\"https:\\\/\\\/www.velonummern.ch\\\/wp-content\\\/uploads\\\/2022\\\/05\\\/products-__Army_1001_I_4e5b58645f1a8.jpg\",\"width\":\"500\",\"height\":\"500\",\"caption\":\"+ Army 1001 I\"},{\"@type\":\"BreadcrumbList\",\"@id\":\"https:\\\/\\\/www.velonummern.ch\\\/it\\\/prodotto\\\/army-1001-i\\\/#breadcrumb\",\"itemListElement\":[{\"@type\":\"ListItem\",\"position\":1,\"name\":\"Startseite\",\"item\":\"https:\\\/\\\/www.velonummern.ch\\\/it\\\/\"},{\"@type\":\"ListItem\",\"position\":2,\"name\":\"Prodotti\",\"item\":\"https:\\\/\\\/www.velonummern.ch\\\/it\\\/shop\\\/\"},{\"@type\":\"ListItem\",\"position\":3,\"name\":\"+ Armee M 1001 Radfahrer \\\/ 1961-2003 I\"}]},{\"@type\":\"WebSite\",\"@id\":\"https:\\\/\\\/www.velonummern.ch\\\/it\\\/#website\",\"url\":\"https:\\\/\\\/www.velonummern.ch\\\/it\\\/\",\"name\":\"Museo Svizzero di Targhe per Biciclette\",\"description\":\"\",\"publisher\":{\"@id\":\"https:\\\/\\\/www.velonummern.ch\\\/it\\\/#organization\"},\"potentialAction\":[{\"@type\":\"SearchAction\",\"target\":{\"@type\":\"EntryPoint\",\"urlTemplate\":\"https:\\\/\\\/www.velonummern.ch\\\/it\\\/?s={search_term_string}\"},\"query-input\":{\"@type\":\"PropertyValueSpecification\",\"valueRequired\":true,\"valueName\":\"search_term_string\"}}],\"inLanguage\":\"it-IT\"},{\"@type\":\"Organization\",\"@id\":\"https:\\\/\\\/www.velonummern.ch\\\/it\\\/#organization\",\"name\":\"Museo Svizzero di Targhe per Biciclette\",\"url\":\"https:\\\/\\\/www.velonummern.ch\\\/it\\\/\",\"logo\":{\"@type\":\"ImageObject\",\"inLanguage\":\"it-IT\",\"@id\":\"https:\\\/\\\/www.velonummern.ch\\\/it\\\/#\\\/schema\\\/logo\\\/image\\\/\",\"url\":\"https:\\\/\\\/www.velonummern.ch\\\/wp-content\\\/uploads\\\/2022\\\/04\\\/logo-de-1.svg\",\"contentUrl\":\"https:\\\/\\\/www.velonummern.ch\\\/wp-content\\\/uploads\\\/2022\\\/04\\\/logo-de-1.svg\",\"width\":\"1024\",\"height\":\"1024\",\"caption\":\"Museo Svizzero di Targhe per Biciclette\"},\"image\":{\"@id\":\"https:\\\/\\\/www.velonummern.ch\\\/it\\\/#\\\/schema\\\/logo\\\/image\\\/\"}}]}<\/script>\n<!-- \/ Yoast SEO plugin. -->","yoast_head_json":{"title":"Fahrradkennzeichen + Armee M 1001 Radfahrer \/ 1961-2003 I | Museo Svizzero di Targhe per Biciclette","robots":{"index":"index","follow":"follow","max-snippet":"max-snippet:-1","max-image-preview":"max-image-preview:large","max-video-preview":"max-video-preview:-1"},"canonical":"https:\/\/www.velonummern.ch\/it\/prodotto\/army-1001-i\/","schema":{"@context":"https:\/\/schema.org","@graph":[{"@type":"WebPage","@id":"https:\/\/www.velonummern.ch\/it\/prodotto\/army-1001-i\/","url":"https:\/\/www.velonummern.ch\/it\/prodotto\/army-1001-i\/","name":"Fahrradkennzeichen + Armee M 1001 Radfahrer \/ 1961-2003 I | Museo Svizzero di Targhe per Biciclette","isPartOf":{"@id":"https:\/\/www.velonummern.ch\/it\/#website"},"primaryImageOfPage":{"@id":"https:\/\/www.velonummern.ch\/it\/prodotto\/army-1001-i\/#primaryimage"},"image":{"@id":"https:\/\/www.velonummern.ch\/it\/prodotto\/army-1001-i\/#primaryimage"},"thumbnailUrl":"https:\/\/www.velonummern.ch\/wp-content\/uploads\/2022\/05\/products-__Army_1001_I_4e5b58645f1a8.jpg","datePublished":"2011-08-29T07:14:12+00:00","dateModified":"2024-08-14T14:30:07+00:00","breadcrumb":{"@id":"https:\/\/www.velonummern.ch\/it\/prodotto\/army-1001-i\/#breadcrumb"},"inLanguage":"it-IT","potentialAction":[{"@type":"ReadAction","target":["https:\/\/www.velonummern.ch\/it\/prodotto\/army-1001-i\/"]}]},{"@type":"ImageObject","inLanguage":"it-IT","@id":"https:\/\/www.velonummern.ch\/it\/prodotto\/army-1001-i\/#primaryimage","url":"https:\/\/www.velonummern.ch\/wp-content\/uploads\/2022\/05\/products-__Army_1001_I_4e5b58645f1a8.jpg","contentUrl":"https:\/\/www.velonummern.ch\/wp-content\/uploads\/2022\/05\/products-__Army_1001_I_4e5b58645f1a8.jpg","width":"500","height":"500","caption":"+ Army 1001 I"},{"@type":"BreadcrumbList","@id":"https:\/\/www.velonummern.ch\/it\/prodotto\/army-1001-i\/#breadcrumb","itemListElement":[{"@type":"ListItem","position":1,"name":"Startseite","item":"https:\/\/www.velonummern.ch\/it\/"},{"@type":"ListItem","position":2,"name":"Prodotti","item":"https:\/\/www.velonummern.ch\/it\/shop\/"},{"@type":"ListItem","position":3,"name":"+ Armee M 1001 Radfahrer \/ 1961-2003 I"}]},{"@type":"WebSite","@id":"https:\/\/www.velonummern.ch\/it\/#website","url":"https:\/\/www.velonummern.ch\/it\/","name":"Museo Svizzero di Targhe per Biciclette","description":"","publisher":{"@id":"https:\/\/www.velonummern.ch\/it\/#organization"},"potentialAction":[{"@type":"SearchAction","target":{"@type":"EntryPoint","urlTemplate":"https:\/\/www.velonummern.ch\/it\/?s={search_term_string}"},"query-input":{"@type":"PropertyValueSpecification","valueRequired":true,"valueName":"search_term_string"}}],"inLanguage":"it-IT"},{"@type":"Organization","@id":"https:\/\/www.velonummern.ch\/it\/#organization","name":"Museo Svizzero di Targhe per Biciclette","url":"https:\/\/www.velonummern.ch\/it\/","logo":{"@type":"ImageObject","inLanguage":"it-IT","@id":"https:\/\/www.velonummern.ch\/it\/#\/schema\/logo\/image\/","url":"https:\/\/www.velonummern.ch\/wp-content\/uploads\/2022\/04\/logo-de-1.svg","contentUrl":"https:\/\/www.velonummern.ch\/wp-content\/uploads\/2022\/04\/logo-de-1.svg","width":"1024","height":"1024","caption":"Museo Svizzero di Targhe per Biciclette"},"image":{"@id":"https:\/\/www.velonummern.ch\/it\/#\/schema\/logo\/image\/"}}]}},"_links":{"self":[{"href":"https:\/\/www.velonummern.ch\/it\/wp-json\/wp\/v2\/product\/15432","targetHints":{"allow":["GET"]}}],"collection":[{"href":"https:\/\/www.velonummern.ch\/it\/wp-json\/wp\/v2\/product"}],"about":[{"href":"https:\/\/www.velonummern.ch\/it\/wp-json\/wp\/v2\/types\/product"}],"wp:featuredmedia":[{"embeddable":true,"href":"https:\/\/www.velonummern.ch\/it\/wp-json\/wp\/v2\/media\/15433"}],"wp:attachment":[{"href":"https:\/\/www.velonummern.ch\/it\/wp-json\/wp\/v2\/media?parent=15432"}],"wp:term":[{"taxonomy":"product_brand","embeddable":true,"href":"https:\/\/www.velonummern.ch\/it\/wp-json\/wp\/v2\/product_brand?post=15432"},{"taxonomy":"product_cat","embeddable":true,"href":"https:\/\/www.velonummern.ch\/it\/wp-json\/wp\/v2\/product_cat?post=15432"},{"taxonomy":"product_tag","embeddable":true,"href":"https:\/\/www.velonummern.ch\/it\/wp-json\/wp\/v2\/product_tag?post=15432"}],"curies":[{"name":"wp","href":"https:\/\/api.w.org\/{rel}","templated":true}]}}