{"id":16602,"date":"2012-06-26T12:53:22","date_gmt":"2012-06-26T12:53:22","guid":{"rendered":"https:\/\/www.velonummern.ch\/?post_type=product&#038;p=16602"},"modified":"2025-07-10T14:01:17","modified_gmt":"2025-07-10T12:01:17","slug":"zh-1914-b","status":"publish","type":"product","link":"https:\/\/www.velonummern.ch\/it\/prodotto\/zh-1914-b\/","title":{"rendered":"ZH 1914 B (Modell 1911)"},"content":{"rendered":"<h2>Fahrradkennzeichen, Velonummer ZH 1914<\/h2>\n<p>&nbsp;<\/p>\n<p>&nbsp;<\/p>\n<p>Im Kanton Z\u00fcrich werden zwischen 1910 und 1924 Email-Schilder ausgegeben <a href=\"https:\/\/www.velonummern.ch\/produkte\/zh-zurich\/\">[BILDER]<\/a>. Diese haben jedoch keinen Jahrgang. Im Rahmen eines schweizweit einzigartigen Wiederverwendungs-Systems werden insgesamt sechs verschieden Modell in Umlauf gebracht, welche abwechselnd g\u00fcltig sind. Jedes Modell wird in zwei oder drei verschiedenen Jahren verwendet.<\/p>\n<p>Dieses \u00abModell 1911\u00bb wurde erstmals 1911 ausgegeben, anschliessend eingezogen, eingelagert und f\u00fcr das Jahr 1914 wiederverwendet.<\/p>\n","protected":false},"excerpt":{"rendered":"<p>Im Kanton Z\u00fcrich werden zwischen 1910 und 1924 Email-Schilder ausgegeben <a href=\"https:\/\/www.velonummern.ch\/produkte\/zh-zurich\/\">[BILDER]<\/a>. Diese haben jedoch keinen Jahrgang. Im Rahmen eines schweizweit einzigartigen Wiederverwendungs-Systems werden insgesamt sechs verschiedene Modelle in Umlauf gebracht, welche abwechselnd g\u00fcltig sind. Jedes Modell wird in zwei oder drei verschiedenen Jahren verwendet.<\/p>\n<p>Dieses \u00abModell 1911\u00bb wurde erstmals 1911 ausgegeben, anschliessend eingezogen, eingelagert und f\u00fcr das Jahr 1914 wiederverwendet.<\/p>\n<p>Mehr \u00fcber die Z\u00fcrcher Email-Epoche erfahren Sie in der: <a href=\"https:\/\/www.velonummern.ch\/geschichte\/\">Geschichte der Schweizer Fahrradkennzeichen<\/a><\/p>\n<p>Die witterungsbest\u00e4ndigen Emailschilder erlebten ihre Bl\u00fctezeit f\u00fcr Reklamezwecke zwischen 1890 und 1960. F\u00fcr Fahrradkennzeichen wurde diese aufw\u00e4ndige Technik 1903 bis 1933 ausschliesslich von 15 Deutschschweizer Kantonen verwendet (Aargau, Appenzell Innerrhoden, Basel-Land, Basel-Stadt, Graub\u00fcnden, Luzern, Obwalden, St. Gallen, Schaffhausen, Solothurn, Schwyz, Thurgau, Uri, Zug, Z\u00fcrich). Der Kanton St. Gallen kreierte 1903 die ersten Schilder im Email-Design. Zug war der letzte Kanton, der zwischen 1925 und 1933 noch Email-Schilder ausgegeben hat. Die Schilder waren bis 11.3 cm gross und durch die massive, gew\u00f6lbte Metallunterlage entsprechend schwer. Sie wurden in vier verschiedenen Formen hergestellt; rechteckig, oval oder rund. Die K\u00f6nigin der Formen war jedoch die Herzform (auch Schild oder Wappen) bzw. &#8220;herzf\u00f6rmig&#8221;, wie sie offiziell in Verordnungen genannt wurde. Das &#8220;schweizerischste&#8221; aller Fahrradkennzeichen ist vielleicht das Email-Schild in Herzform des Kanton Schwyz. Das erste Email-Schild mit Jahrgang hat der Kanton Luzern 1912 ausgegeben.<\/p>\n<p>Kanton: Z\u00fcrich<br \/>\nNummernkreis Bezirk: Meilen \/ Serie B<br \/>\nJahr: 1914<\/p>\n<p>Material: Email \/ Metall<br \/>\nAbmessungen: 11 x 8.3 cm \/ 4.33 x 3.27 in<\/p>\n","protected":false},"featured_media":16603,"template":"","meta":{"_acf_changed":false,"inline_featured_image":false},"product_brand":[],"product_cat":[166,236],"product_tag":[],"class_list":{"0":"post-16602","1":"product","2":"type-product","3":"status-publish","4":"has-post-thumbnail","6":"product_cat-166","7":"product_cat-zh-zurich","9":"first","10":"outofstock","11":"sold-individually","12":"purchasable","13":"product-type-simple"},"acf":[],"yoast_head":"<!-- This site is optimized with the Yoast SEO plugin v27.4 - https:\/\/yoast.com\/product\/yoast-seo-wordpress\/ -->\n<title>Fahrradkennzeichen ZH 1914 B (Modell 1911) | Museo Svizzero di Targhe per Biciclette<\/title>\n<meta name=\"description\" content=\"Dieses \u00abModell 1911\u00bb wurde erstmals 1911 ausgegeben, anschliessend eingezogen, eingelagert und f\u00fcr das Jahr 1914 wiederverwendet.\" \/>\n<meta name=\"robots\" content=\"index, follow, max-snippet:-1, max-image-preview:large, max-video-preview:-1\" \/>\n<link rel=\"canonical\" href=\"https:\/\/www.velonummern.ch\/it\/prodotto\/zh-1914-b\/\" \/>\n<script type=\"application\/ld+json\" class=\"yoast-schema-graph\">{\"@context\":\"https:\\\/\\\/schema.org\",\"@graph\":[{\"@type\":\"WebPage\",\"@id\":\"https:\\\/\\\/www.velonummern.ch\\\/it\\\/prodotto\\\/zh-1914-b\\\/\",\"url\":\"https:\\\/\\\/www.velonummern.ch\\\/it\\\/prodotto\\\/zh-1914-b\\\/\",\"name\":\"Fahrradkennzeichen ZH 1914 B (Modell 1911) | Museo Svizzero di Targhe per Biciclette\",\"isPartOf\":{\"@id\":\"https:\\\/\\\/www.velonummern.ch\\\/it\\\/#website\"},\"primaryImageOfPage\":{\"@id\":\"https:\\\/\\\/www.velonummern.ch\\\/it\\\/prodotto\\\/zh-1914-b\\\/#primaryimage\"},\"image\":{\"@id\":\"https:\\\/\\\/www.velonummern.ch\\\/it\\\/prodotto\\\/zh-1914-b\\\/#primaryimage\"},\"thumbnailUrl\":\"https:\\\/\\\/www.velonummern.ch\\\/wp-content\\\/uploads\\\/2022\\\/05\\\/products-ZH_1914_B_4fe9b0c2bfde0.jpg\",\"datePublished\":\"2012-06-26T12:53:22+00:00\",\"dateModified\":\"2025-07-10T12:01:17+00:00\",\"description\":\"Dieses \u00abModell 1911\u00bb wurde erstmals 1911 ausgegeben, anschliessend eingezogen, eingelagert und f\u00fcr das Jahr 1914 wiederverwendet.\",\"breadcrumb\":{\"@id\":\"https:\\\/\\\/www.velonummern.ch\\\/it\\\/prodotto\\\/zh-1914-b\\\/#breadcrumb\"},\"inLanguage\":\"it-IT\",\"potentialAction\":[{\"@type\":\"ReadAction\",\"target\":[\"https:\\\/\\\/www.velonummern.ch\\\/it\\\/prodotto\\\/zh-1914-b\\\/\"]}]},{\"@type\":\"ImageObject\",\"inLanguage\":\"it-IT\",\"@id\":\"https:\\\/\\\/www.velonummern.ch\\\/it\\\/prodotto\\\/zh-1914-b\\\/#primaryimage\",\"url\":\"https:\\\/\\\/www.velonummern.ch\\\/wp-content\\\/uploads\\\/2022\\\/05\\\/products-ZH_1914_B_4fe9b0c2bfde0.jpg\",\"contentUrl\":\"https:\\\/\\\/www.velonummern.ch\\\/wp-content\\\/uploads\\\/2022\\\/05\\\/products-ZH_1914_B_4fe9b0c2bfde0.jpg\",\"width\":\"500\",\"height\":\"500\",\"caption\":\"ZH 1914 BB\"},{\"@type\":\"BreadcrumbList\",\"@id\":\"https:\\\/\\\/www.velonummern.ch\\\/it\\\/prodotto\\\/zh-1914-b\\\/#breadcrumb\",\"itemListElement\":[{\"@type\":\"ListItem\",\"position\":1,\"name\":\"Startseite\",\"item\":\"https:\\\/\\\/www.velonummern.ch\\\/it\\\/\"},{\"@type\":\"ListItem\",\"position\":2,\"name\":\"Prodotti\",\"item\":\"https:\\\/\\\/www.velonummern.ch\\\/it\\\/shop\\\/\"},{\"@type\":\"ListItem\",\"position\":3,\"name\":\"ZH 1914 B (Modell 1911)\"}]},{\"@type\":\"WebSite\",\"@id\":\"https:\\\/\\\/www.velonummern.ch\\\/it\\\/#website\",\"url\":\"https:\\\/\\\/www.velonummern.ch\\\/it\\\/\",\"name\":\"Museo Svizzero di Targhe per Biciclette\",\"description\":\"\",\"publisher\":{\"@id\":\"https:\\\/\\\/www.velonummern.ch\\\/it\\\/#organization\"},\"potentialAction\":[{\"@type\":\"SearchAction\",\"target\":{\"@type\":\"EntryPoint\",\"urlTemplate\":\"https:\\\/\\\/www.velonummern.ch\\\/it\\\/?s={search_term_string}\"},\"query-input\":{\"@type\":\"PropertyValueSpecification\",\"valueRequired\":true,\"valueName\":\"search_term_string\"}}],\"inLanguage\":\"it-IT\"},{\"@type\":\"Organization\",\"@id\":\"https:\\\/\\\/www.velonummern.ch\\\/it\\\/#organization\",\"name\":\"Museo Svizzero di Targhe per Biciclette\",\"url\":\"https:\\\/\\\/www.velonummern.ch\\\/it\\\/\",\"logo\":{\"@type\":\"ImageObject\",\"inLanguage\":\"it-IT\",\"@id\":\"https:\\\/\\\/www.velonummern.ch\\\/it\\\/#\\\/schema\\\/logo\\\/image\\\/\",\"url\":\"https:\\\/\\\/www.velonummern.ch\\\/wp-content\\\/uploads\\\/2022\\\/04\\\/logo-de-1.svg\",\"contentUrl\":\"https:\\\/\\\/www.velonummern.ch\\\/wp-content\\\/uploads\\\/2022\\\/04\\\/logo-de-1.svg\",\"width\":\"1024\",\"height\":\"1024\",\"caption\":\"Museo Svizzero di Targhe per Biciclette\"},\"image\":{\"@id\":\"https:\\\/\\\/www.velonummern.ch\\\/it\\\/#\\\/schema\\\/logo\\\/image\\\/\"}}]}<\/script>\n<!-- \/ Yoast SEO plugin. -->","yoast_head_json":{"title":"Fahrradkennzeichen ZH 1914 B (Modell 1911) | Museo Svizzero di Targhe per Biciclette","description":"Dieses \u00abModell 1911\u00bb wurde erstmals 1911 ausgegeben, anschliessend eingezogen, eingelagert und f\u00fcr das Jahr 1914 wiederverwendet.","robots":{"index":"index","follow":"follow","max-snippet":"max-snippet:-1","max-image-preview":"max-image-preview:large","max-video-preview":"max-video-preview:-1"},"canonical":"https:\/\/www.velonummern.ch\/it\/prodotto\/zh-1914-b\/","schema":{"@context":"https:\/\/schema.org","@graph":[{"@type":"WebPage","@id":"https:\/\/www.velonummern.ch\/it\/prodotto\/zh-1914-b\/","url":"https:\/\/www.velonummern.ch\/it\/prodotto\/zh-1914-b\/","name":"Fahrradkennzeichen ZH 1914 B (Modell 1911) | Museo Svizzero di Targhe per Biciclette","isPartOf":{"@id":"https:\/\/www.velonummern.ch\/it\/#website"},"primaryImageOfPage":{"@id":"https:\/\/www.velonummern.ch\/it\/prodotto\/zh-1914-b\/#primaryimage"},"image":{"@id":"https:\/\/www.velonummern.ch\/it\/prodotto\/zh-1914-b\/#primaryimage"},"thumbnailUrl":"https:\/\/www.velonummern.ch\/wp-content\/uploads\/2022\/05\/products-ZH_1914_B_4fe9b0c2bfde0.jpg","datePublished":"2012-06-26T12:53:22+00:00","dateModified":"2025-07-10T12:01:17+00:00","description":"Dieses \u00abModell 1911\u00bb wurde erstmals 1911 ausgegeben, anschliessend eingezogen, eingelagert und f\u00fcr das Jahr 1914 wiederverwendet.","breadcrumb":{"@id":"https:\/\/www.velonummern.ch\/it\/prodotto\/zh-1914-b\/#breadcrumb"},"inLanguage":"it-IT","potentialAction":[{"@type":"ReadAction","target":["https:\/\/www.velonummern.ch\/it\/prodotto\/zh-1914-b\/"]}]},{"@type":"ImageObject","inLanguage":"it-IT","@id":"https:\/\/www.velonummern.ch\/it\/prodotto\/zh-1914-b\/#primaryimage","url":"https:\/\/www.velonummern.ch\/wp-content\/uploads\/2022\/05\/products-ZH_1914_B_4fe9b0c2bfde0.jpg","contentUrl":"https:\/\/www.velonummern.ch\/wp-content\/uploads\/2022\/05\/products-ZH_1914_B_4fe9b0c2bfde0.jpg","width":"500","height":"500","caption":"ZH 1914 BB"},{"@type":"BreadcrumbList","@id":"https:\/\/www.velonummern.ch\/it\/prodotto\/zh-1914-b\/#breadcrumb","itemListElement":[{"@type":"ListItem","position":1,"name":"Startseite","item":"https:\/\/www.velonummern.ch\/it\/"},{"@type":"ListItem","position":2,"name":"Prodotti","item":"https:\/\/www.velonummern.ch\/it\/shop\/"},{"@type":"ListItem","position":3,"name":"ZH 1914 B (Modell 1911)"}]},{"@type":"WebSite","@id":"https:\/\/www.velonummern.ch\/it\/#website","url":"https:\/\/www.velonummern.ch\/it\/","name":"Museo Svizzero di Targhe per Biciclette","description":"","publisher":{"@id":"https:\/\/www.velonummern.ch\/it\/#organization"},"potentialAction":[{"@type":"SearchAction","target":{"@type":"EntryPoint","urlTemplate":"https:\/\/www.velonummern.ch\/it\/?s={search_term_string}"},"query-input":{"@type":"PropertyValueSpecification","valueRequired":true,"valueName":"search_term_string"}}],"inLanguage":"it-IT"},{"@type":"Organization","@id":"https:\/\/www.velonummern.ch\/it\/#organization","name":"Museo Svizzero di Targhe per Biciclette","url":"https:\/\/www.velonummern.ch\/it\/","logo":{"@type":"ImageObject","inLanguage":"it-IT","@id":"https:\/\/www.velonummern.ch\/it\/#\/schema\/logo\/image\/","url":"https:\/\/www.velonummern.ch\/wp-content\/uploads\/2022\/04\/logo-de-1.svg","contentUrl":"https:\/\/www.velonummern.ch\/wp-content\/uploads\/2022\/04\/logo-de-1.svg","width":"1024","height":"1024","caption":"Museo Svizzero di Targhe per Biciclette"},"image":{"@id":"https:\/\/www.velonummern.ch\/it\/#\/schema\/logo\/image\/"}}]}},"_links":{"self":[{"href":"https:\/\/www.velonummern.ch\/it\/wp-json\/wp\/v2\/product\/16602","targetHints":{"allow":["GET"]}}],"collection":[{"href":"https:\/\/www.velonummern.ch\/it\/wp-json\/wp\/v2\/product"}],"about":[{"href":"https:\/\/www.velonummern.ch\/it\/wp-json\/wp\/v2\/types\/product"}],"wp:featuredmedia":[{"embeddable":true,"href":"https:\/\/www.velonummern.ch\/it\/wp-json\/wp\/v2\/media\/16603"}],"wp:attachment":[{"href":"https:\/\/www.velonummern.ch\/it\/wp-json\/wp\/v2\/media?parent=16602"}],"wp:term":[{"taxonomy":"product_brand","embeddable":true,"href":"https:\/\/www.velonummern.ch\/it\/wp-json\/wp\/v2\/product_brand?post=16602"},{"taxonomy":"product_cat","embeddable":true,"href":"https:\/\/www.velonummern.ch\/it\/wp-json\/wp\/v2\/product_cat?post=16602"},{"taxonomy":"product_tag","embeddable":true,"href":"https:\/\/www.velonummern.ch\/it\/wp-json\/wp\/v2\/product_tag?post=16602"}],"curies":[{"name":"wp","href":"https:\/\/api.w.org\/{rel}","templated":true}]}}