{"id":16988,"date":"2012-11-12T11:52:23","date_gmt":"2012-11-12T11:52:23","guid":{"rendered":"https:\/\/www.velonummern.ch\/?post_type=product&#038;p=16988"},"modified":"2025-02-14T11:14:14","modified_gmt":"2025-02-14T10:14:14","slug":"ai-1912","status":"publish","type":"product","link":"https:\/\/www.velonummern.ch\/it\/prodotto\/ai-1912\/","title":{"rendered":"AI 1912-1914"},"content":{"rendered":"<h2>1912 AI: Wappenf\u00f6rmiges Email-Schild l\u00e4sst sich bestimmen<\/h2>\n<p>F\u00fcr die meisten Kantone lassen sich die fr\u00fchen Velonummern ohne Jahrg\u00e4nge noch immer nicht bestimmen. Die erste l\u00fcckenlose Bestimmung der Fahrradkennzeichen ohne Jahrgang war f\u00fcr den Kanton Z\u00fcrich m\u00f6glich (1902-1924). F\u00fcr verschiedene Kantone gibt es zwar Anhaltspunkte und Annahmen, diese lassen sich jedoch bisher nicht belegen.<\/p>\n<p>Diese Schwierigkeit erkl\u00e4rt, weshalb hier eine einzelne Velonummer ein eigenes Kapitel erh\u00e4lt. Dabei handelt es sich um das Schild in der Form eines Wappens (auch herzf\u00f6rmig genannt) des Kantons Appenzell Innerrhoden. Aufgrund von zwei Artikeln im \u00abOberegger Anzeiger\u00bb wird klar, dass dieses Schild w\u00e4hrend drei Jahren, von 1912 bis 1914, g\u00fcltig war. Der Artikel vom 12. Juli 1912 beschreibt, dass dieses Kennzeichen erstmals im Jahr 1912 ausgegeben wird <a href=\"https:\/\/www.e-newspaperarchives.ch\/?a=d&amp;d=OAZ19120712-01.2.9.1&amp;srpos=3&amp;e=-------de-20--1-byDA-img-txIN-veloschilder-------0-AI----\">[LINK, Seite 4]<\/a>. Der Artikel vom 30. April 1915 erkl\u00e4rt dass diese Velonummer durch ein neues Nummernschild ersetzt wird <a href=\"https:\/\/www.e-newspaperarchives.ch\/?a=d&amp;d=OAZ19150430-01.2.10.1&amp;srpos=5&amp;e=------191-de-20-OAZ-1-byDA-img-txIN-fahrr%C3%A4der-------0-----\">[LINK, Seite 4]<\/a>.<\/p>\n<p>Mehr Informationen finden Sie im Schweizer Velonummern Museum: <a href=\"https:\/\/www.velonummern.ch\/geschichte\/\">Geschichte der Schweizer Fahrradkennzeichen<\/a><\/p>\n<p>Kanton: Appenzell Innerrhoden<br \/>\nJahr: 1912 &#8211; 1914<\/p>\n<p>Sammlung: Christian Vontobel<\/p>\n<p>Material: Email \/ Metall<\/p>\n","protected":false},"excerpt":{"rendered":"<p>F\u00fcr die meisten Kantone lassen sich die fr\u00fchen Velonummern ohne Jahrg\u00e4nge noch immer nicht bestimmen. Die erste l\u00fcckenlose Bestimmung der Fahrradkennzeichen ohne Jahrgang war f\u00fcr den Kanton Z\u00fcrich m\u00f6glich (1902-1924). F\u00fcr verschiedene Kantone gibt es zwar Anhaltspunkte und Annahmen, diese lassen sich jedoch bisher nicht belegen.<\/p>\n<p>Diese Schwierigkeit erkl\u00e4rt, weshalb hier eine einzelne Velonummer ein eigenes Kapitel erh\u00e4lt. Dabei handelt es sich um das Schild in der Form eines Wappens (auch herzf\u00f6rmig genannt) des Kantons Appenzell Innerrhoden. Aufgrund von zwei Artikeln im \u00abOberegger Anzeiger\u00bb wird klar, dass dieses Schild w\u00e4hrend drei Jahren, von 1912 bis 1914, g\u00fcltig war. Der Artikel vom 12. Juli 1912 beschreibt, dass dieses Kennzeichen erstmals im Jahr 1912 ausgegeben wird <a href=\"https:\/\/www.e-newspaperarchives.ch\/?a=d&amp;d=OAZ19120712-01.2.9.1&amp;srpos=3&amp;e=-------de-20--1-byDA-img-txIN-veloschilder-------0-AI----\">[LINK, Seite 4]<\/a>. Der Artikel vom 30. April 1915 erkl\u00e4rt dass diese Velonummer durch ein neues Nummernschild ersetzt wird <a href=\"https:\/\/www.e-newspaperarchives.ch\/?a=d&amp;d=OAZ19150430-01.2.10.1&amp;srpos=5&amp;e=------191-de-20-OAZ-1-byDA-img-txIN-fahrr%C3%A4der-------0-----\">[LINK, Seite 4]<\/a>.<\/p>\n<p>Mehr Informationen finden Sie im Schweizer Velonummern Museum: <a href=\"https:\/\/www.velonummern.ch\/geschichte\/\">Geschichte der Schweizer Fahrradkennzeichen<\/a><\/p>\n<p>Kanton: Appenzell Innerrhoden<br \/>\nJahr: 1912 &#8211; 1914<\/p>\n<p>Sammlung: Christian Vontobel<\/p>\n<p>Material: Email \/ Metall<\/p>\n","protected":false},"featured_media":16989,"template":"","meta":{"_acf_changed":false,"inline_featured_image":false},"product_brand":[],"product_cat":[166,211],"product_tag":[],"class_list":{"0":"post-16988","1":"product","2":"type-product","3":"status-publish","4":"has-post-thumbnail","6":"product_cat-166","7":"product_cat-ai-appenzell-innerrhoden","9":"first","10":"outofstock","11":"sold-individually","12":"product-type-simple"},"acf":[],"yoast_head":"<!-- This site is optimized with the Yoast SEO plugin v27.5 - https:\/\/yoast.com\/product\/yoast-seo-wordpress\/ -->\n<title>Fahrradkennzeichen AI 1912-1914 | Museo Svizzero di Targhe per Biciclette<\/title>\n<meta name=\"description\" content=\"Des wappenf\u00f6rmige Email-Schild ohne Jahrgang aus dem Kanton Appenzell Innerrhoden l\u00e4sst sich auf Jahre 1912-1915 bestimmen.\" \/>\n<meta name=\"robots\" content=\"index, follow, max-snippet:-1, max-image-preview:large, max-video-preview:-1\" \/>\n<link rel=\"canonical\" href=\"https:\/\/www.velonummern.ch\/it\/prodotto\/ai-1912\/\" \/>\n<meta name=\"twitter:label1\" content=\"Tempo di lettura stimato\" \/>\n\t<meta name=\"twitter:data1\" content=\"1 minuto\" \/>\n<script type=\"application\/ld+json\" class=\"yoast-schema-graph\">{\"@context\":\"https:\\\/\\\/schema.org\",\"@graph\":[{\"@type\":\"WebPage\",\"@id\":\"https:\\\/\\\/www.velonummern.ch\\\/it\\\/prodotto\\\/ai-1912\\\/\",\"url\":\"https:\\\/\\\/www.velonummern.ch\\\/it\\\/prodotto\\\/ai-1912\\\/\",\"name\":\"Fahrradkennzeichen AI 1912-1914 | Museo Svizzero di Targhe per Biciclette\",\"isPartOf\":{\"@id\":\"https:\\\/\\\/www.velonummern.ch\\\/it\\\/#website\"},\"primaryImageOfPage\":{\"@id\":\"https:\\\/\\\/www.velonummern.ch\\\/it\\\/prodotto\\\/ai-1912\\\/#primaryimage\"},\"image\":{\"@id\":\"https:\\\/\\\/www.velonummern.ch\\\/it\\\/prodotto\\\/ai-1912\\\/#primaryimage\"},\"thumbnailUrl\":\"https:\\\/\\\/www.velonummern.ch\\\/wp-content\\\/uploads\\\/2022\\\/05\\\/products-AI_1910___50a0e2f76dc74.jpg\",\"datePublished\":\"2012-11-12T11:52:23+00:00\",\"dateModified\":\"2025-02-14T10:14:14+00:00\",\"description\":\"Des wappenf\u00f6rmige Email-Schild ohne Jahrgang aus dem Kanton Appenzell Innerrhoden l\u00e4sst sich auf Jahre 1912-1915 bestimmen.\",\"breadcrumb\":{\"@id\":\"https:\\\/\\\/www.velonummern.ch\\\/it\\\/prodotto\\\/ai-1912\\\/#breadcrumb\"},\"inLanguage\":\"it-IT\",\"potentialAction\":[{\"@type\":\"ReadAction\",\"target\":[\"https:\\\/\\\/www.velonummern.ch\\\/it\\\/prodotto\\\/ai-1912\\\/\"]}]},{\"@type\":\"ImageObject\",\"inLanguage\":\"it-IT\",\"@id\":\"https:\\\/\\\/www.velonummern.ch\\\/it\\\/prodotto\\\/ai-1912\\\/#primaryimage\",\"url\":\"https:\\\/\\\/www.velonummern.ch\\\/wp-content\\\/uploads\\\/2022\\\/05\\\/products-AI_1910___50a0e2f76dc74.jpg\",\"contentUrl\":\"https:\\\/\\\/www.velonummern.ch\\\/wp-content\\\/uploads\\\/2022\\\/05\\\/products-AI_1910___50a0e2f76dc74.jpg\",\"width\":\"500\",\"height\":\"500\",\"caption\":\"AI 1910 ?\"},{\"@type\":\"BreadcrumbList\",\"@id\":\"https:\\\/\\\/www.velonummern.ch\\\/it\\\/prodotto\\\/ai-1912\\\/#breadcrumb\",\"itemListElement\":[{\"@type\":\"ListItem\",\"position\":1,\"name\":\"Startseite\",\"item\":\"https:\\\/\\\/www.velonummern.ch\\\/it\\\/\"},{\"@type\":\"ListItem\",\"position\":2,\"name\":\"Prodotti\",\"item\":\"https:\\\/\\\/www.velonummern.ch\\\/it\\\/shop\\\/\"},{\"@type\":\"ListItem\",\"position\":3,\"name\":\"AI 1912-1914\"}]},{\"@type\":\"WebSite\",\"@id\":\"https:\\\/\\\/www.velonummern.ch\\\/it\\\/#website\",\"url\":\"https:\\\/\\\/www.velonummern.ch\\\/it\\\/\",\"name\":\"Museo Svizzero di Targhe per Biciclette\",\"description\":\"\",\"publisher\":{\"@id\":\"https:\\\/\\\/www.velonummern.ch\\\/it\\\/#organization\"},\"potentialAction\":[{\"@type\":\"SearchAction\",\"target\":{\"@type\":\"EntryPoint\",\"urlTemplate\":\"https:\\\/\\\/www.velonummern.ch\\\/it\\\/?s={search_term_string}\"},\"query-input\":{\"@type\":\"PropertyValueSpecification\",\"valueRequired\":true,\"valueName\":\"search_term_string\"}}],\"inLanguage\":\"it-IT\"},{\"@type\":\"Organization\",\"@id\":\"https:\\\/\\\/www.velonummern.ch\\\/it\\\/#organization\",\"name\":\"Museo Svizzero di Targhe per Biciclette\",\"url\":\"https:\\\/\\\/www.velonummern.ch\\\/it\\\/\",\"logo\":{\"@type\":\"ImageObject\",\"inLanguage\":\"it-IT\",\"@id\":\"https:\\\/\\\/www.velonummern.ch\\\/it\\\/#\\\/schema\\\/logo\\\/image\\\/\",\"url\":\"https:\\\/\\\/www.velonummern.ch\\\/wp-content\\\/uploads\\\/2022\\\/04\\\/logo-de-1.svg\",\"contentUrl\":\"https:\\\/\\\/www.velonummern.ch\\\/wp-content\\\/uploads\\\/2022\\\/04\\\/logo-de-1.svg\",\"width\":\"1024\",\"height\":\"1024\",\"caption\":\"Museo Svizzero di Targhe per Biciclette\"},\"image\":{\"@id\":\"https:\\\/\\\/www.velonummern.ch\\\/it\\\/#\\\/schema\\\/logo\\\/image\\\/\"}}]}<\/script>\n<!-- \/ Yoast SEO plugin. -->","yoast_head_json":{"title":"Fahrradkennzeichen AI 1912-1914 | Museo Svizzero di Targhe per Biciclette","description":"Des wappenf\u00f6rmige Email-Schild ohne Jahrgang aus dem Kanton Appenzell Innerrhoden l\u00e4sst sich auf Jahre 1912-1915 bestimmen.","robots":{"index":"index","follow":"follow","max-snippet":"max-snippet:-1","max-image-preview":"max-image-preview:large","max-video-preview":"max-video-preview:-1"},"canonical":"https:\/\/www.velonummern.ch\/it\/prodotto\/ai-1912\/","twitter_misc":{"Tempo di lettura stimato":"1 minuto"},"schema":{"@context":"https:\/\/schema.org","@graph":[{"@type":"WebPage","@id":"https:\/\/www.velonummern.ch\/it\/prodotto\/ai-1912\/","url":"https:\/\/www.velonummern.ch\/it\/prodotto\/ai-1912\/","name":"Fahrradkennzeichen AI 1912-1914 | Museo Svizzero di Targhe per Biciclette","isPartOf":{"@id":"https:\/\/www.velonummern.ch\/it\/#website"},"primaryImageOfPage":{"@id":"https:\/\/www.velonummern.ch\/it\/prodotto\/ai-1912\/#primaryimage"},"image":{"@id":"https:\/\/www.velonummern.ch\/it\/prodotto\/ai-1912\/#primaryimage"},"thumbnailUrl":"https:\/\/www.velonummern.ch\/wp-content\/uploads\/2022\/05\/products-AI_1910___50a0e2f76dc74.jpg","datePublished":"2012-11-12T11:52:23+00:00","dateModified":"2025-02-14T10:14:14+00:00","description":"Des wappenf\u00f6rmige Email-Schild ohne Jahrgang aus dem Kanton Appenzell Innerrhoden l\u00e4sst sich auf Jahre 1912-1915 bestimmen.","breadcrumb":{"@id":"https:\/\/www.velonummern.ch\/it\/prodotto\/ai-1912\/#breadcrumb"},"inLanguage":"it-IT","potentialAction":[{"@type":"ReadAction","target":["https:\/\/www.velonummern.ch\/it\/prodotto\/ai-1912\/"]}]},{"@type":"ImageObject","inLanguage":"it-IT","@id":"https:\/\/www.velonummern.ch\/it\/prodotto\/ai-1912\/#primaryimage","url":"https:\/\/www.velonummern.ch\/wp-content\/uploads\/2022\/05\/products-AI_1910___50a0e2f76dc74.jpg","contentUrl":"https:\/\/www.velonummern.ch\/wp-content\/uploads\/2022\/05\/products-AI_1910___50a0e2f76dc74.jpg","width":"500","height":"500","caption":"AI 1910 ?"},{"@type":"BreadcrumbList","@id":"https:\/\/www.velonummern.ch\/it\/prodotto\/ai-1912\/#breadcrumb","itemListElement":[{"@type":"ListItem","position":1,"name":"Startseite","item":"https:\/\/www.velonummern.ch\/it\/"},{"@type":"ListItem","position":2,"name":"Prodotti","item":"https:\/\/www.velonummern.ch\/it\/shop\/"},{"@type":"ListItem","position":3,"name":"AI 1912-1914"}]},{"@type":"WebSite","@id":"https:\/\/www.velonummern.ch\/it\/#website","url":"https:\/\/www.velonummern.ch\/it\/","name":"Museo Svizzero di Targhe per Biciclette","description":"","publisher":{"@id":"https:\/\/www.velonummern.ch\/it\/#organization"},"potentialAction":[{"@type":"SearchAction","target":{"@type":"EntryPoint","urlTemplate":"https:\/\/www.velonummern.ch\/it\/?s={search_term_string}"},"query-input":{"@type":"PropertyValueSpecification","valueRequired":true,"valueName":"search_term_string"}}],"inLanguage":"it-IT"},{"@type":"Organization","@id":"https:\/\/www.velonummern.ch\/it\/#organization","name":"Museo Svizzero di Targhe per Biciclette","url":"https:\/\/www.velonummern.ch\/it\/","logo":{"@type":"ImageObject","inLanguage":"it-IT","@id":"https:\/\/www.velonummern.ch\/it\/#\/schema\/logo\/image\/","url":"https:\/\/www.velonummern.ch\/wp-content\/uploads\/2022\/04\/logo-de-1.svg","contentUrl":"https:\/\/www.velonummern.ch\/wp-content\/uploads\/2022\/04\/logo-de-1.svg","width":"1024","height":"1024","caption":"Museo Svizzero di Targhe per Biciclette"},"image":{"@id":"https:\/\/www.velonummern.ch\/it\/#\/schema\/logo\/image\/"}}]}},"_links":{"self":[{"href":"https:\/\/www.velonummern.ch\/it\/wp-json\/wp\/v2\/product\/16988","targetHints":{"allow":["GET"]}}],"collection":[{"href":"https:\/\/www.velonummern.ch\/it\/wp-json\/wp\/v2\/product"}],"about":[{"href":"https:\/\/www.velonummern.ch\/it\/wp-json\/wp\/v2\/types\/product"}],"wp:featuredmedia":[{"embeddable":true,"href":"https:\/\/www.velonummern.ch\/it\/wp-json\/wp\/v2\/media\/16989"}],"wp:attachment":[{"href":"https:\/\/www.velonummern.ch\/it\/wp-json\/wp\/v2\/media?parent=16988"}],"wp:term":[{"taxonomy":"product_brand","embeddable":true,"href":"https:\/\/www.velonummern.ch\/it\/wp-json\/wp\/v2\/product_brand?post=16988"},{"taxonomy":"product_cat","embeddable":true,"href":"https:\/\/www.velonummern.ch\/it\/wp-json\/wp\/v2\/product_cat?post=16988"},{"taxonomy":"product_tag","embeddable":true,"href":"https:\/\/www.velonummern.ch\/it\/wp-json\/wp\/v2\/product_tag?post=16988"}],"curies":[{"name":"wp","href":"https:\/\/api.w.org\/{rel}","templated":true}]}}