{"id":17226,"date":"2012-11-18T15:53:57","date_gmt":"2012-11-18T15:53:57","guid":{"rendered":"https:\/\/www.velonummern.ch\/?post_type=product&#038;p=17226"},"modified":"2025-04-02T23:48:57","modified_gmt":"2025-04-02T21:48:57","slug":"army-1945-1951-c","status":"publish","type":"product","link":"https:\/\/www.velonummern.ch\/it\/prodotto\/army-1945-1951-c\/","title":{"rendered":"+ Armee Radfahrer 1945-1951 C"},"content":{"rendered":"<h2>Fahrradkennzeichen Schweizer Armee<\/h2>\n<p>Ausgabejahre: 1945 \u2013 1951<br \/>\nG\u00fcltigkeit: 1945 \u2013 1961<br \/>\nNummer: C 1057<br \/>\nAktivdienst: 1945<\/p>\n<p>Sammlung: Christian Vontobel<\/p>\n<p>Material: Aluminium auf Stahlblech genietet<br \/>\nAbmessungen: B 10.7 x H 11.7 cm \/ 4.21 x 4.61 in<\/p>\n<p>Die Geschichte der Fahrradkennzeichen der Schweizer Armee ist in unserer Publikation \u00ab<a href=\"https:\/\/www.velonummern.ch\/wp-content\/uploads\/2023\/11\/Geschichte-der-Schweizer-Fahrradkennzeichen-1892-2011.pdf\"><span style=\"color: red;\">Geschichte der Schweizer Fahrradkennzeichen 1892-2011<\/span><\/a>\u00bb detailliert beschrieben. S\u00e4mtliche Episoden sind mit Original-Dokumenten unterlegt, welche in unserem <a href=\"https:\/\/www.velonummern.ch\/archiv\/\"><span style=\"color: red;\">Online-Archiv<\/span><\/a> zur Verf\u00fcgung stehen. In folgenden Kapiteln gehen wir auf die Entwicklungen rund um die Velonummern in der Schweizer Armee ein:<\/p>\n<p>1891: Die Botschaft zur Errichtung von Radfahrerabteilungen<\/p>\n<p>1892: Bundesgesetz betreffend die Errichtung von Radfahrerabteilungen<\/p>\n<p>1892: Erste Armee Radfahrerschule in Bern<\/p>\n<p>1893: Bundesrat entscheidet \u00fcber Pf\u00e4ndbarkeit von Armee-Fahrr\u00e4dern<\/p>\n<p>1894: Bundesrat beschliesst Subventionen f\u00fcr Armee-Fahrr\u00e4der<\/p>\n<p>1896: Bundesrat unterst\u00fctzt sichtbare Nummern f\u00fcr Milit\u00e4rfahrr\u00e4der<\/p>\n<p>1896: Milit\u00e4r-Nummern k\u00f6nnen nicht vorne am Fahrrad befestigt werden<\/p>\n<p>1897: Bundesrat verbietet Besteuerung von Milit\u00e4rfahrr\u00e4dern<\/p>\n<p>1898: Noch immer keine Kennzeichen an den Milit\u00e4r-Fahrr\u00e4dern<\/p>\n<p>1904: Keine Fahrradkennzeichen an Milit\u00e4r-Velos bis Ende 1904<\/p>\n<p>1905: Das Fahrradkennzeichen ist in der Armee angekommen<\/p>\n<p>1905: Basel-Land verurteilt Wm Saladin wegen Armee-Kontrollschild<\/p>\n<p>1906: Aargau anerkennt Armee-Kontrollschild nicht \u2013 Generalstab reagiert<\/p>\n<p>1907: Das Milit\u00e4r-Kontrollschild im ausserdienstlichen Gebrauch<\/p>\n<p>1908: Das Milit\u00e4r-Kontrollschild befreit von Steuern und Geb\u00fchren<\/p>\n","protected":false},"excerpt":{"rendered":"<p>Fahrradkennzeichen Schweizer Armee<\/p>\n<p>Ausgabejahre: 1945 \u2013 1951<br \/>\nG\u00fcltigkeit: 1945 \u2013 1961<br \/>\nNummer: C 1057<br \/>\nAktivdienst: 1945<\/p>\n<p>Sammlung: Christian Vontobel<\/p>\n<p>Material: Aluminium auf Stahlblech genietet<br \/>\nAbmessungen: B 10.7 x H 11.7 cm \/ 4.21 x 4.61 in<\/p>\n<p>Die Geschichte der Fahrradkennzeichen der Schweizer Armee ist in unserer Publikation \u00ab<a href=\"https:\/\/www.velonummern.ch\/wp-content\/uploads\/2023\/11\/Geschichte-der-Schweizer-Fahrradkennzeichen-1892-2011.pdf\"><span style=\"color: #ff0000;\">Geschichte der Schweizer Fahrradkennzeichen 1892-2011<\/span><\/a>\u00bb detailliert beschrieben. S\u00e4mtliche Episoden sind mit Original-Dokumenten unterlegt, welche in unserem <a href=\"https:\/\/www.velonummern.ch\/archiv\/\"><span style=\"color: #ff0000;\">Online-Archiv<\/span><\/a> zur Verf\u00fcgung stehen. In folgenden Kapiteln gehen wir auf die Entwicklungen rund um die Velonummern in der Schweizer Armee ein:<\/p>\n<p>1891: Die Botschaft zur Errichtung von Radfahrerabteilungen<\/p>\n<p>1892: Bundesgesetz betreffend die Errichtung von Radfahrerabteilungen<\/p>\n<p>1892: Erste Armee Radfahrerschule in Bern<\/p>\n<p>1893: Bundesrat entscheidet \u00fcber Pf\u00e4ndbarkeit von Armee-Fahrr\u00e4dern<\/p>\n<p>1894: Bundesrat beschliesst Subventionen f\u00fcr Armee-Fahrr\u00e4der<\/p>\n<p>1896: Bundesrat unterst\u00fctzt sichtbare Nummern f\u00fcr Milit\u00e4rfahrr\u00e4der<\/p>\n<p>1896: Milit\u00e4r-Nummern k\u00f6nnen nicht vorne am Fahrrad befestigt werden<\/p>\n<p>1897: Bundesrat verbietet Besteuerung von Milit\u00e4rfahrr\u00e4dern<\/p>\n<p>1898: Noch immer keine Kennzeichen an den Milit\u00e4r-Fahrr\u00e4dern<\/p>\n<p>1904: Keine Fahrradkennzeichen an Milit\u00e4r-Velos bis Ende 1904<\/p>\n<p>1905: Das Fahrradkennzeichen ist in der Armee angekommen<\/p>\n<p>1905: Basel-Land verurteilt Wm Saladin wegen Armee-Kontrollschild<\/p>\n<p>1906: Aargau anerkennt Armee-Kontrollschild nicht \u2013 Generalstab reagiert<\/p>\n<p>1907: Das Milit\u00e4r-Kontrollschild im ausserdienstlichen Gebrauch<\/p>\n<p>1908: Das Milit\u00e4r-Kontrollschild befreit von Steuern und Geb\u00fchren<\/p>\n","protected":false},"featured_media":17227,"template":"","meta":{"_acf_changed":false,"inline_featured_image":false},"product_brand":[],"product_cat":[207,206,205,239],"product_tag":[],"class_list":{"0":"post-17226","1":"product","2":"type-product","3":"status-publish","4":"has-post-thumbnail","6":"product_cat-1941-1945","7":"product_cat-1946-1950","8":"product_cat-205","9":"product_cat-special-edition","11":"first","12":"outofstock","13":"sold-individually","14":"product-type-simple"},"acf":[],"yoast_head":"<!-- This site is optimized with the Yoast SEO plugin v27.4 - https:\/\/yoast.com\/product\/yoast-seo-wordpress\/ -->\n<title>Fahrradkennzeichen + Armee Radfahrer 1945-1951 C | Museo Svizzero di Targhe per Biciclette<\/title>\n<meta name=\"description\" content=\"Fahrradkennzeichen Schweizer Armee 1945-1951 \/ Nummer C 1057 \/ w\u00e4hrend des 2. Weltkriegs 1945 im Aktivdienst bei der Radfahrer Truppe\" \/>\n<meta name=\"robots\" content=\"index, follow, max-snippet:-1, max-image-preview:large, max-video-preview:-1\" \/>\n<link rel=\"canonical\" href=\"https:\/\/www.velonummern.ch\/it\/prodotto\/army-1945-1951-c\/\" \/>\n<meta name=\"twitter:label1\" content=\"Tempo di lettura stimato\" \/>\n\t<meta name=\"twitter:data1\" content=\"1 minuto\" \/>\n<script type=\"application\/ld+json\" class=\"yoast-schema-graph\">{\"@context\":\"https:\\\/\\\/schema.org\",\"@graph\":[{\"@type\":\"WebPage\",\"@id\":\"https:\\\/\\\/www.velonummern.ch\\\/it\\\/prodotto\\\/army-1945-1951-c\\\/\",\"url\":\"https:\\\/\\\/www.velonummern.ch\\\/it\\\/prodotto\\\/army-1945-1951-c\\\/\",\"name\":\"Fahrradkennzeichen + Armee Radfahrer 1945-1951 C | Museo Svizzero di Targhe per Biciclette\",\"isPartOf\":{\"@id\":\"https:\\\/\\\/www.velonummern.ch\\\/it\\\/#website\"},\"primaryImageOfPage\":{\"@id\":\"https:\\\/\\\/www.velonummern.ch\\\/it\\\/prodotto\\\/army-1945-1951-c\\\/#primaryimage\"},\"image\":{\"@id\":\"https:\\\/\\\/www.velonummern.ch\\\/it\\\/prodotto\\\/army-1945-1951-c\\\/#primaryimage\"},\"thumbnailUrl\":\"https:\\\/\\\/www.velonummern.ch\\\/wp-content\\\/uploads\\\/2022\\\/05\\\/products-__Army_1945___19_50a904956ee55.jpg\",\"datePublished\":\"2012-11-18T15:53:57+00:00\",\"dateModified\":\"2025-04-02T21:48:57+00:00\",\"description\":\"Fahrradkennzeichen Schweizer Armee 1945-1951 \\\/ Nummer C 1057 \\\/ w\u00e4hrend des 2. Weltkriegs 1945 im Aktivdienst bei der Radfahrer Truppe\",\"breadcrumb\":{\"@id\":\"https:\\\/\\\/www.velonummern.ch\\\/it\\\/prodotto\\\/army-1945-1951-c\\\/#breadcrumb\"},\"inLanguage\":\"it-IT\",\"potentialAction\":[{\"@type\":\"ReadAction\",\"target\":[\"https:\\\/\\\/www.velonummern.ch\\\/it\\\/prodotto\\\/army-1945-1951-c\\\/\"]}]},{\"@type\":\"ImageObject\",\"inLanguage\":\"it-IT\",\"@id\":\"https:\\\/\\\/www.velonummern.ch\\\/it\\\/prodotto\\\/army-1945-1951-c\\\/#primaryimage\",\"url\":\"https:\\\/\\\/www.velonummern.ch\\\/wp-content\\\/uploads\\\/2022\\\/05\\\/products-__Army_1945___19_50a904956ee55.jpg\",\"contentUrl\":\"https:\\\/\\\/www.velonummern.ch\\\/wp-content\\\/uploads\\\/2022\\\/05\\\/products-__Army_1945___19_50a904956ee55.jpg\",\"width\":\"500\",\"height\":\"500\",\"caption\":\"+ Army 1945 - 1951 C\"},{\"@type\":\"BreadcrumbList\",\"@id\":\"https:\\\/\\\/www.velonummern.ch\\\/it\\\/prodotto\\\/army-1945-1951-c\\\/#breadcrumb\",\"itemListElement\":[{\"@type\":\"ListItem\",\"position\":1,\"name\":\"Startseite\",\"item\":\"https:\\\/\\\/www.velonummern.ch\\\/it\\\/\"},{\"@type\":\"ListItem\",\"position\":2,\"name\":\"Prodotti\",\"item\":\"https:\\\/\\\/www.velonummern.ch\\\/it\\\/shop\\\/\"},{\"@type\":\"ListItem\",\"position\":3,\"name\":\"+ Armee Radfahrer 1945-1951 C\"}]},{\"@type\":\"WebSite\",\"@id\":\"https:\\\/\\\/www.velonummern.ch\\\/it\\\/#website\",\"url\":\"https:\\\/\\\/www.velonummern.ch\\\/it\\\/\",\"name\":\"Museo Svizzero di Targhe per Biciclette\",\"description\":\"\",\"publisher\":{\"@id\":\"https:\\\/\\\/www.velonummern.ch\\\/it\\\/#organization\"},\"potentialAction\":[{\"@type\":\"SearchAction\",\"target\":{\"@type\":\"EntryPoint\",\"urlTemplate\":\"https:\\\/\\\/www.velonummern.ch\\\/it\\\/?s={search_term_string}\"},\"query-input\":{\"@type\":\"PropertyValueSpecification\",\"valueRequired\":true,\"valueName\":\"search_term_string\"}}],\"inLanguage\":\"it-IT\"},{\"@type\":\"Organization\",\"@id\":\"https:\\\/\\\/www.velonummern.ch\\\/it\\\/#organization\",\"name\":\"Museo Svizzero di Targhe per Biciclette\",\"url\":\"https:\\\/\\\/www.velonummern.ch\\\/it\\\/\",\"logo\":{\"@type\":\"ImageObject\",\"inLanguage\":\"it-IT\",\"@id\":\"https:\\\/\\\/www.velonummern.ch\\\/it\\\/#\\\/schema\\\/logo\\\/image\\\/\",\"url\":\"https:\\\/\\\/www.velonummern.ch\\\/wp-content\\\/uploads\\\/2022\\\/04\\\/logo-de-1.svg\",\"contentUrl\":\"https:\\\/\\\/www.velonummern.ch\\\/wp-content\\\/uploads\\\/2022\\\/04\\\/logo-de-1.svg\",\"width\":\"1024\",\"height\":\"1024\",\"caption\":\"Museo Svizzero di Targhe per Biciclette\"},\"image\":{\"@id\":\"https:\\\/\\\/www.velonummern.ch\\\/it\\\/#\\\/schema\\\/logo\\\/image\\\/\"}}]}<\/script>\n<!-- \/ Yoast SEO plugin. -->","yoast_head_json":{"title":"Fahrradkennzeichen + Armee Radfahrer 1945-1951 C | Museo Svizzero di Targhe per Biciclette","description":"Fahrradkennzeichen Schweizer Armee 1945-1951 \/ Nummer C 1057 \/ w\u00e4hrend des 2. Weltkriegs 1945 im Aktivdienst bei der Radfahrer Truppe","robots":{"index":"index","follow":"follow","max-snippet":"max-snippet:-1","max-image-preview":"max-image-preview:large","max-video-preview":"max-video-preview:-1"},"canonical":"https:\/\/www.velonummern.ch\/it\/prodotto\/army-1945-1951-c\/","twitter_misc":{"Tempo di lettura stimato":"1 minuto"},"schema":{"@context":"https:\/\/schema.org","@graph":[{"@type":"WebPage","@id":"https:\/\/www.velonummern.ch\/it\/prodotto\/army-1945-1951-c\/","url":"https:\/\/www.velonummern.ch\/it\/prodotto\/army-1945-1951-c\/","name":"Fahrradkennzeichen + Armee Radfahrer 1945-1951 C | Museo Svizzero di Targhe per Biciclette","isPartOf":{"@id":"https:\/\/www.velonummern.ch\/it\/#website"},"primaryImageOfPage":{"@id":"https:\/\/www.velonummern.ch\/it\/prodotto\/army-1945-1951-c\/#primaryimage"},"image":{"@id":"https:\/\/www.velonummern.ch\/it\/prodotto\/army-1945-1951-c\/#primaryimage"},"thumbnailUrl":"https:\/\/www.velonummern.ch\/wp-content\/uploads\/2022\/05\/products-__Army_1945___19_50a904956ee55.jpg","datePublished":"2012-11-18T15:53:57+00:00","dateModified":"2025-04-02T21:48:57+00:00","description":"Fahrradkennzeichen Schweizer Armee 1945-1951 \/ Nummer C 1057 \/ w\u00e4hrend des 2. Weltkriegs 1945 im Aktivdienst bei der Radfahrer Truppe","breadcrumb":{"@id":"https:\/\/www.velonummern.ch\/it\/prodotto\/army-1945-1951-c\/#breadcrumb"},"inLanguage":"it-IT","potentialAction":[{"@type":"ReadAction","target":["https:\/\/www.velonummern.ch\/it\/prodotto\/army-1945-1951-c\/"]}]},{"@type":"ImageObject","inLanguage":"it-IT","@id":"https:\/\/www.velonummern.ch\/it\/prodotto\/army-1945-1951-c\/#primaryimage","url":"https:\/\/www.velonummern.ch\/wp-content\/uploads\/2022\/05\/products-__Army_1945___19_50a904956ee55.jpg","contentUrl":"https:\/\/www.velonummern.ch\/wp-content\/uploads\/2022\/05\/products-__Army_1945___19_50a904956ee55.jpg","width":"500","height":"500","caption":"+ Army 1945 - 1951 C"},{"@type":"BreadcrumbList","@id":"https:\/\/www.velonummern.ch\/it\/prodotto\/army-1945-1951-c\/#breadcrumb","itemListElement":[{"@type":"ListItem","position":1,"name":"Startseite","item":"https:\/\/www.velonummern.ch\/it\/"},{"@type":"ListItem","position":2,"name":"Prodotti","item":"https:\/\/www.velonummern.ch\/it\/shop\/"},{"@type":"ListItem","position":3,"name":"+ Armee Radfahrer 1945-1951 C"}]},{"@type":"WebSite","@id":"https:\/\/www.velonummern.ch\/it\/#website","url":"https:\/\/www.velonummern.ch\/it\/","name":"Museo Svizzero di Targhe per Biciclette","description":"","publisher":{"@id":"https:\/\/www.velonummern.ch\/it\/#organization"},"potentialAction":[{"@type":"SearchAction","target":{"@type":"EntryPoint","urlTemplate":"https:\/\/www.velonummern.ch\/it\/?s={search_term_string}"},"query-input":{"@type":"PropertyValueSpecification","valueRequired":true,"valueName":"search_term_string"}}],"inLanguage":"it-IT"},{"@type":"Organization","@id":"https:\/\/www.velonummern.ch\/it\/#organization","name":"Museo Svizzero di Targhe per Biciclette","url":"https:\/\/www.velonummern.ch\/it\/","logo":{"@type":"ImageObject","inLanguage":"it-IT","@id":"https:\/\/www.velonummern.ch\/it\/#\/schema\/logo\/image\/","url":"https:\/\/www.velonummern.ch\/wp-content\/uploads\/2022\/04\/logo-de-1.svg","contentUrl":"https:\/\/www.velonummern.ch\/wp-content\/uploads\/2022\/04\/logo-de-1.svg","width":"1024","height":"1024","caption":"Museo Svizzero di Targhe per Biciclette"},"image":{"@id":"https:\/\/www.velonummern.ch\/it\/#\/schema\/logo\/image\/"}}]}},"_links":{"self":[{"href":"https:\/\/www.velonummern.ch\/it\/wp-json\/wp\/v2\/product\/17226","targetHints":{"allow":["GET"]}}],"collection":[{"href":"https:\/\/www.velonummern.ch\/it\/wp-json\/wp\/v2\/product"}],"about":[{"href":"https:\/\/www.velonummern.ch\/it\/wp-json\/wp\/v2\/types\/product"}],"wp:featuredmedia":[{"embeddable":true,"href":"https:\/\/www.velonummern.ch\/it\/wp-json\/wp\/v2\/media\/17227"}],"wp:attachment":[{"href":"https:\/\/www.velonummern.ch\/it\/wp-json\/wp\/v2\/media?parent=17226"}],"wp:term":[{"taxonomy":"product_brand","embeddable":true,"href":"https:\/\/www.velonummern.ch\/it\/wp-json\/wp\/v2\/product_brand?post=17226"},{"taxonomy":"product_cat","embeddable":true,"href":"https:\/\/www.velonummern.ch\/it\/wp-json\/wp\/v2\/product_cat?post=17226"},{"taxonomy":"product_tag","embeddable":true,"href":"https:\/\/www.velonummern.ch\/it\/wp-json\/wp\/v2\/product_tag?post=17226"}],"curies":[{"name":"wp","href":"https:\/\/api.w.org\/{rel}","templated":true}]}}