{"id":19227,"date":"2022-10-28T06:33:26","date_gmt":"2022-10-28T04:33:26","guid":{"rendered":"https:\/\/www.velonummern.ch\/?post_type=product&#038;p=19227"},"modified":"2025-01-24T11:55:55","modified_gmt":"2025-01-24T10:55:55","slug":"france-1880","status":"publish","type":"product","link":"https:\/\/www.velonummern.ch\/it\/prodotto\/france-1880\/","title":{"rendered":"France 1880 ca."},"content":{"rendered":"<p>la plaque indiquant des v\u00e9locip\u00e8des; Frankreich ca. 1880<br \/>\nSystem: Banderole \/ Material: Aluminium<\/p>\n<h2>Das Fahrradkennzeichen &#8211; wer hats erfunden?<\/h2>\n<p>&nbsp;<\/p>\n<p>Seit vielen Jahren ist die Schweiz das Land mit dem h\u00f6chsten Durchschnittswert bei der Anzahl von Patentmeldungen (pro Million Einwohner). Dieser Wert gilt als der Indikator f\u00fcr die Innovationskraft eines Landes schlechthin. Deshalb ist die Frage des bekannten Werbeslogans f\u00fcr Ricola Kr\u00e4uterbonbons &#8220;Wer hats erfunden?&#8221; <a href=\"https:\/\/de.wikipedia.org\/wiki\/Ricola#Werbung\">[LINK]<\/a> in der Schweiz von immanenter Bedeutung. Selbstverst\u00e4ndlich auch dann, wenn es um die Erfindung des Fahrradkennzeichen geht.<\/p>\n<p>Trotz allem Nationalstolz waren wir jahrzehntelang der Meinung, dass das Fahrradkennzeichen vom Polizeipr\u00e4fekten L\u00e9on Renault erfunden wurde, der 1874 in Paris &#8220;la plaque indiquant&#8221; eingef\u00fchrt hat <a href=\"https:\/\/www.velonummern.ch\/archiv\/1874-die-erfindung-des-fahrradkennzeichens-in-paris\/\">[DOKUMENT]<\/a>.<\/p>\n<p>Mehr zu diesem Thema erfahren Sie hier: <a href=\"https:\/\/www.velonummern.ch\/geschichte\/\">Geschichte der Schweizer Fahrradkennzeichen<\/a><\/p>\n<p>&nbsp;<\/p>\n<p><strong>Bild<\/strong><br \/>\nPerson: Christiane Bierot<br \/>\nGemeinde: 67110 Gumbrechtshoffen<br \/>\nim D\u00e9partement Bas-Rhin (67)<br \/>\nin der Region Grand Est<br \/>\nin der Europ\u00e4ischen Gebietsk\u00f6rperschaft Elsass<\/p>\n","protected":false},"excerpt":{"rendered":"<p>la plaque indiquant des v\u00e9locip\u00e8des; Frankreich ca. 1880<br \/>\nSystem: Banderole \/ Material: Aluminium<\/p>\n<h2>Das Fahrradkennzeichen &#8211; wer hats erfunden?<\/h2>\n<p>&nbsp;<\/p>\n<p>Seit vielen Jahren ist die Schweiz das Land mit dem h\u00f6chsten Durchschnittswert bei der Anzahl von Patentmeldungen (pro Million Einwohner). Dieser Wert gilt als der Indikator f\u00fcr die Innovationskraft eines Landes schlechthin. Deshalb ist die Frage des bekannten Werbeslogans f\u00fcr Ricola Kr\u00e4uterbonbons &#8220;Wer hats erfunden?&#8221; <a href=\"https:\/\/de.wikipedia.org\/wiki\/Ricola#Werbung\">[LINK]<\/a> in der Schweiz von immanenter Bedeutung. Selbstverst\u00e4ndlich auch dann, wenn es um die Erfindung des Fahrradkennzeichen geht.<\/p>\n<p>Trotz allem Nationalstolz waren wir jahrzehntelang der Meinung, dass das Fahrradkennzeichen vom Polizeipr\u00e4fekten L\u00e9on Renault erfunden wurde, der 1874 in Paris &#8220;la plaque indiquant&#8221; eingef\u00fchrt hat <a href=\"https:\/\/www.velonummern.ch\/archiv\/1874-die-erfindung-des-fahrradkennzeichens-in-paris\/\">[DOKUMENT]<\/a>.<\/p>\n<p>Mehr zu diesem Thema erfahren Sie hier: <a href=\"https:\/\/www.velonummern.ch\/geschichte\/\">Geschichte der Schweizer Fahrradkennzeichen<\/a><\/p>\n<p>&nbsp;<\/p>\n<p><strong>Bild<\/strong><br \/>\nPerson: Christiane Bierot<br \/>\nGemeinde: 67110 Gumbrechtshoffen<br \/>\nim D\u00e9partement Bas-Rhin (67)<br \/>\nin der Region Grand Est<br \/>\nin der Europ\u00e4ischen Gebietsk\u00f6rperschaft Elsass<\/p>\n<p>Bildquelle: www.ebay.fr \/ nadette1210<\/p>\n","protected":false},"featured_media":19237,"template":"","meta":{"_acf_changed":false,"inline_featured_image":false},"product_brand":[],"product_cat":[166,238],"product_tag":[],"class_list":{"0":"post-19227","1":"product","2":"type-product","3":"status-publish","4":"has-post-thumbnail","6":"product_cat-166","7":"product_cat-special-design","9":"first","10":"outofstock","11":"sold-individually","12":"product-type-simple"},"acf":[],"yoast_head":"<!-- This site is optimized with the Yoast SEO plugin v27.4 - https:\/\/yoast.com\/product\/yoast-seo-wordpress\/ -->\n<title>Fahrradkennzeichen France 1880 ca. | Museo Svizzero di Targhe per Biciclette<\/title>\n<meta name=\"description\" content=\"L\u00e9on Renault f\u00fchrt 1874 in Paris &quot;la plaque indiquant&quot; ein \/ Banderole ca. 1880 \/ Wer hat wer hat das Fahrradkennzeichen erfunden?\" \/>\n<meta name=\"robots\" content=\"index, follow, max-snippet:-1, max-image-preview:large, max-video-preview:-1\" \/>\n<link rel=\"canonical\" href=\"https:\/\/www.velonummern.ch\/it\/prodotto\/france-1880\/\" \/>\n<meta name=\"twitter:label1\" content=\"Tempo di lettura stimato\" \/>\n\t<meta name=\"twitter:data1\" content=\"1 minuto\" \/>\n<script type=\"application\/ld+json\" class=\"yoast-schema-graph\">{\"@context\":\"https:\\\/\\\/schema.org\",\"@graph\":[{\"@type\":\"WebPage\",\"@id\":\"https:\\\/\\\/www.velonummern.ch\\\/it\\\/prodotto\\\/france-1880\\\/\",\"url\":\"https:\\\/\\\/www.velonummern.ch\\\/it\\\/prodotto\\\/france-1880\\\/\",\"name\":\"Fahrradkennzeichen France 1880 ca. | Museo Svizzero di Targhe per Biciclette\",\"isPartOf\":{\"@id\":\"https:\\\/\\\/www.velonummern.ch\\\/it\\\/#website\"},\"primaryImageOfPage\":{\"@id\":\"https:\\\/\\\/www.velonummern.ch\\\/it\\\/prodotto\\\/france-1880\\\/#primaryimage\"},\"image\":{\"@id\":\"https:\\\/\\\/www.velonummern.ch\\\/it\\\/prodotto\\\/france-1880\\\/#primaryimage\"},\"thumbnailUrl\":\"https:\\\/\\\/www.velonummern.ch\\\/wp-content\\\/uploads\\\/2022\\\/10\\\/France-1880.jpg\",\"datePublished\":\"2022-10-28T04:33:26+00:00\",\"dateModified\":\"2025-01-24T10:55:55+00:00\",\"description\":\"L\u00e9on Renault f\u00fchrt 1874 in Paris \\\"la plaque indiquant\\\" ein \\\/ Banderole ca. 1880 \\\/ Wer hat wer hat das Fahrradkennzeichen erfunden?\",\"breadcrumb\":{\"@id\":\"https:\\\/\\\/www.velonummern.ch\\\/it\\\/prodotto\\\/france-1880\\\/#breadcrumb\"},\"inLanguage\":\"it-IT\",\"potentialAction\":[{\"@type\":\"ReadAction\",\"target\":[\"https:\\\/\\\/www.velonummern.ch\\\/it\\\/prodotto\\\/france-1880\\\/\"]}]},{\"@type\":\"ImageObject\",\"inLanguage\":\"it-IT\",\"@id\":\"https:\\\/\\\/www.velonummern.ch\\\/it\\\/prodotto\\\/france-1880\\\/#primaryimage\",\"url\":\"https:\\\/\\\/www.velonummern.ch\\\/wp-content\\\/uploads\\\/2022\\\/10\\\/France-1880.jpg\",\"contentUrl\":\"https:\\\/\\\/www.velonummern.ch\\\/wp-content\\\/uploads\\\/2022\\\/10\\\/France-1880.jpg\",\"width\":500,\"height\":500},{\"@type\":\"BreadcrumbList\",\"@id\":\"https:\\\/\\\/www.velonummern.ch\\\/it\\\/prodotto\\\/france-1880\\\/#breadcrumb\",\"itemListElement\":[{\"@type\":\"ListItem\",\"position\":1,\"name\":\"Startseite\",\"item\":\"https:\\\/\\\/www.velonummern.ch\\\/it\\\/\"},{\"@type\":\"ListItem\",\"position\":2,\"name\":\"Prodotti\",\"item\":\"https:\\\/\\\/www.velonummern.ch\\\/it\\\/shop\\\/\"},{\"@type\":\"ListItem\",\"position\":3,\"name\":\"France 1880 ca.\"}]},{\"@type\":\"WebSite\",\"@id\":\"https:\\\/\\\/www.velonummern.ch\\\/it\\\/#website\",\"url\":\"https:\\\/\\\/www.velonummern.ch\\\/it\\\/\",\"name\":\"Museo Svizzero di Targhe per Biciclette\",\"description\":\"\",\"publisher\":{\"@id\":\"https:\\\/\\\/www.velonummern.ch\\\/it\\\/#organization\"},\"potentialAction\":[{\"@type\":\"SearchAction\",\"target\":{\"@type\":\"EntryPoint\",\"urlTemplate\":\"https:\\\/\\\/www.velonummern.ch\\\/it\\\/?s={search_term_string}\"},\"query-input\":{\"@type\":\"PropertyValueSpecification\",\"valueRequired\":true,\"valueName\":\"search_term_string\"}}],\"inLanguage\":\"it-IT\"},{\"@type\":\"Organization\",\"@id\":\"https:\\\/\\\/www.velonummern.ch\\\/it\\\/#organization\",\"name\":\"Museo Svizzero di Targhe per Biciclette\",\"url\":\"https:\\\/\\\/www.velonummern.ch\\\/it\\\/\",\"logo\":{\"@type\":\"ImageObject\",\"inLanguage\":\"it-IT\",\"@id\":\"https:\\\/\\\/www.velonummern.ch\\\/it\\\/#\\\/schema\\\/logo\\\/image\\\/\",\"url\":\"https:\\\/\\\/www.velonummern.ch\\\/wp-content\\\/uploads\\\/2022\\\/04\\\/logo-de-1.svg\",\"contentUrl\":\"https:\\\/\\\/www.velonummern.ch\\\/wp-content\\\/uploads\\\/2022\\\/04\\\/logo-de-1.svg\",\"width\":\"1024\",\"height\":\"1024\",\"caption\":\"Museo Svizzero di Targhe per Biciclette\"},\"image\":{\"@id\":\"https:\\\/\\\/www.velonummern.ch\\\/it\\\/#\\\/schema\\\/logo\\\/image\\\/\"}}]}<\/script>\n<!-- \/ Yoast SEO plugin. -->","yoast_head_json":{"title":"Fahrradkennzeichen France 1880 ca. | Museo Svizzero di Targhe per Biciclette","description":"L\u00e9on Renault f\u00fchrt 1874 in Paris \"la plaque indiquant\" ein \/ Banderole ca. 1880 \/ Wer hat wer hat das Fahrradkennzeichen erfunden?","robots":{"index":"index","follow":"follow","max-snippet":"max-snippet:-1","max-image-preview":"max-image-preview:large","max-video-preview":"max-video-preview:-1"},"canonical":"https:\/\/www.velonummern.ch\/it\/prodotto\/france-1880\/","twitter_misc":{"Tempo di lettura stimato":"1 minuto"},"schema":{"@context":"https:\/\/schema.org","@graph":[{"@type":"WebPage","@id":"https:\/\/www.velonummern.ch\/it\/prodotto\/france-1880\/","url":"https:\/\/www.velonummern.ch\/it\/prodotto\/france-1880\/","name":"Fahrradkennzeichen France 1880 ca. | Museo Svizzero di Targhe per Biciclette","isPartOf":{"@id":"https:\/\/www.velonummern.ch\/it\/#website"},"primaryImageOfPage":{"@id":"https:\/\/www.velonummern.ch\/it\/prodotto\/france-1880\/#primaryimage"},"image":{"@id":"https:\/\/www.velonummern.ch\/it\/prodotto\/france-1880\/#primaryimage"},"thumbnailUrl":"https:\/\/www.velonummern.ch\/wp-content\/uploads\/2022\/10\/France-1880.jpg","datePublished":"2022-10-28T04:33:26+00:00","dateModified":"2025-01-24T10:55:55+00:00","description":"L\u00e9on Renault f\u00fchrt 1874 in Paris \"la plaque indiquant\" ein \/ Banderole ca. 1880 \/ Wer hat wer hat das Fahrradkennzeichen erfunden?","breadcrumb":{"@id":"https:\/\/www.velonummern.ch\/it\/prodotto\/france-1880\/#breadcrumb"},"inLanguage":"it-IT","potentialAction":[{"@type":"ReadAction","target":["https:\/\/www.velonummern.ch\/it\/prodotto\/france-1880\/"]}]},{"@type":"ImageObject","inLanguage":"it-IT","@id":"https:\/\/www.velonummern.ch\/it\/prodotto\/france-1880\/#primaryimage","url":"https:\/\/www.velonummern.ch\/wp-content\/uploads\/2022\/10\/France-1880.jpg","contentUrl":"https:\/\/www.velonummern.ch\/wp-content\/uploads\/2022\/10\/France-1880.jpg","width":500,"height":500},{"@type":"BreadcrumbList","@id":"https:\/\/www.velonummern.ch\/it\/prodotto\/france-1880\/#breadcrumb","itemListElement":[{"@type":"ListItem","position":1,"name":"Startseite","item":"https:\/\/www.velonummern.ch\/it\/"},{"@type":"ListItem","position":2,"name":"Prodotti","item":"https:\/\/www.velonummern.ch\/it\/shop\/"},{"@type":"ListItem","position":3,"name":"France 1880 ca."}]},{"@type":"WebSite","@id":"https:\/\/www.velonummern.ch\/it\/#website","url":"https:\/\/www.velonummern.ch\/it\/","name":"Museo Svizzero di Targhe per Biciclette","description":"","publisher":{"@id":"https:\/\/www.velonummern.ch\/it\/#organization"},"potentialAction":[{"@type":"SearchAction","target":{"@type":"EntryPoint","urlTemplate":"https:\/\/www.velonummern.ch\/it\/?s={search_term_string}"},"query-input":{"@type":"PropertyValueSpecification","valueRequired":true,"valueName":"search_term_string"}}],"inLanguage":"it-IT"},{"@type":"Organization","@id":"https:\/\/www.velonummern.ch\/it\/#organization","name":"Museo Svizzero di Targhe per Biciclette","url":"https:\/\/www.velonummern.ch\/it\/","logo":{"@type":"ImageObject","inLanguage":"it-IT","@id":"https:\/\/www.velonummern.ch\/it\/#\/schema\/logo\/image\/","url":"https:\/\/www.velonummern.ch\/wp-content\/uploads\/2022\/04\/logo-de-1.svg","contentUrl":"https:\/\/www.velonummern.ch\/wp-content\/uploads\/2022\/04\/logo-de-1.svg","width":"1024","height":"1024","caption":"Museo Svizzero di Targhe per Biciclette"},"image":{"@id":"https:\/\/www.velonummern.ch\/it\/#\/schema\/logo\/image\/"}}]}},"_links":{"self":[{"href":"https:\/\/www.velonummern.ch\/it\/wp-json\/wp\/v2\/product\/19227","targetHints":{"allow":["GET"]}}],"collection":[{"href":"https:\/\/www.velonummern.ch\/it\/wp-json\/wp\/v2\/product"}],"about":[{"href":"https:\/\/www.velonummern.ch\/it\/wp-json\/wp\/v2\/types\/product"}],"wp:featuredmedia":[{"embeddable":true,"href":"https:\/\/www.velonummern.ch\/it\/wp-json\/wp\/v2\/media\/19237"}],"wp:attachment":[{"href":"https:\/\/www.velonummern.ch\/it\/wp-json\/wp\/v2\/media?parent=19227"}],"wp:term":[{"taxonomy":"product_brand","embeddable":true,"href":"https:\/\/www.velonummern.ch\/it\/wp-json\/wp\/v2\/product_brand?post=19227"},{"taxonomy":"product_cat","embeddable":true,"href":"https:\/\/www.velonummern.ch\/it\/wp-json\/wp\/v2\/product_cat?post=19227"},{"taxonomy":"product_tag","embeddable":true,"href":"https:\/\/www.velonummern.ch\/it\/wp-json\/wp\/v2\/product_tag?post=19227"}],"curies":[{"name":"wp","href":"https:\/\/api.w.org\/{rel}","templated":true}]}}