{"id":19902,"date":"2023-01-25T14:51:08","date_gmt":"2023-01-25T13:51:08","guid":{"rendered":"https:\/\/www.velonummern.ch\/?post_type=product&#038;p=19902"},"modified":"2025-04-02T13:07:05","modified_gmt":"2025-04-02T11:07:05","slug":"sh-1907-1908","status":"publish","type":"product","link":"https:\/\/www.velonummern.ch\/it\/prodotto\/sh-1907-1908\/","title":{"rendered":"SH 1906 \/ 1907 \/ 1908"},"content":{"rendered":"","protected":false},"excerpt":{"rendered":"<p>Kanton: Schaffhausen<br \/>\nJahr: 1906, 1907 und\/oder 1908<br \/>\nErstausgabe: unklar<br \/>\nDauer der G\u00fcltigkeit: unklar<\/p>\n<p>Material: Blech<\/p>\n<p>Aufgrund des gesamten Prozesses rund um die Erstellung der \u00dcbersicht s\u00e4mtlicher kantonalen Velonummern im Jahr 1908 <a href=\"https:\/\/www.velonummern.ch\/archiv\/1908-fahrradkennzeichen-aller-kantone\/\">[BILD]<\/a> m\u00fcsste man eigentlich davon ausgehen, dass die Kantone ihre Muster-Schilder dem EDI zwischen November 1906 und Mitte 1907 zugestellt haben. Dieser Annahme widersprechen allerdings die beiden Schilder aus dem Kanton Z\u00fcrich, welche sich genau datieren lassen (Kanton 1907 \/ Bezirk 1908); siehe dazu Kapitel \u00ab1902-1909 ZH: Die Bestimmung des Jahrgangs der ersten Velonummern\u00bb. Also k\u00f6nnen die Muster-Schilder aus den Jahren 1906, 1907 oder 1908 stammen. Wann diese jedoch erstmals ausgegeben wurden und bis wann sie g\u00fcltig waren bleibt f\u00fcr die meisten Kantone vorerst ungekl\u00e4rt.<\/p>\n<p>Alles \u00fcber das Zustandekommen bzw. das Nicht-Zustandekommen dieser bedeutenden \u00dcbersicht erfahren Sie mit allen Details in der <a href=\"https:\/\/www.velonummern.ch\/geschichte\/\">Geschichte der Schweizer Fahrradkennzeichen<\/a><\/p>\n","protected":false},"featured_media":19903,"template":"","meta":{"_acf_changed":false,"inline_featured_image":false},"product_brand":[],"product_cat":[166,227,238],"product_tag":[],"class_list":{"0":"post-19902","1":"product","2":"type-product","3":"status-publish","4":"has-post-thumbnail","6":"product_cat-166","7":"product_cat-sh-schaffhausen","8":"product_cat-special-design","10":"first","11":"outofstock","12":"sold-individually","13":"product-type-simple"},"acf":[],"yoast_head":"<!-- This site is optimized with the Yoast SEO plugin v27.4 - https:\/\/yoast.com\/product\/yoast-seo-wordpress\/ -->\n<title>Fahrradkennzeichen Schaffhausen SH 1907<\/title>\n<meta name=\"description\" content=\"1907 Fahrradkennzeichen Kanton Schaffhausen vom eidg. Departement des Innern zusammengestellt f\u00fcr die Polizeibeamten in der ganzen Schweiz.\" \/>\n<meta name=\"robots\" content=\"index, follow, max-snippet:-1, max-image-preview:large, max-video-preview:-1\" \/>\n<link rel=\"canonical\" href=\"https:\/\/www.velonummern.ch\/it\/prodotto\/sh-1907-1908\/\" \/>\n<script type=\"application\/ld+json\" class=\"yoast-schema-graph\">{\"@context\":\"https:\\\/\\\/schema.org\",\"@graph\":[{\"@type\":\"WebPage\",\"@id\":\"https:\\\/\\\/www.velonummern.ch\\\/it\\\/prodotto\\\/sh-1907-1908\\\/\",\"url\":\"https:\\\/\\\/www.velonummern.ch\\\/it\\\/prodotto\\\/sh-1907-1908\\\/\",\"name\":\"Fahrradkennzeichen Schaffhausen SH 1907\",\"isPartOf\":{\"@id\":\"https:\\\/\\\/www.velonummern.ch\\\/it\\\/#website\"},\"primaryImageOfPage\":{\"@id\":\"https:\\\/\\\/www.velonummern.ch\\\/it\\\/prodotto\\\/sh-1907-1908\\\/#primaryimage\"},\"image\":{\"@id\":\"https:\\\/\\\/www.velonummern.ch\\\/it\\\/prodotto\\\/sh-1907-1908\\\/#primaryimage\"},\"thumbnailUrl\":\"https:\\\/\\\/www.velonummern.ch\\\/wp-content\\\/uploads\\\/2023\\\/01\\\/1907-SH-Schilder-fur-Fahrrader-Tabelle.png\",\"datePublished\":\"2023-01-25T13:51:08+00:00\",\"dateModified\":\"2025-04-02T11:07:05+00:00\",\"description\":\"1907 Fahrradkennzeichen Kanton Schaffhausen vom eidg. Departement des Innern zusammengestellt f\u00fcr die Polizeibeamten in der ganzen Schweiz.\",\"breadcrumb\":{\"@id\":\"https:\\\/\\\/www.velonummern.ch\\\/it\\\/prodotto\\\/sh-1907-1908\\\/#breadcrumb\"},\"inLanguage\":\"it-IT\",\"potentialAction\":[{\"@type\":\"ReadAction\",\"target\":[\"https:\\\/\\\/www.velonummern.ch\\\/it\\\/prodotto\\\/sh-1907-1908\\\/\"]}]},{\"@type\":\"ImageObject\",\"inLanguage\":\"it-IT\",\"@id\":\"https:\\\/\\\/www.velonummern.ch\\\/it\\\/prodotto\\\/sh-1907-1908\\\/#primaryimage\",\"url\":\"https:\\\/\\\/www.velonummern.ch\\\/wp-content\\\/uploads\\\/2023\\\/01\\\/1907-SH-Schilder-fur-Fahrrader-Tabelle.png\",\"contentUrl\":\"https:\\\/\\\/www.velonummern.ch\\\/wp-content\\\/uploads\\\/2023\\\/01\\\/1907-SH-Schilder-fur-Fahrrader-Tabelle.png\",\"width\":500,\"height\":500},{\"@type\":\"BreadcrumbList\",\"@id\":\"https:\\\/\\\/www.velonummern.ch\\\/it\\\/prodotto\\\/sh-1907-1908\\\/#breadcrumb\",\"itemListElement\":[{\"@type\":\"ListItem\",\"position\":1,\"name\":\"Startseite\",\"item\":\"https:\\\/\\\/www.velonummern.ch\\\/it\\\/\"},{\"@type\":\"ListItem\",\"position\":2,\"name\":\"Prodotti\",\"item\":\"https:\\\/\\\/www.velonummern.ch\\\/it\\\/shop\\\/\"},{\"@type\":\"ListItem\",\"position\":3,\"name\":\"SH 1906 \\\/ 1907 \\\/ 1908\"}]},{\"@type\":\"WebSite\",\"@id\":\"https:\\\/\\\/www.velonummern.ch\\\/it\\\/#website\",\"url\":\"https:\\\/\\\/www.velonummern.ch\\\/it\\\/\",\"name\":\"Museo Svizzero di Targhe per Biciclette\",\"description\":\"\",\"publisher\":{\"@id\":\"https:\\\/\\\/www.velonummern.ch\\\/it\\\/#organization\"},\"potentialAction\":[{\"@type\":\"SearchAction\",\"target\":{\"@type\":\"EntryPoint\",\"urlTemplate\":\"https:\\\/\\\/www.velonummern.ch\\\/it\\\/?s={search_term_string}\"},\"query-input\":{\"@type\":\"PropertyValueSpecification\",\"valueRequired\":true,\"valueName\":\"search_term_string\"}}],\"inLanguage\":\"it-IT\"},{\"@type\":\"Organization\",\"@id\":\"https:\\\/\\\/www.velonummern.ch\\\/it\\\/#organization\",\"name\":\"Museo Svizzero di Targhe per Biciclette\",\"url\":\"https:\\\/\\\/www.velonummern.ch\\\/it\\\/\",\"logo\":{\"@type\":\"ImageObject\",\"inLanguage\":\"it-IT\",\"@id\":\"https:\\\/\\\/www.velonummern.ch\\\/it\\\/#\\\/schema\\\/logo\\\/image\\\/\",\"url\":\"https:\\\/\\\/www.velonummern.ch\\\/wp-content\\\/uploads\\\/2022\\\/04\\\/logo-de-1.svg\",\"contentUrl\":\"https:\\\/\\\/www.velonummern.ch\\\/wp-content\\\/uploads\\\/2022\\\/04\\\/logo-de-1.svg\",\"width\":\"1024\",\"height\":\"1024\",\"caption\":\"Museo Svizzero di Targhe per Biciclette\"},\"image\":{\"@id\":\"https:\\\/\\\/www.velonummern.ch\\\/it\\\/#\\\/schema\\\/logo\\\/image\\\/\"}}]}<\/script>\n<!-- \/ Yoast SEO plugin. -->","yoast_head_json":{"title":"Fahrradkennzeichen Schaffhausen SH 1907","description":"1907 Fahrradkennzeichen Kanton Schaffhausen vom eidg. Departement des Innern zusammengestellt f\u00fcr die Polizeibeamten in der ganzen Schweiz.","robots":{"index":"index","follow":"follow","max-snippet":"max-snippet:-1","max-image-preview":"max-image-preview:large","max-video-preview":"max-video-preview:-1"},"canonical":"https:\/\/www.velonummern.ch\/it\/prodotto\/sh-1907-1908\/","schema":{"@context":"https:\/\/schema.org","@graph":[{"@type":"WebPage","@id":"https:\/\/www.velonummern.ch\/it\/prodotto\/sh-1907-1908\/","url":"https:\/\/www.velonummern.ch\/it\/prodotto\/sh-1907-1908\/","name":"Fahrradkennzeichen Schaffhausen SH 1907","isPartOf":{"@id":"https:\/\/www.velonummern.ch\/it\/#website"},"primaryImageOfPage":{"@id":"https:\/\/www.velonummern.ch\/it\/prodotto\/sh-1907-1908\/#primaryimage"},"image":{"@id":"https:\/\/www.velonummern.ch\/it\/prodotto\/sh-1907-1908\/#primaryimage"},"thumbnailUrl":"https:\/\/www.velonummern.ch\/wp-content\/uploads\/2023\/01\/1907-SH-Schilder-fur-Fahrrader-Tabelle.png","datePublished":"2023-01-25T13:51:08+00:00","dateModified":"2025-04-02T11:07:05+00:00","description":"1907 Fahrradkennzeichen Kanton Schaffhausen vom eidg. Departement des Innern zusammengestellt f\u00fcr die Polizeibeamten in der ganzen Schweiz.","breadcrumb":{"@id":"https:\/\/www.velonummern.ch\/it\/prodotto\/sh-1907-1908\/#breadcrumb"},"inLanguage":"it-IT","potentialAction":[{"@type":"ReadAction","target":["https:\/\/www.velonummern.ch\/it\/prodotto\/sh-1907-1908\/"]}]},{"@type":"ImageObject","inLanguage":"it-IT","@id":"https:\/\/www.velonummern.ch\/it\/prodotto\/sh-1907-1908\/#primaryimage","url":"https:\/\/www.velonummern.ch\/wp-content\/uploads\/2023\/01\/1907-SH-Schilder-fur-Fahrrader-Tabelle.png","contentUrl":"https:\/\/www.velonummern.ch\/wp-content\/uploads\/2023\/01\/1907-SH-Schilder-fur-Fahrrader-Tabelle.png","width":500,"height":500},{"@type":"BreadcrumbList","@id":"https:\/\/www.velonummern.ch\/it\/prodotto\/sh-1907-1908\/#breadcrumb","itemListElement":[{"@type":"ListItem","position":1,"name":"Startseite","item":"https:\/\/www.velonummern.ch\/it\/"},{"@type":"ListItem","position":2,"name":"Prodotti","item":"https:\/\/www.velonummern.ch\/it\/shop\/"},{"@type":"ListItem","position":3,"name":"SH 1906 \/ 1907 \/ 1908"}]},{"@type":"WebSite","@id":"https:\/\/www.velonummern.ch\/it\/#website","url":"https:\/\/www.velonummern.ch\/it\/","name":"Museo Svizzero di Targhe per Biciclette","description":"","publisher":{"@id":"https:\/\/www.velonummern.ch\/it\/#organization"},"potentialAction":[{"@type":"SearchAction","target":{"@type":"EntryPoint","urlTemplate":"https:\/\/www.velonummern.ch\/it\/?s={search_term_string}"},"query-input":{"@type":"PropertyValueSpecification","valueRequired":true,"valueName":"search_term_string"}}],"inLanguage":"it-IT"},{"@type":"Organization","@id":"https:\/\/www.velonummern.ch\/it\/#organization","name":"Museo Svizzero di Targhe per Biciclette","url":"https:\/\/www.velonummern.ch\/it\/","logo":{"@type":"ImageObject","inLanguage":"it-IT","@id":"https:\/\/www.velonummern.ch\/it\/#\/schema\/logo\/image\/","url":"https:\/\/www.velonummern.ch\/wp-content\/uploads\/2022\/04\/logo-de-1.svg","contentUrl":"https:\/\/www.velonummern.ch\/wp-content\/uploads\/2022\/04\/logo-de-1.svg","width":"1024","height":"1024","caption":"Museo Svizzero di Targhe per Biciclette"},"image":{"@id":"https:\/\/www.velonummern.ch\/it\/#\/schema\/logo\/image\/"}}]}},"_links":{"self":[{"href":"https:\/\/www.velonummern.ch\/it\/wp-json\/wp\/v2\/product\/19902","targetHints":{"allow":["GET"]}}],"collection":[{"href":"https:\/\/www.velonummern.ch\/it\/wp-json\/wp\/v2\/product"}],"about":[{"href":"https:\/\/www.velonummern.ch\/it\/wp-json\/wp\/v2\/types\/product"}],"wp:featuredmedia":[{"embeddable":true,"href":"https:\/\/www.velonummern.ch\/it\/wp-json\/wp\/v2\/media\/19903"}],"wp:attachment":[{"href":"https:\/\/www.velonummern.ch\/it\/wp-json\/wp\/v2\/media?parent=19902"}],"wp:term":[{"taxonomy":"product_brand","embeddable":true,"href":"https:\/\/www.velonummern.ch\/it\/wp-json\/wp\/v2\/product_brand?post=19902"},{"taxonomy":"product_cat","embeddable":true,"href":"https:\/\/www.velonummern.ch\/it\/wp-json\/wp\/v2\/product_cat?post=19902"},{"taxonomy":"product_tag","embeddable":true,"href":"https:\/\/www.velonummern.ch\/it\/wp-json\/wp\/v2\/product_tag?post=19902"}],"curies":[{"name":"wp","href":"https:\/\/api.w.org\/{rel}","templated":true}]}}