{"id":19990,"date":"2023-01-31T10:19:27","date_gmt":"2023-01-31T09:19:27","guid":{"rendered":"https:\/\/www.velonummern.ch\/?post_type=product&#038;p=19990"},"modified":"2023-12-05T08:57:55","modified_gmt":"2023-12-05T07:57:55","slug":"1959-fahrradkennzeichen-verordnung","status":"publish","type":"product","link":"https:\/\/www.velonummern.ch\/it\/prodotto\/1959-fahrradkennzeichen-verordnung\/","title":{"rendered":"1959 Fahrradkennzeichen Verordnung"},"content":{"rendered":"<h2>1959 Fahrradkennzeichen Verordnung<\/h2>\n<p><em>Die Kennzeichen sind 8 cm hoch und 5 cm breit. Sie sind aus Metall hergestellt und weisen einen rot reflektierenden Belag auf. Oben sind die dem Kanton f\u00fcr seine Kontrollschilder zugeteilten Buch\u00adstaben, darunter die zwei letzten Ziffern der Jahreszahl erhaben eingepresst. Die H\u00f6he der Buchstaben und Zahlen betr\u00e4gt 2 cm, die Strichst\u00e4rke 0,3 cm. Am unteren Rand ist auf einem 0,8 cm hohen Streifen ohne Belag eine kleine, farblose Versicherungsnummer eingepr\u00e4gt.<\/em><\/p>\n<p>Wie wir sehen werden, finden die Kantone Mittel und Wege sich innerhalb und ausserhalb der engen Grenzen des durch die Verordnung \u00fcber Haftpflicht und Versicherungen im Strassenverkehr von 1959 definierten Schweizer-Norm-Designs, sei es auch nur in kleinsten Elementen, zu unterscheiden. Weshalb diese Unterscheidung f\u00fcr die viele Kantone derart wichtig war, konnten wir leider noch nicht in Erfahrung bringen. Vermutlich h\u00e4ngt dieses Ph\u00e4nomen weniger mit der offiziellen Meinung der Kantone oder deren zust\u00e4ndigen Beh\u00f6rden an sich, als vielmehr mit den Haltungen und Vorstellungen der bei diesen Beh\u00f6rden zust\u00e4ndigen Personen zusammen.<\/p>\n<p>Mehr Informationen finden Sie im Schweizer Velonummern Museum: <a href=\"https:\/\/www.velonummern.ch\/geschichte\/\">Geschichte der Schweizer Fahrradkennzeichen<\/a><\/p>\n","protected":false},"excerpt":{"rendered":"<h2>1959 Fahrradkennzeichen Verordnung<\/h2>\n<p><em>Die Kennzeichen sind 8 cm hoch und 5 cm breit. Sie sind aus Metall hergestellt und weisen einen rot reflektierenden Belag auf. Oben sind die dem Kanton f\u00fcr seine Kontrollschilder zugeteilten Buch\u00adstaben, darunter die zwei letzten Ziffern der Jahreszahl erhaben eingepresst. Die H\u00f6he der Buchstaben und Zahlen betr\u00e4gt 2 cm, die Strichst\u00e4rke 0,3 cm. Am unteren Rand ist auf einem 0,8 cm hohen Streifen ohne Belag eine kleine, farblose Versicherungsnummer eingepr\u00e4gt.<\/em><\/p>\n<p>Wie wir sehen werden, finden die Kantone Mittel und Wege sich innerhalb und ausserhalb der engen Grenzen des durch die Verordnung \u00fcber Haftpflicht und Versicherungen im Strassenverkehr von 1959 definierten Schweizer-Norm-Designs, sei es auch nur in kleinsten Elementen, zu unterscheiden. Weshalb diese Unterscheidung f\u00fcr die viele Kantone derart wichtig war, konnten wir leider noch nicht in Erfahrung bringen. Vermutlich h\u00e4ngt dieses Ph\u00e4nomen weniger mit der offiziellen Meinung der Kantone oder deren zust\u00e4ndigen Beh\u00f6rden an sich, als vielmehr mit den Haltungen und Vorstellungen der bei diesen Beh\u00f6rden zust\u00e4ndigen Personen zusammen.<\/p>\n<p>Mehr Informationen finden Sie im Schweizer Velonummern Museum: <a href=\"https:\/\/www.velonummern.ch\/geschichte\/\">Geschichte der Schweizer Fahrradkennzeichen<\/a><\/p>\n<p>&nbsp;<\/p>\n<p>&nbsp;<\/p>\n","protected":false},"featured_media":19991,"template":"","meta":{"_acf_changed":false,"inline_featured_image":false},"product_brand":[],"product_cat":[197,196,195,194,223,238],"product_tag":[],"class_list":{"0":"post-19990","1":"product","2":"type-product","3":"status-publish","4":"has-post-thumbnail","6":"product_cat-197","7":"product_cat-196","8":"product_cat-195","9":"product_cat-194","10":"product_cat-ne-neuchatel","11":"product_cat-special-design","13":"first","14":"outofstock","15":"sold-individually","16":"purchasable","17":"product-type-simple"},"acf":[],"yoast_head":"<!-- This site is optimized with the Yoast SEO plugin v27.4 - https:\/\/yoast.com\/product\/yoast-seo-wordpress\/ -->\n<title>1959 Fahrradkennzeichen Verordnung<\/title>\n<meta name=\"description\" content=\"Erst 1962 wird von allen Kantonen das 1959 per Verordnung definierte Schweizer-Norm-Design f\u00fcr Fahrradkennzeichen umgesetzt.\" \/>\n<meta name=\"robots\" content=\"index, follow, max-snippet:-1, max-image-preview:large, max-video-preview:-1\" \/>\n<link rel=\"canonical\" href=\"https:\/\/www.velonummern.ch\/it\/prodotto\/1959-fahrradkennzeichen-verordnung\/\" \/>\n<meta name=\"twitter:label1\" content=\"Tempo di lettura stimato\" \/>\n\t<meta name=\"twitter:data1\" content=\"1 minuto\" \/>\n<script type=\"application\/ld+json\" class=\"yoast-schema-graph\">{\"@context\":\"https:\\\/\\\/schema.org\",\"@graph\":[{\"@type\":\"WebPage\",\"@id\":\"https:\\\/\\\/www.velonummern.ch\\\/it\\\/prodotto\\\/1959-fahrradkennzeichen-verordnung\\\/\",\"url\":\"https:\\\/\\\/www.velonummern.ch\\\/it\\\/prodotto\\\/1959-fahrradkennzeichen-verordnung\\\/\",\"name\":\"1959 Fahrradkennzeichen Verordnung\",\"isPartOf\":{\"@id\":\"https:\\\/\\\/www.velonummern.ch\\\/it\\\/#website\"},\"primaryImageOfPage\":{\"@id\":\"https:\\\/\\\/www.velonummern.ch\\\/it\\\/prodotto\\\/1959-fahrradkennzeichen-verordnung\\\/#primaryimage\"},\"image\":{\"@id\":\"https:\\\/\\\/www.velonummern.ch\\\/it\\\/prodotto\\\/1959-fahrradkennzeichen-verordnung\\\/#primaryimage\"},\"thumbnailUrl\":\"https:\\\/\\\/www.velonummern.ch\\\/wp-content\\\/uploads\\\/2023\\\/01\\\/1959-Fahrradkennzeichen-Verordnung-1.png\",\"datePublished\":\"2023-01-31T09:19:27+00:00\",\"dateModified\":\"2023-12-05T07:57:55+00:00\",\"description\":\"Erst 1962 wird von allen Kantonen das 1959 per Verordnung definierte Schweizer-Norm-Design f\u00fcr Fahrradkennzeichen umgesetzt.\",\"breadcrumb\":{\"@id\":\"https:\\\/\\\/www.velonummern.ch\\\/it\\\/prodotto\\\/1959-fahrradkennzeichen-verordnung\\\/#breadcrumb\"},\"inLanguage\":\"it-IT\",\"potentialAction\":[{\"@type\":\"ReadAction\",\"target\":[\"https:\\\/\\\/www.velonummern.ch\\\/it\\\/prodotto\\\/1959-fahrradkennzeichen-verordnung\\\/\"]}]},{\"@type\":\"ImageObject\",\"inLanguage\":\"it-IT\",\"@id\":\"https:\\\/\\\/www.velonummern.ch\\\/it\\\/prodotto\\\/1959-fahrradkennzeichen-verordnung\\\/#primaryimage\",\"url\":\"https:\\\/\\\/www.velonummern.ch\\\/wp-content\\\/uploads\\\/2023\\\/01\\\/1959-Fahrradkennzeichen-Verordnung-1.png\",\"contentUrl\":\"https:\\\/\\\/www.velonummern.ch\\\/wp-content\\\/uploads\\\/2023\\\/01\\\/1959-Fahrradkennzeichen-Verordnung-1.png\",\"width\":2100,\"height\":2100},{\"@type\":\"BreadcrumbList\",\"@id\":\"https:\\\/\\\/www.velonummern.ch\\\/it\\\/prodotto\\\/1959-fahrradkennzeichen-verordnung\\\/#breadcrumb\",\"itemListElement\":[{\"@type\":\"ListItem\",\"position\":1,\"name\":\"Startseite\",\"item\":\"https:\\\/\\\/www.velonummern.ch\\\/it\\\/\"},{\"@type\":\"ListItem\",\"position\":2,\"name\":\"Prodotti\",\"item\":\"https:\\\/\\\/www.velonummern.ch\\\/it\\\/shop\\\/\"},{\"@type\":\"ListItem\",\"position\":3,\"name\":\"1959 Fahrradkennzeichen Verordnung\"}]},{\"@type\":\"WebSite\",\"@id\":\"https:\\\/\\\/www.velonummern.ch\\\/it\\\/#website\",\"url\":\"https:\\\/\\\/www.velonummern.ch\\\/it\\\/\",\"name\":\"Museo Svizzero di Targhe per Biciclette\",\"description\":\"\",\"publisher\":{\"@id\":\"https:\\\/\\\/www.velonummern.ch\\\/it\\\/#organization\"},\"potentialAction\":[{\"@type\":\"SearchAction\",\"target\":{\"@type\":\"EntryPoint\",\"urlTemplate\":\"https:\\\/\\\/www.velonummern.ch\\\/it\\\/?s={search_term_string}\"},\"query-input\":{\"@type\":\"PropertyValueSpecification\",\"valueRequired\":true,\"valueName\":\"search_term_string\"}}],\"inLanguage\":\"it-IT\"},{\"@type\":\"Organization\",\"@id\":\"https:\\\/\\\/www.velonummern.ch\\\/it\\\/#organization\",\"name\":\"Museo Svizzero di Targhe per Biciclette\",\"url\":\"https:\\\/\\\/www.velonummern.ch\\\/it\\\/\",\"logo\":{\"@type\":\"ImageObject\",\"inLanguage\":\"it-IT\",\"@id\":\"https:\\\/\\\/www.velonummern.ch\\\/it\\\/#\\\/schema\\\/logo\\\/image\\\/\",\"url\":\"https:\\\/\\\/www.velonummern.ch\\\/wp-content\\\/uploads\\\/2022\\\/04\\\/logo-de-1.svg\",\"contentUrl\":\"https:\\\/\\\/www.velonummern.ch\\\/wp-content\\\/uploads\\\/2022\\\/04\\\/logo-de-1.svg\",\"width\":\"1024\",\"height\":\"1024\",\"caption\":\"Museo Svizzero di Targhe per Biciclette\"},\"image\":{\"@id\":\"https:\\\/\\\/www.velonummern.ch\\\/it\\\/#\\\/schema\\\/logo\\\/image\\\/\"}}]}<\/script>\n<!-- \/ Yoast SEO plugin. -->","yoast_head_json":{"title":"1959 Fahrradkennzeichen Verordnung","description":"Erst 1962 wird von allen Kantonen das 1959 per Verordnung definierte Schweizer-Norm-Design f\u00fcr Fahrradkennzeichen umgesetzt.","robots":{"index":"index","follow":"follow","max-snippet":"max-snippet:-1","max-image-preview":"max-image-preview:large","max-video-preview":"max-video-preview:-1"},"canonical":"https:\/\/www.velonummern.ch\/it\/prodotto\/1959-fahrradkennzeichen-verordnung\/","twitter_misc":{"Tempo di lettura stimato":"1 minuto"},"schema":{"@context":"https:\/\/schema.org","@graph":[{"@type":"WebPage","@id":"https:\/\/www.velonummern.ch\/it\/prodotto\/1959-fahrradkennzeichen-verordnung\/","url":"https:\/\/www.velonummern.ch\/it\/prodotto\/1959-fahrradkennzeichen-verordnung\/","name":"1959 Fahrradkennzeichen Verordnung","isPartOf":{"@id":"https:\/\/www.velonummern.ch\/it\/#website"},"primaryImageOfPage":{"@id":"https:\/\/www.velonummern.ch\/it\/prodotto\/1959-fahrradkennzeichen-verordnung\/#primaryimage"},"image":{"@id":"https:\/\/www.velonummern.ch\/it\/prodotto\/1959-fahrradkennzeichen-verordnung\/#primaryimage"},"thumbnailUrl":"https:\/\/www.velonummern.ch\/wp-content\/uploads\/2023\/01\/1959-Fahrradkennzeichen-Verordnung-1.png","datePublished":"2023-01-31T09:19:27+00:00","dateModified":"2023-12-05T07:57:55+00:00","description":"Erst 1962 wird von allen Kantonen das 1959 per Verordnung definierte Schweizer-Norm-Design f\u00fcr Fahrradkennzeichen umgesetzt.","breadcrumb":{"@id":"https:\/\/www.velonummern.ch\/it\/prodotto\/1959-fahrradkennzeichen-verordnung\/#breadcrumb"},"inLanguage":"it-IT","potentialAction":[{"@type":"ReadAction","target":["https:\/\/www.velonummern.ch\/it\/prodotto\/1959-fahrradkennzeichen-verordnung\/"]}]},{"@type":"ImageObject","inLanguage":"it-IT","@id":"https:\/\/www.velonummern.ch\/it\/prodotto\/1959-fahrradkennzeichen-verordnung\/#primaryimage","url":"https:\/\/www.velonummern.ch\/wp-content\/uploads\/2023\/01\/1959-Fahrradkennzeichen-Verordnung-1.png","contentUrl":"https:\/\/www.velonummern.ch\/wp-content\/uploads\/2023\/01\/1959-Fahrradkennzeichen-Verordnung-1.png","width":2100,"height":2100},{"@type":"BreadcrumbList","@id":"https:\/\/www.velonummern.ch\/it\/prodotto\/1959-fahrradkennzeichen-verordnung\/#breadcrumb","itemListElement":[{"@type":"ListItem","position":1,"name":"Startseite","item":"https:\/\/www.velonummern.ch\/it\/"},{"@type":"ListItem","position":2,"name":"Prodotti","item":"https:\/\/www.velonummern.ch\/it\/shop\/"},{"@type":"ListItem","position":3,"name":"1959 Fahrradkennzeichen Verordnung"}]},{"@type":"WebSite","@id":"https:\/\/www.velonummern.ch\/it\/#website","url":"https:\/\/www.velonummern.ch\/it\/","name":"Museo Svizzero di Targhe per Biciclette","description":"","publisher":{"@id":"https:\/\/www.velonummern.ch\/it\/#organization"},"potentialAction":[{"@type":"SearchAction","target":{"@type":"EntryPoint","urlTemplate":"https:\/\/www.velonummern.ch\/it\/?s={search_term_string}"},"query-input":{"@type":"PropertyValueSpecification","valueRequired":true,"valueName":"search_term_string"}}],"inLanguage":"it-IT"},{"@type":"Organization","@id":"https:\/\/www.velonummern.ch\/it\/#organization","name":"Museo Svizzero di Targhe per Biciclette","url":"https:\/\/www.velonummern.ch\/it\/","logo":{"@type":"ImageObject","inLanguage":"it-IT","@id":"https:\/\/www.velonummern.ch\/it\/#\/schema\/logo\/image\/","url":"https:\/\/www.velonummern.ch\/wp-content\/uploads\/2022\/04\/logo-de-1.svg","contentUrl":"https:\/\/www.velonummern.ch\/wp-content\/uploads\/2022\/04\/logo-de-1.svg","width":"1024","height":"1024","caption":"Museo Svizzero di Targhe per Biciclette"},"image":{"@id":"https:\/\/www.velonummern.ch\/it\/#\/schema\/logo\/image\/"}}]}},"_links":{"self":[{"href":"https:\/\/www.velonummern.ch\/it\/wp-json\/wp\/v2\/product\/19990","targetHints":{"allow":["GET"]}}],"collection":[{"href":"https:\/\/www.velonummern.ch\/it\/wp-json\/wp\/v2\/product"}],"about":[{"href":"https:\/\/www.velonummern.ch\/it\/wp-json\/wp\/v2\/types\/product"}],"wp:featuredmedia":[{"embeddable":true,"href":"https:\/\/www.velonummern.ch\/it\/wp-json\/wp\/v2\/media\/19991"}],"wp:attachment":[{"href":"https:\/\/www.velonummern.ch\/it\/wp-json\/wp\/v2\/media?parent=19990"}],"wp:term":[{"taxonomy":"product_brand","embeddable":true,"href":"https:\/\/www.velonummern.ch\/it\/wp-json\/wp\/v2\/product_brand?post=19990"},{"taxonomy":"product_cat","embeddable":true,"href":"https:\/\/www.velonummern.ch\/it\/wp-json\/wp\/v2\/product_cat?post=19990"},{"taxonomy":"product_tag","embeddable":true,"href":"https:\/\/www.velonummern.ch\/it\/wp-json\/wp\/v2\/product_tag?post=19990"}],"curies":[{"name":"wp","href":"https:\/\/api.w.org\/{rel}","templated":true}]}}