{"id":22423,"date":"2023-06-08T13:26:20","date_gmt":"2023-06-08T11:26:20","guid":{"rendered":"https:\/\/www.velonummern.ch\/?post_type=product&#038;p=22423"},"modified":"2025-08-14T15:31:19","modified_gmt":"2025-08-14T13:31:19","slug":"2023-ehrung-der-velonummer-als-schweizer-kulturgut-durch-pro-patria","status":"publish","type":"product","link":"https:\/\/www.velonummern.ch\/it\/prodotto\/2023-ehrung-der-velonummer-als-schweizer-kulturgut-durch-pro-patria\/","title":{"rendered":"2023 Ehrung der Velonummer als Schweizer Kulturgut"},"content":{"rendered":"<h2>2023 Ehrung der Velonummer als Schweizer Kulturgut durch Pro Patria<\/h2>\n<p>Am 16. Dezember 2022 wurden wir von der Agentur CP9 AG, advanced marketing solutions, aus Adliswil kontaktiert. Bei dieser Anfrage ging es um Ausk\u00fcnfte zu einem Projekt \u00ab1.-August-Abzeichen\u00bb im Auftrag von Pro Patria. Ob dieses Projekt, dann wirklich umgesetzt werden sollte erfuhren wir nicht und der Kontakt verblasste in unserer Erinnerung.<\/p>\n<p>Und dann, wie aus heiterem Himmel. W\u00e4hrend wir diese Geschichte recherchieren und bereits 120 Seiten niedergeschrieben haben, stellt Pro Patria das 1.-August-Abzeichen 2023 vor. Es wird am 3. Juni 2023, im <a href=\"https:\/\/de.museonazionalesangottardo.ch\/\" target=\"_blank\" rel=\"noopener\">Museo Nazionale del San Gottardo<\/a> auf dem Gotthardpass, von Nationalratspr\u00e4sident und Pro Patria Ehrenpr\u00e4sident <a href=\"https:\/\/de.wikipedia.org\/wiki\/Martin_Candinas\" target=\"_blank\" rel=\"noopener\">Martin Candinas<\/a> pr\u00e4sentiert \u2013 die Velonummer. Seit 1923 ist dies das 101. Abzeichen zum Nationalfeiertag. Wir sind ganz der Meinung von Pro Patria, wenn es ausdr\u00fccklich als \u00abinnovativ\u00bb bezeichnet wird.<\/p>\n<p>Weiter schreibt Pro Patria dazu: \u00ab<em>Das Abzeichen steht f\u00fcr Zugeh\u00f6rigkeit, Hilfsbereitschaft und Solidarit\u00e4t der Bev\u00f6lkerung, f\u00fcr die Heimat Schweiz. Es wurde in Horn (TG) hergestellt und in Institutionen f\u00fcr Menschen mit einer Beeintr\u00e4chtigung in Z\u00fcrich zusammengesetzt. Die &#8220;Velonummer&#8221; ist zwar keine Schweizer Erfindung, jedoch ein Schweizer Kulturgut von 1892 bis 1988<\/em>\u00bb [<a href=\"https:\/\/www.propatria.ch\/archiv\/aa-velonummer\/\" target=\"_blank\" rel=\"noopener\">LINK<\/a>].<\/p>\n<p>Damit wird die Velonummer, 129 Jahre nach Verordnung der ersten Schweizer Fahrradkennzeichen am 15. April 1894, im Kanton Basel-Stadt und 35 Jahre nach deren Abschaffung offiziell zum Kulturgut erkl\u00e4rt.<\/p>\n<p>Eine unerwartete und wirklich w\u00fcrdige Ehrung. Wir sind ger\u00fchrt und auch ein wenig stolz, einen Beitrag zum Erhalt des neu gek\u00fcrten Kulturgutes der Schweiz beigetragen zu haben. \u2013 Freude herrscht.<\/p>\n<p>Zum Schluss sei noch vermerkt, dass als Sammlungszweck interessanterweise \u00abDialogkultur\u00bb festgelegt wurde. Dieser bezieht sich auf die ab 9. Mai 2023 g\u00fcltige Pro Patria Sondermarken mit dem Sammlungszweck \u00abDialog zwischen den Kulturen\u00bb:<\/p>\n<ul>\n<li><a href=\"https:\/\/www.propatria.ch\/archiv\/bm-dialogkultur-9045-2023\/\" target=\"_blank\" rel=\"noopener\">Pro Patria Briefmarke mit Wert 90 + 45<\/a><\/li>\n<li><a href=\"https:\/\/www.propatria.ch\/archiv\/bm-dialogkultur-110-55-2023\/\" target=\"_blank\" rel=\"noopener\">Pro Patria Briefmarke mit Wert 110 + 55<\/a><\/li>\n<\/ul>\n<p>Notabene seit Beginn 1938 die erste selbstklebende Pro Patria Briefmarke, was uns irgendwie an das denkw\u00fcrdige Jahr 1989 unserer eigenen Geschichte erinnert.<\/p>\n<p>Im Begleittext zur Marke fordert die Post ihre Kunden auf: \u00ab<em>Die Sprechblase im Sujet steht f\u00fcr eine Gespr\u00e4chseinladung. Dabei spielt die Sprache keine Rolle. Einfach einen der Kleber mit typischen Ausdr\u00fccken und Redewendungen aus allen vier Sprachregionen vom Bogen nehmen und aufkleben oder die leere Sprechblase mit einer pers\u00f6nlichen Nachricht versehen \u2013 auch im eigenen Dialekt.<\/em>\u00bb Die Idee auf einer Briefmarke, einem verordneten Gebrauchsgegenstand, von Hand einen beliebigen Text einzuf\u00fcgen und diese sichtbare Botschaft durch die Schweizer Post bef\u00f6rdern zu lassen, h\u00e4tte den kreativen Initianten der Tessiner Protestaktion (1961-1975) sicherlich gefallen.<\/p>\n<p>Wir bezweifeln, dass Pro Patria bei der Auswahl ihres Sammlungszwecks an die Dialogkult denkt, welche w\u00e4hrend 120 Jahren rund um unsere Velonummer entfaltet, gepflegt und teilweise gar zelebriert wurde. Diese war zweifellos interessant, ein \u00e4usserst ergiebiger Aspekt vorliegender Geschichte und auf jeden Fall typisch schweizerisch. Fragt sich, ob diese Art der Dialogkultur auch Kulturgut ist. Sicher ist jedoch, dass wir bez\u00fcglich der Qualit\u00e4t unserer Dialogkultur, vor allem in der Politik, auch heute noch reichlich Luft nach oben haben.<\/p>\n<p>Material: Aluminium<br \/>\nAbmessungen: 3.0 x 4.8 cm<br \/>\nDas Verh\u00e4ltnis der Abmessungen stimmt, im Original waren die Fahrradkennzeichen jedoch 5 x 8 cm gross.<\/p>\n<p>Mehr Informationen finden Sie im Schweizer Velonummern Museum: <a href=\"https:\/\/www.velonummern.ch\/geschichte\/\">Geschichte der Schweizer Fahrradkennzeichen<\/a><\/p>\n","protected":false},"excerpt":{"rendered":"<h2>2023 Ehrung der Velonummer als Schweizer Kulturgut durch Pro Patria<\/h2>\n<p>&nbsp;<\/p>\n<p>Am 16. Dezember 2022 wurden wir von der Agentur CP9 AG, advanced marketing solutions, aus Adliswil kontaktiert. Bei dieser Anfrage ging es um Ausk\u00fcnfte zu einem Projekt \u00ab1.-August-Abzeichen\u00bb im Auftrag von Pro Patria. Ob dieses Projekt, dann wirklich umgesetzt werden sollte erfuhren wir nicht und der Kontakt verblasste in unserer Erinnerung.<\/p>\n<p>Und dann, wie aus heiterem Himmel. W\u00e4hrend wir diese Geschichte recherchieren und bereits 120 Seiten niedergeschrieben haben, stellt Pro Patria das 1.-August-Abzeichen 2023 vor. Es wird am 3. Juni 2023, im <a href=\"https:\/\/de.museonazionalesangottardo.ch\/\" target=\"_blank\" rel=\"noopener\">Museo Nazionale del San Gottardo<\/a> auf dem Gotthardpass, von Nationalratspr\u00e4sident und Pro Patria Ehrenpr\u00e4sident <a href=\"https:\/\/de.wikipedia.org\/wiki\/Martin_Candinas\" target=\"_blank\" rel=\"noopener\">Martin Candinas<\/a> pr\u00e4sentiert \u2013 die Velonummer. Seit 1923 ist dies das 101. Abzeichen zum Nationalfeiertag. Wir sind ganz der Meinung von Pro Patria, wenn es ausdr\u00fccklich als \u00abinnovativ\u00bb bezeichnet wird.<\/p>\n<p>Weiter schreibt Pro Patria dazu: \u00ab<em>Das Abzeichen steht f\u00fcr Zugeh\u00f6rigkeit, Hilfsbereitschaft und Solidarit\u00e4t der Bev\u00f6lkerung, f\u00fcr die Heimat Schweiz. Es wurde in Horn (TG) hergestellt und in Institutionen f\u00fcr Menschen mit einer Beeintr\u00e4chtigung in Z\u00fcrich zusammengesetzt. Die &#8220;Velonummer&#8221; ist zwar keine Schweizer Erfindung, jedoch ein Schweizer Kulturgut von 1892 bis 1988<\/em>\u00bb [<a href=\"https:\/\/www.propatria.ch\/archiv\/aa-velonummer\/\" target=\"_blank\" rel=\"noopener\">LINK<\/a>].<\/p>\n<p>Damit wird die Velonummer, 129 Jahre nach Verordnung der ersten Schweizer Fahrradkennzeichen am 15. April 1894, im Kanton Basel-Stadt und 35 Jahre nach deren Abschaffung offiziell zum Kulturgut erkl\u00e4rt.<\/p>\n<p>Eine unerwartete und wirklich w\u00fcrdige Ehrung. Wir sind ger\u00fchrt und auch ein wenig stolz, einen Beitrag zum Erhalt des neu gek\u00fcrten Kulturgutes der Schweiz beigetragen zu haben. \u2013 Freude herrscht.<\/p>\n<p>Zum Schluss sei noch vermerkt, dass als Sammlungszweck interessanterweise \u00abDialogkultur\u00bb festgelegt wurde. Dieser bezieht sich auf die ab 9. Mai 2023 g\u00fcltige Pro Patria Sondermarken mit dem Sammlungszweck \u00abDialog zwischen den Kulturen\u00bb:<\/p>\n<ul>\n<li><a href=\"https:\/\/www.propatria.ch\/archiv\/bm-dialogkultur-9045-2023\/\" target=\"_blank\" rel=\"noopener\">Pro Patria Briefmarke mit Wert 90 + 45<\/a><\/li>\n<li><a href=\"https:\/\/www.propatria.ch\/archiv\/bm-dialogkultur-110-55-2023\/\" target=\"_blank\" rel=\"noopener\">Pro Patria Briefmarke mit Wert 110 + 55<\/a><\/li>\n<\/ul>\n<p>Notabene seit Beginn 1938 die erste selbstklebende Pro Patria Briefmarke, was uns irgendwie an das denkw\u00fcrdige Jahr 1989 unserer eigenen Geschichte erinnert.<\/p>\n<p>Im Begleittext zur Marke fordert die Post ihre Kunden auf: \u00ab<em>Die Sprechblase im Sujet steht f\u00fcr eine Gespr\u00e4chseinladung. Dabei spielt die Sprache keine Rolle. Einfach einen der Kleber mit typischen Ausdr\u00fccken und Redewendungen aus allen vier Sprachregionen vom Bogen nehmen und aufkleben oder die leere Sprechblase mit einer pers\u00f6nlichen Nachricht versehen \u2013 auch im eigenen Dialekt.<\/em>\u00bb Die Idee auf einer Briefmarke, einem verordneten Gebrauchsgegenstand, von Hand einen beliebigen Text einzuf\u00fcgen und diese sichtbare Botschaft durch die Schweizer Post bef\u00f6rdern zu lassen, h\u00e4tte den kreativen Initianten der Tessiner Protestaktion (1961-1975) sicherlich gefallen.<\/p>\n<p>Wir bezweifeln, dass Pro Patria bei der Auswahl ihres Sammlungszwecks an die Dialogkult denkt, welche w\u00e4hrend 120 Jahren rund um unsere Velonummer entfaltet, gepflegt und teilweise gar zelebriert wurde. Diese war zweifellos interessant, ein \u00e4usserst ergiebiger Aspekt vorliegender Geschichte und auf jeden Fall typisch schweizerisch. Fragt sich, ob diese Art der Dialogkultur auch Kulturgut ist. Sicher ist jedoch, dass wir bez\u00fcglich der Qualit\u00e4t unserer Dialogkultur, vor allem in der Politik, auch heute noch reichlich Luft nach oben haben.<\/p>\n<p>Material: Aluminium<br \/>\nAbmessungen: 3.0 x 4.8 cm<br \/>\nDas Verh\u00e4ltnis der Abmessungen stimmt, im Original waren die Fahrradkennzeichen jedoch 5 x 8 cm gross.<\/p>\n<p>Mehr Informationen finden Sie im Schweizer Velonummern Museum: <a href=\"https:\/\/www.velonummern.ch\/geschichte\/\">Geschichte der Schweizer Fahrradkennzeichen<\/a><\/p>\n","protected":false},"featured_media":26984,"template":"","meta":{"_acf_changed":false,"inline_featured_image":false},"product_brand":[],"product_cat":[238,239],"product_tag":[],"class_list":{"0":"post-22423","1":"product","2":"type-product","3":"status-publish","4":"has-post-thumbnail","6":"product_cat-special-design","7":"product_cat-special-edition","9":"first","10":"outofstock","11":"sold-individually","12":"shipping-taxable","13":"product-type-simple"},"acf":[],"yoast_head":"<!-- This site is optimized with the Yoast SEO plugin v27.4 - https:\/\/yoast.com\/product\/yoast-seo-wordpress\/ -->\n<title>2023 Ehrung Velonummer als Schweizer Kulturgut durch Pro Patria<\/title>\n<meta name=\"description\" content=\"2023 Ehrung der Velonummer als Schweizer Kulturgut durch Pro Patria mit 1.-August-Abzeichen | Schweizer Velonummern Museum\" \/>\n<meta name=\"robots\" content=\"index, follow, max-snippet:-1, max-image-preview:large, max-video-preview:-1\" \/>\n<link rel=\"canonical\" href=\"https:\/\/www.velonummern.ch\/it\/prodotto\/2023-ehrung-der-velonummer-als-schweizer-kulturgut-durch-pro-patria\/\" \/>\n<meta name=\"twitter:label1\" content=\"Tempo di lettura stimato\" \/>\n\t<meta name=\"twitter:data1\" content=\"3 minuti\" \/>\n<script type=\"application\/ld+json\" class=\"yoast-schema-graph\">{\"@context\":\"https:\\\/\\\/schema.org\",\"@graph\":[{\"@type\":\"WebPage\",\"@id\":\"https:\\\/\\\/www.velonummern.ch\\\/it\\\/prodotto\\\/2023-ehrung-der-velonummer-als-schweizer-kulturgut-durch-pro-patria\\\/\",\"url\":\"https:\\\/\\\/www.velonummern.ch\\\/it\\\/prodotto\\\/2023-ehrung-der-velonummer-als-schweizer-kulturgut-durch-pro-patria\\\/\",\"name\":\"2023 Ehrung Velonummer als Schweizer Kulturgut durch Pro Patria\",\"isPartOf\":{\"@id\":\"https:\\\/\\\/www.velonummern.ch\\\/it\\\/#website\"},\"primaryImageOfPage\":{\"@id\":\"https:\\\/\\\/www.velonummern.ch\\\/it\\\/prodotto\\\/2023-ehrung-der-velonummer-als-schweizer-kulturgut-durch-pro-patria\\\/#primaryimage\"},\"image\":{\"@id\":\"https:\\\/\\\/www.velonummern.ch\\\/it\\\/prodotto\\\/2023-ehrung-der-velonummer-als-schweizer-kulturgut-durch-pro-patria\\\/#primaryimage\"},\"thumbnailUrl\":\"https:\\\/\\\/www.velonummern.ch\\\/wp-content\\\/uploads\\\/2023\\\/06\\\/1-August-Abzeichen-Pro-Patria-2023-Velonummer.jpg\",\"datePublished\":\"2023-06-08T11:26:20+00:00\",\"dateModified\":\"2025-08-14T13:31:19+00:00\",\"description\":\"2023 Ehrung der Velonummer als Schweizer Kulturgut durch Pro Patria mit 1.-August-Abzeichen | Schweizer Velonummern Museum\",\"breadcrumb\":{\"@id\":\"https:\\\/\\\/www.velonummern.ch\\\/it\\\/prodotto\\\/2023-ehrung-der-velonummer-als-schweizer-kulturgut-durch-pro-patria\\\/#breadcrumb\"},\"inLanguage\":\"it-IT\",\"potentialAction\":[{\"@type\":\"ReadAction\",\"target\":[\"https:\\\/\\\/www.velonummern.ch\\\/it\\\/prodotto\\\/2023-ehrung-der-velonummer-als-schweizer-kulturgut-durch-pro-patria\\\/\"]}]},{\"@type\":\"ImageObject\",\"inLanguage\":\"it-IT\",\"@id\":\"https:\\\/\\\/www.velonummern.ch\\\/it\\\/prodotto\\\/2023-ehrung-der-velonummer-als-schweizer-kulturgut-durch-pro-patria\\\/#primaryimage\",\"url\":\"https:\\\/\\\/www.velonummern.ch\\\/wp-content\\\/uploads\\\/2023\\\/06\\\/1-August-Abzeichen-Pro-Patria-2023-Velonummer.jpg\",\"contentUrl\":\"https:\\\/\\\/www.velonummern.ch\\\/wp-content\\\/uploads\\\/2023\\\/06\\\/1-August-Abzeichen-Pro-Patria-2023-Velonummer.jpg\",\"width\":2338,\"height\":2338},{\"@type\":\"BreadcrumbList\",\"@id\":\"https:\\\/\\\/www.velonummern.ch\\\/it\\\/prodotto\\\/2023-ehrung-der-velonummer-als-schweizer-kulturgut-durch-pro-patria\\\/#breadcrumb\",\"itemListElement\":[{\"@type\":\"ListItem\",\"position\":1,\"name\":\"Startseite\",\"item\":\"https:\\\/\\\/www.velonummern.ch\\\/it\\\/\"},{\"@type\":\"ListItem\",\"position\":2,\"name\":\"Prodotti\",\"item\":\"https:\\\/\\\/www.velonummern.ch\\\/it\\\/shop\\\/\"},{\"@type\":\"ListItem\",\"position\":3,\"name\":\"2023 Ehrung der Velonummer als Schweizer Kulturgut\"}]},{\"@type\":\"WebSite\",\"@id\":\"https:\\\/\\\/www.velonummern.ch\\\/it\\\/#website\",\"url\":\"https:\\\/\\\/www.velonummern.ch\\\/it\\\/\",\"name\":\"Museo Svizzero di Targhe per Biciclette\",\"description\":\"\",\"publisher\":{\"@id\":\"https:\\\/\\\/www.velonummern.ch\\\/it\\\/#organization\"},\"potentialAction\":[{\"@type\":\"SearchAction\",\"target\":{\"@type\":\"EntryPoint\",\"urlTemplate\":\"https:\\\/\\\/www.velonummern.ch\\\/it\\\/?s={search_term_string}\"},\"query-input\":{\"@type\":\"PropertyValueSpecification\",\"valueRequired\":true,\"valueName\":\"search_term_string\"}}],\"inLanguage\":\"it-IT\"},{\"@type\":\"Organization\",\"@id\":\"https:\\\/\\\/www.velonummern.ch\\\/it\\\/#organization\",\"name\":\"Museo Svizzero di Targhe per Biciclette\",\"url\":\"https:\\\/\\\/www.velonummern.ch\\\/it\\\/\",\"logo\":{\"@type\":\"ImageObject\",\"inLanguage\":\"it-IT\",\"@id\":\"https:\\\/\\\/www.velonummern.ch\\\/it\\\/#\\\/schema\\\/logo\\\/image\\\/\",\"url\":\"https:\\\/\\\/www.velonummern.ch\\\/wp-content\\\/uploads\\\/2022\\\/04\\\/logo-de-1.svg\",\"contentUrl\":\"https:\\\/\\\/www.velonummern.ch\\\/wp-content\\\/uploads\\\/2022\\\/04\\\/logo-de-1.svg\",\"width\":\"1024\",\"height\":\"1024\",\"caption\":\"Museo Svizzero di Targhe per Biciclette\"},\"image\":{\"@id\":\"https:\\\/\\\/www.velonummern.ch\\\/it\\\/#\\\/schema\\\/logo\\\/image\\\/\"}}]}<\/script>\n<!-- \/ Yoast SEO plugin. -->","yoast_head_json":{"title":"2023 Ehrung Velonummer als Schweizer Kulturgut durch Pro Patria","description":"2023 Ehrung der Velonummer als Schweizer Kulturgut durch Pro Patria mit 1.-August-Abzeichen | Schweizer Velonummern Museum","robots":{"index":"index","follow":"follow","max-snippet":"max-snippet:-1","max-image-preview":"max-image-preview:large","max-video-preview":"max-video-preview:-1"},"canonical":"https:\/\/www.velonummern.ch\/it\/prodotto\/2023-ehrung-der-velonummer-als-schweizer-kulturgut-durch-pro-patria\/","twitter_misc":{"Tempo di lettura stimato":"3 minuti"},"schema":{"@context":"https:\/\/schema.org","@graph":[{"@type":"WebPage","@id":"https:\/\/www.velonummern.ch\/it\/prodotto\/2023-ehrung-der-velonummer-als-schweizer-kulturgut-durch-pro-patria\/","url":"https:\/\/www.velonummern.ch\/it\/prodotto\/2023-ehrung-der-velonummer-als-schweizer-kulturgut-durch-pro-patria\/","name":"2023 Ehrung Velonummer als Schweizer Kulturgut durch Pro Patria","isPartOf":{"@id":"https:\/\/www.velonummern.ch\/it\/#website"},"primaryImageOfPage":{"@id":"https:\/\/www.velonummern.ch\/it\/prodotto\/2023-ehrung-der-velonummer-als-schweizer-kulturgut-durch-pro-patria\/#primaryimage"},"image":{"@id":"https:\/\/www.velonummern.ch\/it\/prodotto\/2023-ehrung-der-velonummer-als-schweizer-kulturgut-durch-pro-patria\/#primaryimage"},"thumbnailUrl":"https:\/\/www.velonummern.ch\/wp-content\/uploads\/2023\/06\/1-August-Abzeichen-Pro-Patria-2023-Velonummer.jpg","datePublished":"2023-06-08T11:26:20+00:00","dateModified":"2025-08-14T13:31:19+00:00","description":"2023 Ehrung der Velonummer als Schweizer Kulturgut durch Pro Patria mit 1.-August-Abzeichen | Schweizer Velonummern Museum","breadcrumb":{"@id":"https:\/\/www.velonummern.ch\/it\/prodotto\/2023-ehrung-der-velonummer-als-schweizer-kulturgut-durch-pro-patria\/#breadcrumb"},"inLanguage":"it-IT","potentialAction":[{"@type":"ReadAction","target":["https:\/\/www.velonummern.ch\/it\/prodotto\/2023-ehrung-der-velonummer-als-schweizer-kulturgut-durch-pro-patria\/"]}]},{"@type":"ImageObject","inLanguage":"it-IT","@id":"https:\/\/www.velonummern.ch\/it\/prodotto\/2023-ehrung-der-velonummer-als-schweizer-kulturgut-durch-pro-patria\/#primaryimage","url":"https:\/\/www.velonummern.ch\/wp-content\/uploads\/2023\/06\/1-August-Abzeichen-Pro-Patria-2023-Velonummer.jpg","contentUrl":"https:\/\/www.velonummern.ch\/wp-content\/uploads\/2023\/06\/1-August-Abzeichen-Pro-Patria-2023-Velonummer.jpg","width":2338,"height":2338},{"@type":"BreadcrumbList","@id":"https:\/\/www.velonummern.ch\/it\/prodotto\/2023-ehrung-der-velonummer-als-schweizer-kulturgut-durch-pro-patria\/#breadcrumb","itemListElement":[{"@type":"ListItem","position":1,"name":"Startseite","item":"https:\/\/www.velonummern.ch\/it\/"},{"@type":"ListItem","position":2,"name":"Prodotti","item":"https:\/\/www.velonummern.ch\/it\/shop\/"},{"@type":"ListItem","position":3,"name":"2023 Ehrung der Velonummer als Schweizer Kulturgut"}]},{"@type":"WebSite","@id":"https:\/\/www.velonummern.ch\/it\/#website","url":"https:\/\/www.velonummern.ch\/it\/","name":"Museo Svizzero di Targhe per Biciclette","description":"","publisher":{"@id":"https:\/\/www.velonummern.ch\/it\/#organization"},"potentialAction":[{"@type":"SearchAction","target":{"@type":"EntryPoint","urlTemplate":"https:\/\/www.velonummern.ch\/it\/?s={search_term_string}"},"query-input":{"@type":"PropertyValueSpecification","valueRequired":true,"valueName":"search_term_string"}}],"inLanguage":"it-IT"},{"@type":"Organization","@id":"https:\/\/www.velonummern.ch\/it\/#organization","name":"Museo Svizzero di Targhe per Biciclette","url":"https:\/\/www.velonummern.ch\/it\/","logo":{"@type":"ImageObject","inLanguage":"it-IT","@id":"https:\/\/www.velonummern.ch\/it\/#\/schema\/logo\/image\/","url":"https:\/\/www.velonummern.ch\/wp-content\/uploads\/2022\/04\/logo-de-1.svg","contentUrl":"https:\/\/www.velonummern.ch\/wp-content\/uploads\/2022\/04\/logo-de-1.svg","width":"1024","height":"1024","caption":"Museo Svizzero di Targhe per Biciclette"},"image":{"@id":"https:\/\/www.velonummern.ch\/it\/#\/schema\/logo\/image\/"}}]}},"_links":{"self":[{"href":"https:\/\/www.velonummern.ch\/it\/wp-json\/wp\/v2\/product\/22423","targetHints":{"allow":["GET"]}}],"collection":[{"href":"https:\/\/www.velonummern.ch\/it\/wp-json\/wp\/v2\/product"}],"about":[{"href":"https:\/\/www.velonummern.ch\/it\/wp-json\/wp\/v2\/types\/product"}],"wp:featuredmedia":[{"embeddable":true,"href":"https:\/\/www.velonummern.ch\/it\/wp-json\/wp\/v2\/media\/26984"}],"wp:attachment":[{"href":"https:\/\/www.velonummern.ch\/it\/wp-json\/wp\/v2\/media?parent=22423"}],"wp:term":[{"taxonomy":"product_brand","embeddable":true,"href":"https:\/\/www.velonummern.ch\/it\/wp-json\/wp\/v2\/product_brand?post=22423"},{"taxonomy":"product_cat","embeddable":true,"href":"https:\/\/www.velonummern.ch\/it\/wp-json\/wp\/v2\/product_cat?post=22423"},{"taxonomy":"product_tag","embeddable":true,"href":"https:\/\/www.velonummern.ch\/it\/wp-json\/wp\/v2\/product_tag?post=22423"}],"curies":[{"name":"wp","href":"https:\/\/api.w.org\/{rel}","templated":true}]}}