{"id":23336,"date":"2023-11-29T16:20:08","date_gmt":"2023-11-29T15:20:08","guid":{"rendered":"https:\/\/www.velonummern.ch\/?post_type=product&#038;p=23336"},"modified":"2025-06-08T10:08:33","modified_gmt":"2025-06-08T08:08:33","slug":"bs-1948-haendler","status":"publish","type":"product","link":"https:\/\/www.velonummern.ch\/it\/prodotto\/bs-1948-haendler\/","title":{"rendered":"BS 1948 H\u00e4ndler"},"content":{"rendered":"","protected":false},"excerpt":{"rendered":"<p>Das Basler-Design aus Aluminium, im Breitformat von 9 x 4 cm ist das einzige Fahrradkennzeichen nach 1933 ohne Relief; d.h. es ist v\u00f6llig flach. Ausserdem f\u00e4llt es durch seinen besonderen Glanz auf. Nebst den Kantonen Basel-Land (1944-1950) und Basel-Stadt (1944-1951), welche dem Design den Namen gaben, wurde es auch drei Jahre lang vom Kanton Schafhausen verwendet (1947-1949).<\/p>\n<p>Basel-Stadt ist m\u00f6glicherweise der erste Kanton, der nebst den Velonummern auch Spezialschilder ausgibt. Auf jeden Fall bringt Basel schweizweit eine un\u00fcbertroffene Varianten-Vielfalt hervor. In den Jahren 1942 bis 1951 gibt der Kanton jedes Jahr drei verschiedene Kennzeichen-Varianten aus; eine f\u00fcr Velos, eine f\u00fcr Fahrradanh\u00e4nger und ein spezielles Schild f\u00fcr Veloh\u00e4ndler <a href=\"https:\/\/www.velonummern.ch\/produkte\/bs-basel-stadt\/\">[BILDER]<\/a>. Eine vollst\u00e4ndige \u00dcbersicht der 30 Varianten von 1942 bis 1951 haben wir hier zusammengestellt <a href=\"https:\/\/www.velonummern.ch\/wp-content\/uploads\/2023\/12\/1942-1951-BS-Varianten-Ubersicht.pdf\">[DOKUMENT]<\/a>.<\/p>\n<p>Ab dem Jahr 1944 erscheinen s\u00e4mtliche Varianten im \u00abBasler-Design\u00bb.<\/p>\n<p>Nebst den tats\u00e4chlich ausgegebenen Spezialschildern, sind in der Sammlung auch noch eine Reihe von Prototypen zu sehen, welche der Produzent, die Firma Aquametro AG, in Basel als Vorschl\u00e4ge hergestellt hat.<\/p>\n<p>Mehr \u00fcber die Spezialschilder erfahren Sie hier: <a href=\"https:\/\/www.velonummern.ch\/geschichte\/\">Geschichte der Schweizer Fahrradkennzeichen<\/a><\/p>\n<p>Kanton: Basel-Stadt<br \/>\nJahr: 1948<\/p>\n<p>Sammlung: Staatsarchiv Basel-Stadt<\/p>\n<p>Material: Aluminium<br \/>\nAbmessungen: 9 x 4 cm \/ 3.54 x 1.57 in<\/p>\n","protected":false},"featured_media":23337,"template":"","meta":{"_acf_changed":false,"inline_featured_image":false},"product_brand":[],"product_cat":[206,215],"product_tag":[],"class_list":{"0":"post-23336","1":"product","2":"type-product","3":"status-publish","4":"has-post-thumbnail","6":"product_cat-1946-1950","7":"product_cat-bs-basel-stadt","9":"first","10":"outofstock","11":"sold-individually","12":"purchasable","13":"product-type-simple"},"acf":[],"yoast_head":"<!-- This site is optimized with the Yoast SEO plugin v27.5 - https:\/\/yoast.com\/product\/yoast-seo-wordpress\/ -->\n<title>Fahrradkennzeichen BS 1948 H\u00e4ndler | Museo Svizzero di Targhe per Biciclette<\/title>\n<meta name=\"description\" content=\"BS 1948 H\u00e4ndler\" \/>\n<meta name=\"robots\" content=\"index, follow, max-snippet:-1, max-image-preview:large, max-video-preview:-1\" \/>\n<link rel=\"canonical\" href=\"https:\/\/www.velonummern.ch\/it\/prodotto\/bs-1948-haendler\/\" \/>\n<script type=\"application\/ld+json\" class=\"yoast-schema-graph\">{\"@context\":\"https:\\\/\\\/schema.org\",\"@graph\":[{\"@type\":\"WebPage\",\"@id\":\"https:\\\/\\\/www.velonummern.ch\\\/it\\\/prodotto\\\/bs-1948-haendler\\\/\",\"url\":\"https:\\\/\\\/www.velonummern.ch\\\/it\\\/prodotto\\\/bs-1948-haendler\\\/\",\"name\":\"Fahrradkennzeichen BS 1948 H\u00e4ndler | Museo Svizzero di Targhe per Biciclette\",\"isPartOf\":{\"@id\":\"https:\\\/\\\/www.velonummern.ch\\\/it\\\/#website\"},\"primaryImageOfPage\":{\"@id\":\"https:\\\/\\\/www.velonummern.ch\\\/it\\\/prodotto\\\/bs-1948-haendler\\\/#primaryimage\"},\"image\":{\"@id\":\"https:\\\/\\\/www.velonummern.ch\\\/it\\\/prodotto\\\/bs-1948-haendler\\\/#primaryimage\"},\"thumbnailUrl\":\"https:\\\/\\\/www.velonummern.ch\\\/wp-content\\\/uploads\\\/2023\\\/11\\\/BS-1948-Grund-Blau-Querstrich-Handler.png\",\"datePublished\":\"2023-11-29T15:20:08+00:00\",\"dateModified\":\"2025-06-08T08:08:33+00:00\",\"description\":\"BS 1948 H\u00e4ndler\",\"breadcrumb\":{\"@id\":\"https:\\\/\\\/www.velonummern.ch\\\/it\\\/prodotto\\\/bs-1948-haendler\\\/#breadcrumb\"},\"inLanguage\":\"it-IT\",\"potentialAction\":[{\"@type\":\"ReadAction\",\"target\":[\"https:\\\/\\\/www.velonummern.ch\\\/it\\\/prodotto\\\/bs-1948-haendler\\\/\"]}]},{\"@type\":\"ImageObject\",\"inLanguage\":\"it-IT\",\"@id\":\"https:\\\/\\\/www.velonummern.ch\\\/it\\\/prodotto\\\/bs-1948-haendler\\\/#primaryimage\",\"url\":\"https:\\\/\\\/www.velonummern.ch\\\/wp-content\\\/uploads\\\/2023\\\/11\\\/BS-1948-Grund-Blau-Querstrich-Handler.png\",\"contentUrl\":\"https:\\\/\\\/www.velonummern.ch\\\/wp-content\\\/uploads\\\/2023\\\/11\\\/BS-1948-Grund-Blau-Querstrich-Handler.png\",\"width\":1350,\"height\":1350},{\"@type\":\"BreadcrumbList\",\"@id\":\"https:\\\/\\\/www.velonummern.ch\\\/it\\\/prodotto\\\/bs-1948-haendler\\\/#breadcrumb\",\"itemListElement\":[{\"@type\":\"ListItem\",\"position\":1,\"name\":\"Startseite\",\"item\":\"https:\\\/\\\/www.velonummern.ch\\\/it\\\/\"},{\"@type\":\"ListItem\",\"position\":2,\"name\":\"Prodotti\",\"item\":\"https:\\\/\\\/www.velonummern.ch\\\/it\\\/shop\\\/\"},{\"@type\":\"ListItem\",\"position\":3,\"name\":\"BS 1948 H\u00e4ndler\"}]},{\"@type\":\"WebSite\",\"@id\":\"https:\\\/\\\/www.velonummern.ch\\\/it\\\/#website\",\"url\":\"https:\\\/\\\/www.velonummern.ch\\\/it\\\/\",\"name\":\"Museo Svizzero di Targhe per Biciclette\",\"description\":\"\",\"publisher\":{\"@id\":\"https:\\\/\\\/www.velonummern.ch\\\/it\\\/#organization\"},\"potentialAction\":[{\"@type\":\"SearchAction\",\"target\":{\"@type\":\"EntryPoint\",\"urlTemplate\":\"https:\\\/\\\/www.velonummern.ch\\\/it\\\/?s={search_term_string}\"},\"query-input\":{\"@type\":\"PropertyValueSpecification\",\"valueRequired\":true,\"valueName\":\"search_term_string\"}}],\"inLanguage\":\"it-IT\"},{\"@type\":\"Organization\",\"@id\":\"https:\\\/\\\/www.velonummern.ch\\\/it\\\/#organization\",\"name\":\"Museo Svizzero di Targhe per Biciclette\",\"url\":\"https:\\\/\\\/www.velonummern.ch\\\/it\\\/\",\"logo\":{\"@type\":\"ImageObject\",\"inLanguage\":\"it-IT\",\"@id\":\"https:\\\/\\\/www.velonummern.ch\\\/it\\\/#\\\/schema\\\/logo\\\/image\\\/\",\"url\":\"https:\\\/\\\/www.velonummern.ch\\\/wp-content\\\/uploads\\\/2022\\\/04\\\/logo-de-1.svg\",\"contentUrl\":\"https:\\\/\\\/www.velonummern.ch\\\/wp-content\\\/uploads\\\/2022\\\/04\\\/logo-de-1.svg\",\"width\":\"1024\",\"height\":\"1024\",\"caption\":\"Museo Svizzero di Targhe per Biciclette\"},\"image\":{\"@id\":\"https:\\\/\\\/www.velonummern.ch\\\/it\\\/#\\\/schema\\\/logo\\\/image\\\/\"}}]}<\/script>\n<!-- \/ Yoast SEO plugin. -->","yoast_head_json":{"title":"Fahrradkennzeichen BS 1948 H\u00e4ndler | Museo Svizzero di Targhe per Biciclette","description":"BS 1948 H\u00e4ndler","robots":{"index":"index","follow":"follow","max-snippet":"max-snippet:-1","max-image-preview":"max-image-preview:large","max-video-preview":"max-video-preview:-1"},"canonical":"https:\/\/www.velonummern.ch\/it\/prodotto\/bs-1948-haendler\/","schema":{"@context":"https:\/\/schema.org","@graph":[{"@type":"WebPage","@id":"https:\/\/www.velonummern.ch\/it\/prodotto\/bs-1948-haendler\/","url":"https:\/\/www.velonummern.ch\/it\/prodotto\/bs-1948-haendler\/","name":"Fahrradkennzeichen BS 1948 H\u00e4ndler | Museo Svizzero di Targhe per Biciclette","isPartOf":{"@id":"https:\/\/www.velonummern.ch\/it\/#website"},"primaryImageOfPage":{"@id":"https:\/\/www.velonummern.ch\/it\/prodotto\/bs-1948-haendler\/#primaryimage"},"image":{"@id":"https:\/\/www.velonummern.ch\/it\/prodotto\/bs-1948-haendler\/#primaryimage"},"thumbnailUrl":"https:\/\/www.velonummern.ch\/wp-content\/uploads\/2023\/11\/BS-1948-Grund-Blau-Querstrich-Handler.png","datePublished":"2023-11-29T15:20:08+00:00","dateModified":"2025-06-08T08:08:33+00:00","description":"BS 1948 H\u00e4ndler","breadcrumb":{"@id":"https:\/\/www.velonummern.ch\/it\/prodotto\/bs-1948-haendler\/#breadcrumb"},"inLanguage":"it-IT","potentialAction":[{"@type":"ReadAction","target":["https:\/\/www.velonummern.ch\/it\/prodotto\/bs-1948-haendler\/"]}]},{"@type":"ImageObject","inLanguage":"it-IT","@id":"https:\/\/www.velonummern.ch\/it\/prodotto\/bs-1948-haendler\/#primaryimage","url":"https:\/\/www.velonummern.ch\/wp-content\/uploads\/2023\/11\/BS-1948-Grund-Blau-Querstrich-Handler.png","contentUrl":"https:\/\/www.velonummern.ch\/wp-content\/uploads\/2023\/11\/BS-1948-Grund-Blau-Querstrich-Handler.png","width":1350,"height":1350},{"@type":"BreadcrumbList","@id":"https:\/\/www.velonummern.ch\/it\/prodotto\/bs-1948-haendler\/#breadcrumb","itemListElement":[{"@type":"ListItem","position":1,"name":"Startseite","item":"https:\/\/www.velonummern.ch\/it\/"},{"@type":"ListItem","position":2,"name":"Prodotti","item":"https:\/\/www.velonummern.ch\/it\/shop\/"},{"@type":"ListItem","position":3,"name":"BS 1948 H\u00e4ndler"}]},{"@type":"WebSite","@id":"https:\/\/www.velonummern.ch\/it\/#website","url":"https:\/\/www.velonummern.ch\/it\/","name":"Museo Svizzero di Targhe per Biciclette","description":"","publisher":{"@id":"https:\/\/www.velonummern.ch\/it\/#organization"},"potentialAction":[{"@type":"SearchAction","target":{"@type":"EntryPoint","urlTemplate":"https:\/\/www.velonummern.ch\/it\/?s={search_term_string}"},"query-input":{"@type":"PropertyValueSpecification","valueRequired":true,"valueName":"search_term_string"}}],"inLanguage":"it-IT"},{"@type":"Organization","@id":"https:\/\/www.velonummern.ch\/it\/#organization","name":"Museo Svizzero di Targhe per Biciclette","url":"https:\/\/www.velonummern.ch\/it\/","logo":{"@type":"ImageObject","inLanguage":"it-IT","@id":"https:\/\/www.velonummern.ch\/it\/#\/schema\/logo\/image\/","url":"https:\/\/www.velonummern.ch\/wp-content\/uploads\/2022\/04\/logo-de-1.svg","contentUrl":"https:\/\/www.velonummern.ch\/wp-content\/uploads\/2022\/04\/logo-de-1.svg","width":"1024","height":"1024","caption":"Museo Svizzero di Targhe per Biciclette"},"image":{"@id":"https:\/\/www.velonummern.ch\/it\/#\/schema\/logo\/image\/"}}]}},"_links":{"self":[{"href":"https:\/\/www.velonummern.ch\/it\/wp-json\/wp\/v2\/product\/23336","targetHints":{"allow":["GET"]}}],"collection":[{"href":"https:\/\/www.velonummern.ch\/it\/wp-json\/wp\/v2\/product"}],"about":[{"href":"https:\/\/www.velonummern.ch\/it\/wp-json\/wp\/v2\/types\/product"}],"wp:featuredmedia":[{"embeddable":true,"href":"https:\/\/www.velonummern.ch\/it\/wp-json\/wp\/v2\/media\/23337"}],"wp:attachment":[{"href":"https:\/\/www.velonummern.ch\/it\/wp-json\/wp\/v2\/media?parent=23336"}],"wp:term":[{"taxonomy":"product_brand","embeddable":true,"href":"https:\/\/www.velonummern.ch\/it\/wp-json\/wp\/v2\/product_brand?post=23336"},{"taxonomy":"product_cat","embeddable":true,"href":"https:\/\/www.velonummern.ch\/it\/wp-json\/wp\/v2\/product_cat?post=23336"},{"taxonomy":"product_tag","embeddable":true,"href":"https:\/\/www.velonummern.ch\/it\/wp-json\/wp\/v2\/product_tag?post=23336"}],"curies":[{"name":"wp","href":"https:\/\/api.w.org\/{rel}","templated":true}]}}