{"id":25502,"date":"2025-01-08T11:16:09","date_gmt":"2025-01-08T10:16:09","guid":{"rendered":"https:\/\/www.velonummern.ch\/?post_type=product&#038;p=25502"},"modified":"2025-04-10T11:40:04","modified_gmt":"2025-04-10T09:40:04","slug":"ag-1900","status":"publish","type":"product","link":"https:\/\/www.velonummern.ch\/it\/prodotto\/ag-1900\/","title":{"rendered":"AG 1900-1904 \/ 3744 \/ hinten"},"content":{"rendered":"<h2>Das erste Fahrradkennzeichen des Kantons Aargau<\/h2>\n<p>Kanton: Aargau<br \/>\nJahr: 1900-1904<br \/>\nNummer: 3744<br \/>\nNummernkreis: 3451 &#8211; 3850<br \/>\nBezirk: Zofingen<br \/>\nBefestigung: nicht definiert &#8211; in der Regel hinten<\/p>\n<p>Sammlung: Bruno Hagmann<\/p>\n<p>Material: Stahlblech genietet<br \/>\nAbmessungen: 12.1 cm x 6.5 cm<\/p>\n<p>In den meisten Kantonen, wie auch im Kanton Aargau, ist die genaue Bestimmung der fr\u00fchen Jahrg\u00e4nge bis in die Zwanzigerjahre bisher nicht m\u00f6glich. Das liegt einerseits daran, dass diese Kennzeichen keine Jahreszahl tragen und andererseits in den Staatsarchiven selten Informationen dazu vorhanden sind. Ausnahmen sind Kantone wie Z\u00fcrich, Luzern oder Waadt <a href=\"https:\/\/www.velonummern.ch\/kanton\/\">[BILDER]<\/a>.<\/p>\n<p>Im Aargau wurden die \u00abFahrradnummern\u00bb von den Bezirken ausgegeben. Auch mit Unterst\u00fctzung der Mitarbeitenden des Staatsarchivs des Kantons Aargau, wo auch die Unterlagen der Bezirke aufbewahrt werden, liessen sich keine Unterlagen finden, anhand welcher sich die Jahrg\u00e4nge bestimmen lassen.<\/p>\n<p>AARGAU 3744: Diese Velonummer ist das \u00e4lteste bekannte Fahrradkennzeichen des Kantons Aargau. Es geh\u00f6rt zur ersten Serie, welche mit der Einf\u00fchrung der Kontrollschilder f\u00fcr Fahrr\u00e4der, gem\u00e4ss Verordnung vom 4. Mai 1900, ausgegeben wurde. Der Kanton Aargau gibt zeitgleich die ersten Kennzeichen f\u00fcr Fahrr\u00e4der und Motorwagen aus <a href=\"https:\/\/www.velonummern.ch\/wp-content\/uploads\/2023\/03\/1900-AG-Verordnung-betreffend-den-Verkehr-mit-Fahrradern-und-Motorwagen.pdf\">[DOKUMENT]<\/a>. Per 30. Juni 1904 ver\u00f6ffentlicht der Kanton das \u00abVerzeichnis der an die Bezirks\u00e4mter abgegebenen Polizei-Kontroll-Nummern f\u00fcr Automobile, Motorvelo und Fahrr\u00e4der\u00bb <a href=\"https:\/\/www.velonummern.ch\/archiv\/1904-ag-verzeichnis-der-polizei-kontroll-nummern\/\">[DOKUMENT]<\/a>.<\/p>\n<p>Aus der \u00dcbersicht wird klar, dass nebst den in der Verordnung genannten Motorwagen und Fahrr\u00e4der auch f\u00fcr Motorvelos Kotrollnummern vorgeschrieben waren. Zur Abgabe der Kennzeichen wurden den einzelnen Bezirks\u00e4mtern, je nach Bedarf immer wieder bestimmte Nummernkreise zugeteilt. Gem\u00e4ss dem Verzeichnis gab der Kanton Aargau, bis zum etwas versp\u00e4teten Beitritt zum Konkordat, gem\u00e4ss <a href=\"https:\/\/www.velonummern.ch\/wp-content\/uploads\/2023\/09\/1904-Protokoll-Bundesrat-Konkordat-Beitritt-Kanton-Aargau.pdf\">Protokoll des Bundesrats<\/a>, am 12. Juli 1904, 7700 Velonummern aus. Das Schild 3744 wurde im Bezirk Zofinegen ausgegeben.<\/p>\n<p>Bei diesen 7700 Velonummern handelt es sich um s\u00e4mtliche Vor-Konkordat-Schilder, welche in einer fr\u00fchen Form des \u00abPionier-Design\u00bb hergestellt wurden (Befestigung hinten). Diese Kontrollnummern tragen zwar eine Gravierung \u00abAARGAU\u00bb jedoch noch kein Kantonswappen. Mit dem Beitritt zum Konkordat wurde \u00abein besonderes kantonales Abzeichen\u00bb vorgeschrieben. Dazu wurde in der Regel das Kantons\u00adwappen verwendet. Der hier vorhandene Schriftzug erf\u00fcllt die Kriterien eines Abzeichens unseres Erachtens nicht <a href=\"https:\/\/www.velonummern.ch\/wp-content\/uploads\/2023\/01\/1904-Konkordat-Verordnung-betreffend-Motorwagen-und-Fahrradverkehr.pdf\">[DOKUMENT]<\/a>.<\/p>\n<p>Diese Fahrradnummer hat \u00c4hnlichkeiten mit den Schildern, welche im Kanton Luzern bis ca. 1903 im Umlauf waren <a href=\"https:\/\/www.velonummern.ch\/produkt\/lu-1898-ca\/\">[BILD]<\/a>. Allerdings besteht der grosse Unterschied darin, dass die Velonummern aus Luzern von beiden Seiten lesbar sind. Wohingegen die R\u00fcckseite der Nummer des Kennzeichens aus dem Aargau schwarz ist. D.h. das Kennzeichen musste nicht (wie in Luzern) vorne am Fahrrad so (parallel zum Rad) angebracht werden, damit es von beiden Seiten gelesen werden konnte. Die Art der Befestigung wird in obiger Verordnung noch nicht geregelt. Erst mit dem Beitritt zum Konkordat, am 12. Juli 1904, wird geregelt, dass die Velonummern im Kanton Aargau hinten befestigt werden m\u00fcssen <a href=\"https:\/\/www.velonummern.ch\/wp-content\/uploads\/2023\/01\/1904-Konkordat-Verordnung-betreffend-Motorwagen-und-Fahrradverkehr.pdf\">[DOKUMENT]<\/a>.<\/p>\n<p>Mehr Informationen finden Sie im Schweizer Velonummern Museum: <a href=\"https:\/\/www.velonummern.ch\/geschichte\/\">Geschichte der Schweizer Fahrradkennzeichen<\/a><\/p>\n","protected":false},"excerpt":{"rendered":"<h2>Das erste Fahrradkennzeichen des Kantons Aargau<\/h2>\n<p>&nbsp;<\/p>\n<p>Kanton: Aargau<br \/>\nJahr: 1900-1904<br \/>\nNummer: 3744<br \/>\nNummernkreis: 3451 &#8211; 3850<br \/>\nBezirk: Zofingen<br \/>\nBefestigung: nicht definiert &#8211; in der Regel hinten<\/p>\n<p>Sammlung: Bruno Hagmann<\/p>\n<p>Material: Stahlblech genietet<br \/>\nAbmessungen: 12.1 cm x 6.5 cm<\/p>\n<p>In den meisten Kantonen, wie auch im Kanton Aargau, ist die genaue Bestimmung der fr\u00fchen Jahrg\u00e4nge bis in die Zwanzigerjahre bisher nicht m\u00f6glich. Das liegt einerseits daran, dass diese Kennzeichen keine Jahreszahl tragen und andererseits in den Staatsarchiven selten Informationen dazu vorhanden sind. Ausnahmen sind Kantone wie Z\u00fcrich, Luzern oder Waadt <a href=\"https:\/\/www.velonummern.ch\/kanton\/\">[BILDER]<\/a>.<\/p>\n<p>Im Aargau wurden die \u00abFahrradnummern\u00bb von den Bezirken ausgegeben. Auch mit Unterst\u00fctzung der Mitarbeitenden des Staatsarchivs des Kantons Aargau, wo auch die Unterlagen der Bezirke aufbewahrt werden, liessen sich keine Unterlagen finden, anhand welcher sich die Jahrg\u00e4nge bestimmen lassen.<\/p>\n<p>AARGAU 3744: Diese Velonummer ist das \u00e4lteste bekannte Fahrradkennzeichen des Kantons Aargau. Es geh\u00f6rt zur ersten Serie, welche mit der Einf\u00fchrung der Kontrollschilder f\u00fcr Fahrr\u00e4der, gem\u00e4ss Verordnung vom 4. Mai 1900, ausgegeben wurde. Der Kanton Aargau gibt zeitgleich die ersten Kennzeichen f\u00fcr Fahrr\u00e4der und Motorwagen aus <a href=\"https:\/\/www.velonummern.ch\/wp-content\/uploads\/2023\/03\/1900-AG-Verordnung-betreffend-den-Verkehr-mit-Fahrradern-und-Motorwagen.pdf\">[DOKUMENT]<\/a>. Per 30. Juni 1904 ver\u00f6ffentlicht der Kanton das \u00abVerzeichnis der an die Bezirks\u00e4mter abgegebenen Polizei-Kontroll-Nummern f\u00fcr Automobile, Motorvelo und Fahrr\u00e4der\u00bb <a href=\"https:\/\/www.velonummern.ch\/archiv\/1904-ag-verzeichnis-der-polizei-kontroll-nummern\/\">[DOKUMENT]<\/a>.<\/p>\n<p>Aus der \u00dcbersicht wird klar, dass nebst den in der Verordnung genannten Motorwagen und Fahrr\u00e4der auch f\u00fcr Motorvelos Kotrollnummern vorgeschrieben waren. Zur Abgabe der Kennzeichen wurden den einzelnen Bezirks\u00e4mtern, je nach Bedarf immer wieder bestimmte Nummernkreise zugeteilt. Gem\u00e4ss dem Verzeichnis gab der Kanton Aargau, bis zum etwas versp\u00e4teten Beitritt zum Konkordat, gem\u00e4ss <a href=\"https:\/\/www.velonummern.ch\/wp-content\/uploads\/2023\/09\/1904-Protokoll-Bundesrat-Konkordat-Beitritt-Kanton-Aargau.pdf\">Protokoll des Bundesrats<\/a>, am 12. Juli 1904, 7700 Velonummern aus. Das Schild 3744 wurde im Bezirk Zofinegen ausgegeben.<\/p>\n<p>Bei diesen 7700 Velonummern handelt es sich um s\u00e4mtliche Vor-Konkordat-Schilder, welche in einer fr\u00fchen Form des \u00abPionier-Design\u00bb hergestellt wurden (Befestigung hinten). Diese Kontrollnummern tragen zwar eine Gravierung \u00abAARGAU\u00bb jedoch noch kein Kantonswappen. Mit dem Beitritt zum Konkordat wurde \u00abein besonderes kantonales Abzeichen\u00bb vorgeschrieben. Dazu wurde in der Regel das Kantons\u00adwappen verwendet. Der hier vorhandene Schriftzug erf\u00fcllt die Kriterien eines Abzeichens unseres Erachtens nicht <a href=\"https:\/\/www.velonummern.ch\/wp-content\/uploads\/2023\/01\/1904-Konkordat-Verordnung-betreffend-Motorwagen-und-Fahrradverkehr.pdf\">[DOKUMENT]<\/a>.<\/p>\n<p>Diese Fahrradnummer hat \u00c4hnlichkeiten mit den Schildern, welche im Kanton Luzern bis ca. 1903 im Umlauf waren <a href=\"https:\/\/www.velonummern.ch\/produkt\/lu-1898-ca\/\">[BILD]<\/a>. Allerdings besteht der grosse Unterschied darin, dass die Velonummern aus Luzern von beiden Seiten lesbar sind. Wohingegen die R\u00fcckseite der Nummer des Kennzeichens aus dem Aargau schwarz ist. D.h. das Kennzeichen musste nicht (wie in Luzern) vorne am Fahrrad so (parallel zum Rad) angebracht werden, damit es von beiden Seiten gelesen werden konnte. Die Art der Befestigung wird in obiger Verordnung noch nicht geregelt. Erst mit dem Beitritt zum Konkordat, am 12. Juli 1904, wird geregelt, dass die Velonummern im Kanton Aargau hinten befestigt werden m\u00fcssen <a href=\"https:\/\/www.velonummern.ch\/wp-content\/uploads\/2023\/01\/1904-Konkordat-Verordnung-betreffend-Motorwagen-und-Fahrradverkehr.pdf\">[DOKUMENT]<\/a>.<\/p>\n<p>Mehr Informationen finden Sie im Schweizer Velonummern Museum: <a href=\"https:\/\/www.velonummern.ch\/geschichte\/\">Geschichte der Schweizer Fahrradkennzeichen<\/a><\/p>\n","protected":false},"featured_media":25503,"template":"","meta":{"_acf_changed":false,"inline_featured_image":false},"product_brand":[],"product_cat":[166,210,238],"product_tag":[],"class_list":{"0":"post-25502","1":"product","2":"type-product","3":"status-publish","4":"has-post-thumbnail","6":"product_cat-166","7":"product_cat-ag-aargau","8":"product_cat-special-design","10":"first","11":"outofstock","12":"sold-individually","13":"product-type-simple"},"acf":[],"yoast_head":"<!-- This site is optimized with the Yoast SEO plugin v27.4 - https:\/\/yoast.com\/product\/yoast-seo-wordpress\/ -->\n<title>Fahrradkennzeichen AG 1900-1904 \/ 3744 \/ hinten | Museo Svizzero di Targhe per Biciclette<\/title>\n<meta name=\"description\" content=\"AG 1900: Das erste Fahrradkennzeichen des Kantons Aargau, gem\u00e4ss Verordnung vom 4. Mai 1900 | Ausgegeben mit der Nummer 3744 im Bezirk Zofingen\" \/>\n<meta name=\"robots\" content=\"index, follow, max-snippet:-1, max-image-preview:large, max-video-preview:-1\" \/>\n<link rel=\"canonical\" href=\"https:\/\/www.velonummern.ch\/it\/prodotto\/ag-1900\/\" \/>\n<meta name=\"twitter:label1\" content=\"Tempo di lettura stimato\" \/>\n\t<meta name=\"twitter:data1\" content=\"2 minuti\" \/>\n<script type=\"application\/ld+json\" class=\"yoast-schema-graph\">{\"@context\":\"https:\\\/\\\/schema.org\",\"@graph\":[{\"@type\":\"WebPage\",\"@id\":\"https:\\\/\\\/www.velonummern.ch\\\/it\\\/prodotto\\\/ag-1900\\\/\",\"url\":\"https:\\\/\\\/www.velonummern.ch\\\/it\\\/prodotto\\\/ag-1900\\\/\",\"name\":\"Fahrradkennzeichen AG 1900-1904 \\\/ 3744 \\\/ hinten | Museo Svizzero di Targhe per Biciclette\",\"isPartOf\":{\"@id\":\"https:\\\/\\\/www.velonummern.ch\\\/it\\\/#website\"},\"primaryImageOfPage\":{\"@id\":\"https:\\\/\\\/www.velonummern.ch\\\/it\\\/prodotto\\\/ag-1900\\\/#primaryimage\"},\"image\":{\"@id\":\"https:\\\/\\\/www.velonummern.ch\\\/it\\\/prodotto\\\/ag-1900\\\/#primaryimage\"},\"thumbnailUrl\":\"https:\\\/\\\/www.velonummern.ch\\\/wp-content\\\/uploads\\\/2025\\\/01\\\/AG-1900-A-Bruno-Hagmann.png\",\"datePublished\":\"2025-01-08T10:16:09+00:00\",\"dateModified\":\"2025-04-10T09:40:04+00:00\",\"description\":\"AG 1900: Das erste Fahrradkennzeichen des Kantons Aargau, gem\u00e4ss Verordnung vom 4. Mai 1900 | Ausgegeben mit der Nummer 3744 im Bezirk Zofingen\",\"breadcrumb\":{\"@id\":\"https:\\\/\\\/www.velonummern.ch\\\/it\\\/prodotto\\\/ag-1900\\\/#breadcrumb\"},\"inLanguage\":\"it-IT\",\"potentialAction\":[{\"@type\":\"ReadAction\",\"target\":[\"https:\\\/\\\/www.velonummern.ch\\\/it\\\/prodotto\\\/ag-1900\\\/\"]}]},{\"@type\":\"ImageObject\",\"inLanguage\":\"it-IT\",\"@id\":\"https:\\\/\\\/www.velonummern.ch\\\/it\\\/prodotto\\\/ag-1900\\\/#primaryimage\",\"url\":\"https:\\\/\\\/www.velonummern.ch\\\/wp-content\\\/uploads\\\/2025\\\/01\\\/AG-1900-A-Bruno-Hagmann.png\",\"contentUrl\":\"https:\\\/\\\/www.velonummern.ch\\\/wp-content\\\/uploads\\\/2025\\\/01\\\/AG-1900-A-Bruno-Hagmann.png\",\"width\":2000,\"height\":2000},{\"@type\":\"BreadcrumbList\",\"@id\":\"https:\\\/\\\/www.velonummern.ch\\\/it\\\/prodotto\\\/ag-1900\\\/#breadcrumb\",\"itemListElement\":[{\"@type\":\"ListItem\",\"position\":1,\"name\":\"Startseite\",\"item\":\"https:\\\/\\\/www.velonummern.ch\\\/it\\\/\"},{\"@type\":\"ListItem\",\"position\":2,\"name\":\"Prodotti\",\"item\":\"https:\\\/\\\/www.velonummern.ch\\\/it\\\/shop\\\/\"},{\"@type\":\"ListItem\",\"position\":3,\"name\":\"AG 1900-1904 \\\/ 3744 \\\/ hinten\"}]},{\"@type\":\"WebSite\",\"@id\":\"https:\\\/\\\/www.velonummern.ch\\\/it\\\/#website\",\"url\":\"https:\\\/\\\/www.velonummern.ch\\\/it\\\/\",\"name\":\"Museo Svizzero di Targhe per Biciclette\",\"description\":\"\",\"publisher\":{\"@id\":\"https:\\\/\\\/www.velonummern.ch\\\/it\\\/#organization\"},\"potentialAction\":[{\"@type\":\"SearchAction\",\"target\":{\"@type\":\"EntryPoint\",\"urlTemplate\":\"https:\\\/\\\/www.velonummern.ch\\\/it\\\/?s={search_term_string}\"},\"query-input\":{\"@type\":\"PropertyValueSpecification\",\"valueRequired\":true,\"valueName\":\"search_term_string\"}}],\"inLanguage\":\"it-IT\"},{\"@type\":\"Organization\",\"@id\":\"https:\\\/\\\/www.velonummern.ch\\\/it\\\/#organization\",\"name\":\"Museo Svizzero di Targhe per Biciclette\",\"url\":\"https:\\\/\\\/www.velonummern.ch\\\/it\\\/\",\"logo\":{\"@type\":\"ImageObject\",\"inLanguage\":\"it-IT\",\"@id\":\"https:\\\/\\\/www.velonummern.ch\\\/it\\\/#\\\/schema\\\/logo\\\/image\\\/\",\"url\":\"https:\\\/\\\/www.velonummern.ch\\\/wp-content\\\/uploads\\\/2022\\\/04\\\/logo-de-1.svg\",\"contentUrl\":\"https:\\\/\\\/www.velonummern.ch\\\/wp-content\\\/uploads\\\/2022\\\/04\\\/logo-de-1.svg\",\"width\":\"1024\",\"height\":\"1024\",\"caption\":\"Museo Svizzero di Targhe per Biciclette\"},\"image\":{\"@id\":\"https:\\\/\\\/www.velonummern.ch\\\/it\\\/#\\\/schema\\\/logo\\\/image\\\/\"}}]}<\/script>\n<!-- \/ Yoast SEO plugin. -->","yoast_head_json":{"title":"Fahrradkennzeichen AG 1900-1904 \/ 3744 \/ hinten | Museo Svizzero di Targhe per Biciclette","description":"AG 1900: Das erste Fahrradkennzeichen des Kantons Aargau, gem\u00e4ss Verordnung vom 4. Mai 1900 | Ausgegeben mit der Nummer 3744 im Bezirk Zofingen","robots":{"index":"index","follow":"follow","max-snippet":"max-snippet:-1","max-image-preview":"max-image-preview:large","max-video-preview":"max-video-preview:-1"},"canonical":"https:\/\/www.velonummern.ch\/it\/prodotto\/ag-1900\/","twitter_misc":{"Tempo di lettura stimato":"2 minuti"},"schema":{"@context":"https:\/\/schema.org","@graph":[{"@type":"WebPage","@id":"https:\/\/www.velonummern.ch\/it\/prodotto\/ag-1900\/","url":"https:\/\/www.velonummern.ch\/it\/prodotto\/ag-1900\/","name":"Fahrradkennzeichen AG 1900-1904 \/ 3744 \/ hinten | Museo Svizzero di Targhe per Biciclette","isPartOf":{"@id":"https:\/\/www.velonummern.ch\/it\/#website"},"primaryImageOfPage":{"@id":"https:\/\/www.velonummern.ch\/it\/prodotto\/ag-1900\/#primaryimage"},"image":{"@id":"https:\/\/www.velonummern.ch\/it\/prodotto\/ag-1900\/#primaryimage"},"thumbnailUrl":"https:\/\/www.velonummern.ch\/wp-content\/uploads\/2025\/01\/AG-1900-A-Bruno-Hagmann.png","datePublished":"2025-01-08T10:16:09+00:00","dateModified":"2025-04-10T09:40:04+00:00","description":"AG 1900: Das erste Fahrradkennzeichen des Kantons Aargau, gem\u00e4ss Verordnung vom 4. Mai 1900 | Ausgegeben mit der Nummer 3744 im Bezirk Zofingen","breadcrumb":{"@id":"https:\/\/www.velonummern.ch\/it\/prodotto\/ag-1900\/#breadcrumb"},"inLanguage":"it-IT","potentialAction":[{"@type":"ReadAction","target":["https:\/\/www.velonummern.ch\/it\/prodotto\/ag-1900\/"]}]},{"@type":"ImageObject","inLanguage":"it-IT","@id":"https:\/\/www.velonummern.ch\/it\/prodotto\/ag-1900\/#primaryimage","url":"https:\/\/www.velonummern.ch\/wp-content\/uploads\/2025\/01\/AG-1900-A-Bruno-Hagmann.png","contentUrl":"https:\/\/www.velonummern.ch\/wp-content\/uploads\/2025\/01\/AG-1900-A-Bruno-Hagmann.png","width":2000,"height":2000},{"@type":"BreadcrumbList","@id":"https:\/\/www.velonummern.ch\/it\/prodotto\/ag-1900\/#breadcrumb","itemListElement":[{"@type":"ListItem","position":1,"name":"Startseite","item":"https:\/\/www.velonummern.ch\/it\/"},{"@type":"ListItem","position":2,"name":"Prodotti","item":"https:\/\/www.velonummern.ch\/it\/shop\/"},{"@type":"ListItem","position":3,"name":"AG 1900-1904 \/ 3744 \/ hinten"}]},{"@type":"WebSite","@id":"https:\/\/www.velonummern.ch\/it\/#website","url":"https:\/\/www.velonummern.ch\/it\/","name":"Museo Svizzero di Targhe per Biciclette","description":"","publisher":{"@id":"https:\/\/www.velonummern.ch\/it\/#organization"},"potentialAction":[{"@type":"SearchAction","target":{"@type":"EntryPoint","urlTemplate":"https:\/\/www.velonummern.ch\/it\/?s={search_term_string}"},"query-input":{"@type":"PropertyValueSpecification","valueRequired":true,"valueName":"search_term_string"}}],"inLanguage":"it-IT"},{"@type":"Organization","@id":"https:\/\/www.velonummern.ch\/it\/#organization","name":"Museo Svizzero di Targhe per Biciclette","url":"https:\/\/www.velonummern.ch\/it\/","logo":{"@type":"ImageObject","inLanguage":"it-IT","@id":"https:\/\/www.velonummern.ch\/it\/#\/schema\/logo\/image\/","url":"https:\/\/www.velonummern.ch\/wp-content\/uploads\/2022\/04\/logo-de-1.svg","contentUrl":"https:\/\/www.velonummern.ch\/wp-content\/uploads\/2022\/04\/logo-de-1.svg","width":"1024","height":"1024","caption":"Museo Svizzero di Targhe per Biciclette"},"image":{"@id":"https:\/\/www.velonummern.ch\/it\/#\/schema\/logo\/image\/"}}]}},"_links":{"self":[{"href":"https:\/\/www.velonummern.ch\/it\/wp-json\/wp\/v2\/product\/25502","targetHints":{"allow":["GET"]}}],"collection":[{"href":"https:\/\/www.velonummern.ch\/it\/wp-json\/wp\/v2\/product"}],"about":[{"href":"https:\/\/www.velonummern.ch\/it\/wp-json\/wp\/v2\/types\/product"}],"wp:featuredmedia":[{"embeddable":true,"href":"https:\/\/www.velonummern.ch\/it\/wp-json\/wp\/v2\/media\/25503"}],"wp:attachment":[{"href":"https:\/\/www.velonummern.ch\/it\/wp-json\/wp\/v2\/media?parent=25502"}],"wp:term":[{"taxonomy":"product_brand","embeddable":true,"href":"https:\/\/www.velonummern.ch\/it\/wp-json\/wp\/v2\/product_brand?post=25502"},{"taxonomy":"product_cat","embeddable":true,"href":"https:\/\/www.velonummern.ch\/it\/wp-json\/wp\/v2\/product_cat?post=25502"},{"taxonomy":"product_tag","embeddable":true,"href":"https:\/\/www.velonummern.ch\/it\/wp-json\/wp\/v2\/product_tag?post=25502"}],"curies":[{"name":"wp","href":"https:\/\/api.w.org\/{rel}","templated":true}]}}